{"id":16059,"date":"2025-11-28T23:08:22","date_gmt":"2025-11-28T23:08:22","guid":{"rendered":"https:\/\/asura.lv\/product\/phomemo-d30-portable-label-printer-black\/"},"modified":"2025-12-12T15:14:19","modified_gmt":"2025-12-12T13:14:19","slug":"phomemo-d30-portable-label-printer-black","status":"publish","type":"product","link":"https:\/\/asura.lv\/et\/toode\/phomemo-d30-portable-label-printer-black\/","title":{"rendered":"Phomemo D30 kaasaskantav sildiprinter (must)"},"content":{"rendered":"<h3>Phomemo D30 kaasaskantav sildiprinter (must)<\/h3>\n<p>Phomemo D30 on mugav sildiprinter, mis v\u00f5imaldab teil kiiresti ja h\u00f5lpsalt luua isikup\u00e4rastatud silte. T\u00e4nu kompaktsele disainile ja kasulikele funktsioonidele sobib see seade ideaalselt koju, kontorisse v\u00f5i kooli. Lisaks v\u00f5imaldab spetsiaalne rakendus valida saadaolevate mallide hulgast.<\/p>\n<p>\n<img decoding=\"async\" alt=\"\" border=\"0\" src=\"https:\/\/assets.innpro.pl\/11425\/13539\/2.jpg\"\/>\n<\/p>\n<h3>Mitmek\u00fclgne rakendus<\/h3>\n<p>Phomemo D30 on mitmek\u00fclgne korraldusvahend. See sobib suurep\u00e4raselt v\u00fcrtsipurkide sildistamiseks k\u00f6\u00f6gis, kaablisiltide loomiseks kontoris v\u00f5i igap\u00e4evaste toodete konteinerite allkirjastamiseks. QR-koodide ja v\u00f6\u00f6tkoodide genereerimise v\u00f5imalusega saab printerit kasutada ka selliste toodete nagu ehete v\u00f5i kosmeetika professionaalseks m\u00e4rgistamiseks.<\/p>\n<p>\n<img decoding=\"async\" alt=\"\" border=\"0\" src=\"https:\/\/assets.innpro.pl\/11425\/13539\/8.jpg\"\/>\n<\/p>\n<h3>Intuitiivne kasutamine<\/h3>\n<p>Printer t\u00f6\u00f6tab mobiilirakendusega, mis on saadaval iOS-i ja Androidi seadmetele. Sellest saate valida valmismallide hulgast v\u00f5i luua oma kujundusi, lisades teksti, ikoone, raame v\u00f5i koode. Printimisprotsess on intuitiivne ja toimimiseks piisab \u00fchest kl\u00f5psust.<\/p>\n<p>\n<img decoding=\"async\" alt=\"\" border=\"0\" src=\"https:\/\/assets.innpro.pl\/11425\/13539\/1.jpg\"\/>\n<\/p>\n<h3>K\u00f5rge kvaliteet ja vastupidavus<\/h3>\n<p>Phomemo D30 printer kasutab termotr\u00fcki tehnoloogiat, mis t\u00e4hendab, et see ei vaja tinti ega toonereid. Sildid on vastupidavad, pleekimiskindlad ja p\u00fcsivad pikka aega loetavad. Printer toetab nii eelnevalt l\u00f5igatud silte kui ka rullikesi pidevaks m\u00e4rgistamiseks.<\/p>\n<p>\n<img decoding=\"async\" alt=\"\" border=\"0\" src=\"https:\/\/assets.innpro.pl\/11425\/13539\/6.jpg\"\/>\n<\/p>\n<h3>Kaasas<\/h3>\n<ul class=\"list-disc pl-5\">\n<li>termoprinter<\/li>\n<li>kasutusjuhend<\/li>\n<li>USB-kaabel<\/li>\n<li>sildirull 12 x 40 mm<\/li>\n<\/ul>\n<div class=\"table-wrapper\">\n<p>B\u00a0<\/p>\n<h3><\/h3>\n<table>\n<tbody>\n<tr>\n<th>Tootja<\/th>\n<td>Phomemo<\/td>\n<\/tr>\n<tr>\n<th>Mudel<\/th>\n<td>D30-BK<\/td>\n<\/tr>\n<tr>\n<th>V\u00e4rv<\/th>\n<td>must<\/td>\n<\/tr>\n<tr>\n<th>Prindilaius<\/th>\n<td>12\u201315 mm<\/td>\n<\/tr>\n<tr>\n<th>Prinditehnoloogia<\/th>\n<td>termotr\u00fckk<\/td>\n<\/tr>\n<tr>\n<th>Prinditud materjalide t\u00fc\u00fcp<\/th>\n<td>mustvalge<\/td>\n<\/tr>\n<tr>\n<th>Eraldusv\u00f5ime<\/th>\n<td>203 DPI<\/td>\n<\/tr>\n<tr>\n<th>\u00dchendus<\/th>\n<td>Bluetooth<\/td>\n<\/tr>\n<tr>\n<th>M\u00f5\u00f5tmed<\/th>\n<td>136,5 x 75,5 x 29 mm<\/td>\n<\/tr>\n<tr>\n<th>Kaal<\/th>\n<td>257,8 g<\/td>\n<\/tr>\n<tr>\n<th>Sisendpinge<\/th>\n<td>5V\/2A<\/td>\n<\/tr>\n<tr>\n<th>\u00dchilduvus<\/th>\n<td>Android, iOS<\/td>\n<\/tr>\n<tr>\n<th>Rakendus<\/th>\n<td>Print Master<\/td>\n<\/tr>\n<tr>\n<th>Toiteallikas<\/th>\n<td>kaabel \/ laetav liitiumaku<\/td>\n<\/tr>\n<tr>\n<th>Aku mahtuvus<\/th>\n<td>1000 mAh<\/td>\n<\/tr>\n<tr>\n<th>Laadimisport<\/th>\n<td>microUSB<\/td>\n<\/tr>\n<\/tbody>\n<\/table>\n<\/div>\n","protected":false},"excerpt":{"rendered":"<p>Phomemo D30 kaasaskantav sildiprinter (must) Phomemo D30 on mugav sildiprinter, mis v\u00f5imaldab teil kiiresti ja h\u00f5lpsalt luua isikup\u00e4rastatud silte. T\u00e4nu kompaktsele disainile ja kasulikele funktsioonidele sobib see seade ideaalselt koju, kontorisse v\u00f5i kooli. Lisaks v\u00f5imaldab spetsiaalne rakendus valida saadaolevate mallide hulgast. Mitmek\u00fclgne rakendus Phomemo D30 on mitmek\u00fclgne korraldusvahend. See sobib suurep\u00e4raselt v\u00fcrtsipurkide sildistamiseks k\u00f6\u00f6gis, kaablisiltide [&#8230;]\n","protected":false},"featured_media":16060,"comment_status":"open","ping_status":"closed","template":"","meta":[],"product_brand":[700],"product_cat":[1020],"product_tag":[],"class_list":{"0":"post-16059","1":"product","2":"type-product","3":"status-publish","4":"has-post-thumbnail","6":"product_brand-phomemo","7":"product_cat-labels","9":"first","10":"outofstock","11":"taxable","12":"shipping-taxable","13":"purchasable","14":"product-type-simple"},"aioseo_notices":[],"_links":{"self":[{"href":"https:\/\/asura.lv\/et\/wp-json\/wp\/v2\/product\/16059","targetHints":{"allow":["GET"]}}],"collection":[{"href":"https:\/\/asura.lv\/et\/wp-json\/wp\/v2\/product"}],"about":[{"href":"https:\/\/asura.lv\/et\/wp-json\/wp\/v2\/types\/product"}],"replies":[{"embeddable":true,"href":"https:\/\/asura.lv\/et\/wp-json\/wp\/v2\/comments?post=16059"}],"wp:featuredmedia":[{"embeddable":true,"href":"https:\/\/asura.lv\/et\/wp-json\/wp\/v2\/media\/16060"}],"wp:attachment":[{"href":"https:\/\/asura.lv\/et\/wp-json\/wp\/v2\/media?parent=16059"}],"wp:term":[{"taxonomy":"product_brand","embeddable":true,"href":"https:\/\/asura.lv\/et\/wp-json\/wp\/v2\/product_brand?post=16059"},{"taxonomy":"product_cat","embeddable":true,"href":"https:\/\/asura.lv\/et\/wp-json\/wp\/v2\/product_cat?post=16059"},{"taxonomy":"product_tag","embeddable":true,"href":"https:\/\/asura.lv\/et\/wp-json\/wp\/v2\/product_tag?post=16059"}],"curies":[{"name":"wp","href":"https:\/\/api.w.org\/{rel}","templated":true}]}}