{"id":16089,"date":"2025-11-28T23:08:19","date_gmt":"2025-11-28T23:08:19","guid":{"rendered":"https:\/\/asura.lv\/product\/phomemo-p12-portable-label-printer-black\/"},"modified":"2025-12-12T15:14:15","modified_gmt":"2025-12-12T13:14:15","slug":"phomemo-p12-portable-label-printer-black","status":"publish","type":"product","link":"https:\/\/asura.lv\/et\/toode\/phomemo-p12-portable-label-printer-black\/","title":{"rendered":"Phomemo P12 kaasaskantav sildiprinter (must)"},"content":{"rendered":"<h3>Phomemo P12 kaasaskantav sildiprinter (must)<\/h3>\n<p>Phomemo P12 on kaasaskantav sildiprinter, mis sobib igasse olukorda \u2013 alates kodus korrastamisest kuni kontoris esemete m\u00e4rgistamise, koolis v\u00f5i poes siltide kleepimiseni. See toetab erinevat t\u00fc\u00fcpi linte, mis v\u00f5imaldavad teil luua vastupidavaid ja esteetiliselt meeldivaid kohandatud silte. T\u00e4nu termo\u00fclekande tehnoloogiale ei vaja see tinti, tagades puhta ja probleemivaba printimisprotsessi. Saate seda toita ka kahel viisil \u2013 USB-C-kaabli v\u00f5i AAA-patareidega (ei kuulu komplekti).<\/p>\n<p>\n<img decoding=\"async\" alt=\"\" border=\"0\" src=\"https:\/\/assets.innpro.pl\/11421\/13535\/1.jpg\"\/>\n<\/p>\n<h3>T\u00e4pne siltide printimine vastavalt teie vajadustele<\/h3>\n<p>Printer toetab mitmev\u00e4rvilisi ja erinevatest materjalidest, n\u00e4iteks paberist, plastist, kangast ja isegi satiinist, linte. See v\u00f5imaldab teil luua nii peeneid kui ka eristuvaid m\u00e4rgistusi. Olenemata sellest, kas prindite v\u00f6\u00f6tkoode, tootenimesid v\u00f5i isikup\u00e4rastatud kinkekaarte, garanteerib P12 iga prindi t\u00e4psuse ja vastupidavuse!<\/p>\n<p>\n<img decoding=\"async\" alt=\"\" border=\"0\" src=\"https:\/\/assets.innpro.pl\/11421\/13535\/7.jpg\"\/>\n<\/p>\n<h3>Intuitiivne Print Master rakendus<\/h3>\n<p>Phomemo P12 t\u00f6\u00f6tab Print Master rakendusega, mis pakub sisseehitatud malle, ikoone ja ulatuslikke isikup\u00e4rastamisv\u00f5imalusi. See v\u00f5imaldab teil h\u00f5lpsalt kujundada silte, kasutades erinevaid fonte, v\u00e4rve ja \u00e4\u00e4riseid, samuti lisada QR-koode v\u00f5i v\u00f6\u00f6tkoode. Tarkvara t\u00f6\u00f6tab Androidi ja iOS-i platvormidel ning Bluetooth-\u00fchendus tagab seadme kiire ja sujuva sidumise.<\/p>\n<p>\n<img decoding=\"async\" alt=\"\" border=\"0\" src=\"https:\/\/assets.innpro.pl\/11421\/13535\/2.jpg\"\/>\n<\/p>\n<h3>Kompaktne ja kerge disain<\/h3>\n<p>K\u00f5igest 290 grammi kaaluv ja 82 x 82 x 61 mm m\u00f5\u00f5tmetega P12 printer on \u00e4\u00e4rmiselt mugav. See mahub kergesti seljakotti, kotti v\u00f5i sahtlisse \u2013 selle transportimine ja hoiustamine ei tekita teile probleeme! Lisaks v\u00f5imaldab korpuse l\u00e4bipaistev aken teil kiiresti kontrollida allesj\u00e4\u00e4nud lindi hulka, mis muudab selle kasutamise veelgi lihtsamaks.<\/p>\n<p>\n<img decoding=\"async\" alt=\"\" border=\"0\" src=\"https:\/\/assets.innpro.pl\/11421\/13535\/3.jpg\"\/>\n<\/p>\n<h3>Kaks toiteviisi<\/h3>\n<p>Printerit saab toita juhtmega USB-C-kaabli v\u00f5i 6 AAA-patareiga (ei kuulu komplekti), mis annab teile t\u00e4ieliku vabaduse valida, kuidas seda kasutada. See v\u00f5imaldab teil seda kasutada nii kontoris kui ka kodus ja ka v\u00e4ljaspool kodu, ilma p\u00fcsiva toiteallikata.<\/p>\n<p>\n<img decoding=\"async\" alt=\"\" border=\"0\" src=\"https:\/\/assets.innpro.pl\/11421\/13535\/6.jpg\"\/>\n<\/p>\n<h3>Kaasas<\/h3>\n<ul class=\"list-disc pl-5\">\n<li>Printer<\/li>\n<li>Sildilint (12 mm x 4 m)<\/li>\n<li>USB-C kaabel<\/li>\n<li>Kiirjuhend<\/li>\n<\/ul>\n<div class=\"table-wrapper\">\n<p>\u0412\u00a0<\/p>\n<h3><\/h3>\n<table>\n<tbody>\n<tr>\n<th>Tootja<\/th>\n<td>Phomemo<\/td>\n<\/tr>\n<tr>\n<th>Mudel<\/th>\n<td>P12-BK<\/td>\n<\/tr>\n<tr>\n<th>Prinditehnoloogia<\/th>\n<td>Termoprint<\/td>\n<\/tr>\n<tr>\n<th>Prinditud materjalide t\u00fc\u00fcp<\/th>\n<td>Mustvalge<\/td>\n<\/tr>\n<tr>\n<th>V\u00e4rviline<\/th>\n<td>Must<\/td>\n<\/tr>\n<tr>\n<th>Toiteallikas<\/th>\n<td>USB-C kaabel \/ 6x AAA patareid (ei kuulu komplekti)<\/td>\n<\/tr>\n<tr>\n<th>\u00dchenduvus<\/th>\n<td>Bluetooth<\/td>\n<\/tr>\n<tr>\n<th>Kaal<\/th>\n<td>290,3 g<\/td>\n<\/tr>\n<tr>\n<th>M\u00f5\u00f5tmed<\/th>\n<td>82 x 82 x 61 mm<\/td>\n<\/tr>\n<tr>\n<th>Rakendus<\/th>\n<td>Prindimaster<\/td>\n<\/tr>\n<\/tbody>\n<\/table>\n<\/div>\n","protected":false},"excerpt":{"rendered":"<p>Phomemo P12 kaasaskantav sildiprinter (must) Phomemo P12 on kaasaskantav sildiprinter, mis sobib igasse olukorda \u2013 alates kodus korrastamisest kuni kontoris esemete m\u00e4rgistamise, koolis v\u00f5i poes siltide kleepimiseni. See toetab erinevat t\u00fc\u00fcpi linte, mis v\u00f5imaldavad teil luua vastupidavaid ja esteetiliselt meeldivaid kohandatud silte. T\u00e4nu termo\u00fclekande tehnoloogiale ei vaja see tinti, tagades puhta ja probleemivaba printimisprotsessi. Saate [&#8230;]\n","protected":false},"featured_media":16090,"comment_status":"open","ping_status":"closed","template":"","meta":[],"product_brand":[700],"product_cat":[1020],"product_tag":[],"class_list":{"0":"post-16089","1":"product","2":"type-product","3":"status-publish","4":"has-post-thumbnail","6":"product_brand-phomemo","7":"product_cat-labels","9":"first","10":"outofstock","11":"taxable","12":"shipping-taxable","13":"purchasable","14":"product-type-simple"},"aioseo_notices":[],"_links":{"self":[{"href":"https:\/\/asura.lv\/et\/wp-json\/wp\/v2\/product\/16089","targetHints":{"allow":["GET"]}}],"collection":[{"href":"https:\/\/asura.lv\/et\/wp-json\/wp\/v2\/product"}],"about":[{"href":"https:\/\/asura.lv\/et\/wp-json\/wp\/v2\/types\/product"}],"replies":[{"embeddable":true,"href":"https:\/\/asura.lv\/et\/wp-json\/wp\/v2\/comments?post=16089"}],"wp:featuredmedia":[{"embeddable":true,"href":"https:\/\/asura.lv\/et\/wp-json\/wp\/v2\/media\/16090"}],"wp:attachment":[{"href":"https:\/\/asura.lv\/et\/wp-json\/wp\/v2\/media?parent=16089"}],"wp:term":[{"taxonomy":"product_brand","embeddable":true,"href":"https:\/\/asura.lv\/et\/wp-json\/wp\/v2\/product_brand?post=16089"},{"taxonomy":"product_cat","embeddable":true,"href":"https:\/\/asura.lv\/et\/wp-json\/wp\/v2\/product_cat?post=16089"},{"taxonomy":"product_tag","embeddable":true,"href":"https:\/\/asura.lv\/et\/wp-json\/wp\/v2\/product_tag?post=16089"}],"curies":[{"name":"wp","href":"https:\/\/api.w.org\/{rel}","templated":true}]}}