{"id":16149,"date":"2025-11-28T23:07:19","date_gmt":"2025-11-28T23:07:19","guid":{"rendered":"https:\/\/asura.lv\/product\/vention-kuhl0-30-case-for-iphone-16-pro-magsafe-blue\/"},"modified":"2025-12-12T15:13:13","modified_gmt":"2025-12-12T13:13:13","slug":"vention-kuhl0-30-case-for-iphone-16-pro-magsafe-blue","status":"publish","type":"product","link":"https:\/\/asura.lv\/et\/toode\/vention-kuhl0-30-case-for-iphone-16-pro-magsafe-blue\/","title":{"rendered":"Vention KUHL0-30 iPhone 16 Pro MagSafe \u00fcmbris (sinine)"},"content":{"rendered":"<h3>Vention KUHL0-20 iPhone 16 Plus MagSafe \u00fcmbris (sinine)<\/h3>\n<p>Ventioni \u00fcmbris pakub elegantset ja funktsionaalset kaitset, mis sobib teie iPhone&#8217;ile ideaalselt. Valmistatud k\u00f5rgeima kvaliteediga vedelast silikoonist, pakub see pehmet ja siidist haaret, mis mitte ainult ei suurenda kasutusmugavust, vaid kaitseb ka v\u00f5imalike kahjustuste eest.<\/p>\n<p>\n<img decoding=\"async\" border=\"0\" src=\"https:\/\/assets.innpro.pl\/11141\/13139\/1.jpg\"\/>\n<\/p>\n<h3>\u00dchildub MagSafe tehnoloogiaga<\/h3>\n<p>\u00dcmbris on varustatud 38 tugeva N52 magnetiga, mis tagavad turvalise ja stabiilse \u00fchenduse MagSafe lisatarvikutega. 7N-8,5N magnetiline j\u00f5ud tagab kindla haarde, muutes \u00fcmbrise ideaalseks juhtmevabaks laadimiseks ja lisatarvikute, n\u00e4iteks magnetiliste v\u00e4liste akupankade ja hoidikute kasutamiseks.<\/p>\n<p>\n<img decoding=\"async\" border=\"0\" src=\"https:\/\/assets.innpro.pl\/11141\/13139\/2.jpg\"\/>\n<\/p>\n<h3>T\u00f5hus kaitse ja mugavus<\/h3>\n<p>Vedelasilikoonist \u00fcmbris mitte ainult ei tundu k\u00e4es mugav, vaid kaitseb ka kriimustuste eest t\u00e4nu t\u00f5stetud servadele &#8211; 3,5 mm kaamera \u00fcmber ja 1,6 mm ekraani \u00fcmber. Integreeritud k\u00f5rgendused kaitsevad telefoni tundlikke osi l\u00f6\u00f6kide ja kukkumiste eest, t\u00f5estades end igap\u00e4evases kasutuses. \u00dcmbrise sees olev pehme mikrokiudvooder neelab l\u00f6\u00f6ke ja hoiab \u00e4ra kriimustused.<\/p>\n<p>\n<img decoding=\"async\" border=\"0\" src=\"https:\/\/assets.innpro.pl\/11141\/13139\/3.jpg\"\/>\n<\/p>\n<h3>T\u00e4iuslik sobivus ja t\u00e4psed v\u00e4ljal\u00f5iked<\/h3>\n<p>Lisatarvikut iseloomustavad t\u00e4psed v\u00e4ljal\u00f5iked, mis pakuvad h\u00f5lpsat juurdep\u00e4\u00e4su k\u00f5igile portidele, samas kui spetsiaalselt disainitud nupud reageerivad kiiresti ja sujuvalt. K\u00f5lariaugud on veelgi tolmu eest kaitstud, mis suurendab vastupidavust ja pikendab telefoni tehaseseisundit.<\/p>\n<p>\n<img decoding=\"async\" border=\"0\" src=\"https:\/\/assets.innpro.pl\/11141\/13139\/4.jpg\"\/>\n<\/p>\n<h3>Lihtne puhastada ja vastupidav<\/h3>\n<p>\u00dcmbrisel on t\u00e4iustatud antiikkate, mis muudab selle puhastamise lihtsaks. Kogu mustuse ja s\u00f5rmej\u00e4lgede eemaldamiseks piisab kiirest p\u00fchkimisest, mis muudab teie telefoni alati uuev\u00e4\u00e4rseks.<\/p>\n<p>\n<img decoding=\"async\" border=\"0\" src=\"https:\/\/assets.innpro.pl\/11141\/13139\/5.jpg\"\/>\n<\/p>\n<div class=\"table-wrapper\">\n<p>\u0412\u00a0<\/p>\n<h3><\/h3>\n<table>\n<tbody>\n<tr>\n<th>Tootja:<\/th>\n<td>Vention<\/td>\n<\/tr>\n<tr>\n<th>Mudel:<\/th>\n<td>KUHM0-30<\/td>\n<\/tr>\n<tr>\n<th>V\u00e4rv:<\/th>\n<td>Sinine<\/td>\n<\/tr>\n<tr>\n<th>Materjal:<\/th>\n<td>Vedel silikoon<\/td>\n<\/tr>\n<tr>\n<th>\u00dchilduvus:<\/th>\n<td>iPhone 16 Pro<\/td>\n<\/tr>\n<tr>\n<th>MagSafe tugi:<\/th>\n<td>Jah<\/td>\n<\/tr>\n<tr>\n<th>Magnetid:<\/th>\n<td>N52 x 38<\/td>\n<\/tr>\n<tr>\n<th>Magnetj\u00f5ud:<\/th>\n<td>7N-8,5N<\/td>\n<\/tr>\n<\/tbody>\n<\/table>\n<\/div>\n","protected":false},"excerpt":{"rendered":"<p>Vention KUHL0-20 iPhone 16 Plus MagSafe \u00fcmbris (sinine) Ventioni \u00fcmbris pakub elegantset ja funktsionaalset kaitset, mis sobib teie iPhone&#8217;ile ideaalselt. Valmistatud k\u00f5rgeima kvaliteediga vedelast silikoonist, pakub see pehmet ja siidist haaret, mis mitte ainult ei suurenda kasutusmugavust, vaid kaitseb ka v\u00f5imalike kahjustuste eest. \u00dchildub MagSafe tehnoloogiaga \u00dcmbris on varustatud 38 tugeva N52 magnetiga, mis tagavad [&#8230;]\n","protected":false},"featured_media":16150,"comment_status":"open","ping_status":"closed","template":"","meta":[],"product_brand":[474],"product_cat":[1248],"product_tag":[],"class_list":{"0":"post-16149","1":"product","2":"type-product","3":"status-publish","4":"has-post-thumbnail","6":"product_brand-vention","7":"product_cat-protective-cases-for-smartphones-cases-gsm-accessories","9":"first","10":"outofstock","11":"taxable","12":"shipping-taxable","13":"purchasable","14":"product-type-simple"},"aioseo_notices":[],"_links":{"self":[{"href":"https:\/\/asura.lv\/et\/wp-json\/wp\/v2\/product\/16149","targetHints":{"allow":["GET"]}}],"collection":[{"href":"https:\/\/asura.lv\/et\/wp-json\/wp\/v2\/product"}],"about":[{"href":"https:\/\/asura.lv\/et\/wp-json\/wp\/v2\/types\/product"}],"replies":[{"embeddable":true,"href":"https:\/\/asura.lv\/et\/wp-json\/wp\/v2\/comments?post=16149"}],"wp:featuredmedia":[{"embeddable":true,"href":"https:\/\/asura.lv\/et\/wp-json\/wp\/v2\/media\/16150"}],"wp:attachment":[{"href":"https:\/\/asura.lv\/et\/wp-json\/wp\/v2\/media?parent=16149"}],"wp:term":[{"taxonomy":"product_brand","embeddable":true,"href":"https:\/\/asura.lv\/et\/wp-json\/wp\/v2\/product_brand?post=16149"},{"taxonomy":"product_cat","embeddable":true,"href":"https:\/\/asura.lv\/et\/wp-json\/wp\/v2\/product_cat?post=16149"},{"taxonomy":"product_tag","embeddable":true,"href":"https:\/\/asura.lv\/et\/wp-json\/wp\/v2\/product_tag?post=16149"}],"curies":[{"name":"wp","href":"https:\/\/api.w.org\/{rel}","templated":true}]}}