{"id":16263,"date":"2025-11-28T23:07:07","date_gmt":"2025-11-28T23:07:07","guid":{"rendered":"https:\/\/asura.lv\/product\/darkflash-computer-radiator-dn-d240-white\/"},"modified":"2025-12-12T15:13:06","modified_gmt":"2025-12-12T13:13:06","slug":"darkflash-computer-radiator-dn-d240-white","status":"publish","type":"product","link":"https:\/\/asura.lv\/et\/toode\/darkflash-computer-radiator-dn-d240-white\/","title":{"rendered":"Darkflash arvutiradiaator DN-D240 VALGE"},"content":{"rendered":"<h3>Darkflash arvutiradiaator DN-D240 VALGE<\/h3>\n<p>Darkflash DN-D240 on suure j\u00f5udlusega 240 mm vesijahuti, mis tagab stabiilse protsessori t\u00f6\u00f6 madalatel temperatuuridel. Sellel on vaskveeplokk ja alumiiniumist jahutusradiaator, mis hajutavad t\u00f5husalt soojust, mis on oluline suure koormuse korral. Kaks 120 mm ventilaatorit h\u00fcdrauliliste laagritega, PWM-juhtimise ja ARGB-taustvalgustusega tagavad optimaalse \u00f5huvoolu ja vaikse t\u00f6\u00f6. LCD-ekraan v\u00f5imaldab j\u00e4lgida protsessori ja muutm\u00e4lu temperatuure ning IIR+EPDM-torud tagavad k\u00f5rge temperatuurikindluse ja disaini vastupidavuse.<\/p>\n<p>\n<img decoding=\"async\" border=\"0\" src=\"https:\/\/assets.innpro.pl\/10888\/12828\/6.jpg\"\/>\n<\/p>\n<h3>\u00dchilduvus Inteli ja AMD protsessoritega<\/h3>\n<p>DN-D240 pakub laialdast \u00fchilduvust Inteli (115x, 1200, 1700) ja AMD (AM3, AM4, AM5) protsessoripesadega, mist\u00f5ttu sobib see nii vanemate kui ka uusimate konfiguratsioonide jaoks. Jahutuse mitmek\u00fclgsus teeb sellest investeeringu pikaks ajaks, olenemata tulevastest arvutiuuendustest.<\/p>\n<p>\n<img decoding=\"async\" border=\"0\" src=\"https:\/\/assets.innpro.pl\/10888\/12828\/1.jpg\"\/>\n<\/p>\n<h3>LCD-ekraan<\/h3>\n<p>Veeplokil on 2,1-tolline LCD-ekraan, mille eraldusv\u00f5ime on 480&#215;480 pikslit ja kuvab 16,7 miljonit v\u00e4rvi. See annab teavet protsessori (CPU) temperatuuri, muutm\u00e4lu ja pumba kiiruse kohta, v\u00f5imaldades teil parameetreid otse jahutil j\u00e4lgida. See teeb s\u00fcsteemi teie vajadustele vastavaks kohandamise lihtsaks.<\/p>\n<p>\n<img decoding=\"async\" border=\"0\" src=\"https:\/\/assets.innpro.pl\/10888\/12828\/2.jpg\"\/>\n<\/p>\n<h3>T\u00f5hus ja vaikne t\u00f6\u00f6<\/h3>\n<p>Kolmeastmelise mootoriga varustatud pump saavutab jahutusvedeliku voolukiiruse 1,6 l\/min, tagades t\u00f5husa soojuse hajutamise minimaalse m\u00fcraga. Selle tulemusena saate nautida tipptasemel jahutusj\u00f5udlust ilma ebavajaliku m\u00fcrata.<\/p>\n<p>\n<img decoding=\"async\" border=\"0\" src=\"https:\/\/assets.innpro.pl\/10888\/12828\/3.jpg\"\/>\n<\/p>\n<h3>T\u00f5hus soojuse hajutamine<\/h3>\n<p>Veeplokk on valmistatud vasest, mis tagab suurep\u00e4rase soojusjuhtivuse ja kiirendab protsessori jahutamist. T\u00e4pne vaset\u00f6\u00f6tlus tagab mitte ainult jahutust\u00f5hususe, vaid ka suurema vastupidavuse ja stabiilse t\u00f6\u00f6, mille tulemuseks on komponentide pikem eluiga.<\/p>\n<p>\n<img decoding=\"async\" border=\"0\" src=\"https:\/\/assets.innpro.pl\/10888\/12828\/4.jpg\"\/>\n<\/p>\n<h3>Kaks ARGB-ga ventilaatorit<\/h3>\n<p>Darkflash DN-D240 jahutusel on kaks suure j\u00f5udlusega 120 mm PWM-funktsiooniga ventilaatorit, mis reguleerivad automaatselt oma kiirust vahemikus 800 kuni 1800 p\/min, olenevalt protsessori koormusest. Ventilaatorid kasutavad h\u00fcdraulilisi laagreid, mis pikendab nende eluiga 40 000 tunnini ja tagab vaikse t\u00f6\u00f6 maksimaalse \u00f5huvooluga 61,7 CFM. ARGB taustvalgustus v\u00f5imaldab teil v\u00e4rve ja visuaalseid efekte teiste komponentidega s\u00fcnkroonida.<\/p>\n<p>\n<img decoding=\"async\" border=\"0\" src=\"https:\/\/assets.innpro.pl\/10888\/12828\/7.jpg\"\/>\n<\/p>\n<h3>Vastupidav disain<\/h3>\n<p>Jahutusradiaator on valmistatud kvaliteetsest alumiiniumist, mis tagab t\u00f5husa soojuse hajumise ja on ka kahjustustele vastupidav. IIR+EPDM torusid iseloomustab suur paindlikkus ja vastupidavus k\u00f5rgetele temperatuuridele ja r\u00f5hule, mis aitab kaasa jahutuse pikaealisusele ja t\u00f6\u00f6kindlusele isegi suure koormuse korral.<\/p>\n<p>\n<img decoding=\"async\" border=\"0\" src=\"https:\/\/assets.innpro.pl\/10888\/12828\/8.jpg\"\/>\n<\/p>\n<h3>Juhtimistarkvara<\/h3>\n<p>Darkflash toode t\u00f6\u00f6tab spetsiaalse tarkvaraga, mis v\u00f5imaldab teil jahutusseadeid t\u00e4ielikult juhtida ja s\u00fcsteemi j\u00f5udlust j\u00e4lgida. T\u00e4nu intuitiivsele liidesele saate reguleerida ventilaatorite kiirust ja j\u00e4lgida protsessori ja muude komponentide temperatuuri.<\/p>\n<p>\n<img decoding=\"async\" border=\"0\" src=\"https:\/\/assets.innpro.pl\/10888\/12828\/5.jpg\"\/>\n<\/p>\n<h3>Komplektis:<\/h3>\n<ul class=\"list-disc pl-5\">\n<li>Darkflash DN-D240 vesijahutus (sisaldab jahutusradiaatorit, veeplokki ja pumpa)<\/li>\n<li>120 mm ventilaator ARGB x2-ga<\/li>\n<li>Kinnitusplaat<\/li>\n<li>Inteli kronstein<\/li>\n<li>AMD kronstein<\/li>\n<li>Jahutusradiaatori kruvid x8<\/li>\n<li>AMD vahet\u00fckid x4<\/li>\n<li>Kinnituskruvid x4<\/li>\n<li>Inteli vahet\u00fckid 17xx x4<\/li>\n<li>Inteli vahet\u00fckid 115x\/1200 x4<\/li>\n<li>DP5 termopasta<\/li>\n<li>Termopasta aplikaator<\/li>\n<\/ul>\n<div class=\"table-wrapper\">\n<p>\u0412\u00a0<\/p>\n<h3><\/h3>\n<table>\n<tbody>\n<tr>\n<th>Tootja<\/th>\n<td>Darkflash<\/td>\n<\/tr>\n<tr>\n<th>Mudel<\/th>\n<td>DN-D240<\/td>\n<\/tr>\n<tr>\n<th>Jahutust\u00fc\u00fcp<\/th>\n<td>Vesi<\/td>\n<\/tr>\n<tr>\n<th>\u00dchilduvus AMD protsessoritega<\/th>\n<td>AM5 \/ AM4 \/ AM3<\/td>\n<\/tr>\n<tr>\n<th>\u00dchilduvus Intel protsessoritega<\/th>\n<td>115x \/ 1200 \/ 1700<\/td>\n<\/tr>\n<tr>\n<th>Jahutusradiaatori suurus<\/th>\n<td>275 x 120 x 27 mm<\/td>\n<\/tr>\n<tr>\n<th>Jahutusradiaator Materjal<\/th>\n<td>Alumiinium<\/td>\n<\/tr>\n<tr>\n<th>Ventilaatorite arv<\/th>\n<td>2<\/td>\n<\/tr>\n<tr>\n<th>P\u00f6\u00f6rlemissageduse reguleerimine<\/th>\n<td>PWM<\/td>\n<\/tr>\n<tr>\n<th>Kiirus<\/th>\n<td>800\u20131800 p\/min \u00b110%<\/td>\n<\/tr>\n<tr>\n<th>Laagri t\u00fc\u00fcp<\/th>\n<td>H\u00fcdrauliline<\/td>\n<\/tr>\n<tr>\n<th>Ventilaatori suurus<\/th>\n<td>120 x 120 x 25 mm<\/td>\n<\/tr>\n<tr>\n<th>Ventilaatori l\u00e4bim\u00f5\u00f5t<\/th>\n<td>120 mm<\/td>\n<\/tr>\n<tr>\n<th>Ventilaatorite koguarv<\/th>\n<td>2<\/td>\n<\/tr>\n<tr>\n<th>Pumba pistik<\/th>\n<td>4-kontaktiline PWM<\/td>\n<\/tr>\n<tr>\n<th>Taustvalgustus<\/th>\n<td>ARGB<\/td>\n<\/tr>\n<tr>\n<th>Taustvalgustuse pistik<\/th>\n<td>3-kontaktiline ARGB<\/td>\n<\/tr>\n<tr>\n<th>Toitepinge<\/th>\n<td>12V<\/td>\n<\/tr>\n<tr>\n<th>Ventilaatori taustvalgustus<\/th>\n<td>ARGB<\/td>\n<\/tr>\n<tr>\n<th>Mittet\u00f5hus t\u00f6\u00f6iga<\/th>\n<td>40 000 tundi<\/td>\n<\/tr>\n<tr>\n<th>Lisateave<\/th>\n<td>LCD-ekraan resolutsiooniga 480&#215;480 px, 3-astmeline pumbamootor, IIR+EPDM torud<\/td>\n<\/tr>\n<tr>\n<th>K\u00f5rgus<\/th>\n<td>59 mm<\/td>\n<\/tr>\n<tr>\n<th>Laius<\/th>\n<td>80,3 mm<\/td>\n<\/tr>\n<tr>\n<th>S\u00fcgavus<\/th>\n<td>72 mm<\/td>\n<\/tr>\n<tr>\n<th>Kaasasolevad tarvikud<\/th>\n<td>Kinnitusplaat, Inteli kronstein, AMD kronstein, 8x jahutusradiaatori kruvi, 4c AMD vahet\u00fckki, 4x kinnituskruvi, 4x Inteli 17xx vahet\u00fckki, 4x Inteli 115x\/1200 vahet\u00fckki, DP5 termopasta, termopasta aplikaator<\/td>\n<\/tr>\n<\/tbody>\n<\/table>\n<\/div>\n","protected":false},"excerpt":{"rendered":"<p>Darkflash arvutiradiaator DN-D240 VALGE Darkflash DN-D240 on suure j\u00f5udlusega 240 mm vesijahuti, mis tagab stabiilse protsessori t\u00f6\u00f6 madalatel temperatuuridel. Sellel on vaskveeplokk ja alumiiniumist jahutusradiaator, mis hajutavad t\u00f5husalt soojust, mis on oluline suure koormuse korral. Kaks 120 mm ventilaatorit h\u00fcdrauliliste laagritega, PWM-juhtimise ja ARGB-taustvalgustusega tagavad optimaalse \u00f5huvoolu ja vaikse t\u00f6\u00f6. LCD-ekraan v\u00f5imaldab j\u00e4lgida protsessori ja [&#8230;]\n","protected":false},"featured_media":16264,"comment_status":"open","ping_status":"closed","template":"","meta":[],"product_brand":[316],"product_cat":[900],"product_tag":[],"class_list":{"0":"post-16263","1":"product","2":"type-product","3":"status-publish","4":"has-post-thumbnail","6":"product_brand-darkflash","7":"product_cat-water-cooling","9":"first","10":"outofstock","11":"taxable","12":"shipping-taxable","13":"purchasable","14":"product-type-simple"},"aioseo_notices":[],"_links":{"self":[{"href":"https:\/\/asura.lv\/et\/wp-json\/wp\/v2\/product\/16263","targetHints":{"allow":["GET"]}}],"collection":[{"href":"https:\/\/asura.lv\/et\/wp-json\/wp\/v2\/product"}],"about":[{"href":"https:\/\/asura.lv\/et\/wp-json\/wp\/v2\/types\/product"}],"replies":[{"embeddable":true,"href":"https:\/\/asura.lv\/et\/wp-json\/wp\/v2\/comments?post=16263"}],"wp:featuredmedia":[{"embeddable":true,"href":"https:\/\/asura.lv\/et\/wp-json\/wp\/v2\/media\/16264"}],"wp:attachment":[{"href":"https:\/\/asura.lv\/et\/wp-json\/wp\/v2\/media?parent=16263"}],"wp:term":[{"taxonomy":"product_brand","embeddable":true,"href":"https:\/\/asura.lv\/et\/wp-json\/wp\/v2\/product_brand?post=16263"},{"taxonomy":"product_cat","embeddable":true,"href":"https:\/\/asura.lv\/et\/wp-json\/wp\/v2\/product_cat?post=16263"},{"taxonomy":"product_tag","embeddable":true,"href":"https:\/\/asura.lv\/et\/wp-json\/wp\/v2\/product_tag?post=16263"}],"curies":[{"name":"wp","href":"https:\/\/api.w.org\/{rel}","templated":true}]}}