{"id":16281,"date":"2025-11-28T23:07:05","date_gmt":"2025-11-28T23:07:05","guid":{"rendered":"https:\/\/asura.lv\/product\/darkflash-computer-radiator-z4-pro-mist-white\/"},"modified":"2025-12-12T15:13:05","modified_gmt":"2025-12-12T13:13:05","slug":"darkflash-computer-radiator-z4-pro-mist-white","status":"publish","type":"product","link":"https:\/\/asura.lv\/et\/toode\/darkflash-computer-radiator-z4-pro-mist-white\/","title":{"rendered":"Darkflash arvutiradiaator Z4 PRO uduvalge"},"content":{"rendered":"<h3>Darkflash arvutiradiaator Z4 PRO MIST WHITE<\/h3>\n<p>Darkflash Z4 PRO MIST on suure j\u00f5udlusega protsessorijahutus, mis on loodud arvutihuvilistele, kes ootavad lisaks stabiilsusele ka t\u00f5husat soojuse hajutamist suure koormuse korral. Nelja suure j\u00f5udlusega 6 mm soojustoruga, mis kasutavad HDT (Heatpipe Direct Touch) tehnoloogiat ja 200 W TDP-d, pakub toode optimaalseid t\u00f6\u00f6tingimusi isegi k\u00f5ige n\u00f5udlikumatele protsessoritele. CPU-ga otsekontaktiga aluskonstruktsioon v\u00f5imaldab kiiremat soojuse neeldumist, mille tulemuseks on suurem jahutust\u00f5husus ja pikem protsessori eluiga.<\/p>\n<p>\n<img decoding=\"async\" border=\"0\" src=\"https:\/\/assets.innpro.pl\/10880\/12818\/1.jpg\"\/>\n<\/p>\n<h3>Neljanda p\u00f5lvkonna AGHP tehnoloogia<\/h3>\n<p>Z4 PRO MIST on varustatud uusima p\u00f5lvkonna AGHP soojustorudega, mis minimeerivad vastupidise gravitatsiooni m\u00f5ju, nii et jahutus toimib v\u00f5rdselt t\u00f5husalt nii vertikaalses kui ka horisontaalses asendis. Kasutatav lahendus suurendab paigaldusv\u00f5imalusi, v\u00f5imaldades paindlikku paigutust korpuses. Lisaks suurendab 44 alumiiniumribi kasutamine soojuse hajumise pinda, mille tulemuseks on protsessori optimaalsed t\u00f6\u00f6tingimused.<\/p>\n<p>\n<img decoding=\"async\" border=\"0\" src=\"https:\/\/assets.innpro.pl\/10880\/12818\/2.jpg\"\/>\n<\/p>\n<h3>Vaikne ja t\u00f5hus t\u00f6\u00f6<\/h3>\n<p>120 mm ventilaator kasutab PWM-i (impulsilaiuse modulatsiooni) juhtimist oma kiiruse automaatseks reguleerimiseks. Selle tulemusena reguleerib see oma t\u00f6\u00f6d vastavalt protsessori koormusele, s\u00e4ilitades optimaalse temperatuuri ja t\u00f6\u00f6tades samal ajal vaikselt &#8211; m\u00fcratase ei \u00fcleta 24 dBA kiirusel 1600 p\/min. Ventilaatori h\u00fcdrolaager v\u00e4hendab h\u00f5\u00f5rdumist, mis omakorda v\u00e4hendab m\u00fcra ja tagab seadme pikema eluea.<\/p>\n<p>\n<img decoding=\"async\" border=\"0\" src=\"https:\/\/assets.innpro.pl\/10880\/12818\/3.jpg\"\/>\n<\/p>\n<h3>Elegantne disain taustvalgustusega<\/h3>\n<p>Toodet eristab lasergraveeritud pealmine kate, mis mitte ainult ei suurenda visuaalset atraktiivsust, vaid sobib ideaalselt ka RGB-taustvalgustusega. See v\u00f5imaldab jahutusel igas korpuses stiilne v\u00e4lja n\u00e4ha. T\u00e4nu \u00fchilduvusele s\u00fcnkroonimistehnoloogiatega nagu Aura Sync, Mystic Light ja Polychrome Sync saate valgustusefekte vastavalt oma eelistustele kohandada ja arvuti sisemust t\u00e4ielikult isikup\u00e4rastada.<\/p>\n<p>\n<img decoding=\"async\" border=\"0\" src=\"https:\/\/assets.innpro.pl\/10880\/12818\/6.jpg\"\/>\n<\/p>\n<h3>Mitme protsessoriga \u00fchilduvus<\/h3>\n<p>Jahutusseade toetab Inteli (LGA1700\/1150\/1151\/1155\/1156\/1200) ja AMD (AM4\/AM5) protsessoripesasid. K\u00f5ik vajalikud kinnitusklambrid ja kruvid on kaasas ning AMD platvormile paigaldamiseks on vaja kasutada emaplaadi originaalset tagaplaati stabiilse ja turvalise paigalduse tagamiseks.<\/p>\n<p>\n<img decoding=\"async\" border=\"0\" src=\"https:\/\/assets.innpro.pl\/10880\/12818\/7.jpg\"\/>\n<\/p>\n<div class=\"table-wrapper\">\n<p>\u0412\u00a0<\/p>\n<h3><\/h3>\n<table>\n<tbody>\n<tr>\n<th>Tootja<\/th>\n<td>Dark Flash<\/td>\n<\/tr>\n<tr>\n<th>Mudel<\/th>\n<td>Z4 PRO MIST<\/td>\n<\/tr>\n<tr>\n<th>\u00dchilduvus AMD protsessoritega<\/th>\n<td>AM5 \/ AM4<\/td>\n<\/tr>\n<tr>\n<th>\u00dchilduvus Inteli protsessoritega<\/th>\n<td>LGA: 115x \/ 12xx \/ 17 xx<\/td>\n<\/tr>\n<tr>\n<th>Jahutusradiaatori suurus<\/th>\n<td>120 x 72 x 155 mm<\/td>\n<\/tr>\n<tr>\n<th>Jahutusradiaatorid<\/th>\n<td>6 mm l\u00e4bim\u00f5\u00f5duga vasktoru<\/td>\n<\/tr>\n<tr>\n<th>Ventilaatorite arv<\/th>\n<td>1<\/td>\n<\/tr>\n<tr>\n<th>P\u00f6\u00f6rlemissageduse reguleerimine<\/th>\n<td>PWM<\/td>\n<\/tr>\n<tr>\n<th>Maksimaalne kiirus [p\/min].<\/th>\n<td>~1600 \u00b1 10%<\/td>\n<\/tr>\n<tr>\n<th>Minimaalne kiirus [p\/min].<\/th>\n<td>800<\/td>\n<\/tr>\n<tr>\n<th>Laagri t\u00fc\u00fcp<\/th>\n<td>H\u00fcdrolaager<\/td>\n<\/tr>\n<tr>\n<th>Ventilaatori suurus<\/th>\n<td>120 x 120 x 25 mm<\/td>\n<\/tr>\n<tr>\n<th>Pistik<\/th>\n<td>5V 3-pin ARGB, 4-pin PWM<\/td>\n<\/tr>\n<tr>\n<th>Toitepinge<\/th>\n<td>DC12V (ventilaator), DC5V (LED)<\/td>\n<\/tr>\n<tr>\n<th>Taustvalgustus<\/th>\n<td>ARGB<\/td>\n<\/tr>\n<tr>\n<th>MTBF eluiga<\/th>\n<td>20 000 h<\/td>\n<\/tr>\n<tr>\n<th>TDP<\/th>\n<td>200 W<\/td>\n<\/tr>\n<tr>\n<th>K\u00f5rgus<\/th>\n<td>155 mm<\/td>\n<\/tr>\n<tr>\n<th>Laius<\/th>\n<td>120 mm<\/td>\n<\/tr>\n<tr>\n<th>S\u00fcgavus<\/th>\n<td>72 mm<\/td>\n<\/tr>\n<tr>\n<th>Materjal<\/th>\n<td>Vask (soojustorud), alumiinium (uimed)<\/td>\n<\/tr>\n<tr>\n<th>Kaasasolevad tarvikud<\/th>\n<td>kinnituselemendid<\/td>\n<\/tr>\n<\/tbody>\n<\/table>\n<\/div>\n","protected":false},"excerpt":{"rendered":"<p>Darkflash arvutiradiaator Z4 PRO MIST WHITE Darkflash Z4 PRO MIST on suure j\u00f5udlusega protsessorijahutus, mis on loodud arvutihuvilistele, kes ootavad lisaks stabiilsusele ka t\u00f5husat soojuse hajutamist suure koormuse korral. Nelja suure j\u00f5udlusega 6 mm soojustoruga, mis kasutavad HDT (Heatpipe Direct Touch) tehnoloogiat ja 200 W TDP-d, pakub toode optimaalseid t\u00f6\u00f6tingimusi isegi k\u00f5ige n\u00f5udlikumatele protsessoritele. CPU-ga [&#8230;]\n","protected":false},"featured_media":16282,"comment_status":"open","ping_status":"closed","template":"","meta":[],"product_brand":[316],"product_cat":[1305],"product_tag":[],"class_list":{"0":"post-16281","1":"product","2":"type-product","3":"status-publish","4":"has-post-thumbnail","6":"product_brand-darkflash","7":"product_cat-active-cooling","9":"first","10":"outofstock","11":"taxable","12":"shipping-taxable","13":"purchasable","14":"product-type-simple"},"aioseo_notices":[],"_links":{"self":[{"href":"https:\/\/asura.lv\/et\/wp-json\/wp\/v2\/product\/16281","targetHints":{"allow":["GET"]}}],"collection":[{"href":"https:\/\/asura.lv\/et\/wp-json\/wp\/v2\/product"}],"about":[{"href":"https:\/\/asura.lv\/et\/wp-json\/wp\/v2\/types\/product"}],"replies":[{"embeddable":true,"href":"https:\/\/asura.lv\/et\/wp-json\/wp\/v2\/comments?post=16281"}],"wp:featuredmedia":[{"embeddable":true,"href":"https:\/\/asura.lv\/et\/wp-json\/wp\/v2\/media\/16282"}],"wp:attachment":[{"href":"https:\/\/asura.lv\/et\/wp-json\/wp\/v2\/media?parent=16281"}],"wp:term":[{"taxonomy":"product_brand","embeddable":true,"href":"https:\/\/asura.lv\/et\/wp-json\/wp\/v2\/product_brand?post=16281"},{"taxonomy":"product_cat","embeddable":true,"href":"https:\/\/asura.lv\/et\/wp-json\/wp\/v2\/product_cat?post=16281"},{"taxonomy":"product_tag","embeddable":true,"href":"https:\/\/asura.lv\/et\/wp-json\/wp\/v2\/product_tag?post=16281"}],"curies":[{"name":"wp","href":"https:\/\/api.w.org\/{rel}","templated":true}]}}