{"id":16359,"date":"2025-11-28T23:06:55","date_gmt":"2025-11-28T23:06:55","guid":{"rendered":"https:\/\/asura.lv\/product\/gan-vention-usb-c-20w-charger-usb-c-l-1m-cable-gray\/"},"modified":"2025-12-12T15:12:59","modified_gmt":"2025-12-12T13:12:59","slug":"gan-vention-usb-c-20w-charger-usb-c-l-1m-cable-gray","status":"publish","type":"product","link":"https:\/\/asura.lv\/et\/toode\/gan-vention-usb-c-20w-charger-usb-c-l-1m-cable-gray\/","title":{"rendered":"GaN Vention USB-C 20W laadija + USB-C-L 1m kaabel (hall)"},"content":{"rendered":"<h3>GaN Vention USB-C 20W laadija + USB-C-L 1m kaabel (hall)<\/h3>\n<p>GaN Vention USB-C 20W laadija + USB-C Lightning kaabel on komplekt, mis on loodud spetsiaalselt Apple&#8217;i seadmete, sealhulgas 8. kuni 14. seeria iPhone&#8217;ide kiireks laadimiseks. T\u00e4nu GaN (galliumnitriid) tehnoloogiale saavutab laadija 20W v\u00f5imsuse, mis v\u00f5imaldab kiiret ja ohutut laadimist ilma liigse kuumenemiseta. See on ideaalne neile, kes vajavad iga p\u00e4ev t\u00f5husat laadimist.<\/p>\n<p>\n<img decoding=\"async\" border=\"0\" src=\"https:\/\/assets.innpro.pl\/11100\/13091\/1.jpg\"\/>\n<\/p>\n<h3>Madala temperatuuri tehnoloogia<\/h3>\n<p>Laadija on varustatud t\u00e4iustatud termokaitseahelaga, mis j\u00e4lgib temperatuuri reaalajas, minimeerides \u00fclekuumenemise ohtu. Seet\u00f5ttu pakub seade mitte ainult kiiret, vaid ka ohutut laadimist, kaitstes teie seadme akut ja pikendades selle eluiga. V\u00f5ite laadimise muretult \u00fcle\u00f6\u00f6 j\u00e4tta, teades, et teie seade on korralikult kaitstud.<\/p>\n<p>\n<img decoding=\"async\" border=\"0\" src=\"https:\/\/assets.innpro.pl\/11100\/13091\/2.jpg\"\/>\n<\/p>\n<h3>Kompaktne suurus ja mugav kasutamine<\/h3>\n<p>Mugavust silmas pidades disainitud Ventioni laadija on kompaktse suurusega 32,2 x 57,2 x 30,8 mm, mist\u00f5ttu on see mugav ja h\u00f5lpsasti kaasaskantav. Komplektis olev 1-meetrine USB-C\u2013Lightning-kaabel, mis sobib nii USB-C kui ka Lightning-portidesse, laeb teie seadmeid h\u00f5lpsalt, olenemata sellest, kus te olete.<\/p>\n<p>\n<img decoding=\"async\" border=\"0\" src=\"https:\/\/assets.innpro.pl\/11100\/13091\/3.jpg\"\/>\n<\/p>\n<h3>Usaldusv\u00e4\u00e4rne mitmek\u00fclgsus<\/h3>\n<p>See komplekt ei \u00fchildu mitte ainult paljude Apple&#8217;i seadmetega, vaid toetab ka kiirlaadimisprotokolle, nagu QC 3.0, PD 3.0 ja FCP. Seega tagatakse stabiilne ja kiire laadimine mitte ainult iPhone&#8217;idele, vaid ka teistele nende standarditega \u00fchilduvatele seadmetele.<\/p>\n<p>\n<img decoding=\"async\" border=\"0\" src=\"https:\/\/assets.innpro.pl\/11100\/13091\/4.jpg\"\/>\n<\/p>\n<h3>USB-C-L kaabel<\/h3>\n<p>\u0412\u00a0<\/p>\n<p>Kaasasolev kaabel on loodud maksimaalse vastupidavuse ja t\u00f6\u00f6kindluse tagamiseks. See on MFi-sertifikaadiga, mis t\u00e4hendab, et see on t\u00e4ielikult \u00fchilduv Apple&#8217;i seadmetega ja tagab kiire ja ohutu laadimise. Vastupidav alumiiniumkorpus ja nailonist punutis muudavad kaabli kahjustuste suhtes vastupidavaks, taludes \u00fcle 10 000 painutus- ja pistikutesti. T\u00e4ieliku kaitsekihiga on see paremini kaitstud igap\u00e4evase kulumise eest ning kvaliteetne konstruktsioon tagab stabiilse \u00fclekande ja pika eluea.<\/p>\n<p>\n<img decoding=\"async\" border=\"0\" src=\"https:\/\/assets.innpro.pl\/11100\/13091\/7.jpg\"\/>\n<\/p>\n<h3>Kaasas<\/h3>\n<ul class=\"list-disc pl-5\">\n<li>1x laadija<\/li>\n<li>1x USB-C-L kaabel<\/li>\n<\/ul>\n<div class=\"table-wrapper\">\n<p>\u0412\u00a0<\/p>\n<h3><\/h3>\n<table>\n<tbody>\n<tr>\n<th>Mudel<\/th>\n<td>TZ-FEVH0-EU<\/td>\n<\/tr>\n<tr>\n<th>V\u00e4rv<\/th>\n<td>Hall<\/td>\n<\/tr>\n<tr><\/tr>\n<\/tbody>\n<\/table>\n<p>\u0412\u00a0<\/p>\n<h3>Laadija<\/h3>\n<table>\n<tbody>\n<tr>\n<th>Liidese t\u00fc\u00fcp<\/th>\n<td>USB-C<\/td>\n<\/tr>\n<tr>\n<th>Maksimaalne v\u00e4ljundv\u00f5imsus<\/th>\n<td>20W<\/td>\n<\/tr>\n<tr>\n<th>Sisend<\/th>\n<td>100-240V ~ 50\/60Hz 0.5A<\/td>\n<\/tr>\n<tr>\n<th>V\u00e4ljund T\u00fc\u00fcp-C<\/th>\n<td>5.0 V &#8211; 3.0 A 15.0 W; 9,0 V \u2013 2,22 A 20,0 W; 12,0 V \u2013 1,67 A 20,0 W maks.<\/td>\n<\/tr>\n<tr>\n<th>Toetatud protokollid<\/th>\n<td>QC 3.0 \/ QC 2.0 \/ PD 3.0 \/ PD 2.0 \/ FCP \/ Apple 2.4A \/ AFC \/ BC 1.2 \/ DCP<\/td>\n<\/tr>\n<tr>\n<th>Korpuse materjal<\/th>\n<td>PC<\/td>\n<\/tr>\n<\/tbody>\n<\/table>\n<p>B\u00a0<\/p>\n<h3>Kaabel<\/h3>\n<table>\n<tbody>\n<tr>\n<th>Liidese t\u00fc\u00fcp<\/th>\n<td>USB-C\/Lightning<\/td>\n<\/tr>\n<tr>\n<th>Nimivool<\/th>\n<td>Maks. 3 A<\/td>\n<\/tr>\n<tr>\n<th>Nimiv\u00f5imsus<\/th>\n<td>Max 27 W<\/td>\n<\/tr>\n<tr>\n<th>USB kiirus<\/th>\n<td>480 Mbps<\/td>\n<\/tr>\n<tr>\n<th>LAIUS<\/th>\n<td>3,5 mm<\/td>\n<\/tr>\n<tr>\n<th>Kaabli pikkus<\/th>\n<td>1 m<\/td>\n<\/tr>\n<tr><\/tr>\n<\/tbody>\n<\/table>\n<\/div>\n","protected":false},"excerpt":{"rendered":"<p>GaN Vention USB-C 20W laadija + USB-C-L 1m kaabel (hall) GaN Vention USB-C 20W laadija + USB-C Lightning kaabel on komplekt, mis on loodud spetsiaalselt Apple&#8217;i seadmete, sealhulgas 8. kuni 14. seeria iPhone&#8217;ide kiireks laadimiseks. T\u00e4nu GaN (galliumnitriid) tehnoloogiale saavutab laadija 20W v\u00f5imsuse, mis v\u00f5imaldab kiiret ja ohutut laadimist ilma liigse kuumenemiseta. See on ideaalne [&#8230;]\n","protected":false},"featured_media":16360,"comment_status":"open","ping_status":"closed","template":"","meta":[],"product_brand":[474],"product_cat":[1098],"product_tag":[],"class_list":{"0":"post-16359","1":"product","2":"type-product","3":"status-publish","4":"has-post-thumbnail","6":"product_brand-vention","7":"product_cat-mains-chargers-chargers-gsm-accessories","9":"first","10":"outofstock","11":"taxable","12":"shipping-taxable","13":"purchasable","14":"product-type-simple"},"aioseo_notices":[],"_links":{"self":[{"href":"https:\/\/asura.lv\/et\/wp-json\/wp\/v2\/product\/16359","targetHints":{"allow":["GET"]}}],"collection":[{"href":"https:\/\/asura.lv\/et\/wp-json\/wp\/v2\/product"}],"about":[{"href":"https:\/\/asura.lv\/et\/wp-json\/wp\/v2\/types\/product"}],"replies":[{"embeddable":true,"href":"https:\/\/asura.lv\/et\/wp-json\/wp\/v2\/comments?post=16359"}],"wp:featuredmedia":[{"embeddable":true,"href":"https:\/\/asura.lv\/et\/wp-json\/wp\/v2\/media\/16360"}],"wp:attachment":[{"href":"https:\/\/asura.lv\/et\/wp-json\/wp\/v2\/media?parent=16359"}],"wp:term":[{"taxonomy":"product_brand","embeddable":true,"href":"https:\/\/asura.lv\/et\/wp-json\/wp\/v2\/product_brand?post=16359"},{"taxonomy":"product_cat","embeddable":true,"href":"https:\/\/asura.lv\/et\/wp-json\/wp\/v2\/product_cat?post=16359"},{"taxonomy":"product_tag","embeddable":true,"href":"https:\/\/asura.lv\/et\/wp-json\/wp\/v2\/product_tag?post=16359"}],"curies":[{"name":"wp","href":"https:\/\/api.w.org\/{rel}","templated":true}]}}