{"id":16491,"date":"2025-11-28T23:06:43","date_gmt":"2025-11-28T23:06:43","guid":{"rendered":"https:\/\/asura.lv\/product\/cyber-tough-halolock-esr-case-with-stand-for-iphone-16-plus-black\/"},"modified":"2025-12-12T15:12:46","modified_gmt":"2025-12-12T13:12:46","slug":"cyber-tough-halolock-esr-case-with-stand-for-iphone-16-plus-black","status":"publish","type":"product","link":"https:\/\/asura.lv\/et\/toode\/cyber-tough-halolock-esr-case-with-stand-for-iphone-16-plus-black\/","title":{"rendered":"Cyber \u200b\u200bTough (HaloLock) ESR \u00fcmbris alusega iPhone 16 Plusile (must)"},"content":{"rendered":"<h3>Cyber \u200b\u200bTough (HaloLock) ESR \u00fcmbris alusega iPhone 16 Plusile (must)<\/h3>\n<p>iPhone 16 Plusiga \u00fchilduv ESR-i Cyber \u200b\u200bTough (HaloLock) \u00fcmbris pakub usaldusv\u00e4\u00e4rset kaitset vastavalt s\u00f5jalisele standardile MIL-STD-810H 516.8. Lisatarvik talub kukkumisi kuni 7 meetri k\u00f5rguselt. Toode pakub ka alust ja \u00fchilduvust magnetiliste lisatarvikutega.<\/p>\n<p>\n<img decoding=\"async\" border=\"0\" src=\"https:\/\/assets.innpro.pl\/10764\/12682\/7.jpg\"\/>\n<\/p>\n<h3>Tugevdatud magnetid<\/h3>\n<p>Lisatarvik kasutab HaloLock tehnoloogiat, mis pakub 25% tugevamaid magneteid v\u00f5rreldes standardlahendustega. See muudab magnetilise lisatarviku veelgi stabiilsemaks. Suurema tugevusega magnetid tagavad stabiilse \u00fchenduse isegi suuremate koormuste korral.<\/p>\n<p>\n<img decoding=\"async\" border=\"0\" src=\"https:\/\/assets.innpro.pl\/10764\/12682\/3.jpg\"\/>\n<\/p>\n<h3>Praktilised lahendused<\/h3>\n<p>Integreeritud alus v\u00f5imaldab teil telefoni mugavalt erinevate nurkade alla paigutada \u2013 nii portree- kui ka horisontaalre\u017eiimis. Lisaks saate seadet juhtmevabalt laadida ilma \u00fcmbrist eemaldamata.<\/p>\n<p>\n<img decoding=\"async\" border=\"0\" src=\"https:\/\/assets.innpro.pl\/10764\/12682\/6.jpg\"\/>\n<\/p>\n<h3>Vastupidavus ja kergus \u00fches<\/h3>\n<p>\u00dcmbris on kerge, \u00f5huke ja pakub mugavat haaret. Kolmekihiline disain, mis koosneb Poroni l\u00f6\u00f6ke neelavast polstrist, l\u00f6\u00f6gikaitseks m\u00f5eldud TPU kihist ja kriimustuskindlast k\u00f5vast PC-\u00fcmbrisest, kaitseb teie seadet t\u00f5husalt kahjustuste eest.<\/p>\n<p>\n<img decoding=\"async\" border=\"0\" src=\"https:\/\/assets.innpro.pl\/10764\/12682\/2.jpg\"\/>\n<\/p>\n<div class=\"table-wrapper\">\n<p>\u0412\u00a0<\/p>\n<h3><\/h3>\n<table>\n<tbody>\n<tr>\n<th>Tootja<\/th>\n<td>ESR<\/td>\n<\/tr>\n<tr>\n<th>Tootjakood<\/th>\n<td>1A7640102<\/td>\n<\/tr>\n<tr>\n<th>\u00dchilduvus<\/th>\n<td>iPhone 16 Plus<\/td>\n<\/tr>\n<tr>\n<th>V\u00e4rv<\/th>\n<td>must<\/td>\n<\/tr>\n<\/tbody>\n<\/table>\n<\/div>\n","protected":false},"excerpt":{"rendered":"<p>Cyber \u200b\u200bTough (HaloLock) ESR \u00fcmbris alusega iPhone 16 Plusile (must) iPhone 16 Plusiga \u00fchilduv ESR-i Cyber \u200b\u200bTough (HaloLock) \u00fcmbris pakub usaldusv\u00e4\u00e4rset kaitset vastavalt s\u00f5jalisele standardile MIL-STD-810H 516.8. Lisatarvik talub kukkumisi kuni 7 meetri k\u00f5rguselt. Toode pakub ka alust ja \u00fchilduvust magnetiliste lisatarvikutega. Tugevdatud magnetid Lisatarvik kasutab HaloLock tehnoloogiat, mis pakub 25% tugevamaid magneteid v\u00f5rreldes standardlahendustega. [&#8230;]\n","protected":false},"featured_media":16492,"comment_status":"open","ping_status":"closed","template":"","meta":[],"product_brand":[500],"product_cat":[1248],"product_tag":[],"class_list":{"0":"post-16491","1":"product","2":"type-product","3":"status-publish","4":"has-post-thumbnail","6":"product_brand-esr","7":"product_cat-protective-cases-for-smartphones-cases-gsm-accessories","9":"first","10":"outofstock","11":"taxable","12":"shipping-taxable","13":"purchasable","14":"product-type-simple"},"aioseo_notices":[],"_links":{"self":[{"href":"https:\/\/asura.lv\/et\/wp-json\/wp\/v2\/product\/16491","targetHints":{"allow":["GET"]}}],"collection":[{"href":"https:\/\/asura.lv\/et\/wp-json\/wp\/v2\/product"}],"about":[{"href":"https:\/\/asura.lv\/et\/wp-json\/wp\/v2\/types\/product"}],"replies":[{"embeddable":true,"href":"https:\/\/asura.lv\/et\/wp-json\/wp\/v2\/comments?post=16491"}],"wp:featuredmedia":[{"embeddable":true,"href":"https:\/\/asura.lv\/et\/wp-json\/wp\/v2\/media\/16492"}],"wp:attachment":[{"href":"https:\/\/asura.lv\/et\/wp-json\/wp\/v2\/media?parent=16491"}],"wp:term":[{"taxonomy":"product_brand","embeddable":true,"href":"https:\/\/asura.lv\/et\/wp-json\/wp\/v2\/product_brand?post=16491"},{"taxonomy":"product_cat","embeddable":true,"href":"https:\/\/asura.lv\/et\/wp-json\/wp\/v2\/product_cat?post=16491"},{"taxonomy":"product_tag","embeddable":true,"href":"https:\/\/asura.lv\/et\/wp-json\/wp\/v2\/product_tag?post=16491"}],"curies":[{"name":"wp","href":"https:\/\/api.w.org\/{rel}","templated":true}]}}