{"id":16527,"date":"2025-11-28T23:06:38","date_gmt":"2025-11-28T23:06:38","guid":{"rendered":"https:\/\/asura.lv\/product\/mcdodo-pc-4931-magsafe-case-for-iphone-16-plus-with-stand-black\/"},"modified":"2025-12-12T15:12:41","modified_gmt":"2025-12-12T13:12:41","slug":"mcdodo-pc-4931-magsafe-case-for-iphone-16-plus-with-stand-black","status":"publish","type":"product","link":"https:\/\/asura.lv\/et\/toode\/mcdodo-pc-4931-magsafe-case-for-iphone-16-plus-with-stand-black\/","title":{"rendered":"McDodo PC-4931 MagSafe \u00fcmbris iPhone 16 Plusile alusega (must)"},"content":{"rendered":"<h3>McDodo PC-4931 MagSafe \u00fcmbris iPhone 16 Plusile alusega (must)<\/h3>\n<p>McDodo PC-4931 \u00fcmbris pakub igak\u00fclgset kaitset k\u00f5igile teie iPhone 16 Plusi p\u00f5hikomponentidele. 1,7 mm k\u00f5rgendatud raam kaitseb ekraani kriimustuste eest, samas kui spetsiaalne viimistlus kaamera \u00fcmber kaitseb objektiive, hoides kaamera ideaalses seisukorras. Pehmendusega tugevdatud nurgad neelavad t\u00f5husalt l\u00f6\u00f6gij\u00f5u, pakkudes seadmele t\u00e4ielikku kaitset kukkumise korral. \u00dcmbrise tagak\u00fclje matt pind koos s\u00f5rmej\u00e4ljekindla kattega v\u00e4hendab s\u00f5rmej\u00e4lgede ja tolmu ladestumist, nii et teie telefon n\u00e4eb alati laitmatu v\u00e4lja!<\/p>\n<p>\n<img decoding=\"async\" border=\"0\" src=\"https:\/\/assets.innpro.pl\/10789\/12709\/4.jpg\"\/>\n<\/p>\n<h3>Praktiline lahendus<\/h3>\n<p>McDodo PC-4931 \u00fcmbris on varustatud praktilise alusega, millel on t\u00e4ielik 360\u00b0 p\u00f6\u00f6rlemine, mis v\u00f5imaldab teil telefoni mugavalt iga nurga alt kasutada. See on ideaalne lahendus neile, kes hindavad mugavust videok\u00f5nede, sisu vaatamise v\u00f5i telefoniga t\u00f6\u00f6tamise ajal. Pole t\u00e4htis, kus sa oled, sinu telefon on alati kasutusvalmis ja sinu jaoks parimas asendis.<\/p>\n<p>\n<img decoding=\"async\" border=\"0\" src=\"https:\/\/assets.innpro.pl\/10789\/12709\/1.jpg\"\/>\n<\/p>\n<h3>Sobib ideaalselt MagSafe&#8217;i jaoks<\/h3>\n<p>McDodo PC-4931 \u00fcmbris on t\u00e4ielikult \u00fchilduv MagSafe&#8217;i tehnoloogiaga, pakkudes tugevat magnetilist k\u00fclget\u00f5mbej\u00f5udu, mis kalibreerib telefoni asendit laadimise ajal t\u00e4pselt. See v\u00f5imaldab mugavat ja kiiret laadimist, hoides samal ajal telefoni igas olukorras kindlalt k\u00e4es.<\/p>\n<p>\n<img decoding=\"async\" border=\"0\" src=\"https:\/\/assets.innpro.pl\/10789\/12709\/2.jpg\"\/>\n<\/p>\n<div class=\"table-wrapper\">\n<p>\u0412\u00a0<\/p>\n<h3><\/h3>\n<table>\n<tbody>\n<tr>\n<th>Tootja<\/th>\n<td>McDodo<\/td>\n<\/tr>\n<tr>\n<th>Mudel<\/th>\n<td>PC-4931<\/td>\n<\/tr>\n<tr>\n<th>V\u00e4rv<\/th>\n<td>Must<\/td>\n<\/tr>\n<tr>\n<th>Materjal<\/th>\n<td>PC+TPU+magnet+alumiiniumisulam<\/td>\n<\/tr>\n<tr>\n<th>\u00dchilduvus<\/th>\n<td>iPhone 16 Plus<\/td>\n<\/tr>\n<tr>\n<th>\u00dchilduvus MagSafe<\/th>\n<td>Jah<\/td>\n<\/tr>\n<\/tbody>\n<\/table>\n<\/div>\n","protected":false},"excerpt":{"rendered":"<p>McDodo PC-4931 MagSafe \u00fcmbris iPhone 16 Plusile alusega (must) McDodo PC-4931 \u00fcmbris pakub igak\u00fclgset kaitset k\u00f5igile teie iPhone 16 Plusi p\u00f5hikomponentidele. 1,7 mm k\u00f5rgendatud raam kaitseb ekraani kriimustuste eest, samas kui spetsiaalne viimistlus kaamera \u00fcmber kaitseb objektiive, hoides kaamera ideaalses seisukorras. Pehmendusega tugevdatud nurgad neelavad t\u00f5husalt l\u00f6\u00f6gij\u00f5u, pakkudes seadmele t\u00e4ielikku kaitset kukkumise korral. \u00dcmbrise tagak\u00fclje [&#8230;]\n","protected":false},"featured_media":16528,"comment_status":"open","ping_status":"closed","template":"","meta":[],"product_brand":[461],"product_cat":[1248],"product_tag":[],"class_list":{"0":"post-16527","1":"product","2":"type-product","3":"status-publish","4":"has-post-thumbnail","6":"product_brand-mcdodo","7":"product_cat-protective-cases-for-smartphones-cases-gsm-accessories","9":"first","10":"outofstock","11":"taxable","12":"shipping-taxable","13":"purchasable","14":"product-type-simple"},"aioseo_notices":[],"_links":{"self":[{"href":"https:\/\/asura.lv\/et\/wp-json\/wp\/v2\/product\/16527","targetHints":{"allow":["GET"]}}],"collection":[{"href":"https:\/\/asura.lv\/et\/wp-json\/wp\/v2\/product"}],"about":[{"href":"https:\/\/asura.lv\/et\/wp-json\/wp\/v2\/types\/product"}],"replies":[{"embeddable":true,"href":"https:\/\/asura.lv\/et\/wp-json\/wp\/v2\/comments?post=16527"}],"wp:featuredmedia":[{"embeddable":true,"href":"https:\/\/asura.lv\/et\/wp-json\/wp\/v2\/media\/16528"}],"wp:attachment":[{"href":"https:\/\/asura.lv\/et\/wp-json\/wp\/v2\/media?parent=16527"}],"wp:term":[{"taxonomy":"product_brand","embeddable":true,"href":"https:\/\/asura.lv\/et\/wp-json\/wp\/v2\/product_brand?post=16527"},{"taxonomy":"product_cat","embeddable":true,"href":"https:\/\/asura.lv\/et\/wp-json\/wp\/v2\/product_cat?post=16527"},{"taxonomy":"product_tag","embeddable":true,"href":"https:\/\/asura.lv\/et\/wp-json\/wp\/v2\/product_tag?post=16527"}],"curies":[{"name":"wp","href":"https:\/\/api.w.org\/{rel}","templated":true}]}}