{"id":16617,"date":"2025-11-28T23:06:31","date_gmt":"2025-11-28T23:06:31","guid":{"rendered":"https:\/\/asura.lv\/product\/deli-tools-tile-cutting-blade-edl354002\/"},"modified":"2025-12-12T15:12:33","modified_gmt":"2025-12-12T13:12:33","slug":"deli-tools-tile-cutting-blade-edl354002","status":"publish","type":"product","link":"https:\/\/asura.lv\/et\/toode\/deli-tools-tile-cutting-blade-edl354002\/","title":{"rendered":"Deli Toolsi plaatide l\u00f5iketera EDL354002"},"content":{"rendered":"<h3>Deli Toolsi plaatide l\u00f5iketera EDL354002<\/h3>\n<p>Deli Toolsi EDL354002 plaatide l\u00f5iketera on kvaliteetne t\u00f6\u00f6riist, mis sobib ideaalselt keraamiliste plaatide ja muu t\u00e4pseks l\u00f5ikamiseks. T\u00e4nu vastupidava YG6X materjali kasutamisele iseloomustab toodet pikk eluiga ja kulumiskindlus, seega on see suurep\u00e4rane valik pikaajaliseks t\u00f6\u00f6ks.<\/p>\n<p>\n<img decoding=\"async\" border=\"0\" src=\"https:\/\/assets.innpro.pl\/10483\/12321\/1.jpg\"\/>\n<\/p>\n<h3>Vastupidav ja terav tera<\/h3>\n<p>Tera valmistamiseks on kasutatud vastupidavat YG6X materjali. See annab teile erakordselt terava l\u00f5ikeserva, mis tagab sujuva ja t\u00e4pse l\u00f5ikamise. Toode on ka v\u00e4ga kulumiskindel, mis pikendab oluliselt selle eluiga.<\/p>\n<p>\n<img decoding=\"async\" border=\"0\" src=\"https:\/\/assets.innpro.pl\/10483\/12321\/3.jpg\"\/>\n<\/p>\n<h3>See teenib teid pikka aega<\/h3>\n<p>Tera pakub pikka eluiga, umbes 2000 meetrit l\u00f5ikeid, mist\u00f5ttu on see t\u00f6\u00f6riist, mis sobib intensiivseks ja pikaajaliseks kasutamiseks. See sobib suurep\u00e4raselt nii professionaalsetesse kui ka kodut\u00f6\u00f6kodadesse.<\/p>\n<p>\n<img decoding=\"async\" border=\"0\" src=\"https:\/\/assets.innpro.pl\/10483\/12321\/2.jpg\"\/>\n<\/p>\n<h3>Tera k\u00f5rge k\u00f5vadus<\/h3>\n<p>Tera l\u00f5ikeserva k\u00f5vadus on umbes 88 HRA. See t\u00e4hendab uskumatut tugevust ja t\u00f6\u00f6kindlust \u2013 isegi k\u00f5ige k\u00f5vemate materjalidega t\u00f6\u00f6tamisel.<\/p>\n<p>\n<img decoding=\"async\" border=\"0\" src=\"https:\/\/assets.innpro.pl\/10483\/12321\/5.jpg\"\/>\n<\/p>\n<div class=\"table-wrapper\">\n<p>B\u00a0<\/p>\n<h3><\/h3>\n<table>\n<tbody>\n<tr>\n<th>Tootja<\/th>\n<td>Deli Tools<\/td>\n<\/tr>\n<tr>\n<th>Mudel<\/th>\n<td>EDL354002<\/td>\n<\/tr>\n<tr>\n<th>Suurus<\/th>\n<td>22 x 6 x 6 mm<\/td>\n<\/tr>\n<tr>\n<th>Materjal<\/th>\n<td>YG6X<\/td>\n<\/tr>\n<tr>\n<th>Kasutusiga<\/th>\n<td>\u0432\u2030\u0490 2000 m l\u00f5ikamine<\/td>\n<\/tr>\n<tr>\n<th>Serva k\u00f5vadus<\/th>\n<td>Ligikaudu 88 HRA<\/td>\n<\/tr>\n<tr>\n<th>V\u00e4rv<\/th>\n<td>H\u00f5bedane<\/td>\n<\/tr>\n<tr>\n<th>Toote kaal<\/th>\n<td>0,02 kg<\/td>\n<\/tr>\n<\/tbody>\n<\/table>\n<\/div>\n","protected":false},"excerpt":{"rendered":"<p>Deli Toolsi plaatide l\u00f5iketera EDL354002 Deli Toolsi EDL354002 plaatide l\u00f5iketera on kvaliteetne t\u00f6\u00f6riist, mis sobib ideaalselt keraamiliste plaatide ja muu t\u00e4pseks l\u00f5ikamiseks. T\u00e4nu vastupidava YG6X materjali kasutamisele iseloomustab toodet pikk eluiga ja kulumiskindlus, seega on see suurep\u00e4rane valik pikaajaliseks t\u00f6\u00f6ks. Vastupidav ja terav tera Tera valmistamiseks on kasutatud vastupidavat YG6X materjali. See annab teile erakordselt [&#8230;]\n","protected":false},"featured_media":16618,"comment_status":"open","ping_status":"closed","template":"","meta":[],"product_brand":[310],"product_cat":[1056],"product_tag":[],"class_list":{"0":"post-16617","1":"product","2":"type-product","3":"status-publish","4":"has-post-thumbnail","6":"product_brand-deli-tools","7":"product_cat-cutting-tools","9":"first","10":"outofstock","11":"taxable","12":"shipping-taxable","13":"purchasable","14":"product-type-simple"},"aioseo_notices":[],"_links":{"self":[{"href":"https:\/\/asura.lv\/et\/wp-json\/wp\/v2\/product\/16617","targetHints":{"allow":["GET"]}}],"collection":[{"href":"https:\/\/asura.lv\/et\/wp-json\/wp\/v2\/product"}],"about":[{"href":"https:\/\/asura.lv\/et\/wp-json\/wp\/v2\/types\/product"}],"replies":[{"embeddable":true,"href":"https:\/\/asura.lv\/et\/wp-json\/wp\/v2\/comments?post=16617"}],"wp:featuredmedia":[{"embeddable":true,"href":"https:\/\/asura.lv\/et\/wp-json\/wp\/v2\/media\/16618"}],"wp:attachment":[{"href":"https:\/\/asura.lv\/et\/wp-json\/wp\/v2\/media?parent=16617"}],"wp:term":[{"taxonomy":"product_brand","embeddable":true,"href":"https:\/\/asura.lv\/et\/wp-json\/wp\/v2\/product_brand?post=16617"},{"taxonomy":"product_cat","embeddable":true,"href":"https:\/\/asura.lv\/et\/wp-json\/wp\/v2\/product_cat?post=16617"},{"taxonomy":"product_tag","embeddable":true,"href":"https:\/\/asura.lv\/et\/wp-json\/wp\/v2\/product_tag?post=16617"}],"curies":[{"name":"wp","href":"https:\/\/api.w.org\/{rel}","templated":true}]}}