{"id":16659,"date":"2025-11-28T23:06:28","date_gmt":"2025-11-28T23:06:28","guid":{"rendered":"https:\/\/asura.lv\/product\/tws-joyroom-funpods-headphones-jr-fn2-black\/"},"modified":"2025-12-12T15:12:30","modified_gmt":"2025-12-12T13:12:30","slug":"tws-joyroom-funpods-headphones-jr-fn2-black","status":"publish","type":"product","link":"https:\/\/asura.lv\/et\/toode\/tws-joyroom-funpods-headphones-jr-fn2-black\/","title":{"rendered":"TWS Joyroom Funpods k\u00f5rvaklapid JR-FN2 (mustad)"},"content":{"rendered":"<h3>Joyroom Funpods seeria JR-FN2 k\u00f5rvaklapid (mustad)<\/h3>\n<p>Joyroom Funpods seeria JR-FN2 k\u00f5rvaklapid on ideaalne kombinatsioon kaasaegsest tehnoloogiast ja stiilsest disainist. Kompaktse disaini ja vaid 3 g kaaluga pakuvad need maksimaalset mugavust. Varustatud 500 mAh laadimis\u00fcmbrisega &#8211; need pakuvad kuni 7 tundi muusika taasesitust. Nautige suurep\u00e4rast helikvaliteeti ja kuulake oma lemmiklaule millal iganes soovite!<\/p>\n<p>\n<img decoding=\"async\" border=\"0\" src=\"https:\/\/assets.innpro.pl\/10318\/12121\/3.jpg\"\/>\n<\/p>\n<h3>ANC m\u00fcrasummutus<\/h3>\n<p>L\u00f5petage m\u00fcra. K\u00f5rvaklapid pakuvad aktiivse m\u00fcrasummutusfunktsiooni (ANC), mis summutab t\u00f5husalt soovimatu taustam\u00fcra. Selle tehnoloogia abil saate keskenduda oma muusikale v\u00f5i vestlusele, nautides samal ajal selget heli ilma segajateta. ANC muudab JR-FN2 ideaalseks kasutamiseks l\u00e4rmakates kohtades, nagu bussid, supermarketid ja kaubanduskeskused.<\/p>\n<p>\n<img decoding=\"async\" border=\"0\" src=\"https:\/\/assets.innpro.pl\/10318\/12121\/2.jpg\"\/>\n<\/p>\n<h3>Bluetooth 5.4 &#8211; garanteeritult usaldusv\u00e4\u00e4rne \u00fchendus<\/h3>\n<p>JR-FN2 k\u00f5rvaklapid kasutavad Bluetooth 5.4 uusimat versiooni, mis tagab kiire ja stabiilse \u00fchenduse teie seadmetega. Selle tulemusena saate muusikat vabalt kuulata, muretsemata latentsuse v\u00f5i helikvaliteedi probleemide p\u00e4rast.<\/p>\n<p>\n<img decoding=\"async\" border=\"0\" src=\"https:\/\/assets.innpro.pl\/10318\/12121\/6.jpg\"\/>\n<\/p>\n<h3>Pikk t\u00f6\u00f6aeg<\/h3>\n<p>JR-FN2 eristub ka oma pika t\u00f6\u00f6aja poolest. See v\u00f5imaldab teil muusikat m\u00e4ngida kuni 5 tundi, kui ANC-tehnoloogia on sisse l\u00fclitatud, v\u00f5i kuni 7 tundi, kui te seda ei kasuta. K\u00f5rvaklappide laadimine kaasasoleva \u00fcmbrisega ei v\u00f5ta samuti kaua aega \u2013 piisab umbes 0,5 tunnist.<\/p>\n<p>\n<img decoding=\"async\" border=\"0\" src=\"https:\/\/assets.innpro.pl\/10318\/12121\/4.jpg\"\/>\n<\/p>\n<h3>Suurep\u00e4rane helikvaliteet<\/h3>\n<p>Avastage oma lemmiklaulud veelgi parema kvaliteediga. K\u00f5rvaklapid on varustatud 10-millimeetriste draiveritega, mis pakuvad s\u00fcgavat, detailirohket heli ja v\u00f5imsat, selget bassi. Pane need lihtsalt k\u00f5rva ja tunne end nagu kontserdil!<\/p>\n<p>\n<img decoding=\"async\" border=\"0\" src=\"https:\/\/assets.innpro.pl\/10318\/12121\/9.jpg\"\/>\n<\/p>\n<h3>Veekindlad ja mugavad<\/h3>\n<p>IP54 veekindlusega Joyroom JR-FN2 k\u00f5rvaklapid on niiskuse- ja tolmukindlad, mis teeb neist suurep\u00e4rase valiku aktiivsetele kasutajatele. Neid ei hirmuta higi, seega saad treeningu ajal muretult muusikat kuulata! Lisaks kaalub iga k\u00f5rvaklapp vaid 3 g, mis t\u00e4hendab erakordset kandmismugavust.<\/p>\n<p>\n<img decoding=\"async\" border=\"0\" src=\"https:\/\/assets.innpro.pl\/10318\/12121\/1.jpg\"\/>\n<\/p>\n<div class=\"table-wrapper\">\n<p>\u0412\u00a0<\/p>\n<h3><\/h3>\n<table>\n<tbody>\n<tr>\n<th>Tootja<\/th>\n<td>Joyroom<\/td>\n<\/tr>\n<tr>\n<th>Mudel<\/th>\n<td>JR-FN2<\/td>\n<\/tr>\n<tr>\n<th>V\u00e4rv<\/th>\n<td>Must<\/td>\n<\/tr>\n<tr>\n<th>Sidumisnimi<\/th>\n<td>Joyroom Funpods FN2<\/td>\n<\/tr>\n<tr>\n<th>Bluetoothi \u200b\u200bversioon<\/th>\n<td>5.4<\/td>\n<\/tr>\n<tr>\n<th>Heli koodekid<\/th>\n<td>AAC, SBC<\/td>\n<\/tr>\n<tr>\n<th>Toetatud protokollid<\/th>\n<td>HFP, A2DP, AVRCP<\/td>\n<\/tr>\n<tr>\n<th>T\u00f6\u00f6sagedus<\/th>\n<td>2402\u20132480 MHz<\/td>\n<\/tr>\n<tr>\n<th>Sageduskarakteristik<\/th>\n<td>20 Hz \u2013 20 kHz<\/td>\n<\/tr>\n<tr>\n<th>K\u00f5rvaklappide aku mahtuvus<\/th>\n<td>35 mAh<\/td>\n<\/tr>\n<tr>\n<th>Korpuse aku mahtuvus<\/th>\n<td>500 mAh<\/td>\n<\/tr>\n<tr>\n<th>Muundur<\/th>\n<td>10 mm<\/td>\n<\/tr>\n<tr>\n<th>Muusika taasesituse aeg<\/th>\n<td>ANC sees: u. 5 tundi (70% helitugevus); ANC v\u00e4lja l\u00fclitatud: u. 7 tundi (70% helitugevus);<\/td>\n<\/tr>\n<tr>\n<th>K\u00f5neaeg<\/th>\n<td>Ligikaudu 5 tundi (70% helitugevus)<\/td>\n<\/tr>\n<tr>\n<th>Ooteaeg (paaris)<\/th>\n<td>Ligikaudu 48 tundi<\/td>\n<\/tr>\n<tr>\n<th>K\u00f5rvaklappide sisendvool<\/th>\n<td>5 V &#8211; 200 mA<\/td>\n<\/tr>\n<tr>\n<th>\u00dcmbrise sisendvool<\/th>\n<td>5 V &#8211; 1 A<\/td>\n<\/tr>\n<tr>\n<th>Laadimisport<\/th>\n<td>USB-C<\/td>\n<\/tr>\n<tr>\n<th>K\u00f5rvaklappide laadimisaeg<\/th>\n<td>Ligikaudu 0,5 tundi<\/td>\n<\/tr>\n<tr>\n<th>\u00dcmbrise laadimisaeg<\/th>\n<td>Ligikaudu 1,5 tundi<\/td>\n<\/tr>\n<tr>\n<th>Veekindel<\/th>\n<td>IP54<\/td>\n<\/tr>\n<tr>\n<th>Materjal<\/th>\n<td>ABS + PC<\/td>\n<\/tr>\n<tr>\n<th>K\u00f5rvaklappide kaal<\/th>\n<td>3 g<\/td>\n<\/tr>\n<\/tbody>\n<\/table>\n<\/div>\n","protected":false},"excerpt":{"rendered":"<p>Joyroom Funpods seeria JR-FN2 k\u00f5rvaklapid (mustad) Joyroom Funpods seeria JR-FN2 k\u00f5rvaklapid on ideaalne kombinatsioon kaasaegsest tehnoloogiast ja stiilsest disainist. Kompaktse disaini ja vaid 3 g kaaluga pakuvad need maksimaalset mugavust. Varustatud 500 mAh laadimis\u00fcmbrisega &#8211; need pakuvad kuni 7 tundi muusika taasesitust. Nautige suurep\u00e4rast helikvaliteeti ja kuulake oma lemmiklaule millal iganes soovite! ANC m\u00fcrasummutus L\u00f5petage [&#8230;]\n","protected":false},"featured_media":16660,"comment_status":"open","ping_status":"closed","template":"","meta":[],"product_brand":[443],"product_cat":[954],"product_tag":[],"class_list":{"0":"post-16659","1":"product","2":"type-product","3":"status-publish","4":"has-post-thumbnail","6":"product_brand-joyroom","7":"product_cat-tws","9":"first","10":"outofstock","11":"taxable","12":"shipping-taxable","13":"purchasable","14":"product-type-simple"},"aioseo_notices":[],"_links":{"self":[{"href":"https:\/\/asura.lv\/et\/wp-json\/wp\/v2\/product\/16659","targetHints":{"allow":["GET"]}}],"collection":[{"href":"https:\/\/asura.lv\/et\/wp-json\/wp\/v2\/product"}],"about":[{"href":"https:\/\/asura.lv\/et\/wp-json\/wp\/v2\/types\/product"}],"replies":[{"embeddable":true,"href":"https:\/\/asura.lv\/et\/wp-json\/wp\/v2\/comments?post=16659"}],"wp:featuredmedia":[{"embeddable":true,"href":"https:\/\/asura.lv\/et\/wp-json\/wp\/v2\/media\/16660"}],"wp:attachment":[{"href":"https:\/\/asura.lv\/et\/wp-json\/wp\/v2\/media?parent=16659"}],"wp:term":[{"taxonomy":"product_brand","embeddable":true,"href":"https:\/\/asura.lv\/et\/wp-json\/wp\/v2\/product_brand?post=16659"},{"taxonomy":"product_cat","embeddable":true,"href":"https:\/\/asura.lv\/et\/wp-json\/wp\/v2\/product_cat?post=16659"},{"taxonomy":"product_tag","embeddable":true,"href":"https:\/\/asura.lv\/et\/wp-json\/wp\/v2\/product_tag?post=16659"}],"curies":[{"name":"wp","href":"https:\/\/api.w.org\/{rel}","templated":true}]}}