{"id":16743,"date":"2025-11-28T23:05:27","date_gmt":"2025-11-28T23:05:27","guid":{"rendered":"https:\/\/asura.lv\/product\/joyroom-mains-charger-jr-tcf14-ac-super-slim-20w-white\/"},"modified":"2025-12-12T15:11:40","modified_gmt":"2025-12-12T13:11:40","slug":"joyroom-mains-charger-jr-tcf14-ac-super-slim-20w-white","status":"publish","type":"product","link":"https:\/\/asura.lv\/et\/toode\/joyroom-mains-charger-jr-tcf14-ac-super-slim-20w-white\/","title":{"rendered":"Joyroomi vooluv\u00f5rgust laadija JR-TCF14 (A+C) Super Slim 20W (valge)"},"content":{"rendered":"<h3>Joyroom JR-TCF14 (A+C) \u00fcli\u00f5huke 20W laadija (valge).<\/h3>\n<p>Oma 20W v\u00f5imsuse ja \u00f5hukese disainiga Joyroom JR-TCF14 v\u00f5rgulaadija sobib ideaalselt igasse olukorda \u2013 koju, kontorisse ja reisile. USB-A ja USB-C portide olemasolu v\u00f5imaldab teil laadida kahte seadet korraga, s\u00e4\u00e4stes aega ja mugavust.<\/p>\n<p>\n<img decoding=\"async\" border=\"0\" src=\"https:\/\/assets.innpro.pl\/10325\/12131\/1.jpg\"\/>\n<\/p>\n<h3>Kahe seadme kohene laadimine<\/h3>\n<p>Joyroom JR-TCF14 on varustatud t\u00e4iustatud kiibiga, mis jaotab nutikalt voolu \u00fchendatud seadmete vahel. See v\u00f5imaldab teil laadida oma nutitelefoni ja nutikella v\u00f5i k\u00f5rvaklappe korraga. Nautige kuni 4 korda kiiremat laadimist kui tavalistel 5V\/1A mudelitel.<\/p>\n<p>\n<img decoding=\"async\" border=\"0\" src=\"https:\/\/assets.innpro.pl\/10325\/12131\/2.jpg\"\/>\n<\/p>\n<h3>Ohutu kasutada<\/h3>\n<p>Mitmekihiline kaitse, sealhulgas \u00fclepinge-, \u00fclevoolu-, \u00fclekuumenemis- ja l\u00fchisekaitse, tagab laadimise ajal ohutuse. Tulekindlatest materjalidest konstruktsioon ja elektrostaatilise t\u00fchjenemise kaitsetehnoloogia kasutamine tagavad seadme t\u00f6\u00f6kindluse ja pikaealisuse.<\/p>\n<p>\n<img decoding=\"async\" border=\"0\" src=\"https:\/\/assets.innpro.pl\/10325\/12131\/4.jpg\"\/>\n<\/p>\n<h3>Lai \u00fchilduvus<\/h3>\n<p>Mitmek\u00fclgne Joyroomi laadija \u00fchildub iPhone&#8217;ide, iPadide, AirPodide ja muude vidinatega, nagu nutikellad ja m\u00e4ngukonsoolid. N\u00fc\u00fcd saad kogu oma varustuse \u00fche laadijaga valmis panna!<\/p>\n<p>\n<img decoding=\"async\" border=\"0\" src=\"https:\/\/assets.innpro.pl\/10325\/12131\/6.jpg\"\/>\n<\/p>\n<h3>\u00d5huke ja kerge disain<\/h3>\n<p>Joyroom JR-TCF14 on \u00e4\u00e4rmiselt \u00f5hukese disainiga \u2013 koguni 64% \u00f5hem kui traditsioonilised 20W laadijad. Selle kompaktne suurus v\u00f5imaldab probleemivaba transportimist \u2013 saad selle isegi mugavalt taskusse pista.<\/p>\n<p>\n<img decoding=\"async\" border=\"0\" src=\"https:\/\/assets.innpro.pl\/10325\/12131\/3.jpg\"\/>\n<\/p>\n<h3>Kvaliteedisertifikaadid<\/h3>\n<p>Laadija k\u00f5rget kvaliteeti kinnitavad CE, ERP ja RoHS sertifikaadid. V\u00f5ite olla kindel, et kasutate toodet, mis vastab uusimatele ohutus- ja keskkonnastandarditele.<\/p>\n<p>\n<img decoding=\"async\" border=\"0\" src=\"https:\/\/assets.innpro.pl\/10325\/12131\/7.jpg\"\/>\n<\/p>\n<div class=\"table-wrapper\">\n<p>\u0412\u00a0<\/p>\n<h3><\/h3>\n<table>\n<tbody>\n<tr>\n<th>Tootja<\/th>\n<td>Joyroom<\/td>\n<\/tr>\n<tr>\n<th>Tootjakood<\/th>\n<td>JR-TCF14<\/td>\n<\/tr>\n<tr>\n<th>Pordid<\/th>\n<td>USB-A, USB-C<\/td>\n<\/tr>\n<tr>\n<th>Toide<\/th>\n<td>20 W<\/td>\n<\/tr>\n<tr>\n<th>Sertifikaadid<\/th>\n<td>CE, ERP, RoHS<\/td>\n<\/tr>\n<tr>\n<th>V\u00e4rv<\/th>\n<td>valge<\/td>\n<\/tr>\n<\/tbody>\n<\/table>\n<\/div>\n","protected":false},"excerpt":{"rendered":"<p>Joyroom JR-TCF14 (A+C) \u00fcli\u00f5huke 20W laadija (valge). Oma 20W v\u00f5imsuse ja \u00f5hukese disainiga Joyroom JR-TCF14 v\u00f5rgulaadija sobib ideaalselt igasse olukorda \u2013 koju, kontorisse ja reisile. USB-A ja USB-C portide olemasolu v\u00f5imaldab teil laadida kahte seadet korraga, s\u00e4\u00e4stes aega ja mugavust. Kahe seadme kohene laadimine Joyroom JR-TCF14 on varustatud t\u00e4iustatud kiibiga, mis jaotab nutikalt voolu \u00fchendatud [&#8230;]\n","protected":false},"featured_media":16744,"comment_status":"open","ping_status":"closed","template":"","meta":[],"product_brand":[443],"product_cat":[1098],"product_tag":[],"class_list":{"0":"post-16743","1":"product","2":"type-product","3":"status-publish","4":"has-post-thumbnail","6":"product_brand-joyroom","7":"product_cat-mains-chargers-chargers-gsm-accessories","9":"first","10":"outofstock","11":"taxable","12":"shipping-taxable","13":"purchasable","14":"product-type-simple"},"aioseo_notices":[],"_links":{"self":[{"href":"https:\/\/asura.lv\/et\/wp-json\/wp\/v2\/product\/16743","targetHints":{"allow":["GET"]}}],"collection":[{"href":"https:\/\/asura.lv\/et\/wp-json\/wp\/v2\/product"}],"about":[{"href":"https:\/\/asura.lv\/et\/wp-json\/wp\/v2\/types\/product"}],"replies":[{"embeddable":true,"href":"https:\/\/asura.lv\/et\/wp-json\/wp\/v2\/comments?post=16743"}],"wp:featuredmedia":[{"embeddable":true,"href":"https:\/\/asura.lv\/et\/wp-json\/wp\/v2\/media\/16744"}],"wp:attachment":[{"href":"https:\/\/asura.lv\/et\/wp-json\/wp\/v2\/media?parent=16743"}],"wp:term":[{"taxonomy":"product_brand","embeddable":true,"href":"https:\/\/asura.lv\/et\/wp-json\/wp\/v2\/product_brand?post=16743"},{"taxonomy":"product_cat","embeddable":true,"href":"https:\/\/asura.lv\/et\/wp-json\/wp\/v2\/product_cat?post=16743"},{"taxonomy":"product_tag","embeddable":true,"href":"https:\/\/asura.lv\/et\/wp-json\/wp\/v2\/product_tag?post=16743"}],"curies":[{"name":"wp","href":"https:\/\/api.w.org\/{rel}","templated":true}]}}