{"id":16797,"date":"2025-11-28T23:05:23","date_gmt":"2025-11-28T23:05:23","guid":{"rendered":"https:\/\/asura.lv\/product\/magnetic-phone-holder-with-suction-cups-joyroom-jr-zs393-s-black\/"},"modified":"2025-12-12T15:11:38","modified_gmt":"2025-12-12T13:11:38","slug":"magnetic-phone-holder-with-suction-cups-joyroom-jr-zs393-s-black","status":"publish","type":"product","link":"https:\/\/asura.lv\/et\/toode\/magnetic-phone-holder-with-suction-cups-joyroom-jr-zs393-s-black\/","title":{"rendered":"Magnetiline telefonihoidik iminappadega Joyroom JR-ZS393-S (must)"},"content":{"rendered":"<h3>Joyroomi magnetiline telefonihoidik iminappadega JR-ZS393-S (must).<\/h3>\n<p>Kas otsite hoidikut, mis annab teile t\u00e4ieliku kasutusvabaduse ja usaldusv\u00e4\u00e4rse stabiilsuse k\u00f5ikjal? Joyroom JR-ZS393-S on ideaalne lahendus! T\u00e4nu tugevatele magnetitele, iminappadele ja kompaktsele disainile t\u00f6\u00f6tab see h\u00e4sti nii liikvel olles kui ka igap\u00e4evaste toimingute ajal, pakkudes t\u00e4ielikku vabadust telefoni k\u00e4ed-vabad re\u017eiimis salvestamiseks ja kasutamiseks.<\/p>\n<p>\n<img decoding=\"async\" border=\"0\" src=\"https:\/\/assets.innpro.pl\/10339\/12148\/1.jpg\"\/>\n<\/p>\n<h3>Stabiilsus, millele saate loota<\/h3>\n<p>Joyroom JR-ZS393-S on varustatud \u00e4\u00e4rmiselt tugevate N52 magnetitega, mis tagavad teie telefoni kindla haarde igas olukorras. Seadme paigaldamine ja eemaldamine pole kunagi olnud nii kiire ja lihtne \u2013 asetage lihtsalt kinnitus telefonile ja see on kindlalt kinnitatud.<\/p>\n<p>\n<img decoding=\"async\" border=\"0\" src=\"https:\/\/assets.innpro.pl\/10339\/12148\/2.jpg\"\/>\n<\/p>\n<h3>T\u00e4iustatud disain rohkemate iminappadega<\/h3>\n<p>Joyroom JR-ZS393-S kinnituse uuel ja t\u00e4iustatud versioonil on veelgi rohkem iminappasid, mis v\u00f5imaldavad teil telefoni kindlalt igale puhtale ja siledale pinnale kinnitada. Olenemata sellest, kas kasutate hoidikut esiklaasil, keraamilisel plaadil v\u00f5i siledal t\u00f6\u00f6pinnal, v\u00f5ite olla kindel, et teie telefon p\u00fcsib kindlalt paigal.<\/p>\n<p>\n<img decoding=\"async\" border=\"0\" src=\"https:\/\/assets.innpro.pl\/10339\/12148\/6.jpg\"\/>\n<\/p>\n<h3>Kompaktne suurus<\/h3>\n<p>Te ei pea enam muretsema pagasiruumi p\u00e4rast! Joyroom JR-ZS393-S kompaktne suurus muudab hoidiku suurep\u00e4raseks lisandiks igale reisile. Alati k\u00e4ep\u00e4rast, valmis kasutamiseks igal ajal, olenemata sellest, kus te olete. Lisaks on sellel kaasas praktiline silikoonrihm, mis v\u00f5imaldab teil telefoni mugavalt kaasas kanda.<\/p>\n<p>\n<img decoding=\"async\" border=\"0\" src=\"https:\/\/assets.innpro.pl\/10339\/12148\/4.jpg\"\/>\n<\/p>\n<h3>Sisu loojatele ja teistele<\/h3>\n<p>Olenemata sellest, kas salvestate vloge, teete videok\u00f5nesid v\u00f5i teete fotosid, Joyroom JR-ZS393-S t\u00f6\u00f6tab ideaalselt. Telefoni mugavasse asendisse paigutamise v\u00f5imalus v\u00f5imaldab k\u00e4ed-vabad salvestamist, muutes selle kinnituse ideaalseks lahenduseks igale sisuloojale.<\/p>\n<p>\n<img decoding=\"async\" border=\"0\" src=\"https:\/\/assets.innpro.pl\/10339\/12148\/3.jpg\"\/>\n<\/p>\n<div class=\"table-wrapper\">\n<p>\u0412\u00a0<\/p>\n<h3><\/h3>\n<table>\n<tbody>\n<tr>\n<th>Tootja<\/th>\n<td>Joyroom<\/td>\n<\/tr>\n<tr>\n<th>Mudel<\/th>\n<td>JR-ZS393-S<\/td>\n<\/tr>\n<tr>\n<th>V\u00e4rv<\/th>\n<td>Must<\/td>\n<\/tr>\n<tr>\n<th>Materjal<\/th>\n<td>ABS+PC, silikoon<\/td>\n<\/tr>\n<tr>\n<th>\u00dchilduvad seadmed<\/th>\n<td>Nutitelefonid ekraani diagonaaliga 4,7\u20137,0&#8243;<\/td>\n<\/tr>\n<\/tbody>\n<\/table>\n<\/div>\n","protected":false},"excerpt":{"rendered":"<p>Joyroomi magnetiline telefonihoidik iminappadega JR-ZS393-S (must). Kas otsite hoidikut, mis annab teile t\u00e4ieliku kasutusvabaduse ja usaldusv\u00e4\u00e4rse stabiilsuse k\u00f5ikjal? Joyroom JR-ZS393-S on ideaalne lahendus! T\u00e4nu tugevatele magnetitele, iminappadele ja kompaktsele disainile t\u00f6\u00f6tab see h\u00e4sti nii liikvel olles kui ka igap\u00e4evaste toimingute ajal, pakkudes t\u00e4ielikku vabadust telefoni k\u00e4ed-vabad re\u017eiimis salvestamiseks ja kasutamiseks. Stabiilsus, millele saate loota Joyroom [&#8230;]\n","protected":false},"featured_media":16798,"comment_status":"open","ping_status":"closed","template":"","meta":[],"product_brand":[443],"product_cat":[945],"product_tag":[],"class_list":{"0":"post-16797","1":"product","2":"type-product","3":"status-publish","4":"has-post-thumbnail","6":"product_brand-joyroom","7":"product_cat-other-gsm-accessories","9":"first","10":"outofstock","11":"taxable","12":"shipping-taxable","13":"purchasable","14":"product-type-simple"},"aioseo_notices":[],"_links":{"self":[{"href":"https:\/\/asura.lv\/et\/wp-json\/wp\/v2\/product\/16797","targetHints":{"allow":["GET"]}}],"collection":[{"href":"https:\/\/asura.lv\/et\/wp-json\/wp\/v2\/product"}],"about":[{"href":"https:\/\/asura.lv\/et\/wp-json\/wp\/v2\/types\/product"}],"replies":[{"embeddable":true,"href":"https:\/\/asura.lv\/et\/wp-json\/wp\/v2\/comments?post=16797"}],"wp:featuredmedia":[{"embeddable":true,"href":"https:\/\/asura.lv\/et\/wp-json\/wp\/v2\/media\/16798"}],"wp:attachment":[{"href":"https:\/\/asura.lv\/et\/wp-json\/wp\/v2\/media?parent=16797"}],"wp:term":[{"taxonomy":"product_brand","embeddable":true,"href":"https:\/\/asura.lv\/et\/wp-json\/wp\/v2\/product_brand?post=16797"},{"taxonomy":"product_cat","embeddable":true,"href":"https:\/\/asura.lv\/et\/wp-json\/wp\/v2\/product_cat?post=16797"},{"taxonomy":"product_tag","embeddable":true,"href":"https:\/\/asura.lv\/et\/wp-json\/wp\/v2\/product_tag?post=16797"}],"curies":[{"name":"wp","href":"https:\/\/api.w.org\/{rel}","templated":true}]}}