{"id":16869,"date":"2025-11-28T23:05:16","date_gmt":"2025-11-28T23:05:16","guid":{"rendered":"https:\/\/asura.lv\/product\/vention-kubt0-40-protective-case-for-iphone-14-pro-max-transparent\/"},"modified":"2025-12-12T15:11:33","modified_gmt":"2025-12-12T13:11:33","slug":"vention-kubt0-40-protective-case-for-iphone-14-pro-max-transparent","status":"publish","type":"product","link":"https:\/\/asura.lv\/et\/toode\/vention-kubt0-40-protective-case-for-iphone-14-pro-max-transparent\/","title":{"rendered":"Vention KUBT0-40 kaitse\u00fcmbris iPhone 14 Pro Maxile (l\u00e4bipaistev)"},"content":{"rendered":"<h3>Vention KUBT0-40 kaitse\u00fcmbris iPhone 14 Pro Maxile (l\u00e4bipaistev)<\/h3>\n<p>Ventioni \u00fcmbris on ideaalne funktsionaalsuse ja kaitse kombinatsioon, mis on loodud spetsiaalselt iPhone&#8217;i kasutajatele. Selle l\u00e4bipaistev disain tagab seadme originaaldisaini n\u00e4htavuse, kaitstes samal ajal seda kahjustuste eest. MagSafe&#8217;i toega \u00fcmbris t\u00f6\u00f6tab ideaalselt juhtmevabade laadijate, hoidikute ja magnetiliste lisatarvikutega. See on ideaalne kompromiss mugavuse ja turvalisuse vahel!<\/p>\n<p>\n<img decoding=\"async\" border=\"0\" src=\"https:\/\/assets.innpro.pl\/10555\/12403\/1.jpg\"\/>\n<\/p>\n<h3>T\u00e4ielik \u00fchilduvus MagSafe&#8217;iga<\/h3>\n<p>38 sisseehitatud v\u00f5imsa magnetiga tagab N52 \u00fcmbris stabiilse \u00fchenduse MagSafe&#8217;i lisatarvikutega. Magnetiline j\u00f5ud vahemikus 8N-9N tagab seadme kindla haarde ja hoiab \u00e4ra juhusliku lahti\u00fchendamise. See on ideaalne neile, kes kasutavad juhtmevabasid laadijaid, varupatareisid v\u00f5i magnetilisi hoidikuid.<\/p>\n<p>\n<img decoding=\"async\" border=\"0\" src=\"https:\/\/assets.innpro.pl\/10555\/12403\/4.jpg\"\/>\n<\/p>\n<h3>Kaitse k\u00f5rgeimal tasemel<\/h3>\n<p>\u00dcmbris on valmistatud pol\u00fckarbonaadi (PC) ja termoplastilise pol\u00fcuretaani (TPU) kombinatsioonist, mis pakub suurep\u00e4rast kaitset kukkumiste, kriimustuste ja igap\u00e4evase kulumise eest. Selle kolmekihiline konstruktsioon koos ekraani ja kaamera \u00fcmber olevate k\u00f5rgendatud raamidega kaitseb telefoni k\u00f5ige \u00f5rnemaid osi mehaaniliste kahjustuste eest. Nurkade t\u00e4iendavad &#8220;\u00f5hkpadjad&#8221; neelavad l\u00f6\u00f6gienergiat, minimeerides ekraani pragunemise ohtu.<\/p>\n<p>\n<img decoding=\"async\" border=\"0\" src=\"https:\/\/assets.innpro.pl\/10555\/12403\/3.jpg\"\/>\n<\/p>\n<h3>T\u00e4psed v\u00e4ljal\u00f5iked ja t\u00e4ielik funktsionaalsus<\/h3>\n<p>Ventioni \u00fcmbris on disainitud p\u00f6\u00f6rates t\u00e4helepanu v\u00e4ikseimatele detailidele. T\u00e4psed v\u00e4ljal\u00f5iked tagavad h\u00f5lpsa juurdep\u00e4\u00e4su k\u00f5igile portidele ja nuppudele, samas kui tundlikud &#8220;kl\u00f5psavad&#8221; nupud pakuvad mugavust ilma t\u00e4iendava surveta.<\/p>\n<p>\n<img decoding=\"async\" border=\"0\" src=\"https:\/\/assets.innpro.pl\/10555\/12403\/7.jpg\"\/>\n<\/p>\n<h3>Stiil ja mugavus<\/h3>\n<p>Lisaks suurep\u00e4rasele kaitsele on Ventioni \u00fcmbrisel \u00f5huke profiil, nii et telefon ei tundu liiga paks. Kergelt \u00fcmarad servad ja matt tekstuur tagavad kindla haarde, mis t\u00e4hendab igap\u00e4evast mugavust. Lisaks tagab kvaliteetse l\u00e4bipaistva materjali kasutamine, et telefon n\u00e4eb alati korralik v\u00e4lja ning \u00fcmbris ei kolletu aja jooksul.<\/p>\n<p>\n<img decoding=\"async\" border=\"0\" src=\"https:\/\/assets.innpro.pl\/10555\/12403\/6.jpg\"\/>\n<\/p>\n<div class=\"table-wrapper\">\n<p>\u0412\u00a0<\/p>\n<h3><\/h3>\n<table>\n<tbody>\n<tr>\n<th>Tootja:<\/th>\n<td>Vention<\/td>\n<\/tr>\n<tr>\n<th>Mudel:<\/th>\n<td>KUBT0-40<\/td>\n<\/tr>\n<tr>\n<th>V\u00e4rv:<\/th>\n<td>L\u00e4bipaistev<\/td>\n<\/tr>\n<tr>\n<th>Materjal:<\/th>\n<td>PC + TPU<\/td>\n<\/tr>\n<tr>\n<th>\u00dchilduvus:<\/th>\n<td>iPhone 14 Pro Max<\/td>\n<\/tr>\n<tr>\n<th>MagSafe&#8217;i tugi:<\/th>\n<td>Jah<\/td>\n<\/tr>\n<tr>\n<th>Magnetiline j\u00f5ud:<\/th>\n<td>8N-9N<\/td>\n<\/tr>\n<tr>\n<th>Magnetid:<\/th>\n<td>N52 x 38<\/td>\n<\/tr>\n<\/tbody>\n<\/table>\n<\/div>\n","protected":false},"excerpt":{"rendered":"<p>Vention KUBT0-40 kaitse\u00fcmbris iPhone 14 Pro Maxile (l\u00e4bipaistev) Ventioni \u00fcmbris on ideaalne funktsionaalsuse ja kaitse kombinatsioon, mis on loodud spetsiaalselt iPhone&#8217;i kasutajatele. Selle l\u00e4bipaistev disain tagab seadme originaaldisaini n\u00e4htavuse, kaitstes samal ajal seda kahjustuste eest. MagSafe&#8217;i toega \u00fcmbris t\u00f6\u00f6tab ideaalselt juhtmevabade laadijate, hoidikute ja magnetiliste lisatarvikutega. See on ideaalne kompromiss mugavuse ja turvalisuse vahel! T\u00e4ielik [&#8230;]\n","protected":false},"featured_media":16870,"comment_status":"open","ping_status":"closed","template":"","meta":[],"product_brand":[474],"product_cat":[1248],"product_tag":[],"class_list":{"0":"post-16869","1":"product","2":"type-product","3":"status-publish","4":"has-post-thumbnail","6":"product_brand-vention","7":"product_cat-protective-cases-for-smartphones-cases-gsm-accessories","9":"first","10":"outofstock","11":"taxable","12":"shipping-taxable","13":"purchasable","14":"product-type-simple"},"aioseo_notices":[],"_links":{"self":[{"href":"https:\/\/asura.lv\/et\/wp-json\/wp\/v2\/product\/16869","targetHints":{"allow":["GET"]}}],"collection":[{"href":"https:\/\/asura.lv\/et\/wp-json\/wp\/v2\/product"}],"about":[{"href":"https:\/\/asura.lv\/et\/wp-json\/wp\/v2\/types\/product"}],"replies":[{"embeddable":true,"href":"https:\/\/asura.lv\/et\/wp-json\/wp\/v2\/comments?post=16869"}],"wp:featuredmedia":[{"embeddable":true,"href":"https:\/\/asura.lv\/et\/wp-json\/wp\/v2\/media\/16870"}],"wp:attachment":[{"href":"https:\/\/asura.lv\/et\/wp-json\/wp\/v2\/media?parent=16869"}],"wp:term":[{"taxonomy":"product_brand","embeddable":true,"href":"https:\/\/asura.lv\/et\/wp-json\/wp\/v2\/product_brand?post=16869"},{"taxonomy":"product_cat","embeddable":true,"href":"https:\/\/asura.lv\/et\/wp-json\/wp\/v2\/product_cat?post=16869"},{"taxonomy":"product_tag","embeddable":true,"href":"https:\/\/asura.lv\/et\/wp-json\/wp\/v2\/product_tag?post=16869"}],"curies":[{"name":"wp","href":"https:\/\/api.w.org\/{rel}","templated":true}]}}