{"id":16995,"date":"2025-11-28T23:05:03","date_gmt":"2025-11-28T23:05:03","guid":{"rendered":"https:\/\/asura.lv\/product\/zeblaze-btalk-3-plus-smartwatch-purple\/"},"modified":"2025-12-12T15:11:26","modified_gmt":"2025-12-12T13:11:26","slug":"zeblaze-btalk-3-plus-smartwatch-purple","status":"publish","type":"product","link":"https:\/\/asura.lv\/et\/toode\/zeblaze-btalk-3-plus-smartwatch-purple\/","title":{"rendered":"Zeblaze Btalk 3 Plus nutikell (lilla)"},"content":{"rendered":"<h3>Zeblaze Btalk 3 Plus nutikell (roosa).<\/h3>\n<p>Zeblaze Btalk 3 Plus nutikell on elegantsi, funktsionaalsuse ja t\u00e4iustatud tehnoloogia ideaalne kombinatsioon. Mugava disaini, selge ekraani, tervise- ja spordifunktsioonide ning sihverplaadi isikup\u00e4rastamise v\u00f5imalusega on see ideaalne valik inimestele, kes soovivad oma tervise eest pidevalt hoolitseda. Valige Zeblaze Btalk 3 Plus ja nautige moodsat nutikella, mis vastab teie ootustele.<\/p>\n<p>\n<img decoding=\"async\" border=\"0\" src=\"https:\/\/assets.innpro.pl\/10068\/11788\/1.jpg\"\/>\n<\/p>\n<h3>Elegantne disain ja kasutusmugavus<\/h3>\n<p>Zeblaze Btalk 3 Plus nutikell on stiili ja funktsionaalsuse kombinatsioon, mis sobib ideaalselt neile, kes hindavad elegantsi ja mugavust. Selle kerge ja \u00f5huke disain, mis kaalub vaid 22,7 g, koos alumiiniumist navigatsiooninuppu ja pehme silikoonrihmaga tagab mugavuse isegi tundidepikkuse kandmise korral. Rihm on nahas\u00f5bralik ja kella viimistlus lisab ainulaadse h\u00f5ngu.<\/p>\n<p>\n<img decoding=\"async\" border=\"0\" src=\"https:\/\/assets.innpro.pl\/10068\/11788\/10.jpg\"\/>\n<\/p>\n<h3>Selge ekraan ja t\u00e4iustatud funktsioonid<\/h3>\n<p>Kellal on 1,39-tolline HD-ekraan 360&#215;360 eraldusv\u00f5imega, mis on kaetud 2,5D kumera klaasiga suurep\u00e4rase n\u00e4htavuse ja vastupidavuse tagamiseks. See tagab, et k\u00f5ik teavitused, spordifunktsioonid ja terviseandmed on selged ja h\u00f5lpsasti ligip\u00e4\u00e4setavad, muutes Zeblaze Btalk 3 Plusi igas olukorras asendamatuks kaaslaseks.<\/p>\n<p>\n<img decoding=\"async\" border=\"0\" src=\"https:\/\/assets.innpro.pl\/10068\/11788\/12.jpg\"\/>\n<\/p>\n<h3>H\u00e4\u00e4lassistent ja t\u00e4ielik \u00fchenduvus<\/h3>\n<p>T\u00e4nu Bluetooth-\u00fchendusele pakub nutikell h\u00e4\u00e4lassistendi funktsiooni, mis v\u00f5imaldab teil vastata sissetulevatele k\u00f5nedele, saata s\u00f5numeid, lugeda e-kirju ja teavitusi ilma nutitelefoni j\u00e4rele haaramata. See on praktiline lahendus, mis v\u00f5imaldab teil oma seadet t\u00e4ielikult kontrollida, olenemata olukorrast.<\/p>\n<p>\n<img decoding=\"async\" border=\"0\" src=\"https:\/\/assets.innpro.pl\/10068\/11788\/9.jpg\"\/>\n<\/p>\n<h3>T\u00e4iustatud tervise- ja spordifunktsioonid<\/h3>\n<p>Zeblaze Btalk 3 Plus j\u00e4lgib teie tervist \u00f6\u00f6p\u00e4evaringselt, v\u00f5imaldades teil hallata selliseid parameetreid nagu pulss, vere hapnikusisaldus (SpO2), unekvaliteet ja palju muud. Lisaks pakub nutikell enam kui 100 spordire\u017eiimi, et saaksite j\u00e4lgida oma saavutusi, seada uusi eesm\u00e4rke ja parandada oma sooritust.<\/p>\n<p>\n<img decoding=\"async\" border=\"0\" src=\"https:\/\/assets.innpro.pl\/10068\/11788\/7.jpg\"\/>\n<\/p>\n<h3>Isikup\u00e4rastamine ja intuitiivne juhtimine<\/h3>\n<p>Kohandage oma nutikella v\u00e4limust enam kui 300 stiilse numbrilaua malli abil. Isikup\u00e4rastamine v\u00f5imaldab teil seadet oma stiili ja meeleolu j\u00e4rgi kohandada ning saate kasutada oma fotosid ja seadistada need nii, et kell kuvaks neid iga kord, kui ekraani puudutate. Zeblaze Btalk 3 Plus pakub ka mitmeid praktilisi funktsioone, nagu ilmaennustus, kaamera ja nutitelefonis esitatava muusika haldamine ning \u00e4ratuskell, mis teeb sellest mitmek\u00fclgse ja kasuliku vidina.<\/p>\n<p>\n<img decoding=\"async\" border=\"0\" src=\"https:\/\/assets.innpro.pl\/10068\/11788\/2.jpg\"\/>\n<\/p>\n<h3>V\u00f5imas aku ja t\u00f6\u00f6kindlus<\/h3>\n<p>260 mAh akuga nutikell pakub \u00fche laadimisega kuni 14 p\u00e4eva t\u00f6\u00f6aega, nii et saate seda kasutada ilma sagedase laadimise p\u00e4rast muretsemata. See on ideaalne neile, kes hindavad t\u00f6\u00f6kindlust ja pikaajalist j\u00f5udlust.<\/p>\n<p>\n<img decoding=\"async\" border=\"0\" src=\"https:\/\/assets.innpro.pl\/10068\/11788\/4.jpg\"\/>\n<\/p>\n<h3>Kaasas<\/h3>\n<ul class=\"list-disc pl-5\">\n<li>Nutikell<\/li>\n<li>laadimiskaabel<\/li>\n<li>kasutusjuhend<\/li>\n<\/ul>\n<div class=\"table-wrapper\">\n<p>\u0412\u00a0<\/p>\n<h3><\/h3>\n<table>\n<tbody>\n<tr>\n<th>Tootja<\/th>\n<td>Zeblaze<\/td>\n<\/tr>\n<tr>\n<th>Mudel<\/th>\n<td>Stratos 2 Ultra<\/td>\n<\/tr>\n<tr>\n<th>V\u00e4rv<\/th>\n<td>roosa<\/td>\n<\/tr>\n<tr>\n<th>Toote nimetus<\/th>\n<td>Fitness &#038; Wellness Smart Kell<\/td>\n<\/tr>\n<tr>\n<th>Ekraan<\/th>\n<td>1,39&#8243; HD<\/td>\n<\/tr>\n<tr>\n<th>Ekraani eraldusv\u00f5ime<\/th>\n<td>360 x 360 pikslit<\/td>\n<\/tr>\n<tr>\n<th>Klaas<\/th>\n<td>2,5D kumer klaas<\/td>\n<\/tr>\n<tr>\n<th>Bluetooth<\/th>\n<td>BLE 5.2<\/td>\n<\/tr>\n<tr>\n<th>Aku mahutavus<\/th>\n<td>260 mAh<\/td>\n<\/tr>\n<tr>\n<th>T\u00f6\u00f6aeg<\/th>\n<td>Kuni 14 p\u00e4eva energias\u00e4\u00e4sture\u017eiimis, kuni 7 p\u00e4eva tavakasutuse korral, kuni 5 p\u00e4eva intensiivse kasutamise korral<\/td>\n<\/tr>\n<tr>\n<th>Laadimisaeg<\/th>\n<td>umbes 1,5 tundi<\/td>\n<\/tr>\n<tr>\n<th>Laadimismeetod<\/th>\n<td>Laadimiskaabel<\/td>\n<\/tr>\n<tr>\n<th>\u00dchilduv rakendus<\/th>\n<td>FitCloudPro<\/td>\n<\/tr>\n<tr>\n<th>\u00dchilduvad operatsioonis\u00fcsteemid<\/th>\n<td>Android 5.0 ja uuem, iOS 10.0 ja uuem<\/td>\n<\/tr>\n<tr>\n<th>Spordire\u017eiimid<\/th>\n<td>100+<\/td>\n<\/tr>\n<tr>\n<th>Kella sihverplaadi teemad<\/th>\n<td>Rakenduses on saadaval \u00fcle 300, millest 5 on s\u00fcsteemi sisse ehitatud<\/td>\n<\/tr>\n<tr>\n<th>Valmistamismaterjal<\/th>\n<td>Plast, alumiiniumsulam, silikoonrihm<\/td>\n<\/tr>\n<tr>\n<th>Rihma suurus<\/th>\n<td>22 mm lai, randme\u00fcmberm\u00f5\u00f5t 130\u2013235 mm<\/td>\n<\/tr>\n<tr>\n<th>Sihverplaadi suurus<\/th>\n<td>45,5 x 45,5 x 12,1 mm<\/td>\n<\/tr>\n<tr>\n<th>Kella kaal<\/th>\n<td>38 g rihmaga, 22,7 g ilma rihmata rihm<\/td>\n<\/tr>\n<tr>\n<th>T\u00f6\u00f6temperatuur<\/th>\n<td>-40 \u00b0C kuni 55 \u00b0C<\/td>\n<\/tr>\n<\/tbody>\n<\/table>\n<\/div>\n","protected":false},"excerpt":{"rendered":"<p>Zeblaze Btalk 3 Plus nutikell (roosa). Zeblaze Btalk 3 Plus nutikell on elegantsi, funktsionaalsuse ja t\u00e4iustatud tehnoloogia ideaalne kombinatsioon. Mugava disaini, selge ekraani, tervise- ja spordifunktsioonide ning sihverplaadi isikup\u00e4rastamise v\u00f5imalusega on see ideaalne valik inimestele, kes soovivad oma tervise eest pidevalt hoolitseda. Valige Zeblaze Btalk 3 Plus ja nautige moodsat nutikella, mis vastab teie ootustele. [&#8230;]\n","protected":false},"featured_media":16996,"comment_status":"open","ping_status":"closed","template":"","meta":[],"product_brand":[546],"product_cat":[984],"product_tag":[],"class_list":{"0":"post-16995","1":"product","2":"type-product","3":"status-publish","4":"has-post-thumbnail","6":"product_brand-zeblaze","7":"product_cat-smartwatches-smartwatches","9":"first","10":"outofstock","11":"taxable","12":"shipping-taxable","13":"purchasable","14":"product-type-simple"},"aioseo_notices":[],"_links":{"self":[{"href":"https:\/\/asura.lv\/et\/wp-json\/wp\/v2\/product\/16995","targetHints":{"allow":["GET"]}}],"collection":[{"href":"https:\/\/asura.lv\/et\/wp-json\/wp\/v2\/product"}],"about":[{"href":"https:\/\/asura.lv\/et\/wp-json\/wp\/v2\/types\/product"}],"replies":[{"embeddable":true,"href":"https:\/\/asura.lv\/et\/wp-json\/wp\/v2\/comments?post=16995"}],"wp:featuredmedia":[{"embeddable":true,"href":"https:\/\/asura.lv\/et\/wp-json\/wp\/v2\/media\/16996"}],"wp:attachment":[{"href":"https:\/\/asura.lv\/et\/wp-json\/wp\/v2\/media?parent=16995"}],"wp:term":[{"taxonomy":"product_brand","embeddable":true,"href":"https:\/\/asura.lv\/et\/wp-json\/wp\/v2\/product_brand?post=16995"},{"taxonomy":"product_cat","embeddable":true,"href":"https:\/\/asura.lv\/et\/wp-json\/wp\/v2\/product_cat?post=16995"},{"taxonomy":"product_tag","embeddable":true,"href":"https:\/\/asura.lv\/et\/wp-json\/wp\/v2\/product_tag?post=16995"}],"curies":[{"name":"wp","href":"https:\/\/api.w.org\/{rel}","templated":true}]}}