{"id":17169,"date":"2025-11-28T23:04:48","date_gmt":"2025-11-28T23:04:48","guid":{"rendered":"https:\/\/asura.lv\/product\/joyroom-magnetic-travel-holder-zs413-black\/"},"modified":"2025-12-12T15:11:12","modified_gmt":"2025-12-12T13:11:12","slug":"joyroom-magnetic-travel-holder-zs413-black","status":"publish","type":"product","link":"https:\/\/asura.lv\/et\/toode\/joyroom-magnetic-travel-holder-zs413-black\/","title":{"rendered":"Joyroomi magnetiline reisihoidik ZS413 (must)"},"content":{"rendered":"<h3>Joyroom ZS413 magnetiline reisihoidik (must)<\/h3>\n<p>Joyroom ZS413 on praktiline magnetiline reisihoidik, mis pakub teie nutitelefonile mugavat ja stabiilset kinnitust erinevates kohtades. Oma 20 tugeva N52 magneti, vastupidava disaini ja reguleeritavusega on see ideaalne valik neile, kes hindavad mugavust ja funktsionaalsust nii reisides kui ka kodus.<\/p>\n<p>\n<img decoding=\"async\" border=\"0\" src=\"https:\/\/assets.innpro.pl\/9885\/11582\/1.jpg\"\/>\n<\/p>\n<h3>Usaldusv\u00e4\u00e4rne kinnitus ja stabiilsus<\/h3>\n<p>Hoidik on varustatud 20 tugeva N52 magnetiga, mis tagavad teie nutitelefoni kindla kinnituse. Koos t\u00e4iustatud metallist kuulpeaga pakub see enneolematut stabiilsust isegi j\u00e4rskude liigutuste v\u00f5i l\u00f6\u00f6kide korral. Olenemata olukorrast j\u00e4\u00e4b teie telefon paigale!<\/p>\n<p>\n<img decoding=\"async\" border=\"0\" src=\"https:\/\/assets.innpro.pl\/9885\/11582\/4.jpg\"\/>\n<\/p>\n<h3>T\u00e4ielikult reguleeritav ja painduv<\/h3>\n<p>V\u00f5imalusega p\u00f6\u00f6rata 360\u00b0 ja kallutada 180\u00b0, v\u00f5imaldab kinnitus teil telefoni vabalt erinevate nurkade alla paigutada. Nii saad mugavalt vaadata YouTube&#8217;i videoid, s\u00fc\u00fca teha internetist leitud retseptide j\u00e4rgi, osaleda videokonverentsidel ja palju muud!<\/p>\n<p>\n<img decoding=\"async\" border=\"0\" src=\"https:\/\/assets.innpro.pl\/9885\/11582\/2.jpg\"\/>\n<\/p>\n<h3>Paigaldamise v\u00f5imalus erinevatesse kohtadesse<\/h3>\n<p>Reguleeritav kinnitusalus v\u00f5imaldab kinnitust paigaldada paljudesse erinevatesse kohtadesse, n\u00e4iteks laudadele, t\u00f6\u00f6pindadele, seljatugedele, pagasihoidjatele, k\u00f6\u00f6giriiulitele v\u00f5i isegi lennuki laudadele. See on ideaalne inimestele, kes soovivad oma nutitelefoni kasutada erinevates olukordades \u2013 toiduvalmistamisel, t\u00f6\u00f6tamisel, reisimisel v\u00f5i l\u00f5\u00f5gastumisel.<\/p>\n<p>\n<img decoding=\"async\" border=\"0\" src=\"https:\/\/assets.innpro.pl\/9885\/11582\/3.jpg\"\/>\n<\/p>\n<h3>Kompaktne disain<\/h3>\n<p>Hoidik eristub oma kokkupandava disaini poolest ja on piisavalt v\u00e4ike, et see h\u00f5lpsasti kotti v\u00f5i k\u00e4sipagasisse mahuks. Nii et saate selle h\u00f5lpsalt t\u00f6\u00f6le, \u00fclikooli v\u00f5i puhkusele kaasa v\u00f5tta!<\/p>\n<p>\n<img decoding=\"async\" border=\"0\" src=\"https:\/\/assets.innpro.pl\/9885\/11582\/5.jpg\"\/>\n<\/p>\n<div class=\"table-wrapper\">\n<p>\u0412\u00a0<\/p>\n<h3><\/h3>\n<table>\n<tbody>\n<tr>\n<th>Tootja<\/th>\n<td>Joyroom<\/td>\n<\/tr>\n<tr>\n<th>Mudel<\/th>\n<td>ZS413<\/td>\n<\/tr>\n<tr>\n<th>V\u00e4rv<\/th>\n<td>Must<\/td>\n<\/tr>\n<tr>\n<th>Materjal<\/th>\n<td>PC + ABS, tsingisulam, silikoon<\/td>\n<\/tr>\n<tr>\n<th>\u00dchilduvus<\/th>\n<td>Nutitelefonid diagonaaliga alates 4,7&#8221; kuni 7&#8221;<\/td>\n<\/tr>\n<tr>\n<th>Kaal<\/th>\n<td>Ligikaudu 140 g<\/td>\n<\/tr>\n<\/tbody>\n<\/table>\n<\/div>\n","protected":false},"excerpt":{"rendered":"<p>Joyroom ZS413 magnetiline reisihoidik (must) Joyroom ZS413 on praktiline magnetiline reisihoidik, mis pakub teie nutitelefonile mugavat ja stabiilset kinnitust erinevates kohtades. Oma 20 tugeva N52 magneti, vastupidava disaini ja reguleeritavusega on see ideaalne valik neile, kes hindavad mugavust ja funktsionaalsust nii reisides kui ka kodus. Usaldusv\u00e4\u00e4rne kinnitus ja stabiilsus Hoidik on varustatud 20 tugeva N52 [&#8230;]\n","protected":false},"featured_media":17170,"comment_status":"open","ping_status":"closed","template":"","meta":[],"product_brand":[443],"product_cat":[945],"product_tag":[],"class_list":{"0":"post-17169","1":"product","2":"type-product","3":"status-publish","4":"has-post-thumbnail","6":"product_brand-joyroom","7":"product_cat-other-gsm-accessories","9":"first","10":"outofstock","11":"taxable","12":"shipping-taxable","13":"purchasable","14":"product-type-simple"},"aioseo_notices":[],"_links":{"self":[{"href":"https:\/\/asura.lv\/et\/wp-json\/wp\/v2\/product\/17169","targetHints":{"allow":["GET"]}}],"collection":[{"href":"https:\/\/asura.lv\/et\/wp-json\/wp\/v2\/product"}],"about":[{"href":"https:\/\/asura.lv\/et\/wp-json\/wp\/v2\/types\/product"}],"replies":[{"embeddable":true,"href":"https:\/\/asura.lv\/et\/wp-json\/wp\/v2\/comments?post=17169"}],"wp:featuredmedia":[{"embeddable":true,"href":"https:\/\/asura.lv\/et\/wp-json\/wp\/v2\/media\/17170"}],"wp:attachment":[{"href":"https:\/\/asura.lv\/et\/wp-json\/wp\/v2\/media?parent=17169"}],"wp:term":[{"taxonomy":"product_brand","embeddable":true,"href":"https:\/\/asura.lv\/et\/wp-json\/wp\/v2\/product_brand?post=17169"},{"taxonomy":"product_cat","embeddable":true,"href":"https:\/\/asura.lv\/et\/wp-json\/wp\/v2\/product_cat?post=17169"},{"taxonomy":"product_tag","embeddable":true,"href":"https:\/\/asura.lv\/et\/wp-json\/wp\/v2\/product_tag?post=17169"}],"curies":[{"name":"wp","href":"https:\/\/api.w.org\/{rel}","templated":true}]}}