{"id":17319,"date":"2025-11-28T23:03:42","date_gmt":"2025-11-28T23:03:42","guid":{"rendered":"https:\/\/asura.lv\/product\/superfire-hl91-x-headlamp-flashlight-200-lm-220-m\/"},"modified":"2025-12-12T15:10:01","modified_gmt":"2025-12-12T13:10:01","slug":"superfire-hl91-x-headlamp-flashlight-200-lm-220-m","status":"publish","type":"product","link":"https:\/\/asura.lv\/et\/toode\/superfire-hl91-x-headlamp-flashlight-200-lm-220-m\/","title":{"rendered":"Superfire HL91-X pealambi taskulamp, 200 lm, 220 m"},"content":{"rendered":"<h3>Superfire HL91-X pealambi taskulamp, 200 lm, 220 m<\/h3>\n<p>Superfire HL91-X pealambi sobib ideaalselt neile, kes vajavad igas olukorras usaldusv\u00e4\u00e4rset valgusallikat. Pakkudes 200 luumenit, v\u00f5imaldab see valgustada ala kuni 220 meetri kauguselt, tagades ohutuse \u00f6istel matkadel, telkimisel v\u00f5i rasketes tingimustes t\u00f6\u00f6tamisel. See tagab \u00fche laadimisega kuni 3 tundi pidevat t\u00f6\u00f6d ning t\u00e4nu nutikale liikumisandurile saab taskulampi \u00fche liigutusega sisse ja v\u00e4lja l\u00fclitada.<\/p>\n<p>\n<img decoding=\"async\" alt=\"Superfire HL91-X pealambi l\u00e4hiv\u00f5te eredalt s\u00e4ramas.\" border=\"0\" src=\"https:\/\/assets.innpro.pl\/9385\/10953\/7.jpg\"\/>\n<\/p>\n<h3>Mitmek\u00fclgsed valgustusre\u017eiimid<\/h3>\n<p>HL91-X pakub mitmesuguseid valgustusre\u017eiime, sealhulgas tugev, keskmine, n\u00f5rk, vilkuv ja signaalvalgus. Kahe valgusallikaga &#8211; valge ja punane &#8211; saate valgustuse intensiivsust ja t\u00fc\u00fcpi vastavalt oma vajadustele h\u00f5lpsalt reguleerida. Punane tuli ja vilkuv re\u017eiim on eriti kasulikud h\u00e4daolukordades, suurendades teie n\u00e4htavust ja ohutust.<\/p>\n<p>\n<img decoding=\"async\" alt=\"Superfire HL91-X peavalgusti on n\u00e4idatud kahes stsenaariumis - maapinda punase valgusega valgustades ja suusataja peas.\" border=\"0\" src=\"https:\/\/assets.innpro.pl\/9385\/10953\/4.jpg\"\/>\n<\/p>\n<h3>Suurep\u00e4rane n\u00e4htavus<\/h3>\n<p>HL91-X pakub 200 luumenit heledust, mis on piisav kuni 220 meetri kauguste valgustamiseks, v\u00f5imaldades teil pimedas ohutult navigeerida. See v\u00f5imas valgusvihk v\u00f5imaldab teil t\u00f5husalt valgustada isegi k\u00f5ige kaugemaid alasid, mis on \u00e4\u00e4rmiselt kasulik \u00f6istel matkadel, v\u00e4ljas\u00f5itudel, telkimisel v\u00f5i \u00f5ues t\u00f6\u00f6tamisel p\u00e4rast pimedat.<\/p>\n<p>\n<img decoding=\"async\" alt=\"Mees seisab seljaga kaamera poole ja valgustab Superfire HL91-X esilaternaga metsateed.\" border=\"0\" src=\"https:\/\/assets.innpro.pl\/9385\/10953\/3.jpg\"\/>\n<\/p>\n<h3>Nutikas juhtimine<\/h3>\n<p>Taskulambil on nutikas liikumisjuhtimine, mis v\u00f5imaldab valgust sisse ja v\u00e4lja l\u00fclitada lihtsa k\u00e4eliigutusega, ilma nuppe puudutamata. See on \u00e4\u00e4rmiselt kasulik olukordades, kus teie k\u00e4ed on h\u00f5ivatud v\u00f5i kannate kindaid.<\/p>\n<p>\n<img decoding=\"async\" alt=\"K\u00e4si Superfire HL91-X peaga taskulambiga pea vastas demonstreerib liikumistuvastuse toimimist.\" border=\"0\" src=\"https:\/\/assets.innpro.pl\/9385\/10953\/5.jpg\"\/>\n<\/p>\n<h3>Lihtne laadimine, pikk valgustusaeg<\/h3>\n<p>Sisseehitatud 800 mAh 18650 aku tagab \u00fche laadimisega kuni 3 tundi pidevat kasutamist ning laadimisn\u00e4idik annab teada aku olekust, nii et teate alati, millal laadida (punane tuli p\u00f5leb laadimise ajal alati ja sinine tuli s\u00fcttib, kui laadimine on l\u00f5ppenud). HL91-X laeb USB-C pordi (Universal Serial Bus, liides elektroonikaseadmete toiteks ja laadimiseks ning andmete edastamiseks) kaudu, tagades kiire ja mugava toite t\u00e4iendamise erinevatest toiteallikatest, n\u00e4iteks s\u00fclearvutist v\u00f5i varupatareist.<\/p>\n<p>\n<img decoding=\"async\" alt=\"L\u00e4hiv\u00f5te Superfire HL91-X peataskulambist, mille k\u00fclge on \u00fchendatud USB-kaabel.\" border=\"0\" src=\"https:\/\/assets.innpro.pl\/9385\/10953\/6.jpg\"\/>\n<\/p>\n<h3>Kerge ja mugav disain<\/h3>\n<p>HL91-X taskulamp kaalub vaid 79 grammi, mist\u00f5ttu on see \u00e4\u00e4rmiselt kerge ja mugav pikemat aega kaasas kanda. Reguleeritava rihmaga, mida saab reguleerida igale peat\u00fc\u00fcbile sobivaks, pakub see stabiilsust ja mugavust isegi intensiivsete tegevuste ajal. Tugev konstruktsioon veekindla korpusega muudab taskulambi ideaalseks karmide ilmastikutingimuste, n\u00e4iteks vihma v\u00f5i tuule korral, jaoks ning induktsioonifunktsioon v\u00f5imaldab teil seda k\u00e4ed-vabad kasutada.<\/p>\n<p>\n<img decoding=\"async\" alt=\"Superfire HL91-X oran\u017ei-musta v\u00e4rvi peataskulamp, mis s\u00e4rab eredalt.\" border=\"0\" src=\"https:\/\/assets.innpro.pl\/9385\/10953\/1.jpg\"\/>\n<\/p>\n<h3>Komplektis:<\/h3>\n<ul class=\"list-disc pl-5\">\n<li>Taskulamp<\/li>\n<li>USB-C &#8211; USB-A kaabel<\/li>\n<\/ul>\n<div class=\"table-wrapper\">\n<p>\u0412\u00a0<\/p>\n<h3><\/h3>\n<table>\n<tbody>\n<tr>\n<th>Tootja<\/th>\n<td>Superfire<\/td>\n<\/tr>\n<tr>\n<th>Mudel<\/th>\n<td>HL91-X<\/td>\n<\/tr>\n<tr>\n<th>Valgustusulatus<\/th>\n<td>160 m<\/td>\n<\/tr>\n<tr>\n<th>T\u00f6\u00f6aeg<\/th>\n<td>Ligikaudu 3 tundi<\/td>\n<\/tr>\n<tr>\n<th>Laadimine aeg<\/th>\n<td>Ligikaudu 1 tund<\/td>\n<\/tr>\n<tr>\n<th>Toiteallikas<\/th>\n<td>18650 aku<\/td>\n<\/tr>\n<tr>\n<th>Veekindel<\/th>\n<td>IP43<\/td>\n<\/tr>\n<tr>\n<th>Materjal<\/th>\n<td>ABS<\/td>\n<\/tr>\n<tr>\n<th>Kaal<\/th>\n<td>71 g<\/td>\n<\/tr>\n<tr>\n<th>M\u00f5\u00f5tmed<\/th>\n<td>75 mm x 46 mm x 37 mm<\/td>\n<\/tr>\n<tr>\n<th>Ulatus 220 m<\/th>\n<td>Heledus<\/td>\n<\/tr>\n<tr>\n<th>200 lm<\/th>\n<\/tr>\n<\/tbody>\n<\/table>\n<\/div>\n","protected":false},"excerpt":{"rendered":"<p>Superfire HL91-X pealambi taskulamp, 200 lm, 220 m Superfire HL91-X pealambi sobib ideaalselt neile, kes vajavad igas olukorras usaldusv\u00e4\u00e4rset valgusallikat. Pakkudes 200 luumenit, v\u00f5imaldab see valgustada ala kuni 220 meetri kauguselt, tagades ohutuse \u00f6istel matkadel, telkimisel v\u00f5i rasketes tingimustes t\u00f6\u00f6tamisel. See tagab \u00fche laadimisega kuni 3 tundi pidevat t\u00f6\u00f6d ning t\u00e4nu nutikale liikumisandurile saab taskulampi [&#8230;]\n","protected":false},"featured_media":17320,"comment_status":"open","ping_status":"closed","template":"","meta":[],"product_brand":[195],"product_cat":[1296],"product_tag":[],"class_list":{"0":"post-17319","1":"product","2":"type-product","3":"status-publish","4":"has-post-thumbnail","6":"product_brand-superfire","7":"product_cat-head-flashlights","9":"first","10":"outofstock","11":"taxable","12":"shipping-taxable","13":"purchasable","14":"product-type-simple"},"aioseo_notices":[],"_links":{"self":[{"href":"https:\/\/asura.lv\/et\/wp-json\/wp\/v2\/product\/17319","targetHints":{"allow":["GET"]}}],"collection":[{"href":"https:\/\/asura.lv\/et\/wp-json\/wp\/v2\/product"}],"about":[{"href":"https:\/\/asura.lv\/et\/wp-json\/wp\/v2\/types\/product"}],"replies":[{"embeddable":true,"href":"https:\/\/asura.lv\/et\/wp-json\/wp\/v2\/comments?post=17319"}],"wp:featuredmedia":[{"embeddable":true,"href":"https:\/\/asura.lv\/et\/wp-json\/wp\/v2\/media\/17320"}],"wp:attachment":[{"href":"https:\/\/asura.lv\/et\/wp-json\/wp\/v2\/media?parent=17319"}],"wp:term":[{"taxonomy":"product_brand","embeddable":true,"href":"https:\/\/asura.lv\/et\/wp-json\/wp\/v2\/product_brand?post=17319"},{"taxonomy":"product_cat","embeddable":true,"href":"https:\/\/asura.lv\/et\/wp-json\/wp\/v2\/product_cat?post=17319"},{"taxonomy":"product_tag","embeddable":true,"href":"https:\/\/asura.lv\/et\/wp-json\/wp\/v2\/product_tag?post=17319"}],"curies":[{"name":"wp","href":"https:\/\/api.w.org\/{rel}","templated":true}]}}