{"id":17403,"date":"2025-11-28T23:03:35","date_gmt":"2025-11-28T23:03:35","guid":{"rendered":"https:\/\/asura.lv\/product\/colmi-p71-smartwatch-blue\/"},"modified":"2025-12-12T15:09:54","modified_gmt":"2025-12-12T13:09:54","slug":"colmi-p71-smartwatch-blue","status":"publish","type":"product","link":"https:\/\/asura.lv\/et\/toode\/colmi-p71-smartwatch-blue\/","title":{"rendered":"Colmi P71 nutikell (sinine)"},"content":{"rendered":"<h3>Colmi P71 nutikell (sinine)<\/h3>\n<p>Colmi P71 abil saate j\u00e4lgida oma tervist ja vormisolekut kogu p\u00e4eva jooksul. Nutikellal on suur 1,9-tolline ekraan, mis pakub mugavat juurdep\u00e4\u00e4su k\u00f5igile funktsioonidele. V\u00f5imas aku tagab kuni 7 p\u00e4eva kasutusaega. See pakub enam kui 100 spordire\u017eiimi ja v\u00f5imaldab teil oma tervise eest paremini hoolitseda \u2013 see j\u00e4lgib pulssi, k\u00fcllastust, und ja menstruaalts\u00fcklit. See v\u00f5imaldab teil teha telefonik\u00f5nesid ja t\u00e4nu IP68 kaitsereitingule saate seda kasutada ilma juhuslike pritsmete p\u00e4rast muretsemata.<\/p>\n<p>\n<img decoding=\"async\" border=\"0\" src=\"https:\/\/assets.innpro.pl\/9409\/10978\/4.jpg\"\/>\n<\/p>\n<h3>Suur puutetundlik ekraan<\/h3>\n<p>Colmi nutikell on varustatud suure 1,9-tollise IPS HD puutetundliku ekraaniga, mille eraldusv\u00f5ime on 240 x 284p. Selle tulemusena on pilt selge ja h\u00f5lpsasti loetav ning kasutamine on lapsem\u00e4ng. Kuid see pole veel k\u00f5ik! Saate ekraani v\u00e4limust isikup\u00e4rastada, valides enam kui &#8230; 230 saadaolevat sihverplaadi kujundust.<\/p>\n<p>\n<img decoding=\"async\" border=\"0\" src=\"https:\/\/assets.innpro.pl\/9409\/10978\/5.jpg\"\/>\n<\/p>\n<h3>Rohkem kui 100 spordire\u017eiimi<\/h3>\n<p>Kas soovite oma f\u00fc\u00fcsilise vormi eest hoolitseda? V\u00f5i soovite ehk oma lemmikspordiala sooritust parandada? Colmi nutikell on teie treeningu ajal asendamatu partner! See pakub \u00fcle 100 spordire\u017eiimi, nii et iga\u00fcks leiab endale midagi sobivat. J\u00f5utreening, jooksmine, jalgrattas\u00f5it v\u00f5i \u00e4kki karate? Valige oma lemmiktegevus v\u00f5i proovige midagi uut! Nutikell j\u00e4lgib ka p\u00f5letatud kaloreid, pulssi, l\u00e4bitud vahemaad, sammude arvu ja palju muud. Saavutage oma spordieesm\u00e4rgid Colmiga!<\/p>\n<p>\n<img decoding=\"async\" border=\"0\" src=\"https:\/\/assets.innpro.pl\/9409\/10978\/2.jpg\"\/>\n<\/p>\n<h3>Hoolitsege oma tervis<\/h3>\n<p>Colmi P71 aitab sul ka oma tervist j\u00e4lgida, et saaksid murettekitavatele s\u00fcmptomitele \u00f5igeaegselt reageerida! Nutikell j\u00e4lgib sinu pulssi 24 tundi \u00f6\u00f6p\u00e4evas, v\u00f5imaldab sul j\u00e4lgida vere hapnikuk\u00fcllastuse taset ja pakub ka une j\u00e4lgimise funktsiooni. See aitab sul paremini m\u00f5ista oma harjumusi, mis omakorda aitab parandada une kvaliteeti. Sinu k\u00e4sutuses on ka hingamisharjutused ja menstruaalkalender menstruaalts\u00fckli j\u00e4lgimiseks.<\/p>\n<p>\n<img decoding=\"async\" border=\"0\" src=\"https:\/\/assets.innpro.pl\/9409\/10978\/9.jpg\"\/>\n<\/p>\n<h3>P\u00fcsi \u00fchenduses maailmaga<\/h3>\n<p>Colmi abil ei pea sa muretsema olulise s\u00f5numi kadumise p\u00e4rast! Kui see on nutitelefoniga \u00fchendatud, teavitab P71 nutikell sind koheselt k\u00f5igist rakenduse s\u00f5numitest ja teavitustest,<a href=\"http:\/\/m.in\">muuhulgas<\/a>. Facebookist, WhatsAppist v\u00f5i Instagramist. Seade v\u00f5imaldab sul ka k\u00f5nesid hallata &#8211; k\u00f5ik t\u00e4nu sisseehitatud k\u00f5larile ja mikrofonile! Saate seda edukalt kasutada sissetulevale k\u00f5nele vastamiseks, numbri valimiseks viimasest k\u00f5nelogist v\u00f5i numbri lisamiseks oma lemmikkontaktidesse. Vaadake ise, kui lihtne see on!<\/p>\n<p>\n<img decoding=\"async\" border=\"0\" src=\"https:\/\/assets.innpro.pl\/9409\/10978\/3.jpg\"\/>\n<\/p>\n<h3>Lisafunktsioonid<\/h3>\n<p>See pole veel k\u00f5ik, mida P71 nutikell pakub! Seade pakub nutika h\u00e4\u00e4lassistendi abi, seega piisab lihtsast h\u00e4\u00e4lk\u00e4sklusest ilma kontrollimiseks v\u00f5i muusikapleieri k\u00e4ivitamiseks. Samuti on v\u00f5imalik nutitelefoni kaamerat kaugjuhtimise teel juhtida, ilmateadet vaadata, \u00e4ratusi seadistada v\u00f5i isegi m\u00e4nge m\u00e4ngida.<\/p>\n<p>\n<img decoding=\"async\" border=\"0\" src=\"https:\/\/assets.innpro.pl\/9409\/10978\/8.jpg\"\/>\n<\/p>\n<h3>Mugavusega mind<\/h3>\n<p>Nutikell sobib suurep\u00e4raselt igap\u00e4evaseks kasutamiseks. T\u00e4nu kergele disainile (39g) saate seda randmel kanda terve p\u00e4eva, muretsemata ebamugavustunde p\u00e4rast. IP68 veekindlus t\u00e4hendab, et kell on teiega peaaegu alati kaasas. See ei karda higi, vihma ega juhuslikke pritsmeid. Saate seda kartmatult kanda n\u00f5usid pestes, intensiivselt j\u00f5usaalis treenides v\u00f5i isegi vihmase ilmaga jalutades.<\/p>\n<p>\n<img decoding=\"async\" border=\"0\" src=\"https:\/\/assets.innpro.pl\/9409\/10978\/7.jpg\"\/>\n<\/p>\n<h3>Pikk t\u00f6\u00f6aeg<\/h3>\n<p>Kas l\u00e4hete m\u00e4gedesse v\u00f5i jalgrattamatkale? V\u00f5i seisab teil ees jooksutreening? Te ei pea enam muretsema, et nutikell keeldub t\u00f6\u00f6tamast, kui seda vajate! Sellel on 230 mAh kauakestev aku, mis v\u00f5imaldab \u00fche laadimisega kuni 7 p\u00e4eva t\u00f6\u00f6d. Teisest k\u00fcljest v\u00f5ib kell ootere\u017eiimis vastu pidada kuni 15 p\u00e4eva. re\u017eiim. Selle laadimine v\u00f5tab umbes 2 tundi ja komplektis olev magnetkaabel teeb selle \u00fclesande lihtsamaks.<\/p>\n<p>\n<img decoding=\"async\" border=\"0\" src=\"https:\/\/assets.innpro.pl\/9409\/10978\/6.jpg\"\/>\n<\/p>\n<h3>Kaasas<\/h3>\n<ul class=\"list-disc pl-5\">\n<li>nutikell<\/li>\n<li>magnetkaabel<\/li>\n<li>kasutusjuhend<\/li>\n<\/ul>\n<div class=\"table-wrapper\">\n<p>B\u00a0<\/p>\n<h3><\/h3>\n<table>\n<tbody>\n<tr>\n<th>Tootja<\/th>\n<td>Colmi<\/td>\n<\/tr>\n<tr>\n<th>Mudel<\/th>\n<td>P71<\/td>\n<\/tr>\n<tr>\n<th>V\u00e4rv<\/th>\n<td>Sinine<\/td>\n<\/tr>\n<tr>\n<th>Ekraan<\/th>\n<td>1,9&#8243; IPS HD<\/td>\n<\/tr>\n<tr>\n<th>Eraldusv\u00f5ime<\/th>\n<td>240 x 284p<\/td>\n<\/tr>\n<tr>\n<th>Kiip<\/th>\n<td>RTL8763EWE<\/td>\n<\/tr>\n<tr>\n<th>Bluetoothi \u200b\u200bversioon<\/th>\n<td>5.1<\/td>\n<\/tr>\n<tr>\n<th>Ulatus<\/th>\n<td>10 m<\/td>\n<\/tr>\n<tr>\n<th>Aku<\/th>\n<td>Liitiumpol\u00fcmeer<\/td>\n<\/tr>\n<tr>\n<th>Aku mahtuvus<\/th>\n<td>230 mAh<\/td>\n<\/tr>\n<tr>\n<th>T\u00f6\u00f6aeg<\/th>\n<td>kuni 7 p\u00e4eva<\/td>\n<\/tr>\n<tr>\n<th>Ooteaeg<\/th>\n<td>kuni 15 p\u00e4eva<\/td>\n<\/tr>\n<tr>\n<th>Laadimisaeg<\/th>\n<td>umbes 2 tundi<\/td>\n<\/tr>\n<tr>\n<th>Kaitseaste<\/th>\n<td>IP68<\/td>\n<\/tr>\n<tr>\n<th>Spordire\u017eiimide arv<\/th>\n<td>100+<\/td>\n<\/tr>\n<tr>\n<th>Kaal<\/th>\n<td>39 g (rihmaga)<\/td>\n<\/tr>\n<tr>\n<th>\u00dchilduvus<\/th>\n<td>Android 5.1 ja uuemad, iOS 8.0 ja \u00fclalpool<\/td>\n<\/tr>\n<tr>\n<th>M\u00f5\u00f5tmed<\/th>\n<td>45,5 x 37,9 x 11,2 mm<\/td>\n<\/tr>\n<tr>\n<th>Rihma pikkus<\/th>\n<td>22 mm<\/td>\n<\/tr>\n<tr>\n<th>Materjal<\/th>\n<td>ABS + PC<\/td>\n<\/tr>\n<tr>\n<th>Rihma materjal<\/th>\n<td>Silikoon<\/td>\n<\/tr>\n<tr>\n<th>Rakendus<\/th>\n<td>Pubu Wear<\/td>\n<\/tr>\n<tr>\n<th>Toetatud keeled<\/th>\n<td>Nutikell: lihtsustatud hiina, inglise, saksa, jaapani, hispaania, itaalia, prantsuse, kreeka, hollandi, portugali, vene, t\u00fcrgi, korea, poola, rumeenia, tai, vietnami, indoneesia, malai, ukraina, rakendus: taani, ukraina, vene, bulgaaria, horvaadi, ungari, bulgaaria, norra, hindi, indoneesia, t\u00fcrgi, heebrea, kreeka, saksa, itaalia, l\u00e4ti, t\u0161ehhi, slovaki, jaapani, prantsuse, poola, tai, rootsi, lihtsustatud hiina, traditsiooniline hiina, rumeenia, soome, inglise, hollandi, portugali, hispaania, vietnami, araabia, korea, malai<\/td>\n<\/tr>\n<\/tbody>\n<\/table>\n<\/div>\n","protected":false},"excerpt":{"rendered":"<p>Colmi P71 nutikell (sinine) Colmi P71 abil saate j\u00e4lgida oma tervist ja vormisolekut kogu p\u00e4eva jooksul. Nutikellal on suur 1,9-tolline ekraan, mis pakub mugavat juurdep\u00e4\u00e4su k\u00f5igile funktsioonidele. V\u00f5imas aku tagab kuni 7 p\u00e4eva kasutusaega. See pakub enam kui 100 spordire\u017eiimi ja v\u00f5imaldab teil oma tervise eest paremini hoolitseda \u2013 see j\u00e4lgib pulssi, k\u00fcllastust, und ja [&#8230;]\n","protected":false},"featured_media":17404,"comment_status":"open","ping_status":"closed","template":"","meta":[],"product_brand":[471],"product_cat":[984],"product_tag":[],"class_list":{"0":"post-17403","1":"product","2":"type-product","3":"status-publish","4":"has-post-thumbnail","6":"product_brand-colmi","7":"product_cat-smartwatches-smartwatches","9":"first","10":"outofstock","11":"taxable","12":"shipping-taxable","13":"purchasable","14":"product-type-simple"},"aioseo_notices":[],"_links":{"self":[{"href":"https:\/\/asura.lv\/et\/wp-json\/wp\/v2\/product\/17403","targetHints":{"allow":["GET"]}}],"collection":[{"href":"https:\/\/asura.lv\/et\/wp-json\/wp\/v2\/product"}],"about":[{"href":"https:\/\/asura.lv\/et\/wp-json\/wp\/v2\/types\/product"}],"replies":[{"embeddable":true,"href":"https:\/\/asura.lv\/et\/wp-json\/wp\/v2\/comments?post=17403"}],"wp:featuredmedia":[{"embeddable":true,"href":"https:\/\/asura.lv\/et\/wp-json\/wp\/v2\/media\/17404"}],"wp:attachment":[{"href":"https:\/\/asura.lv\/et\/wp-json\/wp\/v2\/media?parent=17403"}],"wp:term":[{"taxonomy":"product_brand","embeddable":true,"href":"https:\/\/asura.lv\/et\/wp-json\/wp\/v2\/product_brand?post=17403"},{"taxonomy":"product_cat","embeddable":true,"href":"https:\/\/asura.lv\/et\/wp-json\/wp\/v2\/product_cat?post=17403"},{"taxonomy":"product_tag","embeddable":true,"href":"https:\/\/asura.lv\/et\/wp-json\/wp\/v2\/product_tag?post=17403"}],"curies":[{"name":"wp","href":"https:\/\/api.w.org\/{rel}","templated":true}]}}