{"id":17517,"date":"2025-11-28T23:03:25","date_gmt":"2025-11-28T23:03:25","guid":{"rendered":"https:\/\/asura.lv\/product\/blitzwolf-bw-at5-smartwatch-black\/"},"modified":"2025-12-12T15:09:45","modified_gmt":"2025-12-12T13:09:45","slug":"blitzwolf-bw-at5-smartwatch-black","status":"publish","type":"product","link":"https:\/\/asura.lv\/et\/toode\/blitzwolf-bw-at5-smartwatch-black\/","title":{"rendered":"BlitzWolf BW-AT5 nutikell (must)"},"content":{"rendered":"<h3>BlitzWolf BW-AT5 (must) nutikell.<\/h3>\n<p>BlitzWolf BW-AT5 nutikell on suurep\u00e4rane valik inimestele, kes elavad aktiivset eluviisi ja hindavad funktsionaalsust koos elegantse disainiga. Ereda AMOLED-ekraaniga pakub see selget pilti ja rikkalikke v\u00e4rve, samas kui turvafunktsioonid ja kindel t\u00f6\u00f6tlus muudavad selle ideaalseks kaaslaseks nii igap\u00e4evaseks kasutamiseks kui ka intensiivseteks treeninguteks. J\u00e4lgige oma tervist, kasutage olulisi funktsioone ja nautige elegantset disaini BlitzWolfi nutikellaga.<\/p>\n<p>\n<img decoding=\"async\" border=\"0\" src=\"https:\/\/assets.innpro.pl\/9967\/11668\/1.jpg\"\/>\n<\/p>\n<h3>Multifunktsionaalsed juhtnupud ja s\u00e4rav ekraan<\/h3>\n<p>Nutikellal on 5 sisseehitatud nuppu, mis muudavad erinevate funktsioonide, n\u00e4iteks kella sisse- ja v\u00e4ljal\u00fclitamise, seierite seadistamise, spordire\u017eiimide aktiveerimise v\u00f5i sisseehitatud kompassi kasutamise lihtsaks. Reaalajas k\u00f5rguse ja \u00f5hur\u00f5hu m\u00f5\u00f5tmise funktsiooniga sobib kell ideaalselt m\u00e4gedes matkamiseks v\u00f5i muudeks v\u00e4litegevusteks. Lisaks on sellel 1,43-tolline AMOLED-ekraan resolutsiooniga 466 x 466, mis avaldab muljet oma kvaliteedi ja loomulike v\u00e4rvidega.<\/p>\n<p>\n<img decoding=\"async\" border=\"0\" src=\"https:\/\/assets.innpro.pl\/9967\/11668\/3.jpg\"\/>\n<\/p>\n<h3>Murevaba suhtlus ja teavitused<\/h3>\n<p>Bluetooth-k\u00f5nede ja sisseehitatud veekindla k\u00f5lariga v\u00f5imaldab BlitzWolf BW-AT5 teil helistada ilma telefoni taskust v\u00e4lja v\u00f5tmata, ilma et peaksite igasugustes tingimustes. Kell teavitab teid ka telefonik\u00f5nedest ja SMS-s\u00f5numitest, nii et te ei j\u00e4\u00e4 ilma \u00fchestki olulisest teabest.<\/p>\n<p>\n<img decoding=\"async\" border=\"0\" src=\"https:\/\/assets.innpro.pl\/9967\/11668\/5.jpg\"\/>\n<\/p>\n<h3>Tervise j\u00e4lgimine ja spordire\u017eiimid<\/h3>\n<p>Hoolitse enda eest J\u00e4lgige oma tervist sisseehitatud pulsisageduse, verer\u00f5hu ja unekvaliteedi j\u00e4lgimise funktsioonide abil. Nutikell pakub enam kui 100 spordire\u017eiimi, nii et saate seadet h\u00f5lpsalt oma elustiili ja treeninguga sobitada. See on ideaalne kaaslane nii j\u00f5usaalis kui ka igap\u00e4evaste tegevuste ajal. Rohkem v\u00f5imalusi pakub spetsiaalne Da Fit rakendus, mille abil saate mugavalt erinevaid funktsioone hallata.<\/p>\n<p>\n<img decoding=\"async\" border=\"0\" src=\"https:\/\/assets.innpro.pl\/9967\/11668\/4.jpg\"\/>\n<\/p>\n<h3>Pikaajaline j\u00f5udlus ja kiire laadimine<\/h3>\n<p>BlitzWolf BW-AT5 kell on varustatud 400 mAh geelpol\u00fcmeerakuga, mis tagab puhkeolekus kuni 30 p\u00e4eva ja intensiivse kasutamise korral kuni 7 p\u00e4eva t\u00f6\u00f6aega. Magnetiline laadimine muudab aku t\u00e4iendamise kiireks ja mugavaks &#8211; t\u00e4ielik laadimine v\u00f5tab aega vaid 2 tundi.<\/p>\n<p>\n<img decoding=\"async\" border=\"0\" src=\"https:\/\/assets.innpro.pl\/9967\/11668\/2.jpg\"\/>\n<\/p>\n<h3>Veekindlus ja vastupidav disain<\/h3>\n<p>Nutikellal on IP67 veekindluse reiting, mis muudab selle vihma- ja pritsmekindlaks, seega sobib see h\u00e4sti igasse olukorda. Tsingist ja plastist sulamist korpus tagab vastupidavuse, samas kui vedel silikoonrihm tagab mugavuse isegi tundidepikkuse kandmise korral.<\/p>\n<p>\n<img decoding=\"async\" border=\"0\" src=\"https:\/\/assets.innpro.pl\/9967\/11668\/9.jpg\"\/>\n<\/p>\n<h3>\u00dchilduvus ja uusim tehnoloogia<\/h3>\n<p>BlitzWolf BW-AT5 nutikell toetab Android 6.0 (ja uuemaid) ja iOS 10.0 (ja uuemaid) ning kasutab Bluetooth 5.3, mis tagab stabiilse \u00fchenduse ja kiire andmeedastuse. Valige BlitzWolf BW-AT5 ja nautige k\u00f5iki funktsioone, mida pakub moodne nutikell, mis on disainitud&#8230; Aktiivsetele ja n\u00f5udlikele kasutajatele.<\/p>\n<p>\n<img decoding=\"async\" border=\"0\" src=\"https:\/\/assets.innpro.pl\/9967\/11668\/7.jpg\"\/>\n<\/p>\n<h3>Kaasas<\/h3>\n<ul class=\"list-disc pl-5\">\n<li>nutikell<\/li>\n<li>Laadimiskaabel<\/li>\n<li>Kasutusjuhend<\/li>\n<\/ul>\n<div class=\"table-wrapper\">\n<p>\u0412\u00a0<\/p>\n<h3><\/h3>\n<table>\n<tbody>\n<tr>\n<th>Tootja<\/th>\n<td>BlitzWolf<\/td>\n<\/tr>\n<tr>\n<th>Mudel<\/th>\n<td>BW-AT5<\/td>\n<\/tr>\n<tr>\n<th>V\u00e4rv<\/th>\n<td>must<\/td>\n<\/tr>\n<tr>\n<th>Bluetoothi \u200b\u200bversioon<\/th>\n<td>Bluetooth 5.3<\/td>\n<\/tr>\n<tr>\n<th>\u00dchilduvad operatsioonis\u00fcsteemid<\/th>\n<td>Android 6.0 ja uuem, iOS 10.0 ja uuem<\/td>\n<\/tr>\n<tr>\n<th>T\u00f6\u00f6re\u017eiim<\/th>\n<td>T\u00e4ispuuteekraan + 5 nuppu<\/td>\n<\/tr>\n<tr>\n<th>Protsessor<\/th>\n<td>JL7013A6<\/td>\n<\/tr>\n<tr>\n<th>S\u00fcdame l\u00f6\u00f6gisageduse m\u00f5\u00f5tmise klamber<\/th>\n<td>HX3605<\/td>\n<\/tr>\n<tr>\n<th>M\u00e4lu<\/th>\n<td>RAM 578KB+256Mb<\/td>\n<\/tr>\n<tr>\n<th>Veekindel<\/th>\n<td>IP67<\/td>\n<\/tr>\n<tr>\n<th>Andur<\/th>\n<td>MiramemsDA267-LGA12<\/td>\n<\/tr>\n<tr>\n<th>Ekraan Suurus<\/th>\n<td>1,43&#8243;<\/td>\n<\/tr>\n<tr>\n<th>Ekraani t\u00fc\u00fcp<\/th>\n<td>AMOLED puutetundlik<\/td>\n<\/tr>\n<tr>\n<th>Ekraani eraldusv\u00f5ime<\/th>\n<td>466 x 466 pikslit<\/td>\n<\/tr>\n<tr>\n<th>Aku mahtuvus<\/th>\n<td>400 mAh<\/td>\n<\/tr>\n<tr>\n<th>Aku t\u00f6\u00f6iga<\/th>\n<td>umbes 30 p\u00e4eva ootere\u017eiimis, kuni 7 p\u00e4eva igap\u00e4evasel kasutamisel<\/td>\n<\/tr>\n<tr>\n<th>Laadimisaeg<\/th>\n<td>2 tundi<\/td>\n<\/tr>\n<tr>\n<th>Laadimise t\u00fc\u00fcp<\/th>\n<td>Magnetiline laadimine<\/td>\n<\/tr>\n<tr>\n<th>Korpuse materjal<\/th>\n<td>tsingisulam, plastik<\/td>\n<\/tr>\n<tr>\n<th>Rihma materjal<\/th>\n<td>modifitseeritud vedel silikoon<\/td>\n<\/tr>\n<tr>\n<th>Sihverplaadi suurus<\/th>\n<td>Ligikaudu 51,5 x 45,8 x 13,5 mm<\/td>\n<\/tr>\n<tr>\n<th>Rihma pikkus<\/th>\n<td>270 mm<\/td>\n<\/tr>\n<tr>\n<th>Rihma l\u00e4bilaskev\u00f5ime<\/th>\n<td>22 mm<\/td>\n<\/tr>\n<tr>\n<th>\u00dchilduv rakendus<\/th>\n<td>Da Fit<\/td>\n<\/tr>\n<\/tbody>\n<\/table>\n<\/div>\n","protected":false},"excerpt":{"rendered":"<p>BlitzWolf BW-AT5 (must) nutikell. BlitzWolf BW-AT5 nutikell on suurep\u00e4rane valik inimestele, kes elavad aktiivset eluviisi ja hindavad funktsionaalsust koos elegantse disainiga. Ereda AMOLED-ekraaniga pakub see selget pilti ja rikkalikke v\u00e4rve, samas kui turvafunktsioonid ja kindel t\u00f6\u00f6tlus muudavad selle ideaalseks kaaslaseks nii igap\u00e4evaseks kasutamiseks kui ka intensiivseteks treeninguteks. J\u00e4lgige oma tervist, kasutage olulisi funktsioone ja nautige [&#8230;]\n","protected":false},"featured_media":17518,"comment_status":"open","ping_status":"closed","template":"","meta":[],"product_brand":[224],"product_cat":[984],"product_tag":[],"class_list":{"0":"post-17517","1":"product","2":"type-product","3":"status-publish","4":"has-post-thumbnail","6":"product_brand-blitzwolf","7":"product_cat-smartwatches-smartwatches","9":"first","10":"outofstock","11":"taxable","12":"shipping-taxable","13":"purchasable","14":"product-type-simple"},"aioseo_notices":[],"_links":{"self":[{"href":"https:\/\/asura.lv\/et\/wp-json\/wp\/v2\/product\/17517","targetHints":{"allow":["GET"]}}],"collection":[{"href":"https:\/\/asura.lv\/et\/wp-json\/wp\/v2\/product"}],"about":[{"href":"https:\/\/asura.lv\/et\/wp-json\/wp\/v2\/types\/product"}],"replies":[{"embeddable":true,"href":"https:\/\/asura.lv\/et\/wp-json\/wp\/v2\/comments?post=17517"}],"wp:featuredmedia":[{"embeddable":true,"href":"https:\/\/asura.lv\/et\/wp-json\/wp\/v2\/media\/17518"}],"wp:attachment":[{"href":"https:\/\/asura.lv\/et\/wp-json\/wp\/v2\/media?parent=17517"}],"wp:term":[{"taxonomy":"product_brand","embeddable":true,"href":"https:\/\/asura.lv\/et\/wp-json\/wp\/v2\/product_brand?post=17517"},{"taxonomy":"product_cat","embeddable":true,"href":"https:\/\/asura.lv\/et\/wp-json\/wp\/v2\/product_cat?post=17517"},{"taxonomy":"product_tag","embeddable":true,"href":"https:\/\/asura.lv\/et\/wp-json\/wp\/v2\/product_tag?post=17517"}],"curies":[{"name":"wp","href":"https:\/\/api.w.org\/{rel}","templated":true}]}}