{"id":17523,"date":"2025-11-28T23:03:25","date_gmt":"2025-11-28T23:03:25","guid":{"rendered":"https:\/\/asura.lv\/product\/vention-fjah0-eu-usbcahdmi-gan-mains-charger-60w-5w-4k60hz-grey\/"},"modified":"2025-12-12T15:09:45","modified_gmt":"2025-12-12T13:09:45","slug":"vention-fjah0-eu-usbcahdmi-gan-mains-charger-60w-5w-4k60hz-grey","status":"publish","type":"product","link":"https:\/\/asura.lv\/et\/toode\/vention-fjah0-eu-usbcahdmi-gan-mains-charger-60w-5w-4k60hz-grey\/","title":{"rendered":"Vention FJAH0-EU USB(C+A)+HDMI GaN vooluv\u00f5rgust laadija (60W\/5W\/4K@60Hz) (hall)"},"content":{"rendered":"<h3>Vention FJAH0-EU USB(C+A)+HDMI GaN vooluv\u00f5rgust laadija (60W\/5W\/4K@60Hz) (hall).<\/h3>\n<p>Vention FJAH0-EU vooluv\u00f5rgust laadija on ideaalne kombinatsioon kaasaegsest tehnoloogiast, mitmek\u00fclgsusest ja ohutusest. Selle kompaktne disain, t\u00e4iustatud laadimisfunktsioonid ja lai \u00fchilduvus muudavad selle asendamatuks tarvikuks nii kodus kui ka liikvel olles. GaN-tehnoloogia, kiire andmeedastuse ja kolme seadme samaaegse laadimise v\u00f5imalusega suurendab Vention FEDB0-EU laadija teie igap\u00e4evase t\u00f6\u00f6 ja meelelahutuse mugavust ja t\u00f5husust. Vali Vention FJAH0-EU ja naudi oma seadmetele usaldusv\u00e4\u00e4rset, kiiret ja turvalist toidet k\u00f5ikjal ja igal ajal!<\/p>\n<p>\n<img decoding=\"async\" border=\"0\" src=\"https:\/\/assets.innpro.pl\/10425\/12243\/1.jpg\"\/>\n<\/p>\n<h3>Universaalne \u00fchilduvus<\/h3>\n<p>Tutvu Vention FJAH0-EU vooluv\u00f5rgust laadijaga, mis \u00fchendab endas funktsionaalsuse, j\u00f5udluse ja elegantsi. Laialdase \u00fchilduvusega erinevate operatsioonis\u00fcsteemidega, sealhulgas Windows, Linux, macOS, iOS, Android ja teised, sobib see laadija ideaalselt nii professionaalidele kui ka tehnikahuvilistele. Olenemata teie seadmest pakub Vention FJAH0-EU usaldusv\u00e4\u00e4rset ja kiiret toidet.<\/p>\n<p>\n<img decoding=\"async\" border=\"0\" src=\"https:\/\/assets.innpro.pl\/10425\/12243\/7.jpg\"\/>\n<\/p>\n<h3>\u00dchenda ja m\u00e4ngi \u2013 lihtne paigaldus<\/h3>\n<p>Unustage keerulised paigaldused ja konfiguratsioonid. Vention FJAH0-EU laadija pakub pistik\u00fchendusega paigaldust\u00fc\u00fcpi, mis t\u00e4hendab, et see on kohe p\u00e4rast \u00fchendamist kasutusvalmis. Komplektis on isas-isas kaabel, mis v\u00f5imaldab seadmetega kiiret ja lihtsat \u00fchendamist ilma t\u00e4iendavate draiverite installimiseta.<\/p>\n<p>\n<img decoding=\"async\" border=\"0\" src=\"https:\/\/assets.innpro.pl\/10425\/12243\/4.jpg\"\/>\n<\/p>\n<h3>\u00dclikiire PD 60W laadimine<\/h3>\n<p>60W Power Delivery (PD) tehnoloogia toega pakub Vention FJAH0-EU laadija teie seadmetele v\u00e4lkkiiret laadimist. Olenemata sellest, kas teil on vaja kiiresti oma nutitelefoni, tahvelarvutit v\u00f5i s\u00fclearvutit laadida, annab see laadija teile vajaliku v\u00f5imsuse, et saaksite l\u00fchikese aja jooksul t\u00f5husalt ja ohutult laadida.<\/p>\n<p>\n<img decoding=\"async\" border=\"0\" src=\"https:\/\/assets.innpro.pl\/10425\/12243\/6.jpg\"\/>\n<\/p>\n<h3>Kompaktne ja kaasaskantav \u2013 ideaalne reisimiseks<\/h3>\n<p>Mobiilsust silmas pidades loodud Vention FJAH0-EU laadija on \u00e4\u00e4rmiselt kompaktne ja kerge. Saate seda h\u00f5lpsalt kotti, seljakotti v\u00f5i isegi taskusse panna, muutes selle ideaalseks reisikaaslaseks. Olenemata sellest, kus te asute, on teil alati juurdep\u00e4\u00e4s kiirele ja usaldusv\u00e4\u00e4rsele toiteallikale.<\/p>\n<p>\n<img decoding=\"async\" border=\"0\" src=\"https:\/\/assets.innpro.pl\/10425\/12243\/9.jpg\"\/>\n<\/p>\n<h3>GaN-tehnoloogia \u2013 kaasaegne ja t\u00f5hus<\/h3>\n<p>T\u00e4iustatud GaN (galliumnitriid) tehnoloogiat kasutav Vention FJAH0-EU laadija pakub suurep\u00e4rast j\u00f5udlust v\u00e4iksema suurusega. GaN-tehnoloogia v\u00f5imaldab kiiremat ja t\u00f5husamat laadimist, v\u00e4hendades samal ajal seadme suurust ja kaalu v\u00f5rreldes traditsiooniliste r\u00e4nip\u00f5histe laadijatega.<\/p>\n<p>\n<img decoding=\"async\" border=\"0\" src=\"https:\/\/assets.innpro.pl\/10425\/12243\/3.jpg\"\/>\n<\/p>\n<h3>Kiire andmeedastus USB 2.0 abil<\/h3>\n<p>Vention FJAH0-EU laadijal on USB 2.0 liides, mis v\u00f5imaldab kiiret ja mugavat failiedastust kiirusega kuni 480 Mbps. See laadija, mis \u00fchildub hiirte, klaviatuuride, m\u00e4lupulkade, k\u00f5vaketaste, printerite ja muude v\u00e4lisseadmetega, v\u00f5imaldab mitte ainult kiiret laadimist, vaid ka t\u00f5husat andmehaldust.<\/p>\n<p>\n<img decoding=\"async\" border=\"0\" src=\"https:\/\/assets.innpro.pl\/10425\/12243\/5.jpg\"\/>\n<\/p>\n<h3>4K eraldusv\u00f5ime sagedusel 60 Hz \u2013 maksimaalne t\u00f6\u00f6 efektiivsus<\/h3>\n<p>T\u00e4nu HDMI-pordile v\u00f5imaldab Vention FJAH0-EU laadija \u00fchendada v\u00e4lise kuvari ja saavutada kuni 4K eraldusv\u00f5ime sagedusel 60 Hz. See on h\u00e4davajalik lahendus professionaalidele, kes peavad oma ekraani suurendama ja tootlikkust maksimeerima. Olenemata sellest, kas t\u00f6\u00f6tate graafilise disaini projektide, programmeerimise v\u00f5i otse\u00fclekande kallal, vastab see laadija teie ootustele.<\/p>\n<p>\n<img decoding=\"async\" border=\"0\" src=\"https:\/\/assets.innpro.pl\/10425\/12243\/2.jpg\"\/>\n<\/p>\n<h3>Nutikas energiahaldus \u2013 ohutus ja t\u00f5husus<\/h3>\n<p>Vention FJAH0-EU laadija on varustatud t\u00e4iustatud ohutusfunktsioonidega, mis kaitsevad teie seadmeid \u00fclekuumenemise, \u00fclepinge, pingeh\u00fcpete, l\u00fchiste ja \u00fclekoormuse eest. Nutikas sisemine kiip tuvastab automaatselt erinevad seadmemudelid ja reguleerib v\u00e4ljundv\u00f5imsust, tagades optimaalse ja ohutu laadimise. Seega v\u00f5ite olla kindel, et teie seadmed on iga laadimists\u00fckli ajal kaitstud.<\/p>\n<p>\n<img decoding=\"async\" border=\"0\" src=\"https:\/\/assets.innpro.pl\/10425\/12243\/8.jpg\"\/>\n<\/p>\n<h3>Kaasas<\/h3>\n<ul class=\"list-disc pl-5\">\n<li>laadija<\/li>\n<li>USB-C kaabel<\/li>\n<li>kasutusjuhend<\/li>\n<\/ul>\n<div class=\"table-wrapper\">\n<p>\u0412\u00a0<\/p>\n<h3><\/h3>\n<table>\n<tbody>\n<tr>\n<th>Tootja<\/th>\n<td>Vention<\/td>\n<\/tr>\n<tr>\n<th>Mudel<\/th>\n<td>FJAH0-EU<\/td>\n<\/tr>\n<tr>\n<th>T\u00e4isnimi<\/th>\n<td>GaN-l\u00fcliti Dokkimisjaam<\/td>\n<\/tr>\n<tr>\n<th>V\u00e4rv<\/th>\n<td>hall<\/td>\n<\/tr>\n<tr>\n<th>M\u00f5\u00f5tmed<\/th>\n<td>59,7 x 47,2 x 30,6 mm<\/td>\n<\/tr>\n<tr>\n<th>Sisend<\/th>\n<td>100\u2013240 V ~ 50\/60 Hz 1500 mA<\/td>\n<\/tr>\n<tr>\n<th>USB-C v\u00e4ljundv\u00f5imsus<\/th>\n<td>5 V \u2013 3 A, 9 V \u2013 3 A, 12 V \u2013 3 A, 15 V \u2013 2,6 A, 20 V \u2013 3 A<\/td>\n<\/tr>\n<tr>\n<th>USB-A v\u00e4ljundv\u00f5imsus<\/th>\n<td>5 V \u2013 1 A<\/td>\n<\/tr>\n<tr>\n<th>Laadimisv\u00f5imsus<\/th>\n<td>65 W PD<\/td>\n<\/tr>\n<tr>\n<th>Resolutsioon<\/th>\n<td>4K@60Hz<\/td>\n<\/tr>\n<tr>\n<th>Ehitusmaterjal<\/th>\n<td>Arvuti<\/td>\n<\/tr>\n<tr>\n<th>\u00dchilduvad operatsioonis\u00fcsteemid<\/th>\n<td>Windows, Linux, macOS, iOS, Android<\/td>\n<\/tr>\n<tr>\n<th>Andmeedastuskiirus<\/th>\n<td>480 Mbps<\/td>\n<\/tr>\n<\/tbody>\n<\/table>\n<\/div>\n","protected":false},"excerpt":{"rendered":"<p>Vention FJAH0-EU USB(C+A)+HDMI GaN vooluv\u00f5rgust laadija (60W\/5W\/4K@60Hz) (hall). Vention FJAH0-EU vooluv\u00f5rgust laadija on ideaalne kombinatsioon kaasaegsest tehnoloogiast, mitmek\u00fclgsusest ja ohutusest. Selle kompaktne disain, t\u00e4iustatud laadimisfunktsioonid ja lai \u00fchilduvus muudavad selle asendamatuks tarvikuks nii kodus kui ka liikvel olles. GaN-tehnoloogia, kiire andmeedastuse ja kolme seadme samaaegse laadimise v\u00f5imalusega suurendab Vention FEDB0-EU laadija teie igap\u00e4evase t\u00f6\u00f6 ja [&#8230;]\n","protected":false},"featured_media":17524,"comment_status":"open","ping_status":"closed","template":"","meta":[],"product_brand":[474],"product_cat":[1098],"product_tag":[],"class_list":{"0":"post-17523","1":"product","2":"type-product","3":"status-publish","4":"has-post-thumbnail","6":"product_brand-vention","7":"product_cat-mains-chargers-chargers-gsm-accessories","9":"first","10":"outofstock","11":"taxable","12":"shipping-taxable","13":"purchasable","14":"product-type-simple"},"aioseo_notices":[],"_links":{"self":[{"href":"https:\/\/asura.lv\/et\/wp-json\/wp\/v2\/product\/17523","targetHints":{"allow":["GET"]}}],"collection":[{"href":"https:\/\/asura.lv\/et\/wp-json\/wp\/v2\/product"}],"about":[{"href":"https:\/\/asura.lv\/et\/wp-json\/wp\/v2\/types\/product"}],"replies":[{"embeddable":true,"href":"https:\/\/asura.lv\/et\/wp-json\/wp\/v2\/comments?post=17523"}],"wp:featuredmedia":[{"embeddable":true,"href":"https:\/\/asura.lv\/et\/wp-json\/wp\/v2\/media\/17524"}],"wp:attachment":[{"href":"https:\/\/asura.lv\/et\/wp-json\/wp\/v2\/media?parent=17523"}],"wp:term":[{"taxonomy":"product_brand","embeddable":true,"href":"https:\/\/asura.lv\/et\/wp-json\/wp\/v2\/product_brand?post=17523"},{"taxonomy":"product_cat","embeddable":true,"href":"https:\/\/asura.lv\/et\/wp-json\/wp\/v2\/product_cat?post=17523"},{"taxonomy":"product_tag","embeddable":true,"href":"https:\/\/asura.lv\/et\/wp-json\/wp\/v2\/product_tag?post=17523"}],"curies":[{"name":"wp","href":"https:\/\/api.w.org\/{rel}","templated":true}]}}