{"id":17541,"date":"2025-11-28T23:03:23","date_gmt":"2025-11-28T23:03:23","guid":{"rendered":"https:\/\/asura.lv\/product\/telesin-magnetic-mount-set-for-sports-cameras\/"},"modified":"2025-12-12T15:09:43","modified_gmt":"2025-12-12T13:09:43","slug":"telesin-magnetic-mount-set-for-sports-cameras","status":"publish","type":"product","link":"https:\/\/asura.lv\/et\/toode\/telesin-magnetic-mount-set-for-sports-cameras\/","title":{"rendered":"TELESIN magnetkinnituste komplekt spordikaameratele"},"content":{"rendered":"<h3>TELESIN magnetkinnituste komplekt spordikaameratele<\/h3>\n<p>TELESINi magnetkinnituste komplekt on uuenduslik lahendus fotograafia- ja videosalvestushuvilistele. T\u00e4nu oma mitmek\u00fclgsusele ja kasutusmugavusele sobivad need kinnitused ideaalselt neile, kes soovivad j\u00e4\u00e4dvustada erakordseid kaadreid erinevatest vaatenurkadest, nii vertikaalselt kui ka horisontaalselt. See komplekt v\u00f5imaldab teil kiiresti kaadreid vahetada ja sujuvalt \u00fchelt salvestusre\u017eiimilt teisele \u00fcle minna, muutes selle suurep\u00e4raseks valikuks aktiivsetele inimestele ja sisuloojatele.<\/p>\n<p>\n<img decoding=\"async\" alt=\"\" border=\"0\" src=\"https:\/\/assets.innpro.pl\/9312\/10872\/3.jpg\"\/>\n<\/p>\n<h3>Mitme perspektiiviga salvestus<\/h3>\n<p>TELESINi komplekti \u00fcks peamisi eeliseid on v\u00f5imalus salvestada mitmest vaatenurgast. 180\u00b0 p\u00f6\u00f6rlemisfunktsiooniga saavad kasutajad h\u00f5lpsalt salvestusnurka reguleerida d\u00fcnaamilisema ja huvitavama kaadri saamiseks. Kiirkinnitus v\u00f5imaldab kasutajatel kaamerat koheselt \u00fcmber paigutada, mis on hindamatu v\u00e4\u00e4rtusega liikvel olles v\u00f5i erinevates v\u00e4litingimustes salvestamisel.<\/p>\n<p>\n<img decoding=\"async\" alt=\"\" border=\"0\" src=\"https:\/\/assets.innpro.pl\/9312\/10872\/5.jpg\"\/>\n<\/p>\n<h3>Magnetiline praktilisus ja stabiilsus<\/h3>\n<p>Magnetiline kaelakinnitus on uuenduslik lahendus, mis v\u00f5imaldab teil vabalt salvestada vaatepunktist (POV). Tugev magnetiline kinnitus suudab kaamerat paigal hoida isegi intensiivsete liigutuste ajal, tagades seadme stabiilsuse ja ohutuse. N\u00e4htamatu magnetplaat v\u00f5imaldab mugavat ja diskreetset k\u00e4ed-vabad salvestamist, mis on eriti kasulik spordi v\u00f5i muude v\u00e4litegevuste ajal.<\/p>\n<p>\n<img decoding=\"async\" alt=\"\" border=\"0\" src=\"https:\/\/assets.innpro.pl\/9312\/10872\/2.jpg\"\/>\n<\/p>\n<h3>Kompaktne ja mitmek\u00fclgne<\/h3>\n<p>TELESIN magnetiline ripatskinnitus on v\u00e4ike, kuid \u00e4\u00e4rmiselt kasulik toode. Selle kompaktne suurus ja kerge kaal (ainult 70 g) muudavad selle kaasaskandmise ja hoiustamise lihtsaks. Seda saab paigaldada mitte ainult kaelale, vaid ka mis tahes metallpinnale, mis suurendab veelgi selle funktsionaalsust. Komplekt \u00fchildub erinevate spordikaamerate ja nutitelefonidega, muutes selle mitmek\u00fclgseks t\u00f6\u00f6riistaks igale \u00f5ues filmimise entusiastile.<\/p>\n<p>\n<img decoding=\"async\" alt=\"\" border=\"0\" src=\"https:\/\/assets.innpro.pl\/9312\/10872\/7.jpg\"\/>\n<\/p>\n<h3>Kiire paigaldus ja lihtne kasutamine<\/h3>\n<p>TELESIN-komplekti loomisel on silmas peetud kasutusmugavust. Paigaldamine on \u00e4\u00e4rmiselt lihtne \u2013 lihtsalt reguleeri paela, pane see kaela \u00fcmber ja aseta magnetplaat riiete alla. Seej\u00e4rel kinnita spordikaamera magnetilisele alusele, mis v\u00f5tab vaid paar sekundit. See v\u00f5imaldab kasutajatel oma seiklusi kiiresti ja ilma tarbetu viivituseta salvestama hakata.<\/p>\n<p>\n<img decoding=\"async\" alt=\"\" border=\"0\" src=\"https:\/\/assets.innpro.pl\/9312\/10872\/6.jpg\"\/>\n<\/p>\n<h3>Kaasas<\/h3>\n<ul class=\"list-disc pl-5\">\n<li>Magnetiline kinnitus*1<\/li>\n<li>Magnetiline plaat*1<\/li>\n<li>Lukustuskruvi*1<\/li>\n<\/ul>\n<div class=\"table-wrapper\">\n<p>\u0412\u00a0<\/p>\n<h3><\/h3>\n<table>\n<tbody>\n<tr>\n<th>Tootja:<\/th>\n<td>Telesin<\/td>\n<\/tr>\n<tr>\n<th>Mudel:<\/th>\n<td>TE-MMK-002<\/td>\n<\/tr>\n<tr>\n<th>Toote m\u00f5\u00f5tmed:<\/th>\n<td>Kaelarihma m\u00f5\u00f5tmed: 340\u2013610 mm, magnetilise tahvli m\u00f5\u00f5tmed: 85 * 55 * 28 mm<\/td>\n<\/tr>\n<tr>\n<th>Toote kaal:<\/th>\n<td>70 g<\/td>\n<\/tr>\n<tr>\n<th>Koormus:<\/th>\n<td>300 g<\/td>\n<\/tr>\n<tr>\n<th>Materjal:<\/th>\n<td>PC-plastik, roostevaba teras, tugev NdFeb-magnet<\/td>\n<\/tr>\n<\/tbody>\n<\/table>\n<\/div>\n","protected":false},"excerpt":{"rendered":"<p>TELESIN magnetkinnituste komplekt spordikaameratele TELESINi magnetkinnituste komplekt on uuenduslik lahendus fotograafia- ja videosalvestushuvilistele. T\u00e4nu oma mitmek\u00fclgsusele ja kasutusmugavusele sobivad need kinnitused ideaalselt neile, kes soovivad j\u00e4\u00e4dvustada erakordseid kaadreid erinevatest vaatenurkadest, nii vertikaalselt kui ka horisontaalselt. See komplekt v\u00f5imaldab teil kiiresti kaadreid vahetada ja sujuvalt \u00fchelt salvestusre\u017eiimilt teisele \u00fcle minna, muutes selle suurep\u00e4raseks valikuks aktiivsetele inimestele [&#8230;]\n","protected":false},"featured_media":17542,"comment_status":"open","ping_status":"closed","template":"","meta":[],"product_brand":[296],"product_cat":[1044],"product_tag":[],"class_list":{"0":"post-17541","1":"product","2":"type-product","3":"status-publish","4":"has-post-thumbnail","6":"product_brand-telesin","7":"product_cat-straps-mounts-and-holders","9":"first","10":"outofstock","11":"taxable","12":"shipping-taxable","13":"purchasable","14":"product-type-simple"},"aioseo_notices":[],"_links":{"self":[{"href":"https:\/\/asura.lv\/et\/wp-json\/wp\/v2\/product\/17541","targetHints":{"allow":["GET"]}}],"collection":[{"href":"https:\/\/asura.lv\/et\/wp-json\/wp\/v2\/product"}],"about":[{"href":"https:\/\/asura.lv\/et\/wp-json\/wp\/v2\/types\/product"}],"replies":[{"embeddable":true,"href":"https:\/\/asura.lv\/et\/wp-json\/wp\/v2\/comments?post=17541"}],"wp:featuredmedia":[{"embeddable":true,"href":"https:\/\/asura.lv\/et\/wp-json\/wp\/v2\/media\/17542"}],"wp:attachment":[{"href":"https:\/\/asura.lv\/et\/wp-json\/wp\/v2\/media?parent=17541"}],"wp:term":[{"taxonomy":"product_brand","embeddable":true,"href":"https:\/\/asura.lv\/et\/wp-json\/wp\/v2\/product_brand?post=17541"},{"taxonomy":"product_cat","embeddable":true,"href":"https:\/\/asura.lv\/et\/wp-json\/wp\/v2\/product_cat?post=17541"},{"taxonomy":"product_tag","embeddable":true,"href":"https:\/\/asura.lv\/et\/wp-json\/wp\/v2\/product_tag?post=17541"}],"curies":[{"name":"wp","href":"https:\/\/api.w.org\/{rel}","templated":true}]}}