{"id":17703,"date":"2025-11-28T23:03:09","date_gmt":"2025-11-28T23:03:09","guid":{"rendered":"https:\/\/asura.lv\/product\/nillkin-flexwing-magnetic-stand-for-tablet-black\/"},"modified":"2025-12-12T15:09:34","modified_gmt":"2025-12-12T13:09:34","slug":"nillkin-flexwing-magnetic-stand-for-tablet-black","status":"publish","type":"product","link":"https:\/\/asura.lv\/et\/toode\/nillkin-flexwing-magnetic-stand-for-tablet-black\/","title":{"rendered":"Nillkin FlexWing magnetiline tahvelarvuti alus (must)"},"content":{"rendered":"<h3>Nillkin FlexWing Magnetic tahvelarvuti alus (must)<\/h3>\n<p>Nillkin FlexWing Magnetic on magnetiline tahvelarvuti alus, mis oma \u00e4\u00e4rmiselt \u00f5hukese, vaid 4 mm paksuse disainiga integreerub ideaalselt teie seadmega, m\u00f5jutamata selle kaalu v\u00f5i mugavust. See on ideaalne lahendus inimestele, kes hindavad mobiilsust, kuid vajavad t\u00f6\u00f6tamise v\u00f5i meelelahutuse ajal stabiilset tuge. Visuaalselt sujuv ja elegantne disain pakub esteetiliselt meeldivat v\u00e4limust, s\u00e4ilitades samal ajal tahvelarvuti t\u00e4ieliku funktsionaalsuse.<\/p>\n<p>\n<img decoding=\"async\" border=\"0\" src=\"https:\/\/assets.innpro.pl\/10616\/12509\/6.jpg\"\/>\n<\/p>\n<h3>Kvaliteetsed materjalid ja l\u00e4bim\u00f5eldud disain<\/h3>\n<p>FlexWing Magnetic alus on valmistatud kvaliteetsest \u00f6konahast, mis on meeldiv puudutusele, kuid vastupidav ja kriimustuskindel. Tugevad mangaanterasest hinged ja t\u00e4pne reguleerimismehhanism tagavad stabiilsuse ja pikaealisuse. T\u00e4nu testidele, mille k\u00e4igus on alus l\u00e4binud \u00fcle 20 000 avamis- ja sulgemists\u00fckli, v\u00f5ite olla kindel, et see lisatarvik peab vastu intensiivsele kasutamisele.<\/p>\n<p>\n<img decoding=\"async\" border=\"0\" src=\"https:\/\/assets.innpro.pl\/10616\/12509\/7.jpg\"\/>\n<\/p>\n<h3>Reguleeritav nurk ja mitmek\u00fclgne kasutus<\/h3>\n<p>FlexWing Magnetic pakub reguleeritavat nurka, mis v\u00f5imaldab teil tahvelarvutit mis tahes asendisse reguleerida, olenemata sellest, kas vaatate filme, osalete videokonverentsidel v\u00f5i t\u00f6\u00f6tate dokumentidega. Tahvelarvutit saab paigutada nii horisontaalselt, mis on ideaalne meelelahutuseks ja t\u00f6\u00f6ks, kui ka vertikaalselt, mis sobib suurep\u00e4raselt lugemiseks v\u00f5i m\u00e4rkmete tegemiseks.<\/p>\n<p>\n<img decoding=\"async\" border=\"0\" src=\"https:\/\/assets.innpro.pl\/10616\/12509\/3.jpg\"\/>\n<\/p>\n<h3>\u00dchilduvus mitme seadmega<\/h3>\n<p>T\u00e4nu erinevatele saadaolevatele suurustele \u00fchildub Nillkin FlexWing Magnetic paljude tahvelarvutimudelitega sellistelt tootjatelt nagu Apple, HUAWEI ja Xiaomi, muutes selle mitmek\u00fclgseks lisatarvikuks. Alus sobib 9,7\u201311-tollistele tahvelarvutitele, pakkudes paindlikkust ja ideaalset sobivust teie seadmele.<\/p>\n<p>\n<img decoding=\"async\" border=\"0\" src=\"https:\/\/assets.innpro.pl\/10616\/12509\/5.jpg\"\/>\n<\/p>\n<h3>Tugev haare, t\u00e4ielik vabadus<\/h3>\n<p>Nillkini FlexWingi alus on stabiilsuse ja mugavuse garantii. T\u00e4nu tugevale magnetile saate selle h\u00f5lpsalt kinnitada mis tahes metallpinnale, n\u00e4iteks k\u00e4epidemele, seinale v\u00f5i lauale. N\u00fc\u00fcdsest on teie tahvelarvuti alati oma kohal, ilma et see paigast nihkuks, isegi intensiivse t\u00f6\u00f6 v\u00f5i meelelahutuse ajal. Tugevdatud magnetid pakuvad 30% suuremat haarduvust, andes teile t\u00e4ieliku vabaduse ekraani k\u00f5ige mugavamal viisil paigutada.<\/p>\n<p>\n<img decoding=\"async\" border=\"0\" src=\"https:\/\/assets.innpro.pl\/10616\/12509\/2.jpg\"\/>\n<\/p>\n<div class=\"table-wrapper\">\n<p>\u0412\u00a0<\/p>\n<h3><\/h3>\n<table>\n<tbody>\n<tr>\n<th>Tootja<\/th>\n<td>Nillkin<\/td>\n<\/tr>\n<tr>\n<th>V\u00e4rv<\/th>\n<td>Must<\/td>\n<\/tr>\n<tr>\n<th>\u00dchilduvus<\/th>\n<td>Tahvelarvutid ekraani diagonaaliga vahemikus 9,7\u201311&#8243;<\/td>\n<\/tr>\n<tr>\n<th>M\u00f5\u00f5tmed<\/th>\n<td>172 x 138 x 4,5 mm<\/td>\n<\/tr>\n<tr>\n<th>Kaal<\/th>\n<td>116,5 g<\/td>\n<\/tr>\n<tr>\n<th>Materjal<\/th>\n<td>PU, klaaskiudplaat, roostevaba teras, alumiiniumisulam, j\u00e4ljevaba liim<\/td>\n<\/tr>\n<\/tbody>\n<\/table>\n<\/div>\n","protected":false},"excerpt":{"rendered":"<p>Nillkin FlexWing Magnetic tahvelarvuti alus (must) Nillkin FlexWing Magnetic on magnetiline tahvelarvuti alus, mis oma \u00e4\u00e4rmiselt \u00f5hukese, vaid 4 mm paksuse disainiga integreerub ideaalselt teie seadmega, m\u00f5jutamata selle kaalu v\u00f5i mugavust. See on ideaalne lahendus inimestele, kes hindavad mobiilsust, kuid vajavad t\u00f6\u00f6tamise v\u00f5i meelelahutuse ajal stabiilset tuge. Visuaalselt sujuv ja elegantne disain pakub esteetiliselt meeldivat [&#8230;]\n","protected":false},"featured_media":17704,"comment_status":"open","ping_status":"closed","template":"","meta":[],"product_brand":[438],"product_cat":[1218],"product_tag":[],"class_list":{"0":"post-17703","1":"product","2":"type-product","3":"status-publish","4":"has-post-thumbnail","6":"product_brand-nillkin","7":"product_cat-selfie-sticks-gsm-accessories","9":"first","10":"outofstock","11":"taxable","12":"shipping-taxable","13":"purchasable","14":"product-type-simple"},"aioseo_notices":[],"_links":{"self":[{"href":"https:\/\/asura.lv\/et\/wp-json\/wp\/v2\/product\/17703","targetHints":{"allow":["GET"]}}],"collection":[{"href":"https:\/\/asura.lv\/et\/wp-json\/wp\/v2\/product"}],"about":[{"href":"https:\/\/asura.lv\/et\/wp-json\/wp\/v2\/types\/product"}],"replies":[{"embeddable":true,"href":"https:\/\/asura.lv\/et\/wp-json\/wp\/v2\/comments?post=17703"}],"wp:featuredmedia":[{"embeddable":true,"href":"https:\/\/asura.lv\/et\/wp-json\/wp\/v2\/media\/17704"}],"wp:attachment":[{"href":"https:\/\/asura.lv\/et\/wp-json\/wp\/v2\/media?parent=17703"}],"wp:term":[{"taxonomy":"product_brand","embeddable":true,"href":"https:\/\/asura.lv\/et\/wp-json\/wp\/v2\/product_brand?post=17703"},{"taxonomy":"product_cat","embeddable":true,"href":"https:\/\/asura.lv\/et\/wp-json\/wp\/v2\/product_cat?post=17703"},{"taxonomy":"product_tag","embeddable":true,"href":"https:\/\/asura.lv\/et\/wp-json\/wp\/v2\/product_tag?post=17703"}],"curies":[{"name":"wp","href":"https:\/\/api.w.org\/{rel}","templated":true}]}}