{"id":17895,"date":"2025-11-28T23:02:52","date_gmt":"2025-11-28T23:02:52","guid":{"rendered":"https:\/\/asura.lv\/product\/gimbal-hohem-isteady-xe-kit\/"},"modified":"2025-12-12T15:09:17","modified_gmt":"2025-12-12T13:09:17","slug":"gimbal-hohem-isteady-xe-kit","status":"publish","type":"product","link":"https:\/\/asura.lv\/et\/toode\/gimbal-hohem-isteady-xe-kit\/","title":{"rendered":"Gimbal Hohem iSteady XE komplekt"},"content":{"rendered":"<h3>Hohem iSteady XE komplekti stabilisaator<\/h3>\n<p>Hohem iSteady XE komplekt on ideaalne lahendus k\u00f5igile, kes soovivad nutitelefoniga luua professionaalseid videoid ja fotosid. Oma mitmek\u00fclgsete re\u017eiimide, kompaktse disaini ja pika aku t\u00f6\u00f6eaga pakub see stabilisaator t\u00e4ielikku loomingulist vabadust ja mugavust. Olenemata sellest, kas olete amat\u00f6\u00f6r v\u00f5i professionaal, v\u00f5imaldab Hohem iSteady XE komplekt teil j\u00e4\u00e4dvustada iga hetke \u00e4\u00e4rmise t\u00e4psuse ja stabiilsusega.<\/p>\n<p>\n<img decoding=\"async\" border=\"0\" src=\"https:\/\/assets.innpro.pl\/9063\/10586\/4.jpg\"\/>\n<\/p>\n<h3>Mitmek\u00fclgsed re\u017eiimid<\/h3>\n<p>Kolme teljega Hohem iSteady XE stabilisaator pakub salvestamise ajal suurep\u00e4rast stabiliseerimist, k\u00f5rvaldades igasuguse rappumise ja vibratsiooni. Seade pakub laia valikut re\u017eiime, n\u00e4iteks panoraami ja kalde j\u00e4lgimine, t\u00e4islukustusre\u017eiim, esimese isiku salvestus ja spordire\u017eiim, mis m\u00f5jutab oluliselt teie t\u00f6\u00f6 efektiivsust. T\u00e4nu intuitiivsetele l\u00fclititele on salvestusre\u017eiimide vahetamine kiire ja lihtne, mis v\u00f5imaldab video j\u00e4\u00e4dvustamisel t\u00e4ielikku loomingulist vabadust.<\/p>\n<p>\n<img decoding=\"async\" border=\"0\" src=\"https:\/\/assets.innpro.pl\/9063\/10586\/2.jpg\"\/>\n<\/p>\n<h3>Magnetiline valgus ja reguleeritav heledus<\/h3>\n<p>iSteady XE komplekt on varustatud magnetilise kinnitatava lambiga, mis pakub kolme s\u00e4ritusre\u017eiimi &#8211; soe, neutraalne ja k\u00fclm. 10 heledustasemega, mida saab vastavalt oma eelistustele reguleerida, v\u00f5imaldab stabilisaator teil luua ideaalsed valgustingimused igas olukorras. See funktsionaalne lahendus v\u00f5imaldab saavutada professionaalse efekti olenemata valgustingimustest.<\/p>\n<p>\n<img decoding=\"async\" border=\"0\" src=\"https:\/\/assets.innpro.pl\/9063\/10586\/7.jpg\"\/>\n<\/p>\n<h3>Kompaktne disain ja kerge kaal<\/h3>\n<p>Hohem iSteady XE komplekt on turu kergeim kokkupandav stabilisaator, mis on loodud h\u00f5lpsaks kaasaskandmiseks ja mugavuseks. See kaalub vaid 259 grammi, mis teeb selle sama kompaktseks kui iPhone, ja see sobib ideaalselt igasse kotti v\u00f5i seljakotti. See kergus ja ergonoomiline disain muudavad stabilisaatori ideaalseks kaaslaseks liikvel olles, v\u00f5imaldades teil j\u00e4\u00e4dvustada kvaliteetset videot k\u00f5ikjal ja igal ajal.<\/p>\n<p>\n<img decoding=\"async\" border=\"0\" src=\"https:\/\/assets.innpro.pl\/9063\/10586\/5.jpg\"\/>\n<\/p>\n<h3>Loomingulised funktsioonid ja mobiilirakendus<\/h3>\n<p>Hohem iSteady XE stabilisaatori spetsiaalne rakendus v\u00f5imaldab veelgi loomingulisemat ja mugavamat videote loomist. Rakendus pakub laia valikut funktsioone, nagu n\u00e4o ja objekti j\u00e4lgimine, aegv\u00f5tte re\u017eiim, intelligentne liikumise j\u00e4lgimine, dolly suum, panoraamre\u017eiim, CloneMe ja palju muud. Nende funktsioonide abil muutub professionaalsete ja muljetavaldavate videote loomine \u00e4\u00e4rmiselt lihtsaks ja intuitiivseks.<\/p>\n<p>\n<img decoding=\"async\" border=\"0\" src=\"https:\/\/assets.innpro.pl\/9063\/10586\/3.jpg\"\/>\n<\/p>\n<h3>Universaalne \u00fchilduvus ja pikk t\u00f6\u00f6aeg<\/h3>\n<p>Hohem iSteady XE stabilisaator \u00fchildub paljude seadmetega, sealhulgas iPhone 14\/13\/12\/11 Pro Max seeria ja enamiku Androidi nutitelefonidega, n\u00e4iteks Samsung, HUAWEI, XIAOMI, OPPO ja teised. V\u00f5imsa akuga pakub stabilisaator \u00fche laadimisega kuni 8 tundi kasutusaega, mis teeb sellest ideaalse valiku pikkadeks salvestussessioonideks.<\/p>\n<p>\n<img decoding=\"async\" border=\"0\" src=\"https:\/\/assets.innpro.pl\/9063\/10586\/8.jpg\"\/>\n<\/p>\n<h3>Kasutusmugavus ja stabiilsus<\/h3>\n<p>Genitaatori orientatsiooni saab h\u00f5lpsalt horisontaalsest vertikaalseks muuta, pakkudes t\u00f6\u00f6 ajal t\u00e4ielikku paindlikkust. Intuitiivne disain ja t\u00e4iustatud stabiliseerimisfunktsioonid muudavad Hohem iSteady XE ideaalseks t\u00f6\u00f6riistaks nii amat\u00f6\u00f6ridele kui ka professionaalidele, kes soovivad saada stabiilseid ja sujuvaid kaadreid ilma raske varustuseta.<\/p>\n<p>\n<img decoding=\"async\" border=\"0\" src=\"https:\/\/assets.innpro.pl\/9063\/10586\/9.jpg\"\/>\n<\/p>\n<h3>Kaasas<\/h3>\n<ul class=\"list-disc pl-5\">\n<li>gimbal<\/li>\n<li>magnetvalgus<\/li>\n<li>alus<\/li>\n<li>USB-C kaabel<\/li>\n<li>hoiuskott<\/li>\n<li>kasutusjuhend<\/li>\n<\/ul>\n<div class=\"table-wrapper\">\n<p>\u0412\u00a0<\/p>\n<h3><\/h3>\n<table>\n<tbody>\n<tr>\n<th>Tootja<\/th>\n<td>Hohem<\/td>\n<\/tr>\n<tr>\n<th>Mudel<\/th>\n<td>iSteady XE komplekt<\/td>\n<\/tr>\n<tr>\n<th>M\u00f5\u00f5tmed<\/th>\n<td>179 x 79 x 39 mm<\/td>\n<\/tr>\n<tr>\n<th>Materjal<\/th>\n<td>Komposiitmaterjal nahkk\u00e4epidemega<\/td>\n<\/tr>\n<tr>\n<th>Kaal<\/th>\n<td>259 g (ilma aluse ja magnetilise lambita)<\/td>\n<\/tr>\n<tr>\n<th>Maksimaalne koormus<\/th>\n<td>280 g<\/td>\n<\/tr>\n<tr>\n<th>Nurgavahemik<\/th>\n<td>Liuglev 320, kallutav 320, p\u00f6\u00f6rlev 320<\/td>\n<\/tr>\n<tr>\n<th>Aku mahutavus<\/th>\n<td>2000 mAh<\/td>\n<\/tr>\n<tr>\n<th>Aku laadimisaeg<\/th>\n<td>2,5 h<\/td>\n<\/tr>\n<tr>\n<th>T\u00f6\u00f6aeg<\/th>\n<td>8 h<\/td>\n<\/tr>\n<tr>\n<th>\u00dchilduvus<\/th>\n<td>iPhone 14\/13\/12\/11 Pro Max, XS MAX XS, XR, X, Plus, 8, 7, 6S, 6; Samsung; HUAWEI; XIAOMI; OPPO<\/td>\n<\/tr>\n<\/tbody>\n<\/table>\n<\/div>\n","protected":false},"excerpt":{"rendered":"<p>Hohem iSteady XE komplekti stabilisaator Hohem iSteady XE komplekt on ideaalne lahendus k\u00f5igile, kes soovivad nutitelefoniga luua professionaalseid videoid ja fotosid. Oma mitmek\u00fclgsete re\u017eiimide, kompaktse disaini ja pika aku t\u00f6\u00f6eaga pakub see stabilisaator t\u00e4ielikku loomingulist vabadust ja mugavust. Olenemata sellest, kas olete amat\u00f6\u00f6r v\u00f5i professionaal, v\u00f5imaldab Hohem iSteady XE komplekt teil j\u00e4\u00e4dvustada iga hetke \u00e4\u00e4rmise [&#8230;]\n","protected":false},"featured_media":17896,"comment_status":"open","ping_status":"closed","template":"","meta":[],"product_brand":[675],"product_cat":[1002],"product_tag":[],"class_list":{"0":"post-17895","1":"product","2":"type-product","3":"status-publish","4":"has-post-thumbnail","6":"product_brand-hohem","7":"product_cat-gimbals-and-stabilizers","9":"first","10":"outofstock","11":"taxable","12":"shipping-taxable","13":"purchasable","14":"product-type-simple"},"aioseo_notices":[],"_links":{"self":[{"href":"https:\/\/asura.lv\/et\/wp-json\/wp\/v2\/product\/17895","targetHints":{"allow":["GET"]}}],"collection":[{"href":"https:\/\/asura.lv\/et\/wp-json\/wp\/v2\/product"}],"about":[{"href":"https:\/\/asura.lv\/et\/wp-json\/wp\/v2\/types\/product"}],"replies":[{"embeddable":true,"href":"https:\/\/asura.lv\/et\/wp-json\/wp\/v2\/comments?post=17895"}],"wp:featuredmedia":[{"embeddable":true,"href":"https:\/\/asura.lv\/et\/wp-json\/wp\/v2\/media\/17896"}],"wp:attachment":[{"href":"https:\/\/asura.lv\/et\/wp-json\/wp\/v2\/media?parent=17895"}],"wp:term":[{"taxonomy":"product_brand","embeddable":true,"href":"https:\/\/asura.lv\/et\/wp-json\/wp\/v2\/product_brand?post=17895"},{"taxonomy":"product_cat","embeddable":true,"href":"https:\/\/asura.lv\/et\/wp-json\/wp\/v2\/product_cat?post=17895"},{"taxonomy":"product_tag","embeddable":true,"href":"https:\/\/asura.lv\/et\/wp-json\/wp\/v2\/product_tag?post=17895"}],"curies":[{"name":"wp","href":"https:\/\/api.w.org\/{rel}","templated":true}]}}