{"id":18009,"date":"2025-11-28T22:13:32","date_gmt":"2025-11-28T22:13:32","guid":{"rendered":"https:\/\/asura.lv\/product\/torras-install-master-privacy-glass-for-iphone-16-plus\/"},"modified":"2025-12-12T15:08:09","modified_gmt":"2025-12-12T13:08:09","slug":"torras-install-master-privacy-glass-for-iphone-16-plus","status":"publish","type":"product","link":"https:\/\/asura.lv\/et\/toode\/torras-install-master-privacy-glass-for-iphone-16-plus\/","title":{"rendered":"Torras Install Master Privacy Glass iPhone 16 Plusile"},"content":{"rendered":"<h3>Install Master Privacy Glass iPhone 16 Plusile<\/h3>\n<p>Install Master Privacy Torrase karastatud klaas vastab iPhone 16 Plusi kasutajate vajadustele. Erakordne vastupidavus, uuenduslik privaatsustehnoloogia ja k\u00f5rgeima kvaliteediga materjalid eristavad seda turul olevat lisatarvikut. Pakkuge oma seadmele kaitset kahjustuste eest ja saavutage t\u00e4ielik kontroll oma privaatsuse \u00fcle igas olukorras!<\/p>\n<p>\n<img decoding=\"async\" border=\"0\" src=\"https:\/\/assets.innpro.pl\/9325\/10885\/2.jpg\"\/>\n<\/p>\n<h3>Kaitse kukkumise eest<\/h3>\n<p>9H+ k\u00f5vadusega karastatud klaasi abil pakub Install Master Privacy kuni 230% suuremat vastupidavust kui traditsiooniline kaitseklaas. 3-kordse ioonvahetustehnoloogiaga tugevdatud kiht suurendab l\u00f6\u00f6gikindlust 128%. Seet\u00f5ttu on lisaseade vastupidav kukkumistele umbes 2,4 meetri k\u00f5rguselt \u2013 selle t\u00f6\u00f6kindlust on t\u00f5estanud enam kui 8000 kukkumistesti.<\/p>\n<p>\n<img decoding=\"async\" border=\"0\" src=\"https:\/\/assets.innpro.pl\/9325\/10885\/6.jpg\"\/>\n<\/p>\n<h3>Privaatsuse huvides<\/h3>\n<p>Install Master Privacy kasutab SEGI Privacy Techi \u2013 t\u00e4nu optimaalsele kaitsenurgale (25\u00b0) on ekraan n\u00e4htav ainult otse kasutaja ees, mis hoiab \u00e4ra volitamata piilumise. Kasutatav lahendus toimib h\u00e4sti rahvarohketes kohtades, n\u00e4iteks \u00fchistranspordis, tagades privaatsuse ja andmete turvalisuse.<\/p>\n<p>\n<img decoding=\"async\" border=\"0\" src=\"https:\/\/assets.innpro.pl\/9325\/10885\/4.jpg\"\/>\n<\/p>\n<h3>K\u00f5rgeima kvaliteediga valguse l\u00e4bilaskvus<\/h3>\n<p>Suure tihedusega molekulide kasutamine v\u00f5imaldab 96% valguse l\u00e4bilaskvust, mis tagab suurep\u00e4rase pildikvaliteedi. Toode minimeerib moonutusi ja pakub teravat, eredat pilti, s\u00e4ilitades samal ajal puutetundliku ekraani t\u00e4ieliku funktsionaalsuse. See ei m\u00f5juta ka kuvatava pildi kvaliteeti, mida kinnitavad l\u00e4bipaistvustestid, milles Install Master Privacy saavutas 34% parema tulemuse kui tavalised kaitseprillid.<\/p>\n<p>\n<img decoding=\"async\" border=\"0\" src=\"https:\/\/assets.innpro.pl\/9325\/10885\/1 \u0412\u201d kopija.jpg\"\/>\n<\/p>\n<h3>Kahjustuskindlus<\/h3>\n<p>T\u00e4nu oma mitmekihilisele nanostruktuurile pakub Install Master Privacy klaas kriimustuskaitset 10 000 ts\u00fckli ulatuses, mis teeb sellest \u00fche vastupidavama toote turul. 9H tugevdatud servad kaitsevad ekraani mehaaniliste kahjustuste eest, mis on eriti oluline igap\u00e4evasel kasutamisel.<\/p>\n<p>\n<img decoding=\"async\" border=\"0\" src=\"https:\/\/assets.innpro.pl\/9325\/10885\/7.jpg\"\/>\n<\/p>\n<h3>Esteetika ja funktsionaalsus<\/h3>\n<p>Install Master Privacy klaas on loodud pakkuma k\u00f5rgeimat kvaliteeti kasutamine. Oleofoobne kate kaitseb ekraani t\u00f5husalt s\u00f5rmej\u00e4lgede ja plekkide eest, tagades seadme puhta ja esteetiliselt meeldiva v\u00e4limuse igal ajal. Lisaks on lisatarviku pind \u00e4\u00e4rmiselt sile, mis tagab mugava kasutamise ja seadme puutetundlike funktsioonide sujuva kasutamise.<\/p>\n<p>\n<img decoding=\"async\" border=\"0\" src=\"https:\/\/assets.innpro.pl\/9325\/10885\/5.jpg\"\/>\n<\/p>\n<h3>Silmade tervise huvides<\/h3>\n<p>Torrase toode on sertifitseeritud T\u00dcV Rheinlandi poolt, mis kinnitab selle v\u00f5imet sinist valgust t\u00f5husalt filtreerida. See muudab ekraani ees viibimise silmadele v\u00e4hem v\u00e4sitavaks \u2013 kasutatav tehnoloogia kaitseb kasutajaid sinise valgusega kokkupuute negatiivsete m\u00f5jude eest, tagades samal ajal t\u00e4ieliku kasutusmugavuse.<\/p>\n<p>\n<img decoding=\"async\" border=\"0\" src=\"https:\/\/assets.innpro.pl\/9325\/10885\/3.jpg\"\/>\n<\/p>\n<div class=\"table-wrapper\">\n<p>B\u00a0<\/p>\n<h3><\/h3>\n<table>\n<tbody>\n<tr>\n<th>Tootja<\/th>\n<td>Torras<\/td>\n<\/tr>\n<tr>\n<th>Mudel<\/th>\n<td>Install Master Privacy<\/td>\n<\/tr>\n<tr>\n<th>\u00dchilduvus<\/th>\n<td>iPhone 16 Plus<\/td>\n<\/tr>\n<tr>\n<th>K\u00f5vadus<\/th>\n<td>9H+<\/td>\n<\/tr>\n<tr>\n<th>Privaatsuse kaitse<\/th>\n<td>SEGI privaatsustehnoloogia, 25\u00b0 kaitsenurk<\/td>\n<\/tr>\n<tr>\n<th>Sertifitseeritud<\/th>\n<td>T\u00dcV Rheinland<\/td>\n<\/tr>\n<\/tbody>\n<\/table>\n<\/div>\n","protected":false},"excerpt":{"rendered":"<p>Install Master Privacy Glass iPhone 16 Plusile Install Master Privacy Torrase karastatud klaas vastab iPhone 16 Plusi kasutajate vajadustele. Erakordne vastupidavus, uuenduslik privaatsustehnoloogia ja k\u00f5rgeima kvaliteediga materjalid eristavad seda turul olevat lisatarvikut. Pakkuge oma seadmele kaitset kahjustuste eest ja saavutage t\u00e4ielik kontroll oma privaatsuse \u00fcle igas olukorras! Kaitse kukkumise eest 9H+ k\u00f5vadusega karastatud klaasi abil [&#8230;]\n","protected":false},"featured_media":18010,"comment_status":"open","ping_status":"closed","template":"","meta":[],"product_brand":[538],"product_cat":[1317],"product_tag":[],"class_list":{"0":"post-18009","1":"product","2":"type-product","3":"status-publish","4":"has-post-thumbnail","6":"product_brand-torras","7":"product_cat-for-smartphones-tempered-glass-and-screen-protectors-gsm-accessories","9":"first","10":"outofstock","11":"taxable","12":"shipping-taxable","13":"purchasable","14":"product-type-simple"},"aioseo_notices":[],"_links":{"self":[{"href":"https:\/\/asura.lv\/et\/wp-json\/wp\/v2\/product\/18009","targetHints":{"allow":["GET"]}}],"collection":[{"href":"https:\/\/asura.lv\/et\/wp-json\/wp\/v2\/product"}],"about":[{"href":"https:\/\/asura.lv\/et\/wp-json\/wp\/v2\/types\/product"}],"replies":[{"embeddable":true,"href":"https:\/\/asura.lv\/et\/wp-json\/wp\/v2\/comments?post=18009"}],"wp:featuredmedia":[{"embeddable":true,"href":"https:\/\/asura.lv\/et\/wp-json\/wp\/v2\/media\/18010"}],"wp:attachment":[{"href":"https:\/\/asura.lv\/et\/wp-json\/wp\/v2\/media?parent=18009"}],"wp:term":[{"taxonomy":"product_brand","embeddable":true,"href":"https:\/\/asura.lv\/et\/wp-json\/wp\/v2\/product_brand?post=18009"},{"taxonomy":"product_cat","embeddable":true,"href":"https:\/\/asura.lv\/et\/wp-json\/wp\/v2\/product_cat?post=18009"},{"taxonomy":"product_tag","embeddable":true,"href":"https:\/\/asura.lv\/et\/wp-json\/wp\/v2\/product_tag?post=18009"}],"curies":[{"name":"wp","href":"https:\/\/api.w.org\/{rel}","templated":true}]}}