{"id":18105,"date":"2025-11-28T22:13:22","date_gmt":"2025-11-28T22:13:22","guid":{"rendered":"https:\/\/asura.lv\/product\/torras-pstand-spin-case-for-iphone-16-plus-black\/"},"modified":"2025-12-12T15:07:59","modified_gmt":"2025-12-12T13:07:59","slug":"torras-pstand-spin-case-for-iphone-16-plus-black","status":"publish","type":"product","link":"https:\/\/asura.lv\/et\/toode\/torras-pstand-spin-case-for-iphone-16-plus-black\/","title":{"rendered":"Torras Pstand Spin \u00fcmbris iPhone 16 Plusile (must)"},"content":{"rendered":"<h3>Torras Pstand Spin \u00fcmbris iPhone 16 Plusile (must)<\/h3>\n<p>Torras Pstand Spin \u00fcmbris hoiab teie Phone 16 Plusi turvaliselt. Lisatarvikut eristab alus, mis v\u00f5imaldab teil vaatenurka vastavalt oma individuaalsetele vajadustele reguleerida. Selle tootmisel on kasutatud vastupidavaid materjale vastupidavuse tagamiseks. Portide ja nuppude avad v\u00f5imaldavad teil seadet mugavalt kasutada.<\/p>\n<p>\n<img decoding=\"async\" border=\"0\" src=\"https:\/\/assets.innpro.pl\/10706\/12621\/5.jpg\"\/>\n<\/p>\n<h3>Praktiline alus<\/h3>\n<p>Lisatarvik on varustatud 360\u00b0 p\u00f6\u00f6rleva alusega, mis v\u00f5imaldab teil vaatenurka vertikaalselt ja horisontaalselt reguleerida. Kasutatav mehhanism v\u00f5imaldab teil telefoni stabiilselt positsioneerida 25\u00b0 kuni 135\u00b0 nurga all. Nii saad mugavalt filme vaadata ja videok\u00f5nedes osaleda.<\/p>\n<p>\n<img decoding=\"async\" border=\"0\" src=\"https:\/\/assets.innpro.pl\/10706\/12621\/3.jpg\"\/>\n<\/p>\n<h3>Tugevus ja vastupidavus<\/h3>\n<p>Alumiiniumisulamist alus peab vastu enam kui 40 000 kasutuskorda, mis t\u00f5estab selle t\u00f6\u00f6kindlust ja vastupidavust. Korpus on loodud libisemiskindlatest materjalidest, et seda oleks mugavam kasutada.<\/p>\n<p>\n<img decoding=\"async\" border=\"0\" src=\"https:\/\/assets.innpro.pl\/9390\/10958\/2.jpg\"\/>\n<\/p>\n<h3>\u00dchilduvus lisatarvikutega<\/h3>\n<p>Valides Torras Pstand Spin \u00fcmbrise, saad mugavalt kasutada magnetilisi lisatarvikuid, n\u00e4iteks MagSafe&#8217;i. Toote disain ei sega magnetilisi laadijaid ja muid vidinaid.<\/p>\n<p>\n<img decoding=\"async\" border=\"0\" src=\"https:\/\/assets.innpro.pl\/9390\/10958\/3.jpg\"\/>\n<\/p>\n<h3>Kaitse kukkumise eest<\/h3>\n<p>\u00dcmbris pakub igak\u00fclgset kaitset, kaitstes teie iPhone&#8217;i kukkumiste eest kuni 5 meetri k\u00f5rguselt. Tugevdatud servad ja spetsiaalsed pehmendused minimeerivad kahjustuste ohtu. Toode on l\u00e4binud range testimise, et t\u00f5estada selle v\u00f5imet kaitsta telefoni kaamerat ja teisi v\u00f5tmekomponente.<\/p>\n<p>\n<img decoding=\"async\" border=\"0\" src=\"https:\/\/assets.innpro.pl\/10706\/12621\/4.jpg\"\/>\n<\/p>\n<div class=\"table-wrapper\">\n<p>\u0412\u00a0<\/p>\n<h3><\/h3>\n<table>\n<tbody>\n<tr>\n<th>Tootja<\/th>\n<td>Torras<\/td>\n<\/tr>\n<tr>\n<th>Mudel<\/th>\n<td>Pstand Spin<\/td>\n<\/tr>\n<tr>\n<th>\u00dchilduvus<\/th>\n<td>iPhone 16 Plus<\/td>\n<\/tr>\n<tr>\n<th>V\u00e4rv<\/th>\n<td>must<\/td>\n<\/tr>\n<\/tbody>\n<\/table>\n<\/div>\n","protected":false},"excerpt":{"rendered":"<p>Torras Pstand Spin \u00fcmbris iPhone 16 Plusile (must) Torras Pstand Spin \u00fcmbris hoiab teie Phone 16 Plusi turvaliselt. Lisatarvikut eristab alus, mis v\u00f5imaldab teil vaatenurka vastavalt oma individuaalsetele vajadustele reguleerida. Selle tootmisel on kasutatud vastupidavaid materjale vastupidavuse tagamiseks. Portide ja nuppude avad v\u00f5imaldavad teil seadet mugavalt kasutada. Praktiline alus Lisatarvik on varustatud 360\u00b0 p\u00f6\u00f6rleva alusega, [&#8230;]\n","protected":false},"featured_media":18106,"comment_status":"open","ping_status":"closed","template":"","meta":[],"product_brand":[538],"product_cat":[1248],"product_tag":[],"class_list":{"0":"post-18105","1":"product","2":"type-product","3":"status-publish","4":"has-post-thumbnail","6":"product_brand-torras","7":"product_cat-protective-cases-for-smartphones-cases-gsm-accessories","9":"first","10":"outofstock","11":"taxable","12":"shipping-taxable","13":"purchasable","14":"product-type-simple"},"aioseo_notices":[],"_links":{"self":[{"href":"https:\/\/asura.lv\/et\/wp-json\/wp\/v2\/product\/18105","targetHints":{"allow":["GET"]}}],"collection":[{"href":"https:\/\/asura.lv\/et\/wp-json\/wp\/v2\/product"}],"about":[{"href":"https:\/\/asura.lv\/et\/wp-json\/wp\/v2\/types\/product"}],"replies":[{"embeddable":true,"href":"https:\/\/asura.lv\/et\/wp-json\/wp\/v2\/comments?post=18105"}],"wp:featuredmedia":[{"embeddable":true,"href":"https:\/\/asura.lv\/et\/wp-json\/wp\/v2\/media\/18106"}],"wp:attachment":[{"href":"https:\/\/asura.lv\/et\/wp-json\/wp\/v2\/media?parent=18105"}],"wp:term":[{"taxonomy":"product_brand","embeddable":true,"href":"https:\/\/asura.lv\/et\/wp-json\/wp\/v2\/product_brand?post=18105"},{"taxonomy":"product_cat","embeddable":true,"href":"https:\/\/asura.lv\/et\/wp-json\/wp\/v2\/product_cat?post=18105"},{"taxonomy":"product_tag","embeddable":true,"href":"https:\/\/asura.lv\/et\/wp-json\/wp\/v2\/product_tag?post=18105"}],"curies":[{"name":"wp","href":"https:\/\/api.w.org\/{rel}","templated":true}]}}