{"id":18411,"date":"2025-11-28T22:12:55","date_gmt":"2025-11-28T22:12:55","guid":{"rendered":"https:\/\/asura.lv\/product\/puluz-chest-harness-for-sports-cameras-including-ace-pro-2-osmo-action-5-problack\/"},"modified":"2025-12-12T15:07:39","modified_gmt":"2025-12-12T13:07:39","slug":"puluz-chest-harness-for-sports-cameras-including-ace-pro-2-osmo-action-5-problack","status":"publish","type":"product","link":"https:\/\/asura.lv\/et\/toode\/puluz-chest-harness-for-sports-cameras-including-ace-pro-2-osmo-action-5-problack\/","title":{"rendered":"PULUZ rinnarihm spordikaameratele (sh Ace Pro 2, Osmo Action 5 Pro) (must)"},"content":{"rendered":"<h3>PULUZ rinnarihmad spordikaameratele (sh Ace Pro 2, Osmo Action 5 Pro) mustad<\/h3>\n<p>Puluzi rinnarihmad on ideaalne aksessuaar \u00f5ues pildistamise entusiastidele, kes soovivad j\u00e4\u00e4dvustada erakordseid kaadreid ainulaadsest vaatenurgast. Need on varustatud vastupidavate alumiiniumsulamist klahvidega, mis v\u00f5imaldavad teil kaamerat h\u00f5lpsalt nii horisontaalselt kui ka vertikaalselt paigutada, kohandades seda vastavalt oma individuaalsetele vajadustele. 180\u00b0 t\u00f5stenurgaga riputusnupud v\u00f5imaldavad pildistada erinevate nurkade alt, mis parandab oluliselt pildistamiskogemust.<\/p>\n<p>\n<img decoding=\"async\" alt=\"\" border=\"0\" src=\"https:\/\/assets.innpro.pl\/8777\/10270\/6.jpg\"\/>\n<\/p>\n<h3>Lihtne kasutada ja mugav kanda<\/h3>\n<p>Puluzi rakmed on loodud h\u00f5lpsaks kasutamiseks ja mugavaks kandmiseks. Kinnituss\u00fcsteem on \u00e4\u00e4rmiselt lihtne \u2013 vajutage lihtsalt \u00fche k\u00e4ega m\u00f5lemal k\u00fcljel olevaid nuppe ja p\u00f6\u00f6rake 90 kraadi, et aksessuaari kiiresti eemaldada v\u00f5i kokku voltida. Paindlik reguleerimine ja neli reguleerimisklambrit muudavad rakmed sobivaks igale kehat\u00fc\u00fcbile, tagades kandmise ajal mugavuse ja stabiilsuse.<\/p>\n<p>\n<img decoding=\"async\" alt=\"\" border=\"0\" src=\"https:\/\/assets.innpro.pl\/8777\/10270\/1.jpg\"\/>\n<\/p>\n<h3>Ainulaadne perspektiiv ja unustamatud kaadrid<\/h3>\n<p>T\u00e4nu vestilaadsele disainile on Puluzi rakmeid lihtne selga panna ja \u00e4ra v\u00f5tta ning kaelaklambriga pildistamine v\u00f5imaldab j\u00e4\u00e4dvustada kaadreid esimese isiku perspektiivist, luues tugeva visuaalse efekti. See aksessuaar pole mitte ainult praktiline, vaid suurendab ka teie fotode realismi ja intensiivsust, pakkudes ainulaadset pildistamiskogemust.<\/p>\n<p>\n<img decoding=\"async\" alt=\"\" border=\"0\" src=\"https:\/\/assets.innpro.pl\/8777\/10270\/4.jpg\"\/>\n<\/p>\n<h3>Igaks s\u00fcndmuseks<\/h3>\n<p>Puluzi traksid on asendamatud kaaslased kaunite hetkede j\u00e4\u00e4dvustamisel nii \u00f5ues pildistades kui ka v\u00e4ljaspool seda. Saate neid kasutada reisil, jalgratta- v\u00f5i mootorrattas\u00f5idul, otse\u00fclekande kudumise j\u00e4\u00e4dvustamiseks v\u00f5i s\u00fcnnip\u00e4evapidude ajal. Vali Puluzi traksid mugavuse ja t\u00e4ieliku professionaalsuse vahel.<\/p>\n<p>\n<img decoding=\"async\" alt=\"\" border=\"0\" src=\"https:\/\/assets.innpro.pl\/8777\/10270\/2.jpg\"\/>\n<\/p>\n<div class=\"table-wrapper\">\n<p>\u0412\u00a0<\/p>\n<h3><\/h3>\n<table>\n<tbody>\n<tr>\n<th>Tootja<\/th>\n<td>Puluz<\/td>\n<\/tr>\n<tr>\n<th>Mudel<\/th>\n<td>PU1051B<\/td>\n<\/tr>\n<tr>\n<th>V\u00e4rv<\/th>\n<td>must<\/td>\n<\/tr>\n<tr>\n<th>\u00dchilduvus<\/th>\n<td>DJI: Osmo Action 5 Pro, Osmo Action 4, Osmo Action 3, Action 2, Osmo Action; Gopro: HERO13 Black, HERO12 Black, HERO11 Black Mini, HERO11 Black, HERO10 Black, HERO9 Black, HERO8 Black, HERO7 White, HERO7 Black, HERO7 Silver, UUS HERO, HERO6 Black, HERO5 Black, HERO5 Session, Hero Session, HERO4 Session, HERO4, HERO3+, HERO3, HERO2, HERO; Insta360: Ace Pro 2, Ace, Ace Pro<\/td>\n<\/tr>\n<\/tbody>\n<\/table>\n<\/div>\n","protected":false},"excerpt":{"rendered":"<p>PULUZ rinnarihmad spordikaameratele (sh Ace Pro 2, Osmo Action 5 Pro) mustad Puluzi rinnarihmad on ideaalne aksessuaar \u00f5ues pildistamise entusiastidele, kes soovivad j\u00e4\u00e4dvustada erakordseid kaadreid ainulaadsest vaatenurgast. Need on varustatud vastupidavate alumiiniumsulamist klahvidega, mis v\u00f5imaldavad teil kaamerat h\u00f5lpsalt nii horisontaalselt kui ka vertikaalselt paigutada, kohandades seda vastavalt oma individuaalsetele vajadustele. 180\u00b0 t\u00f5stenurgaga riputusnupud v\u00f5imaldavad pildistada [&#8230;]\n","protected":false},"featured_media":18412,"comment_status":"open","ping_status":"closed","template":"","meta":[],"product_brand":[149],"product_cat":[1044],"product_tag":[],"class_list":{"0":"post-18411","1":"product","2":"type-product","3":"status-publish","4":"has-post-thumbnail","6":"product_brand-puluz","7":"product_cat-straps-mounts-and-holders","9":"first","10":"outofstock","11":"taxable","12":"shipping-taxable","13":"purchasable","14":"product-type-simple"},"aioseo_notices":[],"_links":{"self":[{"href":"https:\/\/asura.lv\/et\/wp-json\/wp\/v2\/product\/18411","targetHints":{"allow":["GET"]}}],"collection":[{"href":"https:\/\/asura.lv\/et\/wp-json\/wp\/v2\/product"}],"about":[{"href":"https:\/\/asura.lv\/et\/wp-json\/wp\/v2\/types\/product"}],"replies":[{"embeddable":true,"href":"https:\/\/asura.lv\/et\/wp-json\/wp\/v2\/comments?post=18411"}],"wp:featuredmedia":[{"embeddable":true,"href":"https:\/\/asura.lv\/et\/wp-json\/wp\/v2\/media\/18412"}],"wp:attachment":[{"href":"https:\/\/asura.lv\/et\/wp-json\/wp\/v2\/media?parent=18411"}],"wp:term":[{"taxonomy":"product_brand","embeddable":true,"href":"https:\/\/asura.lv\/et\/wp-json\/wp\/v2\/product_brand?post=18411"},{"taxonomy":"product_cat","embeddable":true,"href":"https:\/\/asura.lv\/et\/wp-json\/wp\/v2\/product_cat?post=18411"},{"taxonomy":"product_tag","embeddable":true,"href":"https:\/\/asura.lv\/et\/wp-json\/wp\/v2\/product_tag?post=18411"}],"curies":[{"name":"wp","href":"https:\/\/api.w.org\/{rel}","templated":true}]}}