{"id":18519,"date":"2025-11-28T22:11:53","date_gmt":"2025-11-28T22:11:53","guid":{"rendered":"https:\/\/asura.lv\/product\/tempered-glass-for-iphone-15-torras-instaii-master\/"},"modified":"2025-12-12T15:06:42","modified_gmt":"2025-12-12T13:06:42","slug":"tempered-glass-for-iphone-15-torras-instaii-master","status":"publish","type":"product","link":"https:\/\/asura.lv\/et\/toode\/tempered-glass-for-iphone-15-torras-instaii-master\/","title":{"rendered":"Karastatud klaas iPhone 15 jaoks Torras InstaII Master"},"content":{"rendered":"<h3>Karastatud klaas iPhone 15 Torras InstaII Masterile<\/h3>\n<p>Torras InstaII Master on iPhone 15 jaoks loodud karastatud klaas, mis pakub k\u00f5rgeimat ekraanikaitset. Kolmekordse ioonvahetustehnoloogia kasutamine on v\u00f5imaldanud garanteerida kuni 10 korda suurema l\u00f6\u00f6gikindluse v\u00f5rreldes tavaliste ekraanikaitsetega. Lisatarvik s\u00e4ilitab ka k\u00f5rgeima ekraanikvaliteedi ja selle paigaldamisega ei teki mingeid raskusi.<\/p>\n<p>\n<img decoding=\"async\" border=\"0\" src=\"https:\/\/assets.innpro.pl\/8430\/9849\/2.jpg\"\/>\n<\/p>\n<h3>V\u00f5rratu vastupidavus<\/h3>\n<p>Torras InstaII Master karastatud klaasi iseloomustab erakordne vastupidavus, mida kinnitavad arvukad kvaliteeditestid. T\u00e4nu kolmekordsele ioonvahetustehnoloogiale ja spetsiaalsele X-silk-kattele pakub lisatarvik 200% suuremat vastupidavust ja 260% suuremat purunemiskindlust v\u00f5rreldes teiste turul olevate toodetega. V\u00f5ite olla kindel, et teie seade on t\u00f5husalt kaitstud kukkumiste, kriimustuste ja mehaaniliste kahjustuste eest.<\/p>\n<p>\n<img decoding=\"async\" border=\"0\" src=\"https:\/\/assets.innpro.pl\/8430\/9849\/8.jpg\"\/>\n<\/p>\n<h3>Kaitse kriimustuste ja plekkide eest<\/h3>\n<p>\u00dcks levinumaid probleeme nutitelefonikasutajate seas on kriimustused ja plekid ekraanil. Torras InstaII Master Glass klaasil on X-silk kate, mis minimeerib s\u00f5rmej\u00e4lgi ja plekke, nii et ekraan n\u00e4eb alati esteetiliselt meeldiv v\u00e4lja. 9H k\u00f5vadus tagab maksimaalse kaitse kriimustuste eest isegi raske kasutamise korral.<\/p>\n<p>\n<img decoding=\"async\" border=\"0\" src=\"https:\/\/assets.innpro.pl\/8430\/9849\/7.jpg\"\/>\n<\/p>\n<h3>K\u00f5rge l\u00e4bipaistvuse tase<\/h3>\n<p>T\u00e4nu Diamond Shield tehnoloogiale ei m\u00f5juta Torras InstaII Master Glass kuvatava pildi kvaliteeti. Suur l\u00e4bipaistvus ja originaalne 1080P resolutsioon muudavad v\u00e4rvid erksaks ning pildi teravaks ja selgeks. Lisaks kleepub lisatarvik ideaalselt ekraanile, m\u00f5jutamata puutetundlikkust v\u00f5i telefoni v\u00e4limust.<\/p>\n<p>\n<img decoding=\"async\" border=\"0\" src=\"https:\/\/assets.innpro.pl\/8430\/9849\/3.jpg\"\/>\n<\/p>\n<h3>T\u00e4ielik servakaitse<\/h3>\n<p>90% ekraanipragudest algavad servadest, seega pakub Torras InstaII Master \u00fclitugevaid servi, mis pakuvad usaldusv\u00e4\u00e4rset kaitset mehaaniliste kahjustuste eest. Selle tulemusel on teie telefon kaitstud igast k\u00fcljest ja kukkumisoht on viidud miinimumini.<\/p>\n<p>\n<img decoding=\"async\" border=\"0\" src=\"https:\/\/assets.innpro.pl\/8430\/9849\/6.jpg\"\/>\n<\/p>\n<h3>Murevaba paigaldus<\/h3>\n<p>Komplekt sisaldab InstaFit Frame&#8217;i, mis on uuenduslik kinnitusraam, mis lihtsustab klaasi paigaldamise protsessi. Sa pead vaid raami telefonile asetama ja seej\u00e4rel spetsiaalse teibi abil lisatarvikut ekraanile ideaalselt kinnitama \u2013 ilma pinge, mullide ja segaduseta.<\/p>\n<p>\n<img decoding=\"async\" border=\"0\" src=\"https:\/\/assets.innpro.pl\/8430\/9849\/1.jpg\"\/>\n<\/p>\n<h3>Komplektis:<\/h3>\n<ul class=\"list-disc pl-5\">\n<li>Karastatud klaas<\/li>\n<li>Paigaldusraam<\/li>\n<\/ul>\n<div class=\"table-wrapper\">\n<p>\u0412\u00a0<\/p>\n<h3><\/h3>\n<table>\n<tbody>\n<tr>\n<th>Tootja<\/th>\n<td>Torras<\/td>\n<\/tr>\n<tr>\n<th>Mudel<\/th>\n<td>InstaII Master<\/td>\n<\/tr>\n<tr>\n<th>\u00dchilduvus<\/th>\n<td>iPhone 15<\/td>\n<\/tr>\n<tr>\n<th>K\u00f5vadus<\/th>\n<td>9H<\/td>\n<\/tr>\n<\/tbody>\n<\/table>\n<\/div>\n","protected":false},"excerpt":{"rendered":"<p>Karastatud klaas iPhone 15 Torras InstaII Masterile Torras InstaII Master on iPhone 15 jaoks loodud karastatud klaas, mis pakub k\u00f5rgeimat ekraanikaitset. Kolmekordse ioonvahetustehnoloogia kasutamine on v\u00f5imaldanud garanteerida kuni 10 korda suurema l\u00f6\u00f6gikindluse v\u00f5rreldes tavaliste ekraanikaitsetega. Lisatarvik s\u00e4ilitab ka k\u00f5rgeima ekraanikvaliteedi ja selle paigaldamisega ei teki mingeid raskusi. V\u00f5rratu vastupidavus Torras InstaII Master karastatud klaasi iseloomustab [&#8230;]\n","protected":false},"featured_media":18520,"comment_status":"open","ping_status":"closed","template":"","meta":[],"product_brand":[538],"product_cat":[1317],"product_tag":[],"class_list":{"0":"post-18519","1":"product","2":"type-product","3":"status-publish","4":"has-post-thumbnail","6":"product_brand-torras","7":"product_cat-for-smartphones-tempered-glass-and-screen-protectors-gsm-accessories","9":"first","10":"outofstock","11":"taxable","12":"shipping-taxable","13":"purchasable","14":"product-type-simple"},"aioseo_notices":[],"_links":{"self":[{"href":"https:\/\/asura.lv\/et\/wp-json\/wp\/v2\/product\/18519","targetHints":{"allow":["GET"]}}],"collection":[{"href":"https:\/\/asura.lv\/et\/wp-json\/wp\/v2\/product"}],"about":[{"href":"https:\/\/asura.lv\/et\/wp-json\/wp\/v2\/types\/product"}],"replies":[{"embeddable":true,"href":"https:\/\/asura.lv\/et\/wp-json\/wp\/v2\/comments?post=18519"}],"wp:featuredmedia":[{"embeddable":true,"href":"https:\/\/asura.lv\/et\/wp-json\/wp\/v2\/media\/18520"}],"wp:attachment":[{"href":"https:\/\/asura.lv\/et\/wp-json\/wp\/v2\/media?parent=18519"}],"wp:term":[{"taxonomy":"product_brand","embeddable":true,"href":"https:\/\/asura.lv\/et\/wp-json\/wp\/v2\/product_brand?post=18519"},{"taxonomy":"product_cat","embeddable":true,"href":"https:\/\/asura.lv\/et\/wp-json\/wp\/v2\/product_cat?post=18519"},{"taxonomy":"product_tag","embeddable":true,"href":"https:\/\/asura.lv\/et\/wp-json\/wp\/v2\/product_tag?post=18519"}],"curies":[{"name":"wp","href":"https:\/\/api.w.org\/{rel}","templated":true}]}}