{"id":18537,"date":"2025-11-28T22:11:51","date_gmt":"2025-11-28T22:11:51","guid":{"rendered":"https:\/\/asura.lv\/product\/tempered-glass-for-samsung-s24-torras-install-master\/"},"modified":"2025-12-12T15:06:39","modified_gmt":"2025-12-12T13:06:39","slug":"tempered-glass-for-samsung-s24-torras-install-master","status":"publish","type":"product","link":"https:\/\/asura.lv\/et\/toode\/tempered-glass-for-samsung-s24-torras-install-master\/","title":{"rendered":"Karastatud klaas Samsung S24+ jaoks Torras Install Master"},"content":{"rendered":"<h3>Karastatud klaas Samsung S24+ Torras Install Masterile<\/h3>\n<p>Torras Install Master karastatud klaas on loodud spetsiaalselt Samsung S24+ jaoks. 9H+ k\u00f5vadusega lisatarvik hoiab seadet turvaliselt isegi k\u00f5ige ekstreemsemates tingimustes. Lisaks v\u00e4hendab see kahjulikku sinist valgust, toetades silmade tervist. Paigaldamine on sujuv ja v\u00f5tab vaid sekundi.<\/p>\n<p>\n<img decoding=\"async\" border=\"0\" src=\"https:\/\/assets.innpro.pl\/8435\/9854\/1.jpg\"\/>\n<\/p>\n<h3>Kukkumiskindlus<\/h3>\n<p>Torras lisatarvikut on testitud taluma kukkumisi umbes 2,44 meetri k\u00f5rguselt. S\u00f5jav\u00e4eklassi kaitsetehnoloogia tagab, et teie telefon on kaitstud ka k\u00f5ige raskemates olukordades. Nii et saate oma nutitelefoni kasutamist nautida, muretsemata selle ohutuse p\u00e4rast.<\/p>\n<p>\n<img decoding=\"async\" border=\"0\" src=\"https:\/\/assets.innpro.pl\/8435\/9854\/3.jpg\"\/>\n<\/p>\n<h3>9H+ k\u00f5vadus<\/h3>\n<p>Torras Install Master karastatud klaasi k\u00f5rge k\u00f5vadus pakub kaitset kriimustuste ja mehaaniliste kahjustuste eest. Isegi teravad esemed, n\u00e4iteks v\u00f5tmed v\u00f5i noad, ei suuda tarviku pinda kahjustada. Selle tulemusena n\u00e4eb teie nutitelefoni ekraan alati v\u00e4lja nagu uus.<\/p>\n<p>\n<img decoding=\"async\" border=\"0\" src=\"https:\/\/assets.innpro.pl\/8435\/9854\/4.jpg\"\/>\n<\/p>\n<h3>Teie seadme probleemivaba t\u00f6\u00f6<\/h3>\n<p>T\u00e4nu nanojuhtivustehnoloogiale pakub Torras Install Master klaas suurt puutetundlikkust. Kiire signaali\u00fclekanne muudab s\u00f5rmej\u00e4ljetuvastuse sama t\u00f5husaks kui originaalekraanil. Nautige oma nutitelefoni sujuvat ja probleemivaba kasutamist.<\/p>\n<p>\n<img decoding=\"async\" border=\"0\" src=\"https:\/\/assets.innpro.pl\/8435\/9854\/9.jpg\"\/>\n<\/p>\n<h3>Lihtne ja kiire paigaldus<\/h3>\n<p>Uuenduslik automaatne paigalduss\u00fcsteem muudab Torras Install Master klaasi paigaldamise lihtsaks. Vaid \u00fche kl\u00f5psuga saate lisatarviku t\u00e4pselt oma nutitelefoni ekraanile paigaldada. Spetsiaalne kate hoiab \u00e4ra \u00f5humullide tekkimise, tagades ideaalse sobivuse ja esteetiliselt meeldiva v\u00e4limuse.<\/p>\n<p>\n<img decoding=\"async\" border=\"0\" src=\"https:\/\/assets.innpro.pl\/8435\/9854\/2.jpg\"\/>\n<\/p>\n<h3>Kaitse s\u00f5rmej\u00e4lgede eest<\/h3>\n<p>Torras Install Master klaas on varustatud spetsiaalse kattega, mis hoiab \u00e4ra s\u00f5rmej\u00e4lgede ja m\u00e4\u00e4rdumise. Selle tulemusena n\u00e4eb seadme ekraan alati puhas ja esteetiliselt meeldiv v\u00e4lja. Lisaks on klaasi pind \u00e4\u00e4rmiselt sile ja v\u00f5imaldab seadet mugavalt kasutada.<\/p>\n<p>\n<img decoding=\"async\" border=\"0\" src=\"https:\/\/assets.innpro.pl\/8435\/9854\/5.jpg\"\/>\n<\/p>\n<h3>Silmade kaitse<\/h3>\n<p>Torrase toode on T\u00dcV Rheinlandi poolt sertifitseeritud kahjuliku sinise valguse v\u00e4hendamise v\u00f5ime eest. Seet\u00f5ttu on silmad nutitelefoni pikaajalisel kasutamisel v\u00e4hem altid v\u00e4simusele ja ebamugavustundele.<\/p>\n<p>\n<img decoding=\"async\" border=\"0\" src=\"https:\/\/assets.innpro.pl\/8435\/9854\/6.jpg\"\/>\n<\/p>\n<div class=\"table-wrapper\">\n<p>B\u00a0<\/p>\n<h3><\/h3>\n<table>\n<tbody>\n<tr>\n<th>Tootja<\/th>\n<td>Torras<\/td>\n<\/tr>\n<tr>\n<th>Mudel<\/th>\n<td>Install Master<\/td>\n<\/tr>\n<tr>\n<th>\u00dchilduvus<\/th>\n<td>Samsung S24+<\/td>\n<\/tr>\n<tr>\n<th>K\u00f5vadus<\/th>\n<td>9H+<\/td>\n<\/tr>\n<tr>\n<th>Sertifitseerimine<\/th>\n<td>T\u0413\u045aV Rheinland<\/td>\n<\/tr>\n<\/tbody>\n<\/table>\n<\/div>\n","protected":false},"excerpt":{"rendered":"<p>Karastatud klaas Samsung S24+ Torras Install Masterile Torras Install Master karastatud klaas on loodud spetsiaalselt Samsung S24+ jaoks. 9H+ k\u00f5vadusega lisatarvik hoiab seadet turvaliselt isegi k\u00f5ige ekstreemsemates tingimustes. Lisaks v\u00e4hendab see kahjulikku sinist valgust, toetades silmade tervist. Paigaldamine on sujuv ja v\u00f5tab vaid sekundi. Kukkumiskindlus Torras lisatarvikut on testitud taluma kukkumisi umbes 2,44 meetri k\u00f5rguselt. [&#8230;]\n","protected":false},"featured_media":18538,"comment_status":"open","ping_status":"closed","template":"","meta":[],"product_brand":[538],"product_cat":[1317],"product_tag":[],"class_list":{"0":"post-18537","1":"product","2":"type-product","3":"status-publish","4":"has-post-thumbnail","6":"product_brand-torras","7":"product_cat-for-smartphones-tempered-glass-and-screen-protectors-gsm-accessories","9":"first","10":"outofstock","11":"taxable","12":"shipping-taxable","13":"purchasable","14":"product-type-simple"},"aioseo_notices":[],"_links":{"self":[{"href":"https:\/\/asura.lv\/et\/wp-json\/wp\/v2\/product\/18537","targetHints":{"allow":["GET"]}}],"collection":[{"href":"https:\/\/asura.lv\/et\/wp-json\/wp\/v2\/product"}],"about":[{"href":"https:\/\/asura.lv\/et\/wp-json\/wp\/v2\/types\/product"}],"replies":[{"embeddable":true,"href":"https:\/\/asura.lv\/et\/wp-json\/wp\/v2\/comments?post=18537"}],"wp:featuredmedia":[{"embeddable":true,"href":"https:\/\/asura.lv\/et\/wp-json\/wp\/v2\/media\/18538"}],"wp:attachment":[{"href":"https:\/\/asura.lv\/et\/wp-json\/wp\/v2\/media?parent=18537"}],"wp:term":[{"taxonomy":"product_brand","embeddable":true,"href":"https:\/\/asura.lv\/et\/wp-json\/wp\/v2\/product_brand?post=18537"},{"taxonomy":"product_cat","embeddable":true,"href":"https:\/\/asura.lv\/et\/wp-json\/wp\/v2\/product_cat?post=18537"},{"taxonomy":"product_tag","embeddable":true,"href":"https:\/\/asura.lv\/et\/wp-json\/wp\/v2\/product_tag?post=18537"}],"curies":[{"name":"wp","href":"https:\/\/api.w.org\/{rel}","templated":true}]}}