{"id":18729,"date":"2025-11-28T22:11:35","date_gmt":"2025-11-28T22:11:35","guid":{"rendered":"https:\/\/asura.lv\/product\/niimbot-k3w-portable-label-printer-blue\/"},"modified":"2025-12-12T15:06:21","modified_gmt":"2025-12-12T13:06:21","slug":"niimbot-k3w-portable-label-printer-blue","status":"publish","type":"product","link":"https:\/\/asura.lv\/et\/toode\/niimbot-k3w-portable-label-printer-blue\/","title":{"rendered":"Niimbot K3W kaasaskantav etiketiprinter (sinine)"},"content":{"rendered":"<h3>Niimbot K3W kaasaskantav sildiprinter (sinine)<\/h3>\n<p>Niimbot K3W sildiprinter on v\u00f5imas seade, mis sobib suurep\u00e4raselt nii koduseks kui ka kontorikasutuseks. See toetab mitmesuguseid \u00fchilduva seadmega \u00fchenduse loomise viise, sealhulgas mugava t\u00f6\u00f6 tagamiseks 2,4G ribalaiuse kaudu. Kompaktsete m\u00f5\u00f5tmetega 232 x 145 x 148 mm ja kaaluga vaid 1,2 kg on printerit lihtne kaasas kanda ega v\u00f5ta laual palju ruumi. Niimbot K3W abil muutub esemete korraldamine ja m\u00e4rgistamine lihtsaks ja t\u00f5husaks, s\u00e4\u00e4stes aega.<\/p>\n<p>\n<img decoding=\"async\" border=\"0\" src=\"https:\/\/assets.innpro.pl\/8129\/9501\/4.jpg\"\/>\n<\/p>\n<h3>\u00dcletamatu prindikvaliteet<\/h3>\n<p>203 dpi eraldusv\u00f5imega on iga silt selge ja loetav, parandades oluliselt v\u00e4ljatr\u00fckkide esteetikat. Termotr\u00fckk v\u00e4listab tindi v\u00f5i toonerite vajaduse, v\u00e4hendades veelgi kommunaalkulusid. Seet\u00f5ttu v\u00f5ite loota vastupidavatele prinditud toodetele, mis on pleekimis- ja m\u00e4\u00e4rdumiskindlad, muutes Niimbot K3W ideaalseks mitmesuguste siltide printimiseks.<\/p>\n<p>\n<img decoding=\"async\" border=\"0\" src=\"https:\/\/assets.innpro.pl\/8129\/9501\/6.jpg\"\/>\n<\/p>\n<h3>Kiire printimine<\/h3>\n<p>Printimiskiirus 180 mm\/s v\u00f5imaldab teil l\u00fchikese aja jooksul kiiresti ette valmistada suure hulga silte. See on ideaalne ettev\u00f5tetele, kes peavad tooteid v\u00f5i dokumente kiiresti m\u00e4rgistama. Suur printimiskiirus ei kahjusta kvaliteeti, muutes Niimbot K3W ideaalseks rakenduste jaoks, mis n\u00f5uavad nii tootlikkust kui ka t\u00e4psust. See v\u00f5imaldab printeril rahuldada mitmesuguste t\u00f6\u00f6stusharude vajadusi, alates logistikast kuni jaem\u00fc\u00fcgini, kus kiire ja t\u00e4pne m\u00e4rgistamine on \u00fclioluline.<\/p>\n<p>\n<img decoding=\"async\" border=\"0\" src=\"https:\/\/assets.innpro.pl\/8129\/9501\/5.jpg\"\/>\n<\/p>\n<h3>Lai \u00fchilduvus<\/h3>\n<p>Niimbot K3W printer \u00fchildub paljude seadmete ja operatsioonis\u00fcsteemidega, sealhulgas Androidi, iOS-i ja Windows 7\/10-ga, ning saate selle samaaegselt siduda 10 nutitelefoniga (3 iOS-i ja 7 Androidi). \u00dchenduvus WiFi, Bluetoothi \u200b\u200bja USB kaudu muudab erinevate seadmetega \u00fchendamise lihtsaks ja kiireks, pakkudes lisamugavust. See v\u00f5imaldab teil printida silte otse nutitelefonidest, tahvelarvutitest v\u00f5i arvutitest, parandades oluliselt teie t\u00f6\u00f6protsessi.<\/p>\n<p>\n<img decoding=\"async\" border=\"0\" src=\"https:\/\/assets.innpro.pl\/8129\/9501\/2.jpg\"\/>\n<\/p>\n<h3>Kasutajas\u00f5bralik<\/h3>\n<p>Niimbot K3W toetab silte laiusega 20 mm kuni 80 mm ja pikkusega 15 mm kuni 300 mm. Lisaks toetab see Niimboti sildirullide RFID-funktsiooni, mis v\u00f5imaldab sildi t\u00fc\u00fcbi automaatset tuvastamist ja muudab teie t\u00f6\u00f6 veelgi lihtsamaks. Selle funktsiooni abil saate sildit\u00fc\u00fcpe kiiresti ja h\u00f5lpsalt muuta ilma printimisparameetreid k\u00e4sitsi m\u00e4\u00e4ramata, mis kiirendab oluliselt sildistamise protsessi.<\/p>\n<p>\n<img decoding=\"async\" border=\"0\" src=\"https:\/\/assets.innpro.pl\/8129\/9501\/3.jpg\"\/>\n<\/p>\n<h3>Spetsiaalne rakendus<\/h3>\n<p>App Store&#8217;is ja Google Plays saadaval olev Niimboti rakendus v\u00f5imaldab teil h\u00f5lpsalt silte otse telefonist v\u00f5i tahvelarvutist kujundada ja printida. Saate kasutada mitmesuguseid eelnevalt valmistatud malle v\u00f5i luua oma kujundusi, mis annab teile t\u00e4ieliku kontrolli oma siltide v\u00e4limuse \u00fcle. T\u00e4nu pilvega s\u00fcnkroonimise v\u00f5imalusele saab siltide kujundusi veebis salvestada ja neile juurde p\u00e4\u00e4seda mitmesugustest seadmetest, mis muudab kasutamise veelgi mugavamaks.<\/p>\n<p>\n<img decoding=\"async\" border=\"0\" src=\"https:\/\/assets.innpro.pl\/8129\/9501\/7.jpg\"\/>\n<\/p>\n<h3>Kaasas<\/h3>\n<ul class=\"list-disc pl-5\">\n<li>termoprinter<\/li>\n<li>\n<p style=\"text-align:justify\">50 x 30 mm sildirull<\/p>\n<\/li>\n<li>\n<p style=\"text-align:justify\">USB-kaabel<\/p>\n<\/li>\n<li>\n<p style=\"text-align:justify\">toitekaabel<\/p>\n<\/li>\n<li>\n<p style=\"text-align:justify\">toiteadapter<\/p>\n<\/li>\n<li>\n<p style=\"text-align:justify\">kasutusjuhend<\/p>\n<\/li>\n<\/ul>\n<div class=\"table-wrapper\">\n<p>\u0412\u00a0<\/p>\n<h3><\/h3>\n<table>\n<tbody>\n<tr>\n<th>Tootja<\/th>\n<td>Niimbot<\/td>\n<\/tr>\n<tr>\n<th>Mudel<\/th>\n<td>K3W<\/td>\n<\/tr>\n<tr>\n<th>V\u00e4rv<\/th>\n<td>sinine<\/td>\n<\/tr>\n<tr>\n<th>M\u00f5\u00f5tmed<\/th>\n<td>232 x 145 x 148 mm<\/td>\n<\/tr>\n<tr>\n<th>Kaal<\/th>\n<td>1,2 kg<\/td>\n<\/tr>\n<tr>\n<th>T\u00fc\u00fcp<\/th>\n<td>termiline<\/td>\n<\/tr>\n<tr>\n<th>Eraldusv\u00f5ime<\/th>\n<td>203 DPI<\/td>\n<\/tr>\n<tr>\n<th>Printimiskiirus<\/th>\n<td>180 mm\/s Max.<\/td>\n<\/tr>\n<tr>\n<th>Sildi laius<\/th>\n<td>80 mm<\/td>\n<\/tr>\n<tr>\n<th>Sildi pikkus<\/th>\n<td>15\u2013300 mm<\/td>\n<\/tr>\n<tr>\n<th>\u00dchendus<\/th>\n<td>Wi-Fi 2.4 G, Bluetooth, USB<\/td>\n<\/tr>\n<tr>\n<th>Toitepinge<\/th>\n<td>24 V \/ 2,5 A<\/td>\n<\/tr>\n<\/tbody>\n<\/table>\n<\/div>\n","protected":false},"excerpt":{"rendered":"<p>Niimbot K3W kaasaskantav sildiprinter (sinine) Niimbot K3W sildiprinter on v\u00f5imas seade, mis sobib suurep\u00e4raselt nii koduseks kui ka kontorikasutuseks. See toetab mitmesuguseid \u00fchilduva seadmega \u00fchenduse loomise viise, sealhulgas mugava t\u00f6\u00f6 tagamiseks 2,4G ribalaiuse kaudu. Kompaktsete m\u00f5\u00f5tmetega 232 x 145 x 148 mm ja kaaluga vaid 1,2 kg on printerit lihtne kaasas kanda ega v\u00f5ta laual [&#8230;]\n","protected":false},"featured_media":18730,"comment_status":"open","ping_status":"closed","template":"","meta":[],"product_brand":[470],"product_cat":[1020],"product_tag":[],"class_list":{"0":"post-18729","1":"product","2":"type-product","3":"status-publish","4":"has-post-thumbnail","6":"product_brand-niimbot","7":"product_cat-labels","9":"first","10":"outofstock","11":"taxable","12":"shipping-taxable","13":"purchasable","14":"product-type-simple"},"aioseo_notices":[],"_links":{"self":[{"href":"https:\/\/asura.lv\/et\/wp-json\/wp\/v2\/product\/18729","targetHints":{"allow":["GET"]}}],"collection":[{"href":"https:\/\/asura.lv\/et\/wp-json\/wp\/v2\/product"}],"about":[{"href":"https:\/\/asura.lv\/et\/wp-json\/wp\/v2\/types\/product"}],"replies":[{"embeddable":true,"href":"https:\/\/asura.lv\/et\/wp-json\/wp\/v2\/comments?post=18729"}],"wp:featuredmedia":[{"embeddable":true,"href":"https:\/\/asura.lv\/et\/wp-json\/wp\/v2\/media\/18730"}],"wp:attachment":[{"href":"https:\/\/asura.lv\/et\/wp-json\/wp\/v2\/media?parent=18729"}],"wp:term":[{"taxonomy":"product_brand","embeddable":true,"href":"https:\/\/asura.lv\/et\/wp-json\/wp\/v2\/product_brand?post=18729"},{"taxonomy":"product_cat","embeddable":true,"href":"https:\/\/asura.lv\/et\/wp-json\/wp\/v2\/product_cat?post=18729"},{"taxonomy":"product_tag","embeddable":true,"href":"https:\/\/asura.lv\/et\/wp-json\/wp\/v2\/product_tag?post=18729"}],"curies":[{"name":"wp","href":"https:\/\/api.w.org\/{rel}","templated":true}]}}