{"id":18819,"date":"2025-11-28T22:11:29","date_gmt":"2025-11-28T22:11:29","guid":{"rendered":"https:\/\/asura.lv\/product\/dogness-automatic-leash-5m-with-flashlight-and-bag-container-red\/"},"modified":"2025-12-12T15:06:14","modified_gmt":"2025-12-12T13:06:14","slug":"dogness-automatic-leash-5m-with-flashlight-and-bag-container-red","status":"publish","type":"product","link":"https:\/\/asura.lv\/et\/toode\/dogness-automatic-leash-5m-with-flashlight-and-bag-container-red\/","title":{"rendered":"Dogness automaatne jalutusrihm 5m taskulambi ja kotiga (punane)"},"content":{"rendered":"<h3>Dognessi automaatne jalutusrihm taskulambi ja kotiga (punane).<\/h3>\n<p>5 meetri pikkune Dognessi automaatne jalutusrihm on varustatud praktiliste lisatarvikutega, n\u00e4iteks LED-taskulamp ja kotiga, et tagada ohutus ja mugavus iga jalutusk\u00e4igu ajal teie koeraga. See on valmistatud vastupidavatest materjalidest.<\/p>\n<p>\n<img decoding=\"async\" border=\"0\" src=\"https:\/\/assets.innpro.pl\/8680\/10161\/1.jpg\"\/>\n<\/p>\n<h3>Naudi oma jalutusk\u00e4ike<\/h3>\n<p>Veenduge, et jalutusk\u00e4igud lemmikloomaga pakuvad r\u00f5\u00f5mu nii teile kui ka temale. Jalutusrihmaga on kaasas vahetatavad lisatarvikud \u2013 saate neid korraga paigaldada kaks. Muuhulgas on teie k\u00e4sutuses kott, mis teeb lemmiklooma j\u00e4relt koristamise lihtsaks, ja LED-taskulamp t\u00e4iendava ohutuse tagamiseks pimedal ajal.<\/p>\n<p>\n<img decoding=\"async\" border=\"0\" src=\"https:\/\/assets.innpro.pl\/8680\/10161\/5.jpg\"\/>\n<\/p>\n<h3>Puhastatud konstruktsioon<\/h3>\n<p>Jahma valmistamiseks on kasutatud vastupidavaid materjale nagu TPE, nailonrihm ja tsingisulam. Ergonoomiline k\u00e4epide pakub mugavust ja stabiilsust. Patenteeritud teleskoopmehhanism tagab jalutusrihma sujuva pikendamise ja tagasit\u00f5mbamise. Lukustuss\u00fcsteem suurendab kontrolli teie lemmiklooma \u00fcle.<\/p>\n<p>\n<img decoding=\"async\" border=\"0\" src=\"https:\/\/assets.innpro.pl\/8680\/10161\/8.jpg\"\/>\n<\/p>\n<h3>Komplektis:<\/h3>\n<ul class=\"list-disc pl-5\">\n<li>Jahmarihm<\/li>\n<li>Taskulamp<\/li>\n<li>Kottkonteiner<\/li>\n<\/ul>\n<div class=\"table-wrapper\">\n<p>\u0412\u00a0<\/p>\n<h3><\/h3>\n<table>\n<tbody>\n<tr>\n<th>Tootja<\/th>\n<td>Koeraomadus<\/td>\n<\/tr>\n<tr>\n<th>Mudel<\/th>\n<td>JS04 Punane<\/td>\n<\/tr>\n<tr>\n<th>Pikkus<\/th>\n<td>5 m<\/td>\n<\/tr>\n<tr>\n<th>Materjal<\/th>\n<td>TPE, nailonteip (pael), tsingisulam (pannal)<\/td>\n<\/tr>\n<tr>\n<th>V\u00e4rv<\/th>\n<td>punane<\/td>\n<\/tr>\n<\/tbody>\n<\/table>\n<\/div>\n","protected":false},"excerpt":{"rendered":"<p>Dognessi automaatne jalutusrihm taskulambi ja kotiga (punane). 5 meetri pikkune Dognessi automaatne jalutusrihm on varustatud praktiliste lisatarvikutega, n\u00e4iteks LED-taskulamp ja kotiga, et tagada ohutus ja mugavus iga jalutusk\u00e4igu ajal teie koeraga. See on valmistatud vastupidavatest materjalidest. Naudi oma jalutusk\u00e4ike Veenduge, et jalutusk\u00e4igud lemmikloomaga pakuvad r\u00f5\u00f5mu nii teile kui ka temale. Jalutusrihmaga on kaasas vahetatavad lisatarvikud [&#8230;]\n","protected":false},"featured_media":18820,"comment_status":"open","ping_status":"closed","template":"","meta":[],"product_brand":[580],"product_cat":[1278],"product_tag":[],"class_list":{"0":"post-18819","1":"product","2":"type-product","3":"status-publish","4":"has-post-thumbnail","6":"product_brand-dogness","7":"product_cat-walking-and-transportation","9":"first","10":"outofstock","11":"taxable","12":"shipping-taxable","13":"purchasable","14":"product-type-simple"},"aioseo_notices":[],"_links":{"self":[{"href":"https:\/\/asura.lv\/et\/wp-json\/wp\/v2\/product\/18819","targetHints":{"allow":["GET"]}}],"collection":[{"href":"https:\/\/asura.lv\/et\/wp-json\/wp\/v2\/product"}],"about":[{"href":"https:\/\/asura.lv\/et\/wp-json\/wp\/v2\/types\/product"}],"replies":[{"embeddable":true,"href":"https:\/\/asura.lv\/et\/wp-json\/wp\/v2\/comments?post=18819"}],"wp:featuredmedia":[{"embeddable":true,"href":"https:\/\/asura.lv\/et\/wp-json\/wp\/v2\/media\/18820"}],"wp:attachment":[{"href":"https:\/\/asura.lv\/et\/wp-json\/wp\/v2\/media?parent=18819"}],"wp:term":[{"taxonomy":"product_brand","embeddable":true,"href":"https:\/\/asura.lv\/et\/wp-json\/wp\/v2\/product_brand?post=18819"},{"taxonomy":"product_cat","embeddable":true,"href":"https:\/\/asura.lv\/et\/wp-json\/wp\/v2\/product_cat?post=18819"},{"taxonomy":"product_tag","embeddable":true,"href":"https:\/\/asura.lv\/et\/wp-json\/wp\/v2\/product_tag?post=18819"}],"curies":[{"name":"wp","href":"https:\/\/api.w.org\/{rel}","templated":true}]}}