{"id":18891,"date":"2025-11-28T22:11:21","date_gmt":"2025-11-28T22:11:21","guid":{"rendered":"https:\/\/asura.lv\/product\/earfun-uboom-raver-bluetooth-wireless-speaker\/"},"modified":"2025-12-12T15:06:10","modified_gmt":"2025-12-12T13:06:10","slug":"earfun-uboom-raver-bluetooth-wireless-speaker","status":"publish","type":"product","link":"https:\/\/asura.lv\/et\/toode\/earfun-uboom-raver-bluetooth-wireless-speaker\/","title":{"rendered":"EarFun UBOOM Raver Bluetooth juhtmevaba k\u00f5lar"},"content":{"rendered":"<h3>EarFun UBOOM Raver Bluetooth juhtmevaba k\u00f5lar<\/h3>\n<p>EarFun UBOOM Raver Bluetooth juhtmevaba k\u00f5lar \u00fchendab endas v\u00f5imsa heli ja silmapaistva disaini, muutes selle ideaalseks valikuks k\u00f5igile, kes otsivad v\u00f5imsat heli kompaktses pakendis. 90-vatise koguv\u00f5imsuse ja v\u00e4rvilise taustvalgustusega viib EarFun UBOOM Raver iga peo kindlasti j\u00e4rgmisele tasemele. M\u00e4rkus: Uboom Raveri jaoks on saadaval <a href=\"https:\/\/s3.eu-central-1.amazonaws.com\/files.innpro.pl\/earfun\/6974173980442\/9.25+Tuned+EarFun+UBOOM+Raver1_C_202409251955_T.zip\">v\u00e4rskendus<\/a>, mis pakub paremat bassi ja heli. V\u00e4rskendusprotsessi korrektseks l\u00e4bimiseks kopeerige tarkvara lihtsalt t\u00fchjale USB-m\u00e4lupulgale, k\u00e4ivitage k\u00f5lar ja asetage m\u00e4lupulk k\u00f5larisse. 20\u201330 sekundi p\u00e4rast kuulete iseloomulikku heli. Seadme automaatne v\u00e4ljal\u00fclitumine t\u00e4hendab, et v\u00e4rskendus on \u00f5nnestunud. Taask\u00e4ivitage k\u00f5lar ja nautige oma lemmiklaulude heli!<\/p>\n<p><img decoding=\"async\" src=\"https:\/\/assets.innpro.pl\/8091\/9437\/4.jpg\" border=\"0\" \/><\/p>\n<h3>V\u00f5imas heli<\/h3>\n<p>EarFun UBOOM Raver pakub muljetavaldavat koguv\u00e4ljundv\u00f5imsust 90 vatti, kusjuures kaks bassik\u00f5larit annavad kumbki 40 vatti ja k\u00f5rgsagedusk\u00f5lar lisaks 10 vatti. See konfiguratsioon tagab d\u00fcnaamilise ja rikkaliku heli, mis t\u00e4idab iga ruumi. Veelgi parema helikogemuse saamiseks saate kaks k\u00f5larit Bluetoothi \u200b\u200b\u200b\u200bkaudu \u00fchendada. Lisaks on k\u00f5laril mikrofoni\u00fchendus, mis teeb selle ideaalseks karaoke ja pidude jaoks.<\/p>\n<p><img decoding=\"async\" src=\"https:\/\/assets.innpro.pl\/8091\/9437\/2.jpg\" border=\"0\" \/><\/p>\n<h3>Mitmek\u00fclgsed taasesitusv\u00f5imalused<\/h3>\n<p>EarFun UBOOM Raver k\u00f5lar pakub mitmeid heli taasesitusv\u00f5imalusi, muutes selle \u00e4\u00e4rmiselt mitmek\u00fclgseks seadmeks. Muusikat saab nautida Bluetooth 5.0 kaudu, kasutades 3,5 mm AUX-kaablit, m\u00e4lupulka v\u00f5i TF-kaarti. Olenemata allikast pakub UBOOM Raver suurep\u00e4rast helikvaliteeti, mis vastab teie vajadustele.<\/p>\n<p><img decoding=\"async\" src=\"https:\/\/assets.innpro.pl\/8091\/9437\/6.jpg\" border=\"0\" \/><\/p>\n<h3>Kasutajaid silmas pidades<\/h3>\n<p>EarFun UBOOM Raver pakub \u00fche laadimisega kuni 6 tundi pidevat taasesitust, mis teeb sellest ideaalse kaaslase igaks s\u00fcndmuseks. Lisaks on k\u00f5lar IPX5 veekindluse sertifikaadiga, mis t\u00e4hendab, et see on pritsme- ja vihmakindel. V\u00f5ite selle kaasa v\u00f5tta basseini, randa v\u00f5i piknikule, ilma et peaksite muretsema oma seadmete kahjustamise p\u00e4rast.<\/p>\n<p><img decoding=\"async\" src=\"https:\/\/assets.innpro.pl\/8091\/9437\/5.jpg\" border=\"0\" \/><\/p>\n<h3>Silmatorkav RGB-taustvalgustus<\/h3>\n<p>Lisage oma muusikale visuaalset s\u00e4ra sisseehitatud RGB-taustvalgustusega. EarFun UBOOM Raver pakub mitmesuguseid valgusefekte, mis s\u00fcnkroonivad teie muusika r\u00fctmiga, luues h\u00e4mmastava atmosf\u00e4\u00e4ri. RGB-taustvalgustus sobib ideaalselt \u00f5htusteks pidudeks, mis kindlasti pilkup\u00fc\u00fcdvad ja lisab igale koosviibimisele ainulaadse atmosf\u00e4\u00e4ri.<\/p>\n<p><img decoding=\"async\" src=\"https:\/\/assets.innpro.pl\/8091\/9437\/9.jpg\" border=\"0\" \/><\/p>\n<div class=\"table-wrapper\">\n<p>\u0412\u00a0<\/p>\n<h3>\u0412\u00a0<\/h3>\n<table>\n<tbody>\n<tr>\n<th>Tootja<\/th>\n<td>EarFun<\/td>\n<\/tr>\n<tr>\n<th>Mudel<\/th>\n<td>UBOOM Raver<\/td>\n<\/tr>\n<tr>\n<th>RMS<\/th>\n<td>40 W<\/td>\n<\/tr>\n<tr>\n<th>Kogu v\u00e4ljundv\u00f5imsus<\/th>\n<td>90 W<\/td>\n<\/tr>\n<tr>\n<th>Subwoofer<\/th>\n<td>40 W x2<\/td>\n<\/tr>\n<tr>\n<th>K\u00f5rgsagedusvaljuh\u00e4\u00e4ldi<\/th>\n<td>10 W<\/td>\n<\/tr>\n<tr>\n<th>Heli taasesituse valikud<\/th>\n<td>Bluetooth 5.0 \/ 3,5 mm AUX-kaabel \/ m\u00e4lupulk \/ TF-kaart<\/td>\n<\/tr>\n<tr>\n<th>T\u00f6\u00f6aeg<\/th>\n<td>Kuni 6 tundi<\/td>\n<\/tr>\n<tr>\n<th>Aku mahtuvus<\/th>\n<td>8000 mAh (7,4 V \/ 4000 mAh)<\/td>\n<\/tr>\n<tr>\n<th>Laadimisliides<\/th>\n<td>USB-C<\/td>\n<\/tr>\n<tr>\n<th>Veekindlus<\/th>\n<td>IPX5<\/td>\n<\/tr>\n<tr>\n<th>Taustvalgustus<\/th>\n<td>Jah, RGB<\/td>\n<\/tr>\n<tr>\n<th>Materjal<\/th>\n<td>ABS<\/td>\n<\/tr>\n<tr>\n<th>M\u00f5\u00f5tmed<\/th>\n<td>359 x 138 x 194 mm<\/td>\n<\/tr>\n<\/tbody>\n<\/table>\n<\/div>\n","protected":false},"excerpt":{"rendered":"<p>EarFun UBOOM Raver Bluetooth juhtmevaba k\u00f5lar EarFun UBOOM Raver Bluetooth juhtmevaba k\u00f5lar \u00fchendab endas v\u00f5imsa heli ja silmapaistva disaini, muutes selle ideaalseks valikuks k\u00f5igile, kes otsivad v\u00f5imsat heli kompaktses pakendis. 90-vatise koguv\u00f5imsuse ja v\u00e4rvilise taustvalgustusega viib EarFun UBOOM Raver iga peo kindlasti j\u00e4rgmisele tasemele. M\u00e4rkus: Uboom Raveri jaoks on saadaval v\u00e4rskendus, mis pakub paremat bassi [&#8230;]\n","protected":false},"featured_media":18892,"comment_status":"open","ping_status":"closed","template":"","meta":[],"product_brand":[399],"product_cat":[1041],"product_tag":[],"class_list":{"0":"post-18891","1":"product","2":"type-product","3":"status-publish","4":"has-post-thumbnail","6":"product_brand-earfun","7":"product_cat-bluetooth-portable-speakers-speakers","9":"first","10":"outofstock","11":"taxable","12":"shipping-taxable","13":"purchasable","14":"product-type-simple"},"aioseo_notices":[],"_links":{"self":[{"href":"https:\/\/asura.lv\/et\/wp-json\/wp\/v2\/product\/18891","targetHints":{"allow":["GET"]}}],"collection":[{"href":"https:\/\/asura.lv\/et\/wp-json\/wp\/v2\/product"}],"about":[{"href":"https:\/\/asura.lv\/et\/wp-json\/wp\/v2\/types\/product"}],"replies":[{"embeddable":true,"href":"https:\/\/asura.lv\/et\/wp-json\/wp\/v2\/comments?post=18891"}],"wp:featuredmedia":[{"embeddable":true,"href":"https:\/\/asura.lv\/et\/wp-json\/wp\/v2\/media\/18892"}],"wp:attachment":[{"href":"https:\/\/asura.lv\/et\/wp-json\/wp\/v2\/media?parent=18891"}],"wp:term":[{"taxonomy":"product_brand","embeddable":true,"href":"https:\/\/asura.lv\/et\/wp-json\/wp\/v2\/product_brand?post=18891"},{"taxonomy":"product_cat","embeddable":true,"href":"https:\/\/asura.lv\/et\/wp-json\/wp\/v2\/product_cat?post=18891"},{"taxonomy":"product_tag","embeddable":true,"href":"https:\/\/asura.lv\/et\/wp-json\/wp\/v2\/product_tag?post=18891"}],"curies":[{"name":"wp","href":"https:\/\/api.w.org\/{rel}","templated":true}]}}