{"id":18897,"date":"2025-11-28T22:11:21","date_gmt":"2025-11-28T22:11:21","guid":{"rendered":"https:\/\/asura.lv\/product\/wireless-earphones-tws-earfun-air-pro-4-anc-black\/"},"modified":"2025-12-12T15:06:10","modified_gmt":"2025-12-12T13:06:10","slug":"wireless-earphones-tws-earfun-air-pro-4-anc-black","status":"publish","type":"product","link":"https:\/\/asura.lv\/et\/toode\/wireless-earphones-tws-earfun-air-pro-4-anc-black\/","title":{"rendered":"Juhtmevabad k\u00f5rvaklapid TWS EarFun Air Pro 4, ANC (must)"},"content":{"rendered":"<h3>TWS EarFun Air Pro 4 k\u00f5rvaklapid, ANC (must)<\/h3>\n<p>Tutvuge EarFun Air Pro 4-ga &#8211; TWS juhtmevabad k\u00f5rvaklapid, mis \u00fchendavad endas suurep\u00e4rase helikvaliteedi, t\u00e4iustatud tehnoloogia ja stiilse disaini. Need pakuvad h\u00e4mmastavat heli Hi-Res Audio kvaliteediga. Qualcomm QC3091 kiibistiku, Snapdragon Soundi ja aptX Lossless koodeki kombinatsioon garanteerib v\u00f5rratu selguse ja helis\u00fcgavuse, v\u00f5imaldades teil nautida iga muusikalist detaili stuudiokvaliteediga t\u00e4psusega. Intelligentse ANC m\u00fcrasummutuse, madala latentsusega m\u00e4ngure\u017eiimi, mitme Bluetooth-\u00fchenduse re\u017eiimi ja pika t\u00f6\u00f6ajaga sobivad need k\u00f5rvaklapid ideaalselt k\u00f5igile, kes ei soovi helikvaliteedi ja mugavuse osas j\u00e4releandmisi teha.<\/p>\n<p>\n<img decoding=\"async\" border=\"0\" src=\"https:\/\/assets.innpro.pl\/8087\/9433\/3.jpg\"\/>\n<\/p>\n<h3>V\u00f5rratu helikvaliteet<\/h3>\n<p>10-millimeetriste d\u00fcnaamiliste draiveritega pakuvad EarFun Air Pro 4 v\u00f5imsat bassi ning selgeid k\u00f5rgeid ja keskmisi sagedusi. Hi-Res Audio toel pakuvad k\u00f5rvaklapid enneolematut selgust ja s\u00fcgavust, taasesitades teie lemmikmuusika iga detaili enneolematu t\u00e4psusega.<\/p>\n<p>\n<img decoding=\"async\" border=\"0\" src=\"https:\/\/assets.innpro.pl\/8087\/9433\/2.jpg\"\/>\n<\/p>\n<h3>Kuulake oma lemmikmuusika helisid<\/h3>\n<p>EarFun Air Pro 4 abil saate nautida oma muusikat k\u00f5rgeima v\u00f5imaliku kvaliteediga kadudeta Bluetooth-edastusega. LDAC-koodek v\u00f5imaldab kolm korda suuremat andmeedastust kui tavalised Bluetooth-koodekid, pakkudes stuudiokvaliteedile l\u00e4hedast k\u00f5rglahutusega heli. aptX Lossless seevastu s\u00e4ilitab suurep\u00e4rase heli selguse, tagades, et iga detaili saab kuulda nagu originaalsalvestuses.<\/p>\n<p>\n<img decoding=\"async\" border=\"0\" src=\"https:\/\/assets.innpro.pl\/8087\/9433\/5.jpg\"\/>\n<\/p>\n<h3>Uuenduslik ANC-tehnoloogia<\/h3>\n<p>EarFun Air Pro 4 kasutab ANC (aktiivse m\u00fcrasummutus) tehnoloogiat, mis tagab ideaalse heliisolatsiooni kuni 50 dB. Kasutatav tehnoloogia kohandub nutikalt keskkonnaga, anal\u00fc\u00fcsides v\u00e4list m\u00fcrataset reaalajas, et tagada soovimatute helide k\u00f5ige t\u00f5husam summutamine. K\u00f5rvaklappidel on neli m\u00fcrasummutusre\u017eiimi \u2013 k\u00f5rge m\u00fcrasummutus, madal m\u00fcrasummutus, \u00fcmbritseva heli re\u017eiim, et p\u00fcsida \u00fchenduses \u00fcmbritseva keskkonnaga, ja tuule summutus \u2013 hindamatud telefonik\u00f5nede tegemiseks v\u00f5i tuulisel p\u00e4eval \u00f5ues muusika kuulamiseks.<\/p>\n<p>\n<img decoding=\"async\" border=\"0\" src=\"https:\/\/assets.innpro.pl\/8087\/9433\/8.jpg\"\/>\n<\/p>\n<h3>P\u00fcsige \u00fchenduses l\u00e4hedastega<\/h3>\n<p>Pole t\u00e4htis, kus te olete, n\u00fc\u00fcd saate vabalt telefonik\u00f5nesid teha, olles kindel, et teie l\u00e4hedased kuulevad k\u00f5ike, mida teil neile \u00f6elda on! K\u00f5rvaklappidel on 6 sisseehitatud mikrofoni, mis kasutavad intelligentset algoritmi koos Qualcomm cVc 8.0 tehnoloogiaga. See kombinatsioon pakub suurep\u00e4rast \u00fcmbritseva m\u00fcra v\u00e4hendamist ja k\u00f5nekvaliteedi parandamist, tagades kristallselged k\u00f5ned isegi l\u00e4rmakates v\u00f5i tuulistes tingimustes.<\/p>\n<p>\n<img decoding=\"async\" border=\"0\" src=\"https:\/\/assets.innpro.pl\/8087\/9433\/6.jpg\"\/>\n<\/p>\n<h3>Rohkem aega muusika kuulamiseks<\/h3>\n<p>Unustage katkestused oma lemmikesitusloendite esitamise ajal! Kui ANC on sisse l\u00fclitatud, pakuvad k\u00f5rvaklapid kuni 7,5 tundi kasutusaega ja kaasasolev laadimis\u00fcmbris pikendab nende t\u00f6\u00f6aega veel 27,5 tunni v\u00f5rra. Kui ANC on v\u00e4lja l\u00fclitatud, saate \u00fcmbrisega muusikat kuulata kuni 52 tundi! Lisaks saab Air Pro 4 p\u00e4rast vaid 10-minutilist laadimist teiega veel 2 tundi kaasas olla.<\/p>\n<p>\n<img decoding=\"async\" border=\"0\" src=\"https:\/\/assets.innpro.pl\/8087\/9433\/7.jpg\"\/>\n<\/p>\n<h3>Bluetooth 5.4 \u2013 stabiilne ja usaldusv\u00e4\u00e4rne \u00fchendus<\/h3>\n<p>EarFun Air Pro 4 kasutab Bluetooth 5.4 uusimat versiooni, mis tagab usaldusv\u00e4\u00e4rse ja kiire \u00fchenduse. V\u00f5imalusega luua \u00fchendus kahe seadmega korraga, saate h\u00f5lpsalt telefoni ja s\u00fclearvuti vahel vahetada ilma uuesti sidumist alustamata. Google Fast Pair muudab Android-seadmetega sidumise imelihtsaks ja AURACAST-tehnoloogia v\u00f5imaldab teil jagada heli \u00fchest seadmest mitme k\u00f5rvaklappide v\u00f5i k\u00f5larite paari vahel.<\/p>\n<p>\n<img decoding=\"async\" border=\"0\" src=\"https:\/\/assets.innpro.pl\/8087\/9433\/1.jpg\"\/>\n<\/p>\n<h3>M\u00e4nguhuvilistele<\/h3>\n<p>EarFun Air Pro 4 k\u00f5rvaklapid pakuvad spetsiaalset m\u00e4ngure\u017eiimi, mis v\u00e4hendab latentsust kuni 50 ms-ni, tagades heli ja video s\u00fcnkroniseerimise k\u00f5rgeimal tasemel. See on \u00fclioluline m\u00e4ngijatele, kes vajavad m\u00e4ngusisesetele toimingutele kohest heli reageerimist. Lisaks toetavad k\u00f5rvaklapid Snapdragon Sound tehnoloogiat, mis tagab erakordse k\u00f5rglahutusega helikvaliteedi m\u00e4ngimise v\u00f5i muusika kuulamise ajal.<\/p>\n<p>\n<img decoding=\"async\" border=\"0\" src=\"https:\/\/assets.innpro.pl\/8087\/9433\/9.jpg\"\/>\n<\/p>\n<h3>Teie mugavust silmas pidades<\/h3>\n<p>EarFun Air Pro 4 on varustatud nutikate anduritega, mis peatavad muusika esitamise automaatselt kohe, kui k\u00f5rvaklapid k\u00f5rvadest eemaldate. Nii ei j\u00e4\u00e4 te kunagi oma lemmikpalast ilma! K\u00f5rvaklappe toetab EarFun Audio rakendus, mis laiendab teie isikup\u00e4rastamist ja seadme \u00fcle kontrolli. Rakendus v\u00f5imaldab teil valida k\u00f5rvaklappide re\u017eiime, kontrollida k\u00f5rvaklappide ja \u00fcmbrise laadimise olekut ning kasutada ekvalaiserit.<\/p>\n<p>\n<img decoding=\"async\" border=\"0\" src=\"https:\/\/assets.innpro.pl\/8087\/9433\/4.jpg\"\/>\n<\/p>\n<h3>Komplektis:<\/h3>\n<ul class=\"list-disc pl-5\">\n<li>K\u00f5rvaklapid<\/li>\n<li>Laadimis\u00fcmbris<\/li>\n<li>Vahetuskummid x5 (XS\/S\/M\/L\/XL)<\/li>\n<\/ul>\n<div class=\"table-wrapper\">\n<p>\u0412\u00a0<\/p>\n<h3><\/h3>\n<table>\n<tbody>\n<tr>\n<th>Tootja<\/th>\n<td>EarFun<\/td>\n<\/tr>\n<tr>\n<th>Mudel<\/th>\n<td>Air Pro 4<\/td>\n<\/tr>\n<tr>\n<th>V\u00e4rv<\/th>\n<td>Must<\/td>\n<\/tr>\n<tr>\n<th>Bluetoothi \u200b\u200bversioon<\/th>\n<td>5.4<\/td>\n<\/tr>\n<tr>\n<th>Kiibistik<\/th>\n<td>Qualcomm QCC3091<\/td>\n<\/tr>\n<tr>\n<th>Muundurid<\/th>\n<td>10 mm<\/td>\n<\/tr>\n<tr>\n<th>ANC-re\u017eiimid<\/th>\n<td>K\u00f5rge m\u00fcrasummutus \/ Madal m\u00fcrasummutus \/ \u00dcmbritseva heli \/ Tuule summutus.<\/td>\n<\/tr>\n<tr>\n<th>Helikoodekid<\/th>\n<td>LDAC, aptX Lossless<\/td>\n<\/tr>\n<tr>\n<th>Mikrofonid<\/th>\n<td>Jah, 6 sisseehitatud (3 k\u00f5rvaklapi kohta)<\/td>\n<\/tr>\n<tr>\n<th>Tugi AURACASTile<\/th>\n<td>Jah<\/td>\n<\/tr>\n<tr>\n<th>Tugi Google Fastile Paaristu<\/th>\n<td>Tak<\/td>\n<\/tr>\n<tr>\n<th>T\u00f6\u00f6aeg<\/th>\n<td>ANC v\u00e4lja l\u00fclitatud: kuni 11 tundi, kuni 52 tundi laadimis\u00fcmbrisega; ANC sees: kuni 7,5 tundi, kuni 35 tundi laadimis\u00fcmbrisega<\/td>\n<\/tr>\n<tr>\n<th>Kiirlaadimine<\/th>\n<td>Jah, 10 minutit = 2 tundi<\/td>\n<\/tr>\n<tr>\n<th>Laadimis\u00fcmbrise laadimise meetod<\/th>\n<td>Juhtmevabalt, USB-C-kaabli kaudu<\/td>\n<\/tr>\n<tr>\n<th>Rakendus<\/th>\n<td>EarFun Audio<\/td>\n<\/tr>\n<\/tbody>\n<\/table>\n<\/div>\n","protected":false},"excerpt":{"rendered":"<p>TWS EarFun Air Pro 4 k\u00f5rvaklapid, ANC (must) Tutvuge EarFun Air Pro 4-ga &#8211; TWS juhtmevabad k\u00f5rvaklapid, mis \u00fchendavad endas suurep\u00e4rase helikvaliteedi, t\u00e4iustatud tehnoloogia ja stiilse disaini. Need pakuvad h\u00e4mmastavat heli Hi-Res Audio kvaliteediga. Qualcomm QC3091 kiibistiku, Snapdragon Soundi ja aptX Lossless koodeki kombinatsioon garanteerib v\u00f5rratu selguse ja helis\u00fcgavuse, v\u00f5imaldades teil nautida iga muusikalist detaili [&#8230;]\n","protected":false},"featured_media":18898,"comment_status":"open","ping_status":"closed","template":"","meta":[],"product_brand":[399],"product_cat":[954],"product_tag":[],"class_list":{"0":"post-18897","1":"product","2":"type-product","3":"status-publish","4":"has-post-thumbnail","6":"product_brand-earfun","7":"product_cat-tws","9":"first","10":"outofstock","11":"taxable","12":"shipping-taxable","13":"purchasable","14":"product-type-simple"},"aioseo_notices":[],"_links":{"self":[{"href":"https:\/\/asura.lv\/et\/wp-json\/wp\/v2\/product\/18897","targetHints":{"allow":["GET"]}}],"collection":[{"href":"https:\/\/asura.lv\/et\/wp-json\/wp\/v2\/product"}],"about":[{"href":"https:\/\/asura.lv\/et\/wp-json\/wp\/v2\/types\/product"}],"replies":[{"embeddable":true,"href":"https:\/\/asura.lv\/et\/wp-json\/wp\/v2\/comments?post=18897"}],"wp:featuredmedia":[{"embeddable":true,"href":"https:\/\/asura.lv\/et\/wp-json\/wp\/v2\/media\/18898"}],"wp:attachment":[{"href":"https:\/\/asura.lv\/et\/wp-json\/wp\/v2\/media?parent=18897"}],"wp:term":[{"taxonomy":"product_brand","embeddable":true,"href":"https:\/\/asura.lv\/et\/wp-json\/wp\/v2\/product_brand?post=18897"},{"taxonomy":"product_cat","embeddable":true,"href":"https:\/\/asura.lv\/et\/wp-json\/wp\/v2\/product_cat?post=18897"},{"taxonomy":"product_tag","embeddable":true,"href":"https:\/\/asura.lv\/et\/wp-json\/wp\/v2\/product_tag?post=18897"}],"curies":[{"name":"wp","href":"https:\/\/api.w.org\/{rel}","templated":true}]}}