{"id":18969,"date":"2025-11-28T22:11:15","date_gmt":"2025-11-28T22:11:15","guid":{"rendered":"https:\/\/asura.lv\/product\/trimmer-enchen-spark-2\/"},"modified":"2025-12-12T15:06:05","modified_gmt":"2025-12-12T13:06:05","slug":"trimmer-enchen-spark-2","status":"publish","type":"product","link":"https:\/\/asura.lv\/et\/toode\/trimmer-enchen-spark-2\/","title":{"rendered":"Trimmer ENCHEN Spark 2"},"content":{"rendered":"<h3>ENCHEN Spark 2 trimmer<\/h3>\n<p>ENCHEN Spark 2 trimmer on ideaalne valik igale mehele, kes hindab t\u00e4psust ja kvaliteetset meisterlikkust. See sobib ideaalselt soovimatute karvade eemaldamiseks keha erinevatest osadest, sealhulgas kaenlaalustelt, rinnalt, jalgadelt v\u00f5i seljalt. Keraamiliste teradega varustatud seade v\u00f5imaldab t\u00e4pset ja kiiret l\u00f5ikamist. Samuti on sellel reisilukk transportimise ajal ohutuse ja mugavuse tagamiseks, mis v\u00e4listab juhusliku aktiveerimise ohu.<\/p>\n<p>\n<img decoding=\"async\" border=\"0\" src=\"https:\/\/assets.innpro.pl\/7957\/9231\/6.jpg\"\/>\n<\/p>\n<h3>T\u00e4psus igal l\u00f5ikel<\/h3>\n<p>ENCHEN Spark 2 on varustatud keraamiliste teradega, mis tagavad iga kord t\u00e4iusliku l\u00f5ike. Seda t\u00fc\u00fcpi terad on erakordselt kulumiskindlad ja tagavad pehmema l\u00f5ike, v\u00e4hendades oluliselt l\u00f5ikehaavade, sissekasvanud karvade ja \u00e4rrituse ohtu.<\/p>\n<p>\n<img decoding=\"async\" border=\"0\" src=\"https:\/\/assets.innpro.pl\/7957\/9231\/9.jpg\"\/>\n<\/p>\n<h3>Kiirus ja efektiivsus<\/h3>\n<p>T\u00e4nu v\u00f5imsale mootorile, mis t\u00f6\u00f6tab kiirusel 7000 p\/min, l\u00fchendab Spark 2 juuksel\u00f5ikusaega, v\u00f5imaldades teil juukseid kiiresti ja t\u00f5husalt l\u00f5igata ilma sikutamise v\u00f5i tirimiseta. See on ideaalne neile, kes hindavad nii kiirust kui ka mugavust.<\/p>\n<p>\n<img decoding=\"async\" border=\"0\" src=\"https:\/\/assets.innpro.pl\/7957\/9231\/10.jpg\"\/>\n<\/p>\n<h3>Pikk t\u00f6\u00f6 katkestusteta<\/h3>\n<p>Vajate t\u00f6\u00f6riista, mis teiega sammu peab? ENCHEN Spark 2 t\u00f6\u00f6tab \u00fche laadimisega kuni 90 minutit! Aku t\u00e4islaadimine v\u00f5tab vaid 2 tundi, seega on trimmer alati kasutusvalmis. Lisaks annab sisseehitatud ekraan teada laadimistaseme.<\/p>\n<p>\n<img decoding=\"async\" border=\"0\" src=\"https:\/\/assets.innpro.pl\/7957\/9231\/3.jpg\"\/>\n<\/p>\n<h3>Teie mugavuseks loodud<\/h3>\n<p>ENCHEN Spark 2 on loodud maksimaalset mugavust silmas pidades. Ergonoomiline kuju sobib ideaalselt teie k\u00e4tte, et habeme v\u00f5i juuste kujundamisel oleks lihtne man\u00f6\u00f6verdada ja t\u00e4psust tagada. Veekindel disain v\u00f5imaldab ohutut kasutamist isegi du\u0161i all, muutes seadme h\u00fcgieenilise ja puhtana hoidmise palju lihtsamaks. Teisest k\u00fcljest valgustab LED-taustvalgustus l\u00f5ikeala, mis on hindamatu abivahend raskesti ligip\u00e4\u00e4setavates v\u00f5i halvasti valgustatud kohtades.<\/p>\n<p>\n<img decoding=\"async\" border=\"0\" src=\"https:\/\/assets.innpro.pl\/7957\/9231\/5.jpg\"\/>\n<\/p>\n<h3>Komplektis:<\/h3>\n<ul class=\"list-disc pl-5\">\n<li>Trimmer<\/li>\n<li>4 korki (3\/6\/9\/12 mm)<\/li>\n<li>Trimmeralus<\/li>\n<li>Puhastusvahend<\/li>\n<li>USB-laadimiskaabel<\/li>\n<\/ul>\n<div class=\"table-wrapper\">\n<p>\u0412\u00a0<\/p>\n<h3><\/h3>\n<table>\n<tbody>\n<tr>\n<th>Tootja<\/th>\n<td>Enchen<\/td>\n<\/tr>\n<tr>\n<th>Mudel<\/th>\n<td>Spark 2<\/td>\n<\/tr>\n<tr>\n<th>V\u00e4rv<\/th>\n<td>Must<\/td>\n<\/tr>\n<tr>\n<th>Tera t\u00fc\u00fcp<\/th>\n<td>Keraamiline<\/td>\n<\/tr>\n<tr>\n<th>Mootori kiirus<\/th>\n<td>7000 p\u00f6\u00f6ret minutis<\/td>\n<\/tr>\n<tr>\n<th>T\u00f6\u00f6aeg<\/th>\n<td>Kuni 90 minutit<\/td>\n<\/tr>\n<tr>\n<th>Laadimisaeg<\/th>\n<td>2 tundi<\/td>\n<\/tr>\n<tr>\n<th>Muud omadused<\/th>\n<td>LED-taustvalgustus, ekraan, reisilukk<\/td>\n<\/tr>\n<\/tbody>\n<\/table>\n<\/div>\n","protected":false},"excerpt":{"rendered":"<p>ENCHEN Spark 2 trimmer ENCHEN Spark 2 trimmer on ideaalne valik igale mehele, kes hindab t\u00e4psust ja kvaliteetset meisterlikkust. See sobib ideaalselt soovimatute karvade eemaldamiseks keha erinevatest osadest, sealhulgas kaenlaalustelt, rinnalt, jalgadelt v\u00f5i seljalt. Keraamiliste teradega varustatud seade v\u00f5imaldab t\u00e4pset ja kiiret l\u00f5ikamist. Samuti on sellel reisilukk transportimise ajal ohutuse ja mugavuse tagamiseks, mis v\u00e4listab [&#8230;]\n","protected":false},"featured_media":18970,"comment_status":"open","ping_status":"closed","template":"","meta":[],"product_brand":[412],"product_cat":[1395],"product_tag":[],"class_list":{"0":"post-18969","1":"product","2":"type-product","3":"status-publish","4":"has-post-thumbnail","6":"product_brand-enchen","7":"product_cat-hair-clippers","9":"first","10":"outofstock","11":"taxable","12":"shipping-taxable","13":"purchasable","14":"product-type-simple"},"aioseo_notices":[],"_links":{"self":[{"href":"https:\/\/asura.lv\/et\/wp-json\/wp\/v2\/product\/18969","targetHints":{"allow":["GET"]}}],"collection":[{"href":"https:\/\/asura.lv\/et\/wp-json\/wp\/v2\/product"}],"about":[{"href":"https:\/\/asura.lv\/et\/wp-json\/wp\/v2\/types\/product"}],"replies":[{"embeddable":true,"href":"https:\/\/asura.lv\/et\/wp-json\/wp\/v2\/comments?post=18969"}],"wp:featuredmedia":[{"embeddable":true,"href":"https:\/\/asura.lv\/et\/wp-json\/wp\/v2\/media\/18970"}],"wp:attachment":[{"href":"https:\/\/asura.lv\/et\/wp-json\/wp\/v2\/media?parent=18969"}],"wp:term":[{"taxonomy":"product_brand","embeddable":true,"href":"https:\/\/asura.lv\/et\/wp-json\/wp\/v2\/product_brand?post=18969"},{"taxonomy":"product_cat","embeddable":true,"href":"https:\/\/asura.lv\/et\/wp-json\/wp\/v2\/product_cat?post=18969"},{"taxonomy":"product_tag","embeddable":true,"href":"https:\/\/asura.lv\/et\/wp-json\/wp\/v2\/product_tag?post=18969"}],"curies":[{"name":"wp","href":"https:\/\/api.w.org\/{rel}","templated":true}]}}