{"id":19023,"date":"2025-11-28T22:11:11","date_gmt":"2025-11-28T22:11:11","guid":{"rendered":"https:\/\/asura.lv\/product\/kf-concept-cleaning-pen-sku-1900-replacement-accessories\/"},"modified":"2025-12-12T15:06:01","modified_gmt":"2025-12-12T13:06:01","slug":"kf-concept-cleaning-pen-sku-1900-replacement-accessories","status":"publish","type":"product","link":"https:\/\/asura.lv\/et\/toode\/kf-concept-cleaning-pen-sku-1900-replacement-accessories\/","title":{"rendered":"K&#038;F Concept puhastuspliiats SKU.1900 + asendustarvikud"},"content":{"rendered":"<h3>K&#038;F Concept puhastuspliiats SKU.1900 + vahetatavad tarvikud<\/h3>\n<p>K&#038;F Concept SKU.1900 puhastuspliiats vahetatavate tarvikutega on terviklik komplekt fotovarustuse hooldamiseks. Muuhulgas leiate kaks s\u00fcsinikkiust otsikut ja kuus 24 mm laiust pulka t\u00e4iskaaderkaamerate sensorite puhastamiseks.<\/p>\n<p>\n<img decoding=\"async\" border=\"0\" src=\"https:\/\/assets.innpro.pl\/8229\/9629\/1.jpg\"\/>\n<\/p>\n<h3>T\u00e4pne ja ohutu puhastamine<\/h3>\n<p>Komplektis leiate spetsiaalsed pulgad, mis on m\u00f5eldud t\u00e4iskaaderkaamerate sensorite puhastamiseks. Nende valmistamiseks on kasutatud pehmeid, kuid vastupidavaid materjale, nii et saate oma objektiivi p\u00f5hjalikult puhastada ilma kahjustusi riskimata.<\/p>\n<p>\n<img decoding=\"async\" border=\"0\" src=\"https:\/\/assets.innpro.pl\/8229\/9629\/3.jpg\"\/>\n<\/p>\n<h3>Puhashari<\/h3>\n<p>Pliiats on varustatud pehme ja \u00f5rna harjaga \u2013 see v\u00f5imaldab teil objektiivilt ja kaamerapiludelt tolmu t\u00f5husalt eemaldada, kahjustamata nende pinda. See on ideaalne t\u00f6\u00f6riist peene mustuse p\u00f5hjalikuks eemaldamiseks raskesti ligip\u00e4\u00e4setavatest kohtadest.<\/p>\n<p>\n<img decoding=\"async\" border=\"0\" src=\"https:\/\/assets.innpro.pl\/8229\/9629\/4.jpg\"\/>\n<\/p>\n<h3>S\u00fcsinikterasest ots<\/h3>\n<p>Komplekt sisaldab ka kahte lisaotsikut seemisnahast kaetud s\u00fcsinikterasest peadega, mis eemaldavad t\u00f5husalt kangekaelse mustuse. Need sobivad ideaalselt kangekaelsema mustuse eemaldamiseks!<\/p>\n<p>\n<img decoding=\"async\" border=\"0\" src=\"https:\/\/assets.innpro.pl\/8229\/9629\/6.jpg\"\/>\n<\/p>\n<h3>Eraldi pakendatud<\/h3>\n<p>Iga puhastuspulk on eraldi vaakumpakendatud, mis tagab h\u00fcgieeni ja muudab komplekti kaasaskandmise lihtsaks. See praktiline lahendus v\u00f5imaldab teil hoida oma fotovarustust puhtana isegi reisides.<\/p>\n<p>\n<img decoding=\"async\" border=\"0\" src=\"https:\/\/assets.innpro.pl\/8229\/9629\/2.jpg\"\/>\n<\/p>\n<h3>Ergonoomiline disain<\/h3>\n<p>K&#038;F Concept puhastuspliiats on loodud kasutajamugavust silmas pidades. Ergonoomiline k\u00e4epide muudab puhastamise mugavaks ja t\u00f5husaks ning otsikute vahetamise v\u00f5imalus suurendab mitmek\u00fclgsust.<\/p>\n<p>\n<img decoding=\"async\" border=\"0\" src=\"https:\/\/assets.innpro.pl\/8229\/9629\/5.jpg\"\/>\n<\/p>\n<h3>Kaasas<\/h3>\n<ul class=\"list-disc pl-5\">\n<li>Puhastuspliiats<\/li>\n<li>2x s\u00fcsinikkiust otsikut<\/li>\n<li>6x puhastuspulka t\u00e4iskaaderkaamera sensorite jaoks<\/li>\n<\/ul>\n<div class=\"table-wrapper\">\n<p>\u0412\u00a0<\/p>\n<h3><\/h3>\n<table>\n<tbody>\n<tr>\n<th>Tootja<\/th>\n<td>K&#038;F Concept<\/td>\n<\/tr>\n<tr>\n<th>Mudel<\/th>\n<td>SKU.1900<\/td>\n<\/tr>\n<\/tbody>\n<\/table>\n<\/div>\n","protected":false},"excerpt":{"rendered":"<p>K&#038;F Concept puhastuspliiats SKU.1900 + vahetatavad tarvikud K&#038;F Concept SKU.1900 puhastuspliiats vahetatavate tarvikutega on terviklik komplekt fotovarustuse hooldamiseks. Muuhulgas leiate kaks s\u00fcsinikkiust otsikut ja kuus 24 mm laiust pulka t\u00e4iskaaderkaamerate sensorite puhastamiseks. T\u00e4pne ja ohutu puhastamine Komplektis leiate spetsiaalsed pulgad, mis on m\u00f5eldud t\u00e4iskaaderkaamerate sensorite puhastamiseks. Nende valmistamiseks on kasutatud pehmeid, kuid vastupidavaid materjale, nii [&#8230;]\n","protected":false},"featured_media":19024,"comment_status":"open","ping_status":"closed","template":"","meta":[],"product_brand":[554],"product_cat":[1227],"product_tag":[],"class_list":{"0":"post-19023","1":"product","2":"type-product","3":"status-publish","4":"has-post-thumbnail","6":"product_brand-kf-concept","7":"product_cat-other-accessories-photo-and-cameras","9":"first","10":"outofstock","11":"taxable","12":"shipping-taxable","13":"purchasable","14":"product-type-simple"},"aioseo_notices":[],"_links":{"self":[{"href":"https:\/\/asura.lv\/et\/wp-json\/wp\/v2\/product\/19023","targetHints":{"allow":["GET"]}}],"collection":[{"href":"https:\/\/asura.lv\/et\/wp-json\/wp\/v2\/product"}],"about":[{"href":"https:\/\/asura.lv\/et\/wp-json\/wp\/v2\/types\/product"}],"replies":[{"embeddable":true,"href":"https:\/\/asura.lv\/et\/wp-json\/wp\/v2\/comments?post=19023"}],"wp:featuredmedia":[{"embeddable":true,"href":"https:\/\/asura.lv\/et\/wp-json\/wp\/v2\/media\/19024"}],"wp:attachment":[{"href":"https:\/\/asura.lv\/et\/wp-json\/wp\/v2\/media?parent=19023"}],"wp:term":[{"taxonomy":"product_brand","embeddable":true,"href":"https:\/\/asura.lv\/et\/wp-json\/wp\/v2\/product_brand?post=19023"},{"taxonomy":"product_cat","embeddable":true,"href":"https:\/\/asura.lv\/et\/wp-json\/wp\/v2\/product_cat?post=19023"},{"taxonomy":"product_tag","embeddable":true,"href":"https:\/\/asura.lv\/et\/wp-json\/wp\/v2\/product_tag?post=19023"}],"curies":[{"name":"wp","href":"https:\/\/api.w.org\/{rel}","templated":true}]}}