{"id":19047,"date":"2025-11-28T22:11:07","date_gmt":"2025-11-28T22:11:07","guid":{"rendered":"https:\/\/asura.lv\/product\/petwant-fw2-c-dog-and-cat-fountain-drinker\/"},"modified":"2025-12-12T15:06:00","modified_gmt":"2025-12-12T13:06:00","slug":"petwant-fw2-c-dog-and-cat-fountain-drinker","status":"publish","type":"product","link":"https:\/\/asura.lv\/et\/toode\/petwant-fw2-c-dog-and-cat-fountain-drinker\/","title":{"rendered":"Petwant FW2-C koera- ja kassijootur"},"content":{"rendered":"<h3>Petwant FW2-C koera- ja kassijootur<\/h3>\n<p>Petwant FW2-C jootur on ideaalne lahendus kassi- ja v\u00e4ikekoerte omanikele, kes soovivad tagada oma lemmikloomade piisava h\u00fcdratsiooni. Selle maht on kuni 3 liitrit, seega tagab see teie lemmikloomale pikaks ajaks juurdep\u00e4\u00e4su v\u00e4rskele veele. Seda on ka v\u00e4ga lihtne puhastada ja t\u00e4nu 4-astmelisele filtreerimisele eemaldab see t\u00f5husalt lisandid.<\/p>\n<p>\n<img decoding=\"async\" border=\"0\" src=\"https:\/\/assets.innpro.pl\/10427\/12246\/1.jpg\"\/>\n<\/p>\n<h3>Suur mahutavus<\/h3>\n<p>Jootur eristub oma suure 3-liitrise mahutavuse poolest. Sellest piisab \u00fche t\u00e4iskasvanud kassi veevarustuseks umbes 8-12 p\u00e4evaks. Te ei pea seda liiga tihti t\u00e4itma! Seega v\u00f5ite t\u00f6\u00f6le minna v\u00f5i isegi n\u00e4dalavahetuseks \u00e4ra s\u00f5ita, muretsemata oma lemmiklooma vedelikupuuduse p\u00e4rast.<\/p>\n<p>\n<img decoding=\"async\" border=\"0\" src=\"https:\/\/assets.innpro.pl\/10427\/12246\/3.jpg\"\/>\n<\/p>\n<h3>Roostevabast terasest konstruktsioon<\/h3>\n<p>Joogipurskkaev on valmistatud v\u00e4ga vastupidavatest materjalidest, sealhulgas ohutust 304 roostevabast terasest, mis on korrosioonikindel ja sobib ideaalselt veega kokkupuutumiseks. Jooturit saab pesta ka n\u00f5udepesumasinas \u2013 selle ideaalses seisukorras hoidmine ei ole teile probleem.<\/p>\n<p>\n<img decoding=\"async\" border=\"0\" src=\"https:\/\/assets.innpro.pl\/10427\/12246\/6.jpg\"\/>\n<\/p>\n<h3>Vaikne t\u00f6\u00f6<\/h3>\n<p>T\u00e4nu oma uuenduslikule mootorile t\u00f6\u00f6tab Petwant FW2-C jook uskumatult vaikselt, tekitades m\u00fcrataset vaid umbes 35 dB. Seega ei pea te muretsema, et see teid h\u00e4irib v\u00f5i teie lemmiklooma ehmatab!<\/p>\n<p>\n<img decoding=\"async\" border=\"0\" src=\"https:\/\/assets.innpro.pl\/10427\/12246\/4.jpg\"\/>\n<\/p>\n<h3>T\u00e4iustatud filtreerimiss\u00fcsteem<\/h3>\n<p>Fontaan on varustatud 4-astmelise filtreerimiss\u00fcsteemiga, mis hoolitseb vee puhtuse ja kvaliteedi eest. See sisaldab suure tihedusega puuvilla, aktiivs\u00fctt, ioonvahetusvaiku ja meditsiinilist kivi, et tagada lisandite ja l\u00f5hnade t\u00f5hus eemaldamine.<\/p>\n<p>\n<img decoding=\"async\" border=\"0\" src=\"https:\/\/assets.innpro.pl\/10427\/12246\/5.jpg\"\/>\n<\/p>\n<div class=\"table-wrapper\">\n<p>\u0412\u00a0<\/p>\n<h3><\/h3>\n<table>\n<tbody>\n<tr>\n<th>Tootja<\/th>\n<td>Petwant<\/td>\n<\/tr>\n<tr>\n<th>Mudel<\/th>\n<td>FW2-C<\/td>\n<\/tr>\n<tr>\n<th>Maht<\/th>\n<td>3 l<\/td>\n<\/tr>\n<tr>\n<th>Toiteallikas<\/th>\n<td>USB 5 V \/ 1 A<\/td>\n<\/tr>\n<tr>\n<th>Nimiv\u00f5imsus<\/th>\n<td>1,5 L<\/td>\n<\/tr>\n<tr>\n<th>Materjal<\/th>\n<td>PP + SU304<\/td>\n<\/tr>\n<tr>\n<th>M\u00f5\u00f5tmed<\/th>\n<td>228 x 228 x 124 mm<\/td>\n<\/tr>\n<tr>\n<th>Kaal<\/th>\n<td>Ligikaudu 0,72 kg<\/td>\n<\/tr>\n<tr>\n<th>Otstarve<\/th>\n<td>Kassidele ja v\u00e4ikestele koertele<\/td>\n<\/tr>\n<\/tbody>\n<\/table>\n<\/div>\n","protected":false},"excerpt":{"rendered":"<p>Petwant FW2-C koera- ja kassijootur Petwant FW2-C jootur on ideaalne lahendus kassi- ja v\u00e4ikekoerte omanikele, kes soovivad tagada oma lemmikloomade piisava h\u00fcdratsiooni. Selle maht on kuni 3 liitrit, seega tagab see teie lemmikloomale pikaks ajaks juurdep\u00e4\u00e4su v\u00e4rskele veele. Seda on ka v\u00e4ga lihtne puhastada ja t\u00e4nu 4-astmelisele filtreerimisele eemaldab see t\u00f5husalt lisandid. Suur mahutavus Jootur [&#8230;]\n","protected":false},"featured_media":19048,"comment_status":"open","ping_status":"closed","template":"","meta":[],"product_brand":[444],"product_cat":[1242],"product_tag":[],"class_list":{"0":"post-19047","1":"product","2":"type-product","3":"status-publish","4":"has-post-thumbnail","6":"product_brand-petwant","7":"product_cat-water-dispensers","9":"first","10":"outofstock","11":"taxable","12":"shipping-taxable","13":"purchasable","14":"product-type-simple"},"aioseo_notices":[],"_links":{"self":[{"href":"https:\/\/asura.lv\/et\/wp-json\/wp\/v2\/product\/19047","targetHints":{"allow":["GET"]}}],"collection":[{"href":"https:\/\/asura.lv\/et\/wp-json\/wp\/v2\/product"}],"about":[{"href":"https:\/\/asura.lv\/et\/wp-json\/wp\/v2\/types\/product"}],"replies":[{"embeddable":true,"href":"https:\/\/asura.lv\/et\/wp-json\/wp\/v2\/comments?post=19047"}],"wp:featuredmedia":[{"embeddable":true,"href":"https:\/\/asura.lv\/et\/wp-json\/wp\/v2\/media\/19048"}],"wp:attachment":[{"href":"https:\/\/asura.lv\/et\/wp-json\/wp\/v2\/media?parent=19047"}],"wp:term":[{"taxonomy":"product_brand","embeddable":true,"href":"https:\/\/asura.lv\/et\/wp-json\/wp\/v2\/product_brand?post=19047"},{"taxonomy":"product_cat","embeddable":true,"href":"https:\/\/asura.lv\/et\/wp-json\/wp\/v2\/product_cat?post=19047"},{"taxonomy":"product_tag","embeddable":true,"href":"https:\/\/asura.lv\/et\/wp-json\/wp\/v2\/product_tag?post=19047"}],"curies":[{"name":"wp","href":"https:\/\/api.w.org\/{rel}","templated":true}]}}