{"id":19185,"date":"2025-11-28T22:10:03","date_gmt":"2025-11-28T22:10:03","guid":{"rendered":"https:\/\/asura.lv\/product\/orico-usb-to-usb-3-0-3x-usb-2-0-hub-adapter-black\/"},"modified":"2025-12-12T15:05:04","modified_gmt":"2025-12-12T13:05:04","slug":"orico-usb-to-usb-3-0-3x-usb-2-0-hub-adapter-black","status":"publish","type":"product","link":"https:\/\/asura.lv\/et\/toode\/orico-usb-to-usb-3-0-3x-usb-2-0-hub-adapter-black\/","title":{"rendered":"Orico USB &#8211; USB 3.0 + 3x USB 2.0 jaoturi adapter (must)"},"content":{"rendered":"<h3>Orico USB &#8211; USB 3.0 + 3x USB 2.0 jaoturi adapter (must)<\/h3>\n<p>Orico TWU32-4A on kompaktne ja funktsionaalne USB-jaotur, mis v\u00f5imaldab teil oma arvutit v\u00f5i s\u00fclearvutit t\u00e4iendavate USB-portidega laiendada. See elegantne must adapter, mis on valmistatud vastupidavast ABS-plastist, sobib ideaalselt erinevate seadmete, n\u00e4iteks hiirte, klaviatuuride, v\u00e4liste draivide v\u00f5i m\u00e4lupulkade \u00fchendamiseks. T\u00e4nu oma kompaktsele suurusele (93 x 25 x 19 mm) mahub jaotur h\u00f5lpsalt kotti v\u00f5i lauale, muutes selle praktiliseks t\u00e4ienduseks igale t\u00f6\u00f6jaamale.<\/p>\n<p>\n<img decoding=\"async\" border=\"0\" src=\"https:\/\/assets.innpro.pl\/8797\/10291\/6.jpg\"\/>\n<\/p>\n<h3>Mitmek\u00fclgne laiendamine<\/h3>\n<p>Orico TWU32-4A pakub \u00fchte USB 3.0 porti ja kolme USB 2.0 porti, mis v\u00f5imaldavad teil samaaegselt \u00fchendada kuni neli seadet. USB 3.0 port pakub kiiret andmeedastuskiirust kuni 5 Gbps, mis sobib suurep\u00e4raselt suurte failide, n\u00e4iteks filmide ja multimeediadokumentide edastamiseks. USB 2.0 pordid sobivad ideaalselt selliste v\u00e4lisseadmete \u00fchendamiseks nagu klaviatuurid ja hiired, mis ei vaja suurt ribalaiust.<\/p>\n<p>\n<img decoding=\"async\" border=\"0\" src=\"https:\/\/assets.innpro.pl\/8797\/10291\/2.jpg\"\/>\n<\/p>\n<h3>Suur efektiivsus<\/h3>\n<p>Jaotur on varustatud t\u00e4iustatud AU6268 juhtkiibiga, mis tagab stabiilse ja t\u00f5husa t\u00f6\u00f6 madala energiatarbega. Lisaks tagab 5V\/2A toiteport stabiilse t\u00f6\u00f6 isegi siis, kui mitu seadet on korraga \u00fchendatud, mis on eriti oluline v\u00e4liste k\u00f5vaketaste v\u00f5i muude rohkem energiat vajavate seadmetega t\u00f6\u00f6tamisel.<\/p>\n<p>\n<img decoding=\"async\" border=\"0\" src=\"https:\/\/assets.innpro.pl\/8797\/10291\/3.jpg\"\/>\n<\/p>\n<h3>Ulatuslik tugi<\/h3>\n<p>Orico TWU32-4A toetab mitut operatsioonis\u00fcsteemi, sealhulgas Windowsi, Mac OS-i ja Linuxit. Seade toetab hot swappingut, mis t\u00e4hendab, et saate seadmeid \u00fchendada ja lahti \u00fchendada ilma arvutit taask\u00e4ivitamata. See muudab jaoturi \u00e4\u00e4rmiselt mugavaks ja h\u00f5lpsasti kasutatavaks, olenemata sellest, milliseid seadmeid \u00fchendate.<\/p>\n<p>\n<img decoding=\"async\" border=\"0\" src=\"https:\/\/assets.innpro.pl\/8797\/10291\/5.jpg\"\/>\n<\/p>\n<h3>Funktsionaalselt disainitud<\/h3>\n<p>Seadmel on lihtne, kuid elegantne disain, mille soonikkoes pind tagab mugavuse ja esteetilise v\u00e4ljan\u00e4gemise. 8,2 mm portide vahe v\u00f5imaldab teil \u00fchendada mitu seadet korraga ilma pistikute kokkup\u00f5rke riskita. See teeb Orico TWU32-4A ideaalseks nii professionaalsetele kasutajatele kui ka neile, kes otsivad lihtsat lahendust kodukontorisse.<\/p>\n<p>\n<img decoding=\"async\" border=\"0\" src=\"https:\/\/assets.innpro.pl\/8797\/10291\/4.jpg\"\/>\n<\/p>\n<div class=\"table-wrapper\">\n<p>\u0412\u00a0<\/p>\n<h3><\/h3>\n<table>\n<tbody>\n<tr>\n<th>Nimi:<\/th>\n<td>Orico USB-st USB 3.0 + 3x USB 2.0 jaoturi adapter (must)<\/td>\n<\/tr>\n<tr>\n<th>Tootja:<\/th>\n<td>Orico<\/td>\n<\/tr>\n<tr>\n<th>Mudel:<\/th>\n<td>TWU32-4A-BK-EP-IP<\/td>\n<\/tr>\n<tr>\n<th>Materjal:<\/th>\n<td>ABS<\/td>\n<\/tr>\n<tr>\n<th>V\u00e4rv:<\/th>\n<td>Must<\/td>\n<\/tr>\n<tr>\n<th>Sisendliides:<\/th>\n<td>USB-A 3.0*1<\/td>\n<\/tr>\n<tr>\n<th>V\u00e4ljundliides:<\/th>\n<td>USB-A 3.0*1, USB-A 2.0*3<\/td>\n<\/tr>\n<tr>\n<th>M\u00f5\u00f5tmed:<\/th>\n<td>93*25*19mm<\/td>\n<\/tr>\n<tr>\n<th>Toiteallikas:<\/th>\n<td>5V 2A toide port<\/td>\n<\/tr>\n<tr>\n<th>Kaabel:<\/th>\n<td>15 cm<\/td>\n<\/tr>\n<tr>\n<th>Juhtkiip:<\/th>\n<td>AU6268<\/td>\n<\/tr>\n<\/tbody>\n<\/table>\n<\/div>\n","protected":false},"excerpt":{"rendered":"<p>Orico USB &#8211; USB 3.0 + 3x USB 2.0 jaoturi adapter (must) Orico TWU32-4A on kompaktne ja funktsionaalne USB-jaotur, mis v\u00f5imaldab teil oma arvutit v\u00f5i s\u00fclearvutit t\u00e4iendavate USB-portidega laiendada. See elegantne must adapter, mis on valmistatud vastupidavast ABS-plastist, sobib ideaalselt erinevate seadmete, n\u00e4iteks hiirte, klaviatuuride, v\u00e4liste draivide v\u00f5i m\u00e4lupulkade \u00fchendamiseks. T\u00e4nu oma kompaktsele suurusele (93 [&#8230;]\n","protected":false},"featured_media":19186,"comment_status":"open","ping_status":"closed","template":"","meta":[],"product_brand":[628],"product_cat":[1326],"product_tag":[],"class_list":{"0":"post-19185","1":"product","2":"type-product","3":"status-publish","4":"has-post-thumbnail","6":"product_brand-orico","7":"product_cat-hubs","9":"first","10":"outofstock","11":"taxable","12":"shipping-taxable","13":"purchasable","14":"product-type-simple"},"aioseo_notices":[],"_links":{"self":[{"href":"https:\/\/asura.lv\/et\/wp-json\/wp\/v2\/product\/19185","targetHints":{"allow":["GET"]}}],"collection":[{"href":"https:\/\/asura.lv\/et\/wp-json\/wp\/v2\/product"}],"about":[{"href":"https:\/\/asura.lv\/et\/wp-json\/wp\/v2\/types\/product"}],"replies":[{"embeddable":true,"href":"https:\/\/asura.lv\/et\/wp-json\/wp\/v2\/comments?post=19185"}],"wp:featuredmedia":[{"embeddable":true,"href":"https:\/\/asura.lv\/et\/wp-json\/wp\/v2\/media\/19186"}],"wp:attachment":[{"href":"https:\/\/asura.lv\/et\/wp-json\/wp\/v2\/media?parent=19185"}],"wp:term":[{"taxonomy":"product_brand","embeddable":true,"href":"https:\/\/asura.lv\/et\/wp-json\/wp\/v2\/product_brand?post=19185"},{"taxonomy":"product_cat","embeddable":true,"href":"https:\/\/asura.lv\/et\/wp-json\/wp\/v2\/product_cat?post=19185"},{"taxonomy":"product_tag","embeddable":true,"href":"https:\/\/asura.lv\/et\/wp-json\/wp\/v2\/product_tag?post=19185"}],"curies":[{"name":"wp","href":"https:\/\/api.w.org\/{rel}","templated":true}]}}