{"id":19245,"date":"2025-11-28T22:09:59","date_gmt":"2025-11-28T22:09:59","guid":{"rendered":"https:\/\/asura.lv\/product\/foam-puluz-cover-for-insta360-ace-pro-ace\/"},"modified":"2025-12-12T15:04:59","modified_gmt":"2025-12-12T13:04:59","slug":"foam-puluz-cover-for-insta360-ace-pro-ace","status":"publish","type":"product","link":"https:\/\/asura.lv\/et\/toode\/foam-puluz-cover-for-insta360-ace-pro-ace\/","title":{"rendered":"Vahtplastist Puluz-kate Insta360 Ace Pro \/ Ace&#8217;ile"},"content":{"rendered":"<h3>Puluzi vahtplastist kilp Insta360 Ace Pro \/ Ace&#8217;ile<\/h3>\n<p>Puluzi vahtplastist kilp on ideaalne lahendus k\u00f5igile, kes salvestavad tugeva tuulega v\u00f5i d\u00fcnaamiliste tegevuste ajal. T\u00e4nu oma spetsiaalsele disainile v\u00e4hendab kilp t\u00f5husalt tuulem\u00fcra, tagades teie salvestistele selge ja selge heli. See mitte ainult ei paranda helikvaliteeti, vaid kaitseb ka teie Insta360 Ace Pro \/ Ace kaamerat kriimustuste, s\u00f5rmej\u00e4lgede ja mustuse eest. T\u00e4psete v\u00e4ljal\u00f5igetega v\u00f5imaldab see h\u00f5lpsat juurdep\u00e4\u00e4su k\u00f5igile funktsiooniportidele, nuppudele, akukattele, m\u00e4lukaardile ja objektiivile.<\/p>\n<p>\n<img decoding=\"async\" alt=\"\" border=\"0\" src=\"https:\/\/assets.innpro.pl\/7771\/9022\/3.jpg\"\/>\n<\/p>\n<h3>Vastupidav<\/h3>\n<p>Kate on \u00f5huke, kuid \u00e4\u00e4rmiselt vastupidav, pakkudes usaldusv\u00e4\u00e4rset kaitset. See on valmistatud suure tihedusega keskkonnas\u00f5bralikust k\u00e4snast, mis on v\u00e4ga painduv ja deformatsioonikindel. See on garantii, et ka pikaajalise kasutamise korral s\u00e4ilitab kate oma kaitseomadused. Seda on ka lihtne puhastada \u2013 seda saab pesta, mis v\u00f5imaldab seda korduvalt kasutada ilma kvaliteeti kaotamata. See kohandub ideaalselt kaamera kujuga, lisamata tarbetut mahtu.<\/p>\n<p>\n<img decoding=\"async\" alt=\"\" border=\"0\" src=\"https:\/\/assets.innpro.pl\/7771\/9022\/5.jpg\"\/>\n<\/p>\n<div class=\"table-wrapper\">\n<p>\u0412\u00a0<\/p>\n<h3><\/h3>\n<table>\n<tbody>\n<tr>\n<th>Tootja<\/th>\n<td>Puluz<\/td>\n<\/tr>\n<tr>\n<th>Mudel<\/th>\n<td>PU986B<\/td>\n<\/tr>\n<tr>\n<th>\u00dchilduvus<\/th>\n<td>Insta360 Ace Pro \/ Ace kaamera<\/td>\n<\/tr>\n<tr>\n<th>M\u00f5\u00f5tmed<\/th>\n<td>8 x 6,5 x 4,5 cm<\/td>\n<\/tr>\n<\/tbody>\n<\/table>\n<\/div>\n","protected":false},"excerpt":{"rendered":"<p>Puluzi vahtplastist kilp Insta360 Ace Pro \/ Ace&#8217;ile Puluzi vahtplastist kilp on ideaalne lahendus k\u00f5igile, kes salvestavad tugeva tuulega v\u00f5i d\u00fcnaamiliste tegevuste ajal. T\u00e4nu oma spetsiaalsele disainile v\u00e4hendab kilp t\u00f5husalt tuulem\u00fcra, tagades teie salvestistele selge ja selge heli. See mitte ainult ei paranda helikvaliteeti, vaid kaitseb ka teie Insta360 Ace Pro \/ Ace kaamerat kriimustuste, [&#8230;]\n","protected":false},"featured_media":19246,"comment_status":"open","ping_status":"closed","template":"","meta":[],"product_brand":[149],"product_cat":[936],"product_tag":[],"class_list":{"0":"post-19245","1":"product","2":"type-product","3":"status-publish","4":"has-post-thumbnail","6":"product_brand-puluz","7":"product_cat-for-sports-cameras","9":"first","10":"outofstock","11":"taxable","12":"shipping-taxable","13":"purchasable","14":"product-type-simple"},"aioseo_notices":[],"_links":{"self":[{"href":"https:\/\/asura.lv\/et\/wp-json\/wp\/v2\/product\/19245","targetHints":{"allow":["GET"]}}],"collection":[{"href":"https:\/\/asura.lv\/et\/wp-json\/wp\/v2\/product"}],"about":[{"href":"https:\/\/asura.lv\/et\/wp-json\/wp\/v2\/types\/product"}],"replies":[{"embeddable":true,"href":"https:\/\/asura.lv\/et\/wp-json\/wp\/v2\/comments?post=19245"}],"wp:featuredmedia":[{"embeddable":true,"href":"https:\/\/asura.lv\/et\/wp-json\/wp\/v2\/media\/19246"}],"wp:attachment":[{"href":"https:\/\/asura.lv\/et\/wp-json\/wp\/v2\/media?parent=19245"}],"wp:term":[{"taxonomy":"product_brand","embeddable":true,"href":"https:\/\/asura.lv\/et\/wp-json\/wp\/v2\/product_brand?post=19245"},{"taxonomy":"product_cat","embeddable":true,"href":"https:\/\/asura.lv\/et\/wp-json\/wp\/v2\/product_cat?post=19245"},{"taxonomy":"product_tag","embeddable":true,"href":"https:\/\/asura.lv\/et\/wp-json\/wp\/v2\/product_tag?post=19245"}],"curies":[{"name":"wp","href":"https:\/\/api.w.org\/{rel}","templated":true}]}}