{"id":19479,"date":"2025-11-28T22:09:41","date_gmt":"2025-11-28T22:09:41","guid":{"rendered":"https:\/\/asura.lv\/product\/protective-back-cover-sunnylife-for-dji-avata-2-blue\/"},"modified":"2025-12-12T15:04:37","modified_gmt":"2025-12-12T13:04:37","slug":"protective-back-cover-sunnylife-for-dji-avata-2-blue","status":"publish","type":"product","link":"https:\/\/asura.lv\/et\/toode\/protective-back-cover-sunnylife-for-dji-avata-2-blue\/","title":{"rendered":"Kaitsev tagakaas SUNNYLIFE DJI Avata 2 droonile (sinine)"},"content":{"rendered":"<h3>Sunnylife kaitse\u00fcmbris DJI Avata 2 droonile (sinine)<\/h3>\n<p>Kas otsite oma DJI Avata 2 droonile kindlat kaitset, et see lennu ajal turvaliselt p\u00fcsiks? Sunnylife kaitse\u00fcmbris on ideaalne lahendus teie DJI Avata 2 drooni igak\u00fclgseks kaitsmiseks. Spetsiaalse kaitseplaadiga pakub see t\u00f5husat kaitset kriimustuste ja l\u00f6\u00f6kide eest, eriti kilpkonnare\u017eiimis. Vastupidavast plastist valmistatud \u00fcmbris summutab t\u00f5husalt l\u00f6\u00f6gij\u00f5udu, kaitstes teie drooni mehaaniliste kahjustuste eest. Vaatamata vastupidavale disainile on see \u00e4\u00e4rmiselt kerge \u2013 see kaalub vaid 10 g, seega ei pea te muretsema oma drooni lisaraskuse p\u00e4rast.<\/p>\n<p>\n<img decoding=\"async\" border=\"0\" src=\"https:\/\/assets.innpro.pl\/6906\/8045\/2.jpg\"\/>\n<\/p>\n<div class=\"table-wrapper\">\n<p>\u0412\u00a0<\/p>\n<h3><\/h3>\n<table>\n<tbody>\n<tr>\n<th>Tootja<\/th>\n<td>Sunnylife<\/td>\n<\/tr>\n<tr>\n<th>Mudel<\/th>\n<td>AT2-P821-B<\/td>\n<\/tr>\n<tr>\n<th>\u00dchilduvus<\/th>\n<td>DJI Avata 2<\/td>\n<\/tr>\n<tr>\n<th>V\u00e4rv<\/th>\n<td>Sinine<\/td>\n<\/tr>\n<tr>\n<th>Materjal<\/th>\n<td>Plast<\/td>\n<\/tr>\n<tr>\n<th>Kaal<\/th>\n<td>10 g<\/td>\n<\/tr>\n<\/tbody>\n<\/table>\n<\/div>\n","protected":false},"excerpt":{"rendered":"<p>Sunnylife kaitse\u00fcmbris DJI Avata 2 droonile (sinine) Kas otsite oma DJI Avata 2 droonile kindlat kaitset, et see lennu ajal turvaliselt p\u00fcsiks? Sunnylife kaitse\u00fcmbris on ideaalne lahendus teie DJI Avata 2 drooni igak\u00fclgseks kaitsmiseks. Spetsiaalse kaitseplaadiga pakub see t\u00f5husat kaitset kriimustuste ja l\u00f6\u00f6kide eest, eriti kilpkonnare\u017eiimis. Vastupidavast plastist valmistatud \u00fcmbris summutab t\u00f5husalt l\u00f6\u00f6gij\u00f5udu, kaitstes teie [&#8230;]\n","protected":false},"featured_media":19480,"comment_status":"open","ping_status":"closed","template":"","meta":[],"product_brand":[432],"product_cat":[1026],"product_tag":[],"class_list":{"0":"post-19479","1":"product","2":"type-product","3":"status-publish","4":"has-post-thumbnail","6":"product_brand-sunnylife","7":"product_cat-dji","9":"first","10":"outofstock","11":"taxable","12":"shipping-taxable","13":"purchasable","14":"product-type-simple"},"aioseo_notices":[],"_links":{"self":[{"href":"https:\/\/asura.lv\/et\/wp-json\/wp\/v2\/product\/19479","targetHints":{"allow":["GET"]}}],"collection":[{"href":"https:\/\/asura.lv\/et\/wp-json\/wp\/v2\/product"}],"about":[{"href":"https:\/\/asura.lv\/et\/wp-json\/wp\/v2\/types\/product"}],"replies":[{"embeddable":true,"href":"https:\/\/asura.lv\/et\/wp-json\/wp\/v2\/comments?post=19479"}],"wp:featuredmedia":[{"embeddable":true,"href":"https:\/\/asura.lv\/et\/wp-json\/wp\/v2\/media\/19480"}],"wp:attachment":[{"href":"https:\/\/asura.lv\/et\/wp-json\/wp\/v2\/media?parent=19479"}],"wp:term":[{"taxonomy":"product_brand","embeddable":true,"href":"https:\/\/asura.lv\/et\/wp-json\/wp\/v2\/product_brand?post=19479"},{"taxonomy":"product_cat","embeddable":true,"href":"https:\/\/asura.lv\/et\/wp-json\/wp\/v2\/product_cat?post=19479"},{"taxonomy":"product_tag","embeddable":true,"href":"https:\/\/asura.lv\/et\/wp-json\/wp\/v2\/product_tag?post=19479"}],"curies":[{"name":"wp","href":"https:\/\/api.w.org\/{rel}","templated":true}]}}