{"id":19539,"date":"2025-11-28T22:09:35","date_gmt":"2025-11-28T22:09:35","guid":{"rendered":"https:\/\/asura.lv\/product\/dogness-walking-set-leash-15mharness-for-dog-black-and-white\/"},"modified":"2025-12-12T15:04:34","modified_gmt":"2025-12-12T13:04:34","slug":"dogness-walking-set-leash-15mharness-for-dog-black-and-white","status":"publish","type":"product","link":"https:\/\/asura.lv\/et\/toode\/dogness-walking-set-leash-15mharness-for-dog-black-and-white\/","title":{"rendered":"Dogness jalutusrihm 1,5m + rakmed koerale (must ja valge)"},"content":{"rendered":"<h3>Dognessi jalutusrihma ja traksid koerale (must ja valge).<\/h3>\n<p>Dognessi jalutusrihma ja traksid on suurep\u00e4rane valik neile, kes hindavad kvaliteeti, mugavust ja stiili. Pakkuge oma koerale parim jalutuskogemus Dognessi lisatarvikutega.<\/p>\n<p>\n<img decoding=\"async\" border=\"0\" src=\"https:\/\/assets.innpro.pl\/8580\/10021\/3.jpg\"\/>\n<\/p>\n<h3>Kvaliteetne t\u00f6\u00f6tlus<\/h3>\n<p>Nii jalutusrihm kui ka traksid on valmistatud vastupidavatest materjalidest &#8211; nailonist, v\u00f5rgust ja tsingisulamitest. Nailon tagab vastupidavuse, v\u00f5rk hingavuse ja tsingisulamist osad tagavad kindla kinnituse. See muudab komplekti mitte ainult esteetiliselt meeldivaks, vaid ka v\u00e4ga vastupidavaks.<\/p>\n<p>\n<img decoding=\"async\" border=\"0\" src=\"https:\/\/assets.innpro.pl\/8580\/10021\/2.jpg\"\/>\n<\/p>\n<h3>Mugavus ja ohutus<\/h3>\n<p>Koerte traksid on loodud pakkuma teie koerale maksimaalset mugavust jalutusk\u00e4igu ajal. Kerge konstruktsioon ja pehme v\u00f5rkvooder muudavad need mugavaks isegi pikaajalisel kasutamisel. \u00d5ige pikkusega jalutusrihm annab teile kontrolli oma koera \u00fcle, piiramata samal ajal tema liikumisvabadust.<\/p>\n<p>\n<img decoding=\"async\" border=\"0\" src=\"https:\/\/assets.innpro.pl\/8580\/10021\/1.jpg\"\/>\n<\/p>\n<h3>Kaasas<\/h3>\n<ul class=\"list-disc pl-5\">\n<li>jalutusrihm<\/li>\n<li>rakmed<\/li>\n<\/ul>\n<div class=\"table-wrapper\">\n<p>\u0412\u00a0<\/p>\n<h3><\/h3>\n<table>\n<tbody>\n<tr>\n<th>Tootja<\/th>\n<td>Koeraomanik<\/td>\n<\/tr>\n<tr>\n<th>V\u00e4rv<\/th>\n<td>must ja valge<\/td>\n<\/tr>\n<tr>\n<th>Otstarve<\/th>\n<td>koer<\/td>\n<\/tr>\n<tr>\n<th>Materjal<\/th>\n<td>nailon, v\u00f5rk, tsink sulam<\/td>\n<\/tr>\n<\/tbody>\n<\/table>\n<\/div>\n","protected":false},"excerpt":{"rendered":"<p>Dognessi jalutusrihma ja traksid koerale (must ja valge). Dognessi jalutusrihma ja traksid on suurep\u00e4rane valik neile, kes hindavad kvaliteeti, mugavust ja stiili. Pakkuge oma koerale parim jalutuskogemus Dognessi lisatarvikutega. Kvaliteetne t\u00f6\u00f6tlus Nii jalutusrihm kui ka traksid on valmistatud vastupidavatest materjalidest &#8211; nailonist, v\u00f5rgust ja tsingisulamitest. Nailon tagab vastupidavuse, v\u00f5rk hingavuse ja tsingisulamist osad tagavad kindla [&#8230;]\n","protected":false},"featured_media":19540,"comment_status":"open","ping_status":"closed","template":"","meta":[],"product_brand":[580],"product_cat":[1278],"product_tag":[],"class_list":{"0":"post-19539","1":"product","2":"type-product","3":"status-publish","4":"has-post-thumbnail","6":"product_brand-dogness","7":"product_cat-walking-and-transportation","9":"first","10":"outofstock","11":"taxable","12":"shipping-taxable","13":"purchasable","14":"product-type-simple"},"aioseo_notices":[],"_links":{"self":[{"href":"https:\/\/asura.lv\/et\/wp-json\/wp\/v2\/product\/19539","targetHints":{"allow":["GET"]}}],"collection":[{"href":"https:\/\/asura.lv\/et\/wp-json\/wp\/v2\/product"}],"about":[{"href":"https:\/\/asura.lv\/et\/wp-json\/wp\/v2\/types\/product"}],"replies":[{"embeddable":true,"href":"https:\/\/asura.lv\/et\/wp-json\/wp\/v2\/comments?post=19539"}],"wp:featuredmedia":[{"embeddable":true,"href":"https:\/\/asura.lv\/et\/wp-json\/wp\/v2\/media\/19540"}],"wp:attachment":[{"href":"https:\/\/asura.lv\/et\/wp-json\/wp\/v2\/media?parent=19539"}],"wp:term":[{"taxonomy":"product_brand","embeddable":true,"href":"https:\/\/asura.lv\/et\/wp-json\/wp\/v2\/product_brand?post=19539"},{"taxonomy":"product_cat","embeddable":true,"href":"https:\/\/asura.lv\/et\/wp-json\/wp\/v2\/product_cat?post=19539"},{"taxonomy":"product_tag","embeddable":true,"href":"https:\/\/asura.lv\/et\/wp-json\/wp\/v2\/product_tag?post=19539"}],"curies":[{"name":"wp","href":"https:\/\/api.w.org\/{rel}","templated":true}]}}