{"id":19671,"date":"2025-11-28T22:09:25","date_gmt":"2025-11-28T22:09:25","guid":{"rendered":"https:\/\/asura.lv\/product\/smart-pet-fountain-d06-3-2l-dogness-white\/"},"modified":"2025-12-12T15:04:26","modified_gmt":"2025-12-12T13:04:26","slug":"smart-pet-fountain-d06-3-2l-dogness-white","status":"publish","type":"product","link":"https:\/\/asura.lv\/et\/toode\/smart-pet-fountain-d06-3-2l-dogness-white\/","title":{"rendered":"Nutikas lemmiklooma joogin\u00f5u D06 3,2l Dogness (valge)"},"content":{"rendered":"<h3>Dogness D06 3,2L nutikas lemmikloomajoogin\u00f5u (valge).<\/h3>\n<p>Dogness D06 nutikas lemmikloomajoogin\u00f5u pakub pidevat juurdep\u00e4\u00e4su v\u00e4rskele ja puhtale veele. 3,2-liitrise mahutavusega sobib see ideaalselt nii v\u00e4ikestele kui ka keskmise suurusega loomadele. Lisaks tagab vooluv\u00f5rk selle pideva t\u00f6\u00f6 ilma patareide vahetamise vajaduseta. See muudab selle mitte ainult mugavaks, vaid ka pikaajaliseks kasutamiseks \u00f6konoomsemaks.<\/p>\n<p>\n<img decoding=\"async\" border=\"0\" src=\"https:\/\/assets.innpro.pl\/8590\/10033\/1.jpg\"\/>\n<\/p>\n<h3>Tervislik ja v\u00e4rske vesi<\/h3>\n<p>Joogin\u00f5us pidevalt voolav vesi on kolmekordselt filtreeritud, et tagada k\u00f5rgeim kvaliteet. Filtreerimine eemaldab lisandid ja parandab vee maitset, mis julgustab loomi sagedamini jooma. \u00d5ige koguse vee regulaarne joomine on teie lemmiklooma tervise jaoks \u00fclioluline ja Dogness D06 purskkaev teeb selle lihtsaks.<\/p>\n<p>\n<img decoding=\"async\" border=\"0\" src=\"https:\/\/assets.innpro.pl\/8590\/10033\/2.jpg\"\/>\n<\/p>\n<h3>L\u00e4bim\u00f5eldud disain<\/h3>\n<p>Dogness D06-l on kitsas aken, mis v\u00f5imaldab teil veetaset igal ajal j\u00e4lgida. Nii teate alati, millal paaki t\u00e4ita, mis v\u00e4listab ohu, et teie lemmikloom j\u00e4\u00e4b veeta. Purskkaevu kompaktsed m\u00f5\u00f5tmed on 218\u2013170 mm, mist\u00f5ttu see sobib isegi v\u00e4iksematesse ruumidesse.<\/p>\n<p>\n<img decoding=\"async\" border=\"0\" src=\"https:\/\/assets.innpro.pl\/8590\/10033\/4.jpg\"\/>\n<\/p>\n<div class=\"table-wrapper\">\n<p>B\u00a0<\/p>\n<h3><\/h3>\n<table>\n<tbody>\n<tr>\n<th>Tootja<\/th>\n<td>Suurus<\/td>\n<\/tr>\n<tr>\n<th>Mudel<\/th>\n<td>D06<\/td>\n<\/tr>\n<tr>\n<th>V\u00e4rv<\/th>\n<td>valge<\/td>\n<\/tr>\n<tr>\n<th>Maht<\/th>\n<td>3,2 l<\/td>\n<\/tr>\n<tr>\n<th>Materjal<\/th>\n<td>ABS<\/td>\n<\/tr>\n<tr>\n<th>M\u00f5\u00f5tmed<\/th>\n<td>218 x 170 mm<\/td>\n<\/tr>\n<\/tbody>\n<\/table>\n<\/div>\n","protected":false},"excerpt":{"rendered":"<p>Dogness D06 3,2L nutikas lemmikloomajoogin\u00f5u (valge). Dogness D06 nutikas lemmikloomajoogin\u00f5u pakub pidevat juurdep\u00e4\u00e4su v\u00e4rskele ja puhtale veele. 3,2-liitrise mahutavusega sobib see ideaalselt nii v\u00e4ikestele kui ka keskmise suurusega loomadele. Lisaks tagab vooluv\u00f5rk selle pideva t\u00f6\u00f6 ilma patareide vahetamise vajaduseta. See muudab selle mitte ainult mugavaks, vaid ka pikaajaliseks kasutamiseks \u00f6konoomsemaks. Tervislik ja v\u00e4rske vesi Joogin\u00f5us [&#8230;]\n","protected":false},"featured_media":19672,"comment_status":"open","ping_status":"closed","template":"","meta":[],"product_brand":[580],"product_cat":[1242],"product_tag":[],"class_list":{"0":"post-19671","1":"product","2":"type-product","3":"status-publish","4":"has-post-thumbnail","6":"product_brand-dogness","7":"product_cat-water-dispensers","9":"first","10":"outofstock","11":"taxable","12":"shipping-taxable","13":"purchasable","14":"product-type-simple"},"aioseo_notices":[],"_links":{"self":[{"href":"https:\/\/asura.lv\/et\/wp-json\/wp\/v2\/product\/19671","targetHints":{"allow":["GET"]}}],"collection":[{"href":"https:\/\/asura.lv\/et\/wp-json\/wp\/v2\/product"}],"about":[{"href":"https:\/\/asura.lv\/et\/wp-json\/wp\/v2\/types\/product"}],"replies":[{"embeddable":true,"href":"https:\/\/asura.lv\/et\/wp-json\/wp\/v2\/comments?post=19671"}],"wp:featuredmedia":[{"embeddable":true,"href":"https:\/\/asura.lv\/et\/wp-json\/wp\/v2\/media\/19672"}],"wp:attachment":[{"href":"https:\/\/asura.lv\/et\/wp-json\/wp\/v2\/media?parent=19671"}],"wp:term":[{"taxonomy":"product_brand","embeddable":true,"href":"https:\/\/asura.lv\/et\/wp-json\/wp\/v2\/product_brand?post=19671"},{"taxonomy":"product_cat","embeddable":true,"href":"https:\/\/asura.lv\/et\/wp-json\/wp\/v2\/product_cat?post=19671"},{"taxonomy":"product_tag","embeddable":true,"href":"https:\/\/asura.lv\/et\/wp-json\/wp\/v2\/product_tag?post=19671"}],"curies":[{"name":"wp","href":"https:\/\/api.w.org\/{rel}","templated":true}]}}