{"id":19773,"date":"2025-11-28T22:08:25","date_gmt":"2025-11-28T22:08:25","guid":{"rendered":"https:\/\/asura.lv\/product\/phone-case-baseus-skyring-magnetic-with-stand-for-ip-13-pro-tempered-glass-and-cleaning-kit-black\/"},"modified":"2025-12-12T15:03:34","modified_gmt":"2025-12-12T13:03:34","slug":"phone-case-baseus-skyring-magnetic-with-stand-for-ip-13-pro-tempered-glass-and-cleaning-kit-black","status":"publish","type":"product","link":"https:\/\/asura.lv\/et\/toode\/phone-case-baseus-skyring-magnetic-with-stand-for-ip-13-pro-tempered-glass-and-cleaning-kit-black\/","title":{"rendered":"Baseus SkyRing Magnetic telefoni\u00fcmbris alusega iPhone 13 Pro jaoks + karastatud klaas ja puhastuskomplekt (must)"},"content":{"rendered":"<h3>Baseus SkyRing Magnetic \u00fcmbris alusega iP 13 Pro-le + karastatud klaas ja puhastuskomplekt (must).<\/h3>\n<p>Baseus SkyRing Magnetic \u00fcmbris on loodud teie iPhone 13 Pro suurep\u00e4raseks kaitseks. See on valmistatud vastupidavatest materjalidest ning pakub usaldusv\u00e4\u00e4rset kaitset kriimustuste, l\u00f6\u00f6kide ja kukkumiste eest, s\u00e4ilitades samal ajal seadme elegantse v\u00e4limuse. Sellel on sisseehitatud alus, mis v\u00f5imaldab teil mugavalt videoid vaadata, fotosid vaadata v\u00f5i rakendusi kasutada horisontaalasendis. Samuti on kaasas karastatud klaas, mis kaitseb ekraani kahjustuste eest.<\/p>\n<p>\n<img decoding=\"async\" border=\"0\" src=\"https:\/\/assets.innpro.pl\/6181\/7244\/1.jpg\"\/>\n<\/p>\n<h3>Komplektis:<\/h3>\n<ul class=\"list-disc pl-5\">\n<li>\u00fcmbris,<\/li>\n<li>karastatud klaas,<\/li>\n<li>puhastuskomplekt.<\/li>\n<\/ul>\n<div class=\"table-wrapper\">\n<p>\u0412\u00a0<\/p>\n<h3><\/h3>\n<table>\n<tbody>\n<tr>\n<th>Tootja<\/th>\n<td>Baseus<\/td>\n<\/tr>\n<tr>\n<th>Mudel<\/th>\n<td>SkyRing Magnetic<\/td>\n<\/tr>\n<tr>\n<th>V\u00e4rv<\/th>\n<td>Must<\/td>\n<\/tr>\n<tr>\n<th>\u00dchilduvus<\/th>\n<td>iPhone 13 Pro<\/td>\n<\/tr>\n<\/tbody>\n<\/table>\n<\/div>\n","protected":false},"excerpt":{"rendered":"<p>Baseus SkyRing Magnetic \u00fcmbris alusega iP 13 Pro-le + karastatud klaas ja puhastuskomplekt (must). Baseus SkyRing Magnetic \u00fcmbris on loodud teie iPhone 13 Pro suurep\u00e4raseks kaitseks. See on valmistatud vastupidavatest materjalidest ning pakub usaldusv\u00e4\u00e4rset kaitset kriimustuste, l\u00f6\u00f6kide ja kukkumiste eest, s\u00e4ilitades samal ajal seadme elegantse v\u00e4limuse. Sellel on sisseehitatud alus, mis v\u00f5imaldab teil mugavalt videoid [&#8230;]\n","protected":false},"featured_media":19774,"comment_status":"open","ping_status":"closed","template":"","meta":[],"product_brand":[95],"product_cat":[1248],"product_tag":[],"class_list":{"0":"post-19773","1":"product","2":"type-product","3":"status-publish","4":"has-post-thumbnail","6":"product_brand-baseus","7":"product_cat-protective-cases-for-smartphones-cases-gsm-accessories","9":"first","10":"outofstock","11":"taxable","12":"shipping-taxable","13":"purchasable","14":"product-type-simple"},"aioseo_notices":[],"_links":{"self":[{"href":"https:\/\/asura.lv\/et\/wp-json\/wp\/v2\/product\/19773","targetHints":{"allow":["GET"]}}],"collection":[{"href":"https:\/\/asura.lv\/et\/wp-json\/wp\/v2\/product"}],"about":[{"href":"https:\/\/asura.lv\/et\/wp-json\/wp\/v2\/types\/product"}],"replies":[{"embeddable":true,"href":"https:\/\/asura.lv\/et\/wp-json\/wp\/v2\/comments?post=19773"}],"wp:featuredmedia":[{"embeddable":true,"href":"https:\/\/asura.lv\/et\/wp-json\/wp\/v2\/media\/19774"}],"wp:attachment":[{"href":"https:\/\/asura.lv\/et\/wp-json\/wp\/v2\/media?parent=19773"}],"wp:term":[{"taxonomy":"product_brand","embeddable":true,"href":"https:\/\/asura.lv\/et\/wp-json\/wp\/v2\/product_brand?post=19773"},{"taxonomy":"product_cat","embeddable":true,"href":"https:\/\/asura.lv\/et\/wp-json\/wp\/v2\/product_cat?post=19773"},{"taxonomy":"product_tag","embeddable":true,"href":"https:\/\/asura.lv\/et\/wp-json\/wp\/v2\/product_tag?post=19773"}],"curies":[{"name":"wp","href":"https:\/\/api.w.org\/{rel}","templated":true}]}}