{"id":19875,"date":"2025-11-28T22:08:17","date_gmt":"2025-11-28T22:08:17","guid":{"rendered":"https:\/\/asura.lv\/product\/anycubic-tough-resin-2-0-black\/"},"modified":"2025-12-12T15:03:29","modified_gmt":"2025-12-12T13:03:29","slug":"anycubic-tough-resin-2-0-black","status":"publish","type":"product","link":"https:\/\/asura.lv\/et\/toode\/anycubic-tough-resin-2-0-black\/","title":{"rendered":"AnyCubic Tough Resin 2.0 (must)"},"content":{"rendered":"<h3>AnyCubic Tough Resin 2.0 (must)<\/h3>\n<p>AnyCubic vaik on ainulaadne plastik, millel on suurem tugevus. See on suhteliselt painduv ja pragunemiskindel, v\u00f5imaldades printida nii miniatuurseid komponente kui ka \u00f5hukesi mudeleid. Lisaks on selle vaiguga valmistatud valmismudelitel v\u00e4iksem t\u00f5en\u00e4osus kahjustuda isegi p\u00e4rast k\u00f5rguselt kukkumist. Tough Resin 2.0 loodi keskkonnas\u00f5bralike koostisosadega, mis ei \u00e4rrita ega eralda tugevaid l\u00f5hnu. See \u00fchildub enamiku LCD 3D-printeritega.<\/p>\n<p><img decoding=\"async\" src=\"https:\/\/assets.innpro.pl\/6075\/7135\/1.jpg\" border=\"0\" \/><\/p>\n<h3>Ideaalne valik perfektsionistidele<\/h3>\n<p>Tough Resin 2.0 sobib ideaalselt printimiseks, mis n\u00f5uavad suuremat t\u00e4psust. See sobib printimiseks lainepikkuste vahemikus 365 nm kuni 405 nm, v\u00f5imaldades saavutada optimaalseid tulemusi. Vaik kahaneb ka v\u00e4hem. Selle tulemusena on teie mudelid detailirohked ja nende pind on ideaalselt viimistletud \u2013 eriti AnyCubicu printeritega koos kasutades.<\/p>\n<p><img decoding=\"async\" src=\"https:\/\/assets.innpro.pl\/6073\/7133\/5.jpg\" border=\"0\" \/><\/p>\n<div class=\"table-wrapper\">\n<p>\u0412\u00a0<\/p>\n<h3>F\u00fc\u00fcsikalised ja keemilised omadused:<\/h3>\n<table>\n<tbody>\n<tr>\n<th>UV-lainepikkus:<\/th>\n<td>365\u2013405 nm<\/td>\n<\/tr>\n<tr>\n<th>Tihedus:<\/th>\n<td>1,10\u20131,15 g\/cm\u00b2<\/td>\n<\/tr>\n<tr>\n<th>Viskoossus:<\/th>\n<td>450\u2013500 cPimPa-s<\/td>\n<\/tr>\n<tr>\n<th>K\u00f5vadus:<\/th>\n<td>82-84D<\/td>\n<\/tr>\n<tr>\n<th>T\u00f5mbetugevus:<\/th>\n<td>30-42 MPa<\/td>\n<\/tr>\n<tr>\n<th>Pikenemine murruhetkel:<\/th>\n<td>60-72%<\/td>\n<\/tr>\n<tr>\n<th>Kahanemine vormimisel:<\/th>\n<td>5,1-6,2%<\/td>\n<\/tr>\n<tr>\n<th>Paindetugevus:<\/th>\n<td>42-52 MPa<\/td>\n<\/tr>\n<tr>\n<th>Elastsusmoodul painutamisel:<\/th>\n<td>1500-2000 MPa<\/td>\n<\/tr>\n<tr>\n<th>Kindlustus kuumuse suhtes temperatuur:<\/th>\n<td>50\u201355 \u00b0C<\/td>\n<\/tr>\n<tr>\n<th>Alumise kihi s\u00e4ritusaeg:<\/th>\n<td>20\u201340 s<\/td>\n<\/tr>\n<tr>\n<th>Standardne s\u00e4ritusaeg:<\/th>\n<td>1,5\u20133 s (v\u00e4rviliste ekraanide puhul 8 s)<\/td>\n<\/tr>\n<tr>\n<th>Vaigu puhastamine:<\/th>\n<td>Alkohol<\/td>\n<\/tr>\n<tr>\n<th>S\u00e4ilivusaeg:<\/th>\n<td>1,5 aastat<\/td>\n<\/tr>\n<tr>\n<th>V\u00e4rviline<\/th>\n<td>Must<\/td>\n<\/tr>\n<\/tbody>\n<\/table>\n<p>\u0412\u00a0<\/p>\n<h3>Soovitatavad printimisparameetrid Anycubic 3D-printerite erinevatele mudelitele (Photon Mono M3 Pro, Photon Mono 6K, Photon Ultra jne):<\/h3>\n<table>\n<tbody>\n<tr>\n<th>Kihi paksus:<\/th>\n<td>0,05 mm<\/td>\n<\/tr>\n<tr>\n<th>S\u00e4ritusaeg:<\/th>\n<td>1,5 s kuni 3,6 s<\/td>\n<\/tr>\n<tr>\n<th>S\u00e4rita aeg:<\/th>\n<td>1 s<\/td>\n<\/tr>\n<tr>\n<th>Alumiste kihtide s\u00e4ritusaeg:<\/th>\n<td>20 s kuni 35 s<\/td>\n<\/tr>\n<tr>\n<th>Alumiste kihtide arv:<\/th>\n<td>5-6<\/td>\n<\/tr>\n<tr>\n<th>Sildistamine:<\/th>\n<td>1<\/td>\n<\/tr>\n<tr>\n<th>Z-telje t\u00f5stekaugus:<\/th>\n<td>5 mm kuni 10 mm<\/td>\n<\/tr>\n<tr>\n<th>Z-telje t\u00f5stekiirus:<\/th>\n<td>2 mm\/s kuni 6 mm\/s<\/td>\n<\/tr>\n<tr>\n<th>Z-telje tagasit\u00f5mbamiskiirus:<\/th>\n<td>2 mm\/s kuni 6 mm\/s<\/td>\n<\/tr>\n<\/tbody>\n<\/table>\n<p>B\u00a0<\/p>\n<p><strong>Laadi alla:<\/strong><\/p>\n<p><a href=\"https:\/\/cdn-files.innpro.pl\/anycubic\/6974662350817\/karta_charakterystyki\/6974662350817_karta_charakterystyki_sds_en_pl.pdf\">Ohutuskaart<\/a><\/p>\n<\/div>\n","protected":false},"excerpt":{"rendered":"<p>AnyCubic Tough Resin 2.0 (must) AnyCubic vaik on ainulaadne plastik, millel on suurem tugevus. See on suhteliselt painduv ja pragunemiskindel, v\u00f5imaldades printida nii miniatuurseid komponente kui ka \u00f5hukesi mudeleid. Lisaks on selle vaiguga valmistatud valmismudelitel v\u00e4iksem t\u00f5en\u00e4osus kahjustuda isegi p\u00e4rast k\u00f5rguselt kukkumist. Tough Resin 2.0 loodi keskkonnas\u00f5bralike koostisosadega, mis ei \u00e4rrita ega eralda tugevaid l\u00f5hnu. [&#8230;]\n","protected":false},"featured_media":19876,"comment_status":"open","ping_status":"closed","template":"","meta":[],"product_brand":[617],"product_cat":[1431],"product_tag":[],"class_list":{"0":"post-19875","1":"product","2":"type-product","3":"status-publish","4":"has-post-thumbnail","6":"product_brand-anycubic","7":"product_cat-resins","9":"first","10":"outofstock","11":"taxable","12":"shipping-taxable","13":"purchasable","14":"product-type-simple"},"aioseo_notices":[],"_links":{"self":[{"href":"https:\/\/asura.lv\/et\/wp-json\/wp\/v2\/product\/19875","targetHints":{"allow":["GET"]}}],"collection":[{"href":"https:\/\/asura.lv\/et\/wp-json\/wp\/v2\/product"}],"about":[{"href":"https:\/\/asura.lv\/et\/wp-json\/wp\/v2\/types\/product"}],"replies":[{"embeddable":true,"href":"https:\/\/asura.lv\/et\/wp-json\/wp\/v2\/comments?post=19875"}],"wp:featuredmedia":[{"embeddable":true,"href":"https:\/\/asura.lv\/et\/wp-json\/wp\/v2\/media\/19876"}],"wp:attachment":[{"href":"https:\/\/asura.lv\/et\/wp-json\/wp\/v2\/media?parent=19875"}],"wp:term":[{"taxonomy":"product_brand","embeddable":true,"href":"https:\/\/asura.lv\/et\/wp-json\/wp\/v2\/product_brand?post=19875"},{"taxonomy":"product_cat","embeddable":true,"href":"https:\/\/asura.lv\/et\/wp-json\/wp\/v2\/product_cat?post=19875"},{"taxonomy":"product_tag","embeddable":true,"href":"https:\/\/asura.lv\/et\/wp-json\/wp\/v2\/product_tag?post=19875"}],"curies":[{"name":"wp","href":"https:\/\/api.w.org\/{rel}","templated":true}]}}