{"id":19899,"date":"2025-11-28T22:08:15","date_gmt":"2025-11-28T22:08:15","guid":{"rendered":"https:\/\/asura.lv\/product\/anycubic-abs-like-resin-pro-2-black\/"},"modified":"2025-12-12T15:03:28","modified_gmt":"2025-12-12T13:03:28","slug":"anycubic-abs-like-resin-pro-2-black","status":"publish","type":"product","link":"https:\/\/asura.lv\/et\/toode\/anycubic-abs-like-resin-pro-2-black\/","title":{"rendered":"AnyCubic ABS-laadne vaik Pro 2 (must)"},"content":{"rendered":"<h3>AnyCubic ABS-Like Resin 2 Pro (must)<\/h3>\n<p>AnyCubic ABS-Like Resin Pro 2 uus koostis pakub erakordset t\u00f5mbetugevust ja paindlikkust, suurendades katkevenivust eelmise versiooniga v\u00f5rreldes enam kui 100%. Need tulemused muudavad selle ideaalseks \u00fclitugevate komponentide, n\u00e4iteks konstruktsioonielementide, t\u00f6\u00f6stuslike protot\u00fc\u00fcpide ja isegi liitmike printimiseks. Vaiku iseloomustab ka k\u00f5rge vastupidavus, v\u00e4rvik\u00fcllastus ja madal l\u00f5hn, mist\u00f5ttu on sellega mugav t\u00f6\u00f6tada isegi halvasti ventileeritavates kohtades.<\/p>\n<p><img decoding=\"async\" src=\"https:\/\/assets.innpro.pl\/6110\/7172\/1.jpg\" border=\"0\" \/><\/p>\n<h3>Suurem vastupidavus<\/h3>\n<p>ABS-Like Resin Pro 2-l on suurem paindekindlus, mis muudab selle vastupidavamaks pragunemisele ja mehaanilistele kahjustustele. Sellega on ka lihtne t\u00f6\u00f6tada, mis v\u00f5imaldab keeruliste mudelite ja detailide t\u00e4pset vormimist.<\/p>\n<p><img decoding=\"async\" src=\"https:\/\/assets.innpro.pl\/6110\/7172\/2.jpg\" border=\"0\" \/><\/p>\n<h3>Suur t\u00e4psus ja minimaalne kahanemine<\/h3>\n<p>T\u00e4nu v\u00e4hendatud kahanemisele tagab vaik suure t\u00e4psuse ja s\u00e4ilitab printimise ajal teravad detailid. Modelleerimise kahanemine on palju v\u00e4iksem kui teiste vaikude puhul, minimeerides moonutuste ohtu.<\/p>\n<p><img decoding=\"async\" src=\"https:\/\/assets.innpro.pl\/6109\/7171\/5.jpg\" border=\"0\" \/><\/p>\n<h3>Lai \u00fchilduvus<\/h3>\n<p>Vaik \u00fchildub laia valiku 3D-printeritega, mis t\u00f6\u00f6tavad UV-lainepikkuste vahemikus 365 kuni 405 nm. See teeb selle h\u00f5lpsaks integreerimiseks enamiku turul olevate DLP- ja LCD-printeritega. AnyCubic 2 Pro on ka kasutaja- ja keskkonnas\u00f5bralik \u2013 see pakub mugavat t\u00f6\u00f6keskkonda, kuna ei eralda intensiivset l\u00f5hna.<\/p>\n<p><img decoding=\"async\" src=\"https:\/\/assets.innpro.pl\/6110\/7172\/5.jpg\" border=\"0\" \/><\/p>\n<h3>Suur voolavus ja madalam viskoossus<\/h3>\n<p>Vaigu madal viskoossus l\u00fchendab k\u00f5venemisaega ja lihtsustab mudelite vormimist, mis omakorda kiirendab ja t\u00f5hustab tr\u00fckkimisprotsessi. Parem nakkuvus tr\u00fckkiplatvormiga v\u00e4hendab t\u00f5husalt tr\u00fckkimise eba\u00f5nnestumiste ohtu. Nautige AnyCubicuga suuremat t\u00e4psust ja veelgi paremat tootlikkust oma t\u00f6\u00f6s!<\/p>\n<p><img decoding=\"async\" src=\"https:\/\/assets.innpro.pl\/6109\/7171\/4.jpg\" border=\"0\" \/><\/p>\n<div class=\"table-wrapper\">\n<p>\u0412\u00a0<\/p>\n<h3>\u0412\u00a0<\/h3>\n<table>\n<tbody>\n<tr>\n<th>Tootja<\/th>\n<td>AnyCubic<\/td>\n<\/tr>\n<tr>\n<th>Mudel<\/th>\n<td>2Pro<\/td>\n<\/tr>\n<tr>\n<th>V\u00e4rv<\/th>\n<td>Must<\/td>\n<\/tr>\n<tr>\n<th>UV-lainepikkus:<\/th>\n<td>365-405 nm<\/td>\n<\/tr>\n<tr>\n<th>Tihedus:<\/th>\n<td>1,05-1,25 g\/cm\u00b2<\/td>\n<\/tr>\n<tr>\n<th>Viskoossus:<\/th>\n<td>300\u2013400 cPimPa-s<\/td>\n<\/tr>\n<tr>\n<th>K\u00f5vadus:<\/th>\n<td>82\u201384D<\/td>\n<\/tr>\n<tr>\n<th>T\u00f5mbetugevus:<\/th>\n<td>35\u201340 MPa<\/td>\n<\/tr>\n<tr>\n<th>Pikenemine katkemiseni:<\/th>\n<td>35\u201340%<\/td>\n<\/tr>\n<tr>\n<th>Kahanemisv\u00f5ime:<\/th>\n<td>4,3\u20135,6%<\/td>\n<\/tr>\n<tr>\n<th>Paindetugevus:<\/th>\n<td>35\u201340 MPa<\/td>\n<\/tr>\n<tr>\n<th>Paindetugevus moodul:<\/th>\n<td>1400-1800 MPa<\/td>\n<\/tr>\n<tr>\n<th>Kuumuskindlustemperatuur:<\/th>\n<td>60-65 \u00b0C<\/td>\n<\/tr>\n<tr>\n<th>Vaigupesu:<\/th>\n<td>Alkohol<\/td>\n<\/tr>\n<tr>\n<th>S\u00e4ilivusaeg:<\/th>\n<td>1,5 aastat<\/td>\n<\/tr>\n<\/tbody>\n<\/table>\n<p><strong>Laadi alla:<br \/><a href=\"https:\/\/cdn-files.innpro.pl\/anycubic\/6974662350923\/karta_charakterystyki\/6974662350923_karta_charakterystyki_sds_en_pl.pdf\">Ohutuskaart<\/a><br \/><\/strong><\/div>\n","protected":false},"excerpt":{"rendered":"<p>AnyCubic ABS-Like Resin 2 Pro (must) AnyCubic ABS-Like Resin Pro 2 uus koostis pakub erakordset t\u00f5mbetugevust ja paindlikkust, suurendades katkevenivust eelmise versiooniga v\u00f5rreldes enam kui 100%. Need tulemused muudavad selle ideaalseks \u00fclitugevate komponentide, n\u00e4iteks konstruktsioonielementide, t\u00f6\u00f6stuslike protot\u00fc\u00fcpide ja isegi liitmike printimiseks. Vaiku iseloomustab ka k\u00f5rge vastupidavus, v\u00e4rvik\u00fcllastus ja madal l\u00f5hn, mist\u00f5ttu on sellega mugav t\u00f6\u00f6tada [&#8230;]\n","protected":false},"featured_media":19900,"comment_status":"open","ping_status":"closed","template":"","meta":[],"product_brand":[617],"product_cat":[1431],"product_tag":[],"class_list":{"0":"post-19899","1":"product","2":"type-product","3":"status-publish","4":"has-post-thumbnail","6":"product_brand-anycubic","7":"product_cat-resins","9":"first","10":"outofstock","11":"taxable","12":"shipping-taxable","13":"purchasable","14":"product-type-simple"},"aioseo_notices":[],"_links":{"self":[{"href":"https:\/\/asura.lv\/et\/wp-json\/wp\/v2\/product\/19899","targetHints":{"allow":["GET"]}}],"collection":[{"href":"https:\/\/asura.lv\/et\/wp-json\/wp\/v2\/product"}],"about":[{"href":"https:\/\/asura.lv\/et\/wp-json\/wp\/v2\/types\/product"}],"replies":[{"embeddable":true,"href":"https:\/\/asura.lv\/et\/wp-json\/wp\/v2\/comments?post=19899"}],"wp:featuredmedia":[{"embeddable":true,"href":"https:\/\/asura.lv\/et\/wp-json\/wp\/v2\/media\/19900"}],"wp:attachment":[{"href":"https:\/\/asura.lv\/et\/wp-json\/wp\/v2\/media?parent=19899"}],"wp:term":[{"taxonomy":"product_brand","embeddable":true,"href":"https:\/\/asura.lv\/et\/wp-json\/wp\/v2\/product_brand?post=19899"},{"taxonomy":"product_cat","embeddable":true,"href":"https:\/\/asura.lv\/et\/wp-json\/wp\/v2\/product_cat?post=19899"},{"taxonomy":"product_tag","embeddable":true,"href":"https:\/\/asura.lv\/et\/wp-json\/wp\/v2\/product_tag?post=19899"}],"curies":[{"name":"wp","href":"https:\/\/api.w.org\/{rel}","templated":true}]}}