{"id":19917,"date":"2025-11-28T22:08:14","date_gmt":"2025-11-28T22:08:14","guid":{"rendered":"https:\/\/asura.lv\/product\/anycubic-abs-like-resin-v2-black\/"},"modified":"2025-12-12T15:03:28","modified_gmt":"2025-12-12T13:03:28","slug":"anycubic-abs-like-resin-v2-black","status":"publish","type":"product","link":"https:\/\/asura.lv\/et\/toode\/anycubic-abs-like-resin-v2-black\/","title":{"rendered":"AnyCubic ABS-laadne vaik V2 (must)"},"content":{"rendered":"<h3>ABS-vaik AnyCubic V2 (must).<\/h3>\n<p>AnyCubic V2 on ainulaadne veekindel ABS-vaik, mis \u00fchendab endas suure tugevuse ja paindlikkuse. See teeb selle ideaalseks rakenduste jaoks, mis n\u00f5uavad l\u00f6\u00f6gikindlust ja pidevat kasutamist. See tagab suure t\u00e4psusega printimise ega eralda intensiivset l\u00f5hna, tagades mugava t\u00f6\u00f6keskkonna.<\/p>\n<p><img decoding=\"async\" src=\"https:\/\/assets.innpro.pl\/6112\/7174\/1.jpg\" border=\"0\" \/><\/p>\n<h3>Suurep\u00e4rane vastupidavus ja j\u00f5udlus<\/h3>\n<p>T\u00e4iustatud vaigu koostis tagab suurep\u00e4rase paindetugevuse, muutes selle pragunemise ja kahjustuste suhtes vastupidavamaks kui traditsioonilised vaigud. Sellega on ka lihtne t\u00f6\u00f6tada, mis v\u00f5imaldab detailide ja keerukate mudelite t\u00e4pset vormimist. Lisaks v\u00f5imaldab materjali k\u00f5rge vastupidavus seda puurida ja keermestada valmismudelitesse, mist\u00f5ttu sobib see ideaalselt konstruktsiooniosade, t\u00f6\u00f6riistade ja muude suurt j\u00f5udlust n\u00f5udvate esemete printimiseks.<\/p>\n<p><img decoding=\"async\" src=\"https:\/\/assets.innpro.pl\/6112\/7174\/5.jpg\" border=\"0\" \/><\/p>\n<h3>Suur \u00fchilduvus ja kasutusmugavus<\/h3>\n<p>Vaik \u00fchildub paljude LCD 3D-printeritega, mist\u00f5ttu on seda lihtne integreerida ja kasutada erinevates printimiskeskkondades. Selle kasutusmugavus muudab selle sobivaks nii algajatele kui ka kogenud kasutajatele. T\u00e4nu v\u00e4hendatud kokkut\u00f5mbumisele v\u00f5imaldab AnyCubic V2 saavutada suurt vormimist\u00e4psust ja teravaid detaile, mis on t\u00e4ppiskomponentide ja protot\u00fc\u00fcpide tootmisel \u00fclioluline.<\/p>\n<p><img decoding=\"async\" src=\"https:\/\/assets.innpro.pl\/6112\/7174\/3.jpg\" border=\"0\" \/><\/p>\n<h3>Madal viskoossus<\/h3>\n<p>Vaigu madal viskoossus tagab parema voolavuse ja kiirema k\u00f5venemisaja. See omakorda lihtsustab mudelite puhastamist, v\u00f5imaldades mitmesuguseid puhastusmeetodeid, sealhulgas veep\u00f5hist, masin- ja ultrahelipuhastust. Valmis mudelit iseloomustab seega sile ja mittekleepuv pind, mis h\u00f5lbustab oluliselt selle l\u00f5plikku t\u00f6\u00f6tlemist.<\/p>\n<p><img decoding=\"async\" src=\"https:\/\/assets.innpro.pl\/6112\/7174\/4.jpg\" border=\"0\" \/><\/p>\n<div class=\"table-wrapper\">\n<p>\u0412\u00a0<\/p>\n<h3>\u0412\u00a0<\/h3>\n<table>\n<tbody>\n<tr>\n<th>Tootja<\/th>\n<td>AnyCubic<\/td>\n<\/tr>\n<tr>\n<th>Mudel<\/th>\n<td>V2<\/td>\n<\/tr>\n<tr>\n<th>V\u00e4rv<\/th>\n<td>Must<\/td>\n<\/tr>\n<tr>\n<th>UV-lainepikkus:<\/th>\n<td>365-405 nm<\/td>\n<\/tr>\n<tr>\n<th>Tihedus:<\/th>\n<td>1,1\u20131,2 g\/cm\u00b2<\/td>\n<\/tr>\n<tr>\n<th>Viskoossus:<\/th>\n<td>180\u2013200 cP\/mPa-s<\/td>\n<\/tr>\n<tr>\n<th>K\u00f5vadus:<\/th>\n<td>80\u201385D<\/td>\n<\/tr>\n<tr>\n<th>T\u00f5mbetugevus:<\/th>\n<td>35\u201345 MPa<\/td>\n<\/tr>\n<tr>\n<th>Pikenemine katkemiseni:<\/th>\n<td>30\u201340%<\/td>\n<\/tr>\n<tr>\n<th>Kahanemine:<\/th>\n<td>4,3\u20135,6%<\/td>\n<\/tr>\n<tr>\n<th>Paindetugevus:<\/th>\n<td>40\u201350 MPa<\/td>\n<\/tr>\n<tr>\n<th>Paindeelastsusmoodul:<\/th>\n<td>1000\u20131200 MPa<\/td>\n<\/tr>\n<tr>\n<th>Kuumuskindlustemperatuur:<\/th>\n<td>60\u201365 \u00b0C<\/td>\n<\/tr>\n<tr>\n<th>Vaigu puhastamine:<\/th>\n<td>vesi\/alkohol<\/td>\n<\/tr>\n<tr>\n<th>S\u00e4ilivusaeg:<\/th>\n<td>1,5 aastat<\/td>\n<\/tr>\n<\/tbody>\n<\/table>\n<p>B\u00a0<\/p>\n<p><strong>Laadi alla:<\/strong><\/p>\n<p><a href=\"https:\/\/cdn-files.innpro.pl\/anycubic\/6974662350435\/karta_charakterystyki\/6974662350435_karta_charakterystyki_sds_en_pl.pdf\">Ohutuskaart<\/a><\/p>\n<\/div>\n","protected":false},"excerpt":{"rendered":"<p>ABS-vaik AnyCubic V2 (must). AnyCubic V2 on ainulaadne veekindel ABS-vaik, mis \u00fchendab endas suure tugevuse ja paindlikkuse. See teeb selle ideaalseks rakenduste jaoks, mis n\u00f5uavad l\u00f6\u00f6gikindlust ja pidevat kasutamist. See tagab suure t\u00e4psusega printimise ega eralda intensiivset l\u00f5hna, tagades mugava t\u00f6\u00f6keskkonna. Suurep\u00e4rane vastupidavus ja j\u00f5udlus T\u00e4iustatud vaigu koostis tagab suurep\u00e4rase paindetugevuse, muutes selle pragunemise ja [&#8230;]\n","protected":false},"featured_media":19918,"comment_status":"open","ping_status":"closed","template":"","meta":[],"product_brand":[617],"product_cat":[1431],"product_tag":[],"class_list":{"0":"post-19917","1":"product","2":"type-product","3":"status-publish","4":"has-post-thumbnail","6":"product_brand-anycubic","7":"product_cat-resins","9":"first","10":"outofstock","11":"taxable","12":"shipping-taxable","13":"purchasable","14":"product-type-simple"},"aioseo_notices":[],"_links":{"self":[{"href":"https:\/\/asura.lv\/et\/wp-json\/wp\/v2\/product\/19917","targetHints":{"allow":["GET"]}}],"collection":[{"href":"https:\/\/asura.lv\/et\/wp-json\/wp\/v2\/product"}],"about":[{"href":"https:\/\/asura.lv\/et\/wp-json\/wp\/v2\/types\/product"}],"replies":[{"embeddable":true,"href":"https:\/\/asura.lv\/et\/wp-json\/wp\/v2\/comments?post=19917"}],"wp:featuredmedia":[{"embeddable":true,"href":"https:\/\/asura.lv\/et\/wp-json\/wp\/v2\/media\/19918"}],"wp:attachment":[{"href":"https:\/\/asura.lv\/et\/wp-json\/wp\/v2\/media?parent=19917"}],"wp:term":[{"taxonomy":"product_brand","embeddable":true,"href":"https:\/\/asura.lv\/et\/wp-json\/wp\/v2\/product_brand?post=19917"},{"taxonomy":"product_cat","embeddable":true,"href":"https:\/\/asura.lv\/et\/wp-json\/wp\/v2\/product_cat?post=19917"},{"taxonomy":"product_tag","embeddable":true,"href":"https:\/\/asura.lv\/et\/wp-json\/wp\/v2\/product_tag?post=19917"}],"curies":[{"name":"wp","href":"https:\/\/api.w.org\/{rel}","templated":true}]}}