{"id":19923,"date":"2025-11-28T22:08:13","date_gmt":"2025-11-28T22:08:13","guid":{"rendered":"https:\/\/asura.lv\/product\/anycubic-standard-resin-white\/"},"modified":"2025-12-12T15:03:27","modified_gmt":"2025-12-12T13:03:27","slug":"anycubic-standard-resin-white","status":"publish","type":"product","link":"https:\/\/asura.lv\/et\/toode\/anycubic-standard-resin-white\/","title":{"rendered":"AnyCubic standardvaik (valge)"},"content":{"rendered":"<h3>AnyCubicu standardvaik (valge)<\/h3>\n<p>AnyCubicu standardvaiku iseloomustab suurep\u00e4rane nakkuvus ja vastupidavus. See sobib ideaalselt isegi algajatele kasutajatele. See v\u00f5imaldab muljetavaldavat printimiskiirust ja v\u00f5rratut t\u00e4psust \u2013 suurep\u00e4rane v\u00e4ga detailsete mudelite jaoks. Samal ajal on seda v\u00e4ga lihtne puhastada.<\/p>\n<p><img decoding=\"async\" src=\"https:\/\/assets.innpro.pl\/6123\/7187\/1.jpg\" border=\"0\" \/><\/p>\n<h3>Erakordne vastupidavus<\/h3>\n<p>Panusta tugevuse ja vastupidavuse t\u00e4iuslikule kombinatsioonile. AnyCubicu standardvaiku iseloomustab selle k\u00f5vadus umbes 85 HS, paindetugevus 50\u201360 MPa ja paindlikkus 1400\u20131600 MPa. Ka selle puhastamine ei tekita teile probleeme. Selle abil ei pea te muretsema ka ebameeldivate l\u00f5hnade p\u00e4rast.<\/p>\n<p><img decoding=\"async\" src=\"https:\/\/assets.innpro.pl\/6123\/7187\/3.jpg\" border=\"0\" \/><\/p>\n<h3>Uskumatu t\u00e4psus<\/h3>\n<p>N\u00fc\u00fcd saate h\u00f5lpsalt hoolitseda isegi k\u00f5ige v\u00e4iksemate detailide eest. Vaik tagab valamist\u00e4psuse \u00b1 0,2 mm \u2013 v\u00f5i saate seda kontrollida \u00b1 0,1 mm piires, olenevalt kasutatavast seadmest. See teeb kvaliteetsete ja detailirohkete mudelite printimise lihtsaks!<\/p>\n<p><img decoding=\"async\" src=\"https:\/\/assets.innpro.pl\/6123\/7187\/5.jpg\" border=\"0\" \/><\/p>\n<h3>Kiire printimine<\/h3>\n<p>\u00c4rge raisake aega pikale ootamisele oma mudeli printimise j\u00e4rel. Vaiku iseloomustab suurep\u00e4rane voolavus, seega lahustub see kiiresti ja v\u00f5imaldab teil printimisprotsessi l\u00fchendada. N\u00fc\u00fcd on teie prindid valmis hetkega!<\/p>\n<p><img decoding=\"async\" src=\"https:\/\/assets.innpro.pl\/6123\/7187\/4.jpg\" border=\"0\" \/><\/p>\n<h3>Lai \u00fchilduvus<\/h3>\n<p>Unustage \u00fchilduvusprobleemid. AnyCubicu standardvaik sobib enamiku populaarsete LCD- ja DLP-3D-printeritega. Seega saate luua detailseid v\u00e4ljatr\u00fckke olenemata teie varustusest!<\/p>\n<p><img decoding=\"async\" src=\"https:\/\/assets.innpro.pl\/6123\/7187\/2.jpg\" border=\"0\" \/><\/p>\n<div class=\"table-wrapper\">\n<p>\u0412\u00a0<\/p>\n<h3>\u0412\u00a0<\/h3>\n<table>\n<tbody>\n<tr>\n<th>Tootja<\/th>\n<td>AnyCubic<\/td>\n<\/tr>\n<tr>\n<th>Mudel<\/th>\n<td>SPTWH-104E<\/td>\n<\/tr>\n<tr>\n<th>V\u00e4rv<\/th>\n<td>Valge<\/td>\n<\/tr>\n<tr>\n<th>Lainepikkus<\/th>\n<td>365-405 nm<\/td>\n<\/tr>\n<tr>\n<th>Tihedus<\/th>\n<td>1,13 g\/cm3<\/td>\n<\/tr>\n<tr>\n<th>Viskoossus<\/th>\n<td>200\u2013230 cP \/ mPa\u2039\u2026s<\/td>\n<\/tr>\n<tr>\n<th>Pinna k\u00f5vadus<\/th>\n<td>84\u201386 HS<\/td>\n<\/tr>\n<tr>\n<th>T\u00f5mbetugevus<\/th>\n<td>40\u201350 MPa<\/td>\n<\/tr>\n<tr>\n<th>Maks. Katkevenivus<\/th>\n<td>12-16%<\/td>\n<\/tr>\n<tr>\n<th>Kokkut\u00f5mbumine<\/th>\n<td>4,5-5,5%<\/td>\n<\/tr>\n<tr>\n<th>Paindetugevus<\/th>\n<td>50-60 MPa<\/td>\n<\/tr>\n<tr>\n<th>Paindlikkus<\/th>\n<td>1400-1600 MPa<\/td>\n<\/tr>\n<tr>\n<th>Hooldusperiood<\/th>\n<td>18 kuud<\/td>\n<\/tr>\n<tr>\n<th>Kaal<\/th>\n<td>1 kg<\/td>\n<\/tr>\n<\/tbody>\n<\/table>\n<div class=\"table-wrapper\"><strong>Laadi alla:<\/strong><\/div>\n<div class=\"table-wrapper\"><a href=\"https:\/\/cdn-files.innpro.pl\/anycubic\/6974662350404\/karta_charakterystyki\/6974662350404_karta_charakterystyki_sds_en_pl.pdf\">Ohutuskaart<\/a><\/div>\n<\/div>\n","protected":false},"excerpt":{"rendered":"<p>AnyCubicu standardvaik (valge) AnyCubicu standardvaiku iseloomustab suurep\u00e4rane nakkuvus ja vastupidavus. See sobib ideaalselt isegi algajatele kasutajatele. See v\u00f5imaldab muljetavaldavat printimiskiirust ja v\u00f5rratut t\u00e4psust \u2013 suurep\u00e4rane v\u00e4ga detailsete mudelite jaoks. Samal ajal on seda v\u00e4ga lihtne puhastada. Erakordne vastupidavus Panusta tugevuse ja vastupidavuse t\u00e4iuslikule kombinatsioonile. AnyCubicu standardvaiku iseloomustab selle k\u00f5vadus umbes 85 HS, paindetugevus 50\u201360 MPa [&#8230;]\n","protected":false},"featured_media":19924,"comment_status":"open","ping_status":"closed","template":"","meta":[],"product_brand":[617],"product_cat":[1431],"product_tag":[],"class_list":{"0":"post-19923","1":"product","2":"type-product","3":"status-publish","4":"has-post-thumbnail","6":"product_brand-anycubic","7":"product_cat-resins","9":"first","10":"outofstock","11":"taxable","12":"shipping-taxable","13":"purchasable","14":"product-type-simple"},"aioseo_notices":[],"_links":{"self":[{"href":"https:\/\/asura.lv\/et\/wp-json\/wp\/v2\/product\/19923","targetHints":{"allow":["GET"]}}],"collection":[{"href":"https:\/\/asura.lv\/et\/wp-json\/wp\/v2\/product"}],"about":[{"href":"https:\/\/asura.lv\/et\/wp-json\/wp\/v2\/types\/product"}],"replies":[{"embeddable":true,"href":"https:\/\/asura.lv\/et\/wp-json\/wp\/v2\/comments?post=19923"}],"wp:featuredmedia":[{"embeddable":true,"href":"https:\/\/asura.lv\/et\/wp-json\/wp\/v2\/media\/19924"}],"wp:attachment":[{"href":"https:\/\/asura.lv\/et\/wp-json\/wp\/v2\/media?parent=19923"}],"wp:term":[{"taxonomy":"product_brand","embeddable":true,"href":"https:\/\/asura.lv\/et\/wp-json\/wp\/v2\/product_brand?post=19923"},{"taxonomy":"product_cat","embeddable":true,"href":"https:\/\/asura.lv\/et\/wp-json\/wp\/v2\/product_cat?post=19923"},{"taxonomy":"product_tag","embeddable":true,"href":"https:\/\/asura.lv\/et\/wp-json\/wp\/v2\/product_tag?post=19923"}],"curies":[{"name":"wp","href":"https:\/\/api.w.org\/{rel}","templated":true}]}}