{"id":20235,"date":"2025-11-28T22:07:47","date_gmt":"2025-11-28T22:07:47","guid":{"rendered":"https:\/\/asura.lv\/product\/cr-petg-filament-creality-transparent\/"},"modified":"2025-12-12T15:03:02","modified_gmt":"2025-12-12T13:03:02","slug":"cr-petg-filament-creality-transparent","status":"publish","type":"product","link":"https:\/\/asura.lv\/et\/toode\/cr-petg-filament-creality-transparent\/","title":{"rendered":"CR-PETG filament Creality (l\u00e4bipaistev)"},"content":{"rendered":"<h3>Creality CR-PETG filament (l\u00e4bipaistev)<\/h3>\n<p>Creality PETG filament \u00fchendab endas PLA ja ABS filamentide eelised. See on keskkonnas\u00f5bralik ega moondu, v\u00f5imaldades samal ajal sujuvat ja t\u00e4pset printimist. Seda iseloomustab ka k\u00f5rge tugevus ja niiskuskindlus ning selle pind on pilkup\u00fc\u00fcdev kauni l\u00e4ikega. Lisaks sobib CR-PETG filament enamiku FDM Creality printeritega.<\/p>\n<p>\n<img decoding=\"async\" border=\"0\" src=\"https:\/\/assets.innpro.pl\/5985\/7018\/3.jpg\"\/>\n<\/p>\n<h3>Kvaliteetne tootmine<\/h3>\n<p>T\u00e4nu keskkonnas\u00f5braliku PETG plasti kasutamisele on filament v\u00e4ga vastupidav ega eralda ebameeldivaid l\u00f5hnu. Samuti on sellel \u00fchtlane l\u00e4bim\u00f5\u00f5t ning see on vastupidav niiskusele, moonutustele ja pragunemisele. Lisaks ulatub selle t\u00f5mbetugevus 49 MPa-ni. Selle filamendi lisaeelis on selle ilus l\u00e4ikiv pind \u2013 see sobib ideaalselt n\u00e4iteks kujukeste ja kaunistuste printimiseks!<\/p>\n<p>\n<img decoding=\"async\" border=\"0\" src=\"https:\/\/assets.innpro.pl\/5985\/7018\/2.jpg\"\/>\n<\/p>\n<h3>Sujuv printimine<\/h3>\n<p>Filament v\u00f5imaldab sujuvat, kiiret ja t\u00e4pset printimist \u2013 ilma kortsude ja mullideta projektil. Samal ajal tagab see t\u00e4iusliku voolavuse ja minimeerib printeri otsiku ummistumise ohtu. Nii saate oma mudeleid probleemideta printida ja v\u00e4\u00e4rtuslikku aega kokku hoida!<\/p>\n<p>\n<img decoding=\"async\" border=\"0\" src=\"https:\/\/assets.innpro.pl\/5985\/7018\/4.jpg\"\/>\n<\/p>\n<div class=\"table-wrapper\">\n<p>\u0412\u00a0<\/p>\n<h3><\/h3>\n<table>\n<tbody>\n<tr>\n<th>Tootja<\/th>\n<td>Creality<\/td>\n<\/tr>\n<tr>\n<th>Nimi<\/th>\n<td>CR-PETG 3D-printeri filament<\/td>\n<\/tr>\n<tr>\n<th>Mudel<\/th>\n<td>3301030037<\/td>\n<\/tr>\n<tr>\n<th>V\u00e4rv<\/th>\n<td>L\u00e4bipaistev<\/td>\n<\/tr>\n<tr>\n<th>Printimistemperatuur<\/th>\n<td>Alates 230 \u00b0C kuni 250 \u00b0C<\/td>\n<\/tr>\n<tr>\n<th>T\u00f5mbetugevus<\/th>\n<td>49 MPa<\/td>\n<\/tr>\n<tr>\n<th>Niidi l\u00e4bim\u00f5\u00f5t<\/th>\n<td>1,75 mm<\/td>\n<\/tr>\n<tr>\n<th>Kaal<\/th>\n<td>1 kg<\/td>\n<\/tr>\n<\/tbody>\n<\/table>\n<\/div>\n","protected":false},"excerpt":{"rendered":"<p>Creality CR-PETG filament (l\u00e4bipaistev) Creality PETG filament \u00fchendab endas PLA ja ABS filamentide eelised. See on keskkonnas\u00f5bralik ega moondu, v\u00f5imaldades samal ajal sujuvat ja t\u00e4pset printimist. Seda iseloomustab ka k\u00f5rge tugevus ja niiskuskindlus ning selle pind on pilkup\u00fc\u00fcdev kauni l\u00e4ikega. Lisaks sobib CR-PETG filament enamiku FDM Creality printeritega. Kvaliteetne tootmine T\u00e4nu keskkonnas\u00f5braliku PETG plasti kasutamisele [&#8230;]\n","protected":false},"featured_media":20236,"comment_status":"open","ping_status":"closed","template":"","meta":[],"product_brand":[601],"product_cat":[975],"product_tag":[],"class_list":{"0":"post-20235","1":"product","2":"type-product","3":"status-publish","4":"has-post-thumbnail","6":"product_brand-creality","7":"product_cat-filaments","9":"first","10":"outofstock","11":"taxable","12":"shipping-taxable","13":"purchasable","14":"product-type-simple"},"aioseo_notices":[],"_links":{"self":[{"href":"https:\/\/asura.lv\/et\/wp-json\/wp\/v2\/product\/20235","targetHints":{"allow":["GET"]}}],"collection":[{"href":"https:\/\/asura.lv\/et\/wp-json\/wp\/v2\/product"}],"about":[{"href":"https:\/\/asura.lv\/et\/wp-json\/wp\/v2\/types\/product"}],"replies":[{"embeddable":true,"href":"https:\/\/asura.lv\/et\/wp-json\/wp\/v2\/comments?post=20235"}],"wp:featuredmedia":[{"embeddable":true,"href":"https:\/\/asura.lv\/et\/wp-json\/wp\/v2\/media\/20236"}],"wp:attachment":[{"href":"https:\/\/asura.lv\/et\/wp-json\/wp\/v2\/media?parent=20235"}],"wp:term":[{"taxonomy":"product_brand","embeddable":true,"href":"https:\/\/asura.lv\/et\/wp-json\/wp\/v2\/product_brand?post=20235"},{"taxonomy":"product_cat","embeddable":true,"href":"https:\/\/asura.lv\/et\/wp-json\/wp\/v2\/product_cat?post=20235"},{"taxonomy":"product_tag","embeddable":true,"href":"https:\/\/asura.lv\/et\/wp-json\/wp\/v2\/product_tag?post=20235"}],"curies":[{"name":"wp","href":"https:\/\/api.w.org\/{rel}","templated":true}]}}