{"id":20331,"date":"2025-11-28T22:06:45","date_gmt":"2025-11-28T22:06:45","guid":{"rendered":"https:\/\/asura.lv\/product\/ejeas-q8-motorcycle-intercom\/"},"modified":"2025-12-12T15:02:13","modified_gmt":"2025-12-12T13:02:13","slug":"ejeas-q8-motorcycle-intercom","status":"publish","type":"product","link":"https:\/\/asura.lv\/et\/toode\/ejeas-q8-motorcycle-intercom\/","title":{"rendered":"EJEAS Q8 mootorratta intercom"},"content":{"rendered":"<h3>EJEAS Q8 mootorratta intercom<\/h3>\n<p>EJEAS Q8 mootorratta intercom sobib ideaalselt mootorratturitele, kes otsivad t\u00e4iustatud grupisuhtluse seadet. T\u00e4nu v\u00f5rgutehnoloogiale, IP67 veekindlusele ja mitmesugustele muusika- ja helifunktsioonidele on Q8 ideaalne funktsionaalsuse ja mugavuse kombinatsioon. See seade sobib h\u00e4sti nii pikkadeks kui ka l\u00fchikesteks reisideks, pakkudes pidevat suhtlust ja lisameelelahutust.<\/p>\n<p>\n<img decoding=\"async\" border=\"0\" src=\"https:\/\/assets.innpro.pl\/5325\/6241\/1.jpg\"\/>\n<\/p>\n<h3>Uuenduslik v\u00f5rgusuhtlus<\/h3>\n<p>V\u00f5rgusuhtlustehnoloogia v\u00f5imaldab kasutajate vahel d\u00fcnaamilisi \u00fchendusi, mis t\u00e4hendab, et v\u00f5rk saab end \u00fcmber konfigureerida, kui \u00fche seadme leviala kaob, tagades pideva grupisuhtluse. See paindlikkus teeb Q8-st usaldusv\u00e4\u00e4rse valiku mootorratturitele, kes hindavad stabiilseid \u00fchendusi.<\/p>\n<p>\n<img decoding=\"async\" border=\"0\" src=\"https:\/\/assets.innpro.pl\/5325\/6241\/4.jpg\"\/>\n<\/p>\n<h3>Meelelahutus ja suhtlus<\/h3>\n<p>EJEAS Q8 mootorratta intercom pakub kasutajate vahel muusika jagamist, v\u00f5imaldades neil teel olles sama esitusloendit kuulata. Lisaks v\u00f5imaldab seade teil samaaegselt kasutada intercomi ja muusikat v\u00f5i intercomi ja FM-raadiot, mis parandab teie s\u00f5idukogemust.<\/p>\n<p>\n<img decoding=\"async\" border=\"0\" src=\"https:\/\/assets.innpro.pl\/5325\/6241\/5.jpg\"\/>\n<\/p>\n<h3>T\u00e4iustatud helivalikud<\/h3>\n<p>Intercom on varustatud funktsioonidega, mis v\u00f5imaldavad kasutajatel mikrofoni tundlikkust reguleerida, mis on kasulik muutuvate helitingimuste korral, ning mikrofoni vaigistamise valikuga lisamugavuse tagamiseks. Kanalite vahetamise v\u00f5imalus v\u00f5imaldab kasutajatel h\u00f5lpsalt k\u00f5negruppe vahetada ilma seadmeid uuesti sidumata.<\/p>\n<p>\n<img decoding=\"async\" border=\"0\" src=\"https:\/\/assets.innpro.pl\/5325\/6241\/7.jpg\"\/>\n<\/p>\n<div class=\"table-wrapper\">\n<p>\u0412\u00a0<\/p>\n<h3><\/h3>\n<table>\n<tbody>\n<tr>\n<th>Tootja<\/th>\n<td>EJEAS<\/td>\n<\/tr>\n<tr>\n<th>Mudel<\/th>\n<td>Q8<\/td>\n<\/tr>\n<tr>\n<th>Bluetooth<\/th>\n<td>5.1<\/td>\n<\/tr>\n<tr>\n<th>Maksimaalne leviulatus<\/th>\n<td>1000 m<\/td>\n<\/tr>\n<tr>\n<th>Laadimisaeg<\/th>\n<td>3 h<\/td>\n<\/tr>\n<tr>\n<th>\u00dchenduse aeg<\/th>\n<td>17 h<\/td>\n<\/tr>\n<tr>\n<th>Ooteaeg<\/th>\n<td>230 h<\/td>\n<\/tr>\n<tr>\n<th>Aku mahtuvus<\/th>\n<td>1200mAh<\/td>\n<\/tr>\n<tr>\n<th>Veekindlus<\/th>\n<td>IP67<\/td>\n<\/tr>\n<tr>\n<th>Sidumislimiit<\/th>\n<td>Kuni 6 intercomi<\/td>\n<\/tr>\n<\/tbody>\n<\/table>\n<\/div>\n","protected":false},"excerpt":{"rendered":"<p>EJEAS Q8 mootorratta intercom EJEAS Q8 mootorratta intercom sobib ideaalselt mootorratturitele, kes otsivad t\u00e4iustatud grupisuhtluse seadet. T\u00e4nu v\u00f5rgutehnoloogiale, IP67 veekindlusele ja mitmesugustele muusika- ja helifunktsioonidele on Q8 ideaalne funktsionaalsuse ja mugavuse kombinatsioon. See seade sobib h\u00e4sti nii pikkadeks kui ka l\u00fchikesteks reisideks, pakkudes pidevat suhtlust ja lisameelelahutust. Uuenduslik v\u00f5rgusuhtlus V\u00f5rgusuhtlustehnoloogia v\u00f5imaldab kasutajate vahel d\u00fcnaamilisi \u00fchendusi, [&#8230;]\n","protected":false},"featured_media":20332,"comment_status":"open","ping_status":"closed","template":"","meta":[],"product_brand":[603],"product_cat":[1263],"product_tag":[],"class_list":{"0":"post-20331","1":"product","2":"type-product","3":"status-publish","4":"has-post-thumbnail","6":"product_brand-ejeas","7":"product_cat-intercoms","9":"first","10":"outofstock","11":"taxable","12":"shipping-taxable","13":"purchasable","14":"product-type-simple"},"aioseo_notices":[],"_links":{"self":[{"href":"https:\/\/asura.lv\/et\/wp-json\/wp\/v2\/product\/20331","targetHints":{"allow":["GET"]}}],"collection":[{"href":"https:\/\/asura.lv\/et\/wp-json\/wp\/v2\/product"}],"about":[{"href":"https:\/\/asura.lv\/et\/wp-json\/wp\/v2\/types\/product"}],"replies":[{"embeddable":true,"href":"https:\/\/asura.lv\/et\/wp-json\/wp\/v2\/comments?post=20331"}],"wp:featuredmedia":[{"embeddable":true,"href":"https:\/\/asura.lv\/et\/wp-json\/wp\/v2\/media\/20332"}],"wp:attachment":[{"href":"https:\/\/asura.lv\/et\/wp-json\/wp\/v2\/media?parent=20331"}],"wp:term":[{"taxonomy":"product_brand","embeddable":true,"href":"https:\/\/asura.lv\/et\/wp-json\/wp\/v2\/product_brand?post=20331"},{"taxonomy":"product_cat","embeddable":true,"href":"https:\/\/asura.lv\/et\/wp-json\/wp\/v2\/product_cat?post=20331"},{"taxonomy":"product_tag","embeddable":true,"href":"https:\/\/asura.lv\/et\/wp-json\/wp\/v2\/product_tag?post=20331"}],"curies":[{"name":"wp","href":"https:\/\/api.w.org\/{rel}","templated":true}]}}