{"id":20445,"date":"2025-11-28T22:06:36","date_gmt":"2025-11-28T22:06:36","guid":{"rendered":"https:\/\/asura.lv\/product\/wireless-adapter-ottocast-aa82-a2-air-pro-android-black\/"},"modified":"2025-12-12T15:02:00","modified_gmt":"2025-12-12T13:02:00","slug":"wireless-adapter-ottocast-aa82-a2-air-pro-android-black","status":"publish","type":"product","link":"https:\/\/asura.lv\/et\/toode\/wireless-adapter-ottocast-aa82-a2-air-pro-android-black\/","title":{"rendered":"Juhtmevaba adapter, Ottocast, AA82, A2-AIR PRO Android (must)"},"content":{"rendered":"<h3>Juhtmevaba adapter, Ottocast, AA82, A2-AIR PRO Android (must)<\/h3>\n<p>Muuda oma autoga \u00fchenduse loomise viisi A2AIR PRO juhtmevaba Android Auto adapteriga. Ottocasti seadmega saad s\u00f5idu ajal usaldusv\u00e4\u00e4rset juurdep\u00e4\u00e4su mitmesugustele rakendustele ja funktsioonidele ilma ebapraktiliste kaabliteta. M\u00c4RKUS. M\u00f5ned automudelid v\u00f5ivad adapteriga t\u00f6\u00f6tamiseks vajada tugikaablit.<\/p>\n<p>\n<img decoding=\"async\" border=\"0\" src=\"https:\/\/assets.innpro.pl\/5667\/6671\/5.jpg\"\/>\n<\/p>\n<h3>Sujuv \u00fchenduvus<\/h3>\n<p>Adapter pakub usaldusv\u00e4\u00e4rset ja kiiret edastust t\u00e4nu 5 GHz Wi-Fi-le ja Bluetooth 5.0-le. Juhtmevaba integratsioon Android Autoga t\u00e4hendab, et saad kasutada mitmesuguseid rakendusi ja teenuseid k\u00e4ed-vabad re\u017eiimis, muutes s\u00f5idu turvalisemaks. Samal ajal hoiab seade \u00e4ra juhtmega \u00fchendustega seotud levinud probleemid, n\u00e4iteks pistikupesade kahjustamise v\u00f5i juhiruumi h\u00f5ivamise.<\/p>\n<p>\n<img decoding=\"async\" border=\"0\" src=\"https:\/\/assets.innpro.pl\/5667\/6671\/4.jpg\"\/>\n<\/p>\n<h3>Kasutusmugavus<\/h3>\n<p>A2-AIR PRO-d iseloomustab kasutusmugavus. See pakub selliseid funktsioone nagu automaatne \u00fchendus s\u00f5iduki k\u00e4ivitamisel ja v\u00f5imalus \u00fchenduse katkestamiseks \u00fche nupuvajutusega. Lisaks on tarkvarauuendused OTA (Over-The-Air) kaudu sujuvad ega vaja eriteadmisi.<\/p>\n<p>\n<img decoding=\"async\" border=\"0\" src=\"https:\/\/assets.innpro.pl\/5667\/6671\/2.jpg\"\/>\n<\/p>\n<h3>Kompaktne ja laialdaselt \u00fchilduv<\/h3>\n<p>Toodet saab h\u00f5lpsalt hoiustada v\u00f5i erinevate s\u00f5idukite vahel teisaldada. \u00dchilduvusega 98% Android Autot toetavate s\u00f5idukimudelitega pakub adapter universaalset lahendust peaaegu igale juhile.<\/p>\n<p>\n<img decoding=\"async\" border=\"0\" src=\"https:\/\/assets.innpro.pl\/5667\/6671\/3.jpg\"\/>\n<\/p>\n<h3>Lai valik v\u00f5imalusi<\/h3>\n<p>Adapter v\u00f5imaldab teil p\u00e4\u00e4seda juurde paljudele Androidi rakendustele, nagu navigatsioon, muusika, taskuh\u00e4\u00e4lingud v\u00f5i heliraamatud, suurendades teie reisinaudingut. Te ei pea end enam piirama! T\u00e4nu 1,2 GHz kahetuumalisele ARM Cortex A7 protsessorile s\u00e4ilitab seade suure j\u00f5udluse isegi n\u00f5udlikel platvormidel. See t\u00f6\u00f6tab ka 20% kiiremini kui tema eelk\u00e4ija (Ottocast A2-AIR).<\/p>\n<p>\n<img decoding=\"async\" border=\"0\" src=\"https:\/\/assets.innpro.pl\/5667\/6671\/1.jpg\"\/>\n<\/p>\n<h3>Komplektis:<\/h3>\n<ul class=\"list-disc pl-5\">\n<li>Ottocast A2-AIR PRO traadita adapter<\/li>\n<li>USB-C\/USB-A kaabel<\/li>\n<li>USB-C\/USB-C kaabel<\/li>\n<li>Kahepoolne teip<\/li>\n<li>Kasutusjuhend<\/li>\n<\/ul>\n<div class=\"table-wrapper\">\n<p>\u0412\u00a0<\/p>\n<h3><\/h3>\n<table>\n<tbody>\n<tr>\n<th>Tootja<\/th>\n<td>Ottocast<\/td>\n<\/tr>\n<tr>\n<th>Mudel<\/th>\n<td>A2-AIR PRO<\/td>\n<\/tr>\n<tr>\n<th>Tootjakood<\/th>\n<td>AA82<\/td>\n<\/tr>\n<tr>\n<th>Protsessor<\/th>\n<td>Kahetuumaline 1,2 GHz ARM Cortex A7<\/td>\n<\/tr>\n<tr>\n<th>Operatsioonis\u00fcsteem<\/th>\n<td>Linux<\/td>\n<\/tr>\n<tr>\n<th>M\u00e4lu<\/th>\n<td>64 + 16 MB<\/td>\n<\/tr>\n<tr>\n<th>Wi-Fi<\/th>\n<td>Kahe sagedusalaga 802.11 a\/b\/g\/n\/ac 2,4 GHz + 5,0 GHz<\/td>\n<\/tr>\n<tr>\n<th>Bluetooth<\/th>\n<p><t>BT 5.0<\/td>\n<\/tr>\n<tr>\n<th>T\u00f6\u00f6temperatuur<\/th>\n<td>-20 kuni 75 \u00b0C<\/td>\n<\/tr>\n<tr>\n<th>Toiteallikas<\/th>\n<td>USB 5 V ~ 1 A<\/td>\n<\/tr>\n<tr>\n<th>V\u00e4rv<\/th>\n<td>must<\/td>\n<\/tr>\n<\/tbody>\n<\/table>\n<\/div>\n","protected":false},"excerpt":{"rendered":"<p>Juhtmevaba adapter, Ottocast, AA82, A2-AIR PRO Android (must) Muuda oma autoga \u00fchenduse loomise viisi A2AIR PRO juhtmevaba Android Auto adapteriga. Ottocasti seadmega saad s\u00f5idu ajal usaldusv\u00e4\u00e4rset juurdep\u00e4\u00e4su mitmesugustele rakendustele ja funktsioonidele ilma ebapraktiliste kaabliteta. M\u00c4RKUS. M\u00f5ned automudelid v\u00f5ivad adapteriga t\u00f6\u00f6tamiseks vajada tugikaablit. Sujuv \u00fchenduvus Adapter pakub usaldusv\u00e4\u00e4rset ja kiiret edastust t\u00e4nu 5 GHz Wi-Fi-le ja [&#8230;]\n","protected":false},"featured_media":20446,"comment_status":"open","ping_status":"closed","template":"","meta":[],"product_brand":[598],"product_cat":[996],"product_tag":[],"class_list":{"0":"post-20445","1":"product","2":"type-product","3":"status-publish","4":"has-post-thumbnail","6":"product_brand-ottocast","7":"product_cat-android-auto-wireless-adapters","9":"first","10":"outofstock","11":"taxable","12":"shipping-taxable","13":"purchasable","14":"product-type-simple"},"aioseo_notices":[],"_links":{"self":[{"href":"https:\/\/asura.lv\/et\/wp-json\/wp\/v2\/product\/20445","targetHints":{"allow":["GET"]}}],"collection":[{"href":"https:\/\/asura.lv\/et\/wp-json\/wp\/v2\/product"}],"about":[{"href":"https:\/\/asura.lv\/et\/wp-json\/wp\/v2\/types\/product"}],"replies":[{"embeddable":true,"href":"https:\/\/asura.lv\/et\/wp-json\/wp\/v2\/comments?post=20445"}],"wp:featuredmedia":[{"embeddable":true,"href":"https:\/\/asura.lv\/et\/wp-json\/wp\/v2\/media\/20446"}],"wp:attachment":[{"href":"https:\/\/asura.lv\/et\/wp-json\/wp\/v2\/media?parent=20445"}],"wp:term":[{"taxonomy":"product_brand","embeddable":true,"href":"https:\/\/asura.lv\/et\/wp-json\/wp\/v2\/product_brand?post=20445"},{"taxonomy":"product_cat","embeddable":true,"href":"https:\/\/asura.lv\/et\/wp-json\/wp\/v2\/product_cat?post=20445"},{"taxonomy":"product_tag","embeddable":true,"href":"https:\/\/asura.lv\/et\/wp-json\/wp\/v2\/product_tag?post=20445"}],"curies":[{"name":"wp","href":"https:\/\/api.w.org\/{rel}","templated":true}]}}