{"id":20535,"date":"2025-11-28T22:06:28","date_gmt":"2025-11-28T22:06:28","guid":{"rendered":"https:\/\/asura.lv\/product\/metal-protective-cage-puluz-for-dji-osmo-pocket-3-pu930b\/"},"modified":"2025-12-12T15:01:53","modified_gmt":"2025-12-12T13:01:53","slug":"metal-protective-cage-puluz-for-dji-osmo-pocket-3-pu930b","status":"publish","type":"product","link":"https:\/\/asura.lv\/et\/toode\/metal-protective-cage-puluz-for-dji-osmo-pocket-3-pu930b\/","title":{"rendered":"Metallist kaitsepuur PULUZ DJI OSMO Pocket 3 jaoks (PU930B)"},"content":{"rendered":"<h3>PULUZ metallist kaitse\u00fcmbris DJI OSMO Pocket 3 (PU930B) jaoks<\/h3>\n<\/p>\n<p>Vali PULUZ metallist kaitse\u00fcmbris ja naudi oma DJI OSMO Pocket 3 kaamerale suurep\u00e4rast kaitset igal seiklusel! \u00dcmbrise vastupidav disain kaitseb kaamerat t\u00f5husalt kukkumiste v\u00f5i l\u00f6\u00f6kide p\u00f5hjustatud kahjustuste eest. See on valmistatud k\u00f5rgalumiiniumisulamist ja tagab suurep\u00e4rase soojuse hajumise, et v\u00e4ltida kaamera \u00fclekuumenemist, nii et saad kauem salvestada, ilma et peaksid muretsema kukkumiste p\u00e4rast. Lai \u00fchilduvus v\u00f5imaldab teil oma kaamera funktsionaalsust laiendada \u2013 kasutage lihtsalt allosas olevat 1\/4-tollist keeret erinevate fototarvikute, selfipulkade, kinnituste v\u00f5i statiivide \u00fchendamiseks.<\/p>\n<\/p>\n<p>\n<img decoding=\"async\" border=\"0\" src=\"https:\/\/assets.innpro.pl\/5117\/6013\/1.jpg\"\/>\n<\/p>\n<h3>Kaasas<\/h3>\n<ul class=\"list-disc pl-5\">\n<li>metallraam x1<\/li>\n<li>adapter x1<\/li>\n<li>adapterikruvi x2<\/li>\n<li>kuuskantv\u00f5ti x1<\/li>\n<\/ul>\n<div class=\"table-wrapper\">\n<p>B\u00a0<\/p>\n<h3><\/h3>\n<table>\n<tbody>\n<tr>\n<th>Tootja<\/th>\n<td>Puluz<\/td>\n<\/tr>\n<tr>\n<th>Mudel<\/th>\n<td>PU930B<\/td>\n<\/tr>\n<tr>\n<th>V\u00e4rv<\/th>\n<td>Must<\/td>\n<\/tr>\n<tr>\n<th>\u00dchilduvus<\/th>\n<td>DJI Osmo Pocket 3<\/td>\n<\/tr>\n<\/tbody>\n<\/table>\n<\/div>\n","protected":false},"excerpt":{"rendered":"<p>PULUZ metallist kaitse\u00fcmbris DJI OSMO Pocket 3 (PU930B) jaoks Vali PULUZ metallist kaitse\u00fcmbris ja naudi oma DJI OSMO Pocket 3 kaamerale suurep\u00e4rast kaitset igal seiklusel! \u00dcmbrise vastupidav disain kaitseb kaamerat t\u00f5husalt kukkumiste v\u00f5i l\u00f6\u00f6kide p\u00f5hjustatud kahjustuste eest. See on valmistatud k\u00f5rgalumiiniumisulamist ja tagab suurep\u00e4rase soojuse hajumise, et v\u00e4ltida kaamera \u00fclekuumenemist, nii et saad kauem salvestada, [&#8230;]\n","protected":false},"featured_media":20536,"comment_status":"open","ping_status":"closed","template":"","meta":[],"product_brand":[149],"product_cat":[936],"product_tag":[],"class_list":{"0":"post-20535","1":"product","2":"type-product","3":"status-publish","4":"has-post-thumbnail","6":"product_brand-puluz","7":"product_cat-for-sports-cameras","9":"first","10":"outofstock","11":"taxable","12":"shipping-taxable","13":"purchasable","14":"product-type-simple"},"aioseo_notices":[],"_links":{"self":[{"href":"https:\/\/asura.lv\/et\/wp-json\/wp\/v2\/product\/20535","targetHints":{"allow":["GET"]}}],"collection":[{"href":"https:\/\/asura.lv\/et\/wp-json\/wp\/v2\/product"}],"about":[{"href":"https:\/\/asura.lv\/et\/wp-json\/wp\/v2\/types\/product"}],"replies":[{"embeddable":true,"href":"https:\/\/asura.lv\/et\/wp-json\/wp\/v2\/comments?post=20535"}],"wp:featuredmedia":[{"embeddable":true,"href":"https:\/\/asura.lv\/et\/wp-json\/wp\/v2\/media\/20536"}],"wp:attachment":[{"href":"https:\/\/asura.lv\/et\/wp-json\/wp\/v2\/media?parent=20535"}],"wp:term":[{"taxonomy":"product_brand","embeddable":true,"href":"https:\/\/asura.lv\/et\/wp-json\/wp\/v2\/product_brand?post=20535"},{"taxonomy":"product_cat","embeddable":true,"href":"https:\/\/asura.lv\/et\/wp-json\/wp\/v2\/product_cat?post=20535"},{"taxonomy":"product_tag","embeddable":true,"href":"https:\/\/asura.lv\/et\/wp-json\/wp\/v2\/product_tag?post=20535"}],"curies":[{"name":"wp","href":"https:\/\/api.w.org\/{rel}","templated":true}]}}