{"id":20715,"date":"2025-11-28T22:06:11","date_gmt":"2025-11-28T22:06:11","guid":{"rendered":"https:\/\/asura.lv\/product\/geske-body-brush-4-in-1-gray-2\/"},"modified":"2025-12-12T15:01:33","modified_gmt":"2025-12-12T13:01:33","slug":"geske-body-brush-4-in-1-gray-2","status":"publish","type":"product","link":"https:\/\/asura.lv\/et\/toode\/geske-body-brush-4-in-1-gray-2\/","title":{"rendered":"Geske kehahari 4 \u00fches (hall)"},"content":{"rendered":"<h3>GESKE 4-\u00fches kehahari (hall).<\/h3>\n<\/p>\n<p>Avasta uuenduslik l\u00e4henemine kehahooldusele 4-\u00fches harjaga, millest saab sinu usaldusv\u00e4\u00e4rne partner igap\u00e4evastes rituaalides. Hari mitte ainult ei kiirenda puhastusprotsessi, vaid muudab naha ka uskumatult pehmeks ja siledaks. T\u00e4nu ainulaadsetele silikoonotstele, mis kohanduvad iga keha kumerusega, pakub see kogemust, mida varem v\u00f5isid leida vaid eksklusiivsetes spaades. Selle t\u00e4ieliku potentsiaali realiseerimiseks \u00e4ra unusta alla laadida tasuta GESKE rakendust, mis koos sinu naha vajadustele vastavate soovitustega tutvustab sulle personaalse hoolduse maailma. ELLE nimetas GESKE br\u00e4ndi aasta innovatsiooniks \u2013 veendu ise.<\/p>\n<\/p>\n<p>\n<img decoding=\"async\" border=\"0\" src=\"https:\/\/assets.innpro.pl\/4864\/5627\/2.jpg\"\/>\n<\/p>\n<h3>Hoolitsus GESKE uuendusliku rakenduse toel<\/h3>\n<\/p>\n<p>Sukeldu nahahoolduse tulevikku GESKE rakendusega, mis on ideaalne t\u00e4iendus sinu 4-\u00fches kehaharjale. Kasutades t\u00e4iustatud tehisintellekti tehnoloogiat, anal\u00fc\u00fcsib see sinu naha seisundit ja annab personaalseid soovitusi, aidates sul valida parimad lahendused just sinu ainulaadsetele vajadustele. Olenemata sellest, kas sinu eesm\u00e4rk on niisutada, siluda v\u00f5i v\u00f5idelda ebatasasustega, annab GESKE sulle selle saavutamiseks vajalikud t\u00f6\u00f6riistad. Lisaks v\u00f5imaldab rakendus sul j\u00e4lgida oma edusamme ja kohandada oma nahahooldusrutiini, tagades sulle valitud meetodi t\u00f5hususe. Avastage, kuidas tehnoloogia saab teie igap\u00e4evaseid rituaale toetada, pakkudes tulemusi, mida te m\u00e4rkate ja armastate.<\/p>\n<\/p>\n<p>\n<img decoding=\"async\" border=\"0\" src=\"https:\/\/assets.innpro.pl\/4864\/5627\/3.jpg\"\/>\n<\/p>\n<h3>H\u00fcgieen k\u00f5rgeimal tasemel<\/h3>\n<\/p>\n<p>Kui m\u00f5elda h\u00fcgieenile, \u00fcletab GESKE hari k\u00f5ik ootused. Selle pakutava s\u00fcgavpuhastusega on iga sentimeeter teie nahast enneolematult puhas. Kasutage seda harja, et anda endale igap\u00e4evane v\u00e4rskus- ja puhtustunne, mis kestab palju kauem kui p\u00e4rast tavalist vanni. Su nahk t\u00e4nab sind selle muutuse eest.<\/p>\n<\/p>\n<p>\n<img decoding=\"async\" border=\"0\" src=\"https:\/\/assets.innpro.pl\/4864\/5627\/5.jpg\"\/>\n<\/p>\n<h3>Massaa\u017e, mis l\u00f5dvestab ja noorendab.<\/h3>\n<\/p>\n<p>Kujuta ette, et muudad iga du\u0161i all k\u00e4imise l\u00f5\u00f5gastavaks massaa\u017eiseansiks. GESKE 4-\u00fches kehahari muudab tavalise pesemise h\u00f5lpsalt l\u00f5\u00f5gastavaks teraapiaks, mis mitte ainult ei l\u00f5dvesta su lihaseid, vaid stimuleerib ka vereringet, andes su nahale terve ja s\u00e4rava v\u00e4limuse. Hellita end iga p\u00e4ev luksusliku hetkega ja vaata, kuidas su keha tasub sulle kauni ja pringim nahaga.<\/p>\n<\/p>\n<p>\n<img decoding=\"async\" border=\"0\" src=\"https:\/\/assets.innpro.pl\/4864\/5627\/6.jpg\"\/>\n<\/p>\n<h3>V\u00f5itle ebapuhtuste ja ebat\u00e4iuslikkuse vastu<\/h3>\n<\/p>\n<p>Lase oma nahal olla vaba k\u00f5igist lisanditest. GESKE hari eemaldab \u00f5rnalt, kuid t\u00f5husalt surnud naha, sillutades teed s\u00fcgavamale puhastusele. Selle harja regulaarne kasutamine aitab sul unustada ummistunud pooride v\u00f5i liigse rasuerituse probleemid, tagades terve ja hoolitsetud naha v\u00e4limuse.<\/p>\n<\/p>\n<p>\n<img decoding=\"async\" border=\"0\" src=\"https:\/\/assets.innpro.pl\/4864\/5627\/1.jpg\"\/>\n<\/p>\n<h3>Lahendus rasuse naha vajadustele<\/h3>\n<\/p>\n<p>Kui sul on probleeme rasuse nahaga, tuleb GESKE hari appi spetsiaalse lahendusega. Selle kasutamine v\u00f5imaldab sul kontrollida rasueritust, tagades tasakaalu ja ennetades inetu l\u00e4ike teket. Anna oma nahale k\u00f5ik, mida see vajab, et iga p\u00e4ev veatu v\u00e4lja n\u00e4ha.<\/p>\n<\/p>\n<p>\n<img decoding=\"async\" border=\"0\" src=\"https:\/\/assets.innpro.pl\/4864\/5627\/4.jpg\"\/>\n<\/p>\n<div class=\"table-wrapper\">\n<p>B\u00a0<\/p>\n<h3><\/h3>\n<table>\n<tbody>\n<tr>\n<th>Tootja<\/th>\n<td>GESKE<\/td>\n<\/tr>\n<tr>\n<th>Mudel<\/th>\n<td>GK000704GY01<\/td>\n<\/tr>\n<tr>\n<th>V\u00e4rv<\/th>\n<td>Hall<\/td>\n<\/tr>\n<tr>\n<th>Materjal<\/th>\n<td>silikoon<\/td>\n<\/tr>\n<\/tbody>\n<\/table>\n<\/div>\n","protected":false},"excerpt":{"rendered":"<p>GESKE 4-\u00fches kehahari (hall). Avasta uuenduslik l\u00e4henemine kehahooldusele 4-\u00fches harjaga, millest saab sinu usaldusv\u00e4\u00e4rne partner igap\u00e4evastes rituaalides. Hari mitte ainult ei kiirenda puhastusprotsessi, vaid muudab naha ka uskumatult pehmeks ja siledaks. T\u00e4nu ainulaadsetele silikoonotstele, mis kohanduvad iga keha kumerusega, pakub see kogemust, mida varem v\u00f5isid leida vaid eksklusiivsetes spaades. Selle t\u00e4ieliku potentsiaali realiseerimiseks \u00e4ra unusta [&#8230;]\n","protected":false},"featured_media":20716,"comment_status":"open","ping_status":"closed","template":"","meta":[],"product_brand":[505],"product_cat":[1089],"product_tag":[],"class_list":{"0":"post-20715","1":"product","2":"type-product","3":"status-publish","4":"has-post-thumbnail","6":"product_brand-geske","7":"product_cat-others","9":"first","10":"outofstock","11":"taxable","12":"shipping-taxable","13":"purchasable","14":"product-type-simple"},"aioseo_notices":[],"_links":{"self":[{"href":"https:\/\/asura.lv\/et\/wp-json\/wp\/v2\/product\/20715","targetHints":{"allow":["GET"]}}],"collection":[{"href":"https:\/\/asura.lv\/et\/wp-json\/wp\/v2\/product"}],"about":[{"href":"https:\/\/asura.lv\/et\/wp-json\/wp\/v2\/types\/product"}],"replies":[{"embeddable":true,"href":"https:\/\/asura.lv\/et\/wp-json\/wp\/v2\/comments?post=20715"}],"wp:featuredmedia":[{"embeddable":true,"href":"https:\/\/asura.lv\/et\/wp-json\/wp\/v2\/media\/20716"}],"wp:attachment":[{"href":"https:\/\/asura.lv\/et\/wp-json\/wp\/v2\/media?parent=20715"}],"wp:term":[{"taxonomy":"product_brand","embeddable":true,"href":"https:\/\/asura.lv\/et\/wp-json\/wp\/v2\/product_brand?post=20715"},{"taxonomy":"product_cat","embeddable":true,"href":"https:\/\/asura.lv\/et\/wp-json\/wp\/v2\/product_cat?post=20715"},{"taxonomy":"product_tag","embeddable":true,"href":"https:\/\/asura.lv\/et\/wp-json\/wp\/v2\/product_tag?post=20715"}],"curies":[{"name":"wp","href":"https:\/\/api.w.org\/{rel}","templated":true}]}}