{"id":20787,"date":"2025-11-28T22:06:05","date_gmt":"2025-11-28T22:06:05","guid":{"rendered":"https:\/\/asura.lv\/product\/shelly-qubino-pro-2-din-rail-relay-2-channel-z-wave\/"},"modified":"2025-12-12T15:01:25","modified_gmt":"2025-12-12T13:01:25","slug":"shelly-qubino-pro-2-din-rail-relay-2-channel-z-wave","status":"publish","type":"product","link":"https:\/\/asura.lv\/et\/toode\/shelly-qubino-pro-2-din-rail-relay-2-channel-z-wave\/","title":{"rendered":"Shelly Qubino Pro 2 DIN-r\u00f6\u00f6pale kinnitatav relee, 2-kanaliga, Z-Wave"},"content":{"rendered":"<h3>Shelly Qubino Pro 2 2-kanaliline DIN-r\u00f6\u00f6pale kinnitatav relee<\/h3>\n<\/p>\n<p>Kas soovite oma kodus valgustust ja muid elektriseadmeid t\u00e4ielikult kontrollida? Tutvuge Shelly Qubino Pro 2-ga! Standardsele DIN-r\u00f6\u00f6pale paigaldamiseks m\u00f5eldud 2-kanaliline relee on varustatud potentsiaalivabade kontaktidega, pakkudes suurt paindlikkust erinevate pingete k\u00e4sitlemisel ja laia valikut v\u00f5imalusi koduautomaatikas. V\u00f5imalus juhtida kuni 16 A koormust kanali kohta (kokku 25 A) tagab usaldusv\u00e4\u00e4rse t\u00f6\u00f6 isegi n\u00f5udlikumate seadmete puhul.<\/p>\n<\/p>\n<p>\n<img decoding=\"async\" border=\"0\" src=\"https:\/\/assets.innpro.pl\/4574\/5259\/4.jpg\"\/>\n<\/p>\n<h3>Piiramatud v\u00f5imalused<\/h3>\n<\/p>\n<p>Shelly Qubino Pro 2 sobib ideaalselt mitmesugusteks koduautomaatika stsenaariumideks. Seda saab kasutada valgustuse, k\u00fctte, ventilatsiooni ja muude elektriseadmete juhtimiseks, andes kasutajale t\u00e4ieliku kontrolli oma funktsioonide \u00fcle. Selle abil saate luua ajakavasid, stsenaariume ja automatiseeritud toimingute j\u00e4rjestusi, mis panevad teie kodu t\u00f6\u00f6tama t\u00e4pselt nii, nagu soovite!<\/p>\n<\/p>\n<p>\n<img decoding=\"async\" border=\"0\" src=\"https:\/\/assets.innpro.pl\/4574\/5259\/1.jpg\"\/>\n<\/p>\n<div class=\"table-wrapper\">\n<p>\u0412\u00a0<\/p>\n<h3><\/h3>\n<table>\n<tbody>\n<tr>\n<th>Tootja<\/th>\n<td>Shelly<\/td>\n<\/tr>\n<tr>\n<th>Toiteallikas<\/th>\n<td>110\u2013240 V vahelduvvool, 50\/60 Hz<\/td>\n<\/tr>\n<tr>\n<th>Energiatarve<\/th>\n<td>< 0,3 W<\/td>\n<\/tr>\n<tr>\n<th>Max. L\u00fclituspinge AC<\/th>\n<td>240 V<\/td>\n<\/tr>\n<tr>\n<th>Max. vahelduvvoolu l\u00fclitusvool<\/th>\n<td>16 A kanali kohta, kokku 25 A<\/td>\n<\/tr>\n<tr>\n<th>Kaitse \u00fclekuumenemise eest<\/th>\n<td>Jah<\/td>\n<\/tr>\n<tr>\n<th>V\u00f5imsuse m\u00f5\u00f5tmine (W)<\/th>\n<td>Ei<\/td>\n<\/tr>\n<tr>\n<th>Ulatus<\/th>\n<td>Kuni 40 m siseruumides<\/td>\n<\/tr>\n<tr>\n<th>Z-Wave\u00ae v\u00f5imendi:<\/th>\n<td>Tak<\/td>\n<\/tr>\n<tr>\n<th>Protsessor<\/th>\n<td>Z-Wave\u00ae S800<\/td>\n<\/tr>\n<tr>\n<th>Z-Wave\u00ae sagedusribad:<\/th>\n<td>868,4 MHz; 865,2 MHz; 869,0 MHz; 921,4 MHz; 908,4 MHz; 916 MHz; 919,8 MHz; 922,5 MHz; 919,7\u2013921,7\u2013923,7 MHz; 868,1 MHz; 920,9 MHz<\/td>\n<\/tr>\n<tr>\n<th>Maksimaalne edastusv\u00f5imsus sagedusribades<\/th>\n<td>< 25 mW<\/td>\n<\/tr>\n<tr>\n<th>M\u00f5\u00f5tmed<\/th>\n<td>94 x 19 x 69 \u00b1 0,5 mm<\/td>\n<\/tr>\n<tr>\n<th>Kaal<\/th>\n<td>73 g<\/td>\n<\/tr>\n<tr>\n<th>Paigaldus<\/th>\n<td>DIN-siin<\/td>\n<\/tr>\n<tr>\n<th>Korpuse materjal<\/th>\n<td>Plast<\/td>\n<\/tr>\n<tr>\n<th>V\u00e4rv<\/th>\n<td>Hall<\/td>\n<\/tr>\n<tr>\n<th>\u00dcmbritseva keskkonna temperatuur<\/th>\n<td>-20 \u00b0C kuni 40 \u00b0C \/ -5 \u00b0F kuni 105 \u00b0F<\/td>\n<\/tr>\n<tr>\n<th>Niiskus<\/th>\n<td>30% kuni 70% RH<\/td>\n<\/tr>\n<tr>\n<th>Maksimaalne k\u00f5rgus<\/th>\n<td>2000 m<\/td>\n<\/tr>\n<\/tbody>\n<\/table>\n<\/div>\n","protected":false},"excerpt":{"rendered":"<p>Shelly Qubino Pro 2 2-kanaliline DIN-r\u00f6\u00f6pale kinnitatav relee Kas soovite oma kodus valgustust ja muid elektriseadmeid t\u00e4ielikult kontrollida? Tutvuge Shelly Qubino Pro 2-ga! Standardsele DIN-r\u00f6\u00f6pale paigaldamiseks m\u00f5eldud 2-kanaliline relee on varustatud potentsiaalivabade kontaktidega, pakkudes suurt paindlikkust erinevate pingete k\u00e4sitlemisel ja laia valikut v\u00f5imalusi koduautomaatikas. V\u00f5imalus juhtida kuni 16 A koormust kanali kohta (kokku 25 A) [&#8230;]\n","protected":false},"featured_media":20788,"comment_status":"open","ping_status":"closed","template":"","meta":[],"product_brand":[551],"product_cat":[918],"product_tag":[],"class_list":{"0":"post-20787","1":"product","2":"type-product","3":"status-publish","4":"has-post-thumbnail","6":"product_brand-shelly","7":"product_cat-smart-controllers","9":"first","10":"outofstock","11":"taxable","12":"shipping-taxable","13":"purchasable","14":"product-type-simple"},"aioseo_notices":[],"_links":{"self":[{"href":"https:\/\/asura.lv\/et\/wp-json\/wp\/v2\/product\/20787","targetHints":{"allow":["GET"]}}],"collection":[{"href":"https:\/\/asura.lv\/et\/wp-json\/wp\/v2\/product"}],"about":[{"href":"https:\/\/asura.lv\/et\/wp-json\/wp\/v2\/types\/product"}],"replies":[{"embeddable":true,"href":"https:\/\/asura.lv\/et\/wp-json\/wp\/v2\/comments?post=20787"}],"wp:featuredmedia":[{"embeddable":true,"href":"https:\/\/asura.lv\/et\/wp-json\/wp\/v2\/media\/20788"}],"wp:attachment":[{"href":"https:\/\/asura.lv\/et\/wp-json\/wp\/v2\/media?parent=20787"}],"wp:term":[{"taxonomy":"product_brand","embeddable":true,"href":"https:\/\/asura.lv\/et\/wp-json\/wp\/v2\/product_brand?post=20787"},{"taxonomy":"product_cat","embeddable":true,"href":"https:\/\/asura.lv\/et\/wp-json\/wp\/v2\/product_cat?post=20787"},{"taxonomy":"product_tag","embeddable":true,"href":"https:\/\/asura.lv\/et\/wp-json\/wp\/v2\/product_tag?post=20787"}],"curies":[{"name":"wp","href":"https:\/\/api.w.org\/{rel}","templated":true}]}}